{"id":267,"date":"2023-11-12T22:51:34","date_gmt":"2023-11-13T01:51:34","guid":{"rendered":"https:\/\/sites.uel.br\/congressoservicosocialuel\/?page_id=267"},"modified":"2025-11-11T14:31:37","modified_gmt":"2025-11-11T17:31:37","slug":"eixos-tematicos","status":"publish","type":"page","link":"https:\/\/sites.uel.br\/congressoservicosocialuel\/eixos-tematicos\/","title":{"rendered":"Eixos tem\u00e1ticos"},"content":{"rendered":"\n<div id=\"wp-block-themeisle-blocks-accordion-18c94243\" class=\"wp-block-themeisle-blocks-accordion exclusive\">\n<details class=\"wp-block-themeisle-blocks-accordion-item\"><summary class=\"wp-block-themeisle-blocks-accordion-item__title\"><div><img loading=\"lazy\" decoding=\"async\" width=\"30\" height=\"29\" class=\"wp-image-381\" style=\"width: 21px\" src=\"https:\/\/sites.uel.br\/congressoservicosocialuel\/wp-content\/uploads\/2023\/11\/icone.png\" alt=\"\"><strong> EIXO<\/strong> <strong><strong>SOBERANIA, (IN)SEGURAN\u00c7A ALIMENTAR E POL\u00cdTICAS P\u00daBLICAS<\/strong><\/strong><\/div><\/summary><div class=\"wp-block-themeisle-blocks-accordion-item__content\">\n<p>Ementa: A proposta deste eixo \u00e9 promover discuss\u00f5es sobre a soberania e a seguran\u00e7a alimentar e nutricional, bem como sobre as pol\u00edticas p\u00fablicas de combate \u00e0 fome e de prote\u00e7\u00e3o social. As reflex\u00f5es buscam problematizar os desafios e as estrat\u00e9gias para a garantia do Direito Humano \u00e0 Alimenta\u00e7\u00e3o Adequada, com foco nos territ\u00f3rios em situa\u00e7\u00e3o de vulnerabilidade social, considerando as a\u00e7\u00f5es desenvolvidas pelos diferentes n\u00edveis de governo e pelos diversos atores sociais envolvidos na formula\u00e7\u00e3o, implementa\u00e7\u00e3o e controle social dessas pol\u00edticas.\u00a0<\/p>\n<\/div><\/details>\n\n\n\n<details class=\"wp-block-themeisle-blocks-accordion-item\"><summary class=\"wp-block-themeisle-blocks-accordion-item__title\"><div><img loading=\"lazy\" decoding=\"async\" width=\"30\" height=\"29\" class=\"wp-image-381\" style=\"width: 21px\" src=\"https:\/\/sites.uel.br\/congressoservicosocialuel\/wp-content\/uploads\/2023\/11\/icone.png\" alt=\"\"> <strong>EIXO FUNDAMENTOS DO SERVI\u00c7O SOCIAL: Forma\u00e7\u00e3o Profissional do\/a Assistente Social<\/strong><\/div><\/summary><div class=\"wp-block-themeisle-blocks-accordion-item__content\">\n<p>Ementa: Os Fundamentos e a forma\u00e7\u00e3o profissional em Servi\u00e7o social. As contrarreformas da Pol\u00edtica de Educa\u00e7\u00e3o no Ensino Superior. O processo de forma\u00e7\u00e3o em Servi\u00e7o Social no Brasil e no mundo. O projeto de forma\u00e7\u00e3o profissional e as Diretrizes Curriculares. O ensino dos Fundamentos. Concep\u00e7\u00e3o de fundamentos do Servi\u00e7o Social. O est\u00e1gio e a supervis\u00e3o em Servi\u00e7o Social.<\/p>\n<\/div><\/details>\n\n\n\n<details class=\"wp-block-themeisle-blocks-accordion-item\"><summary class=\"wp-block-themeisle-blocks-accordion-item__title\"><div><img decoding=\"async\" src=\"https:\/\/sites.uel.br\/congressoservicosocialuel\/wp-content\/uploads\/2023\/11\/icone.png\" alt=\"\" style=\"width: 21px\"> <strong>EIXO FUNDAMENTOS DO SERVI\u00c7O SOCIAL: O trabalho profissional de Assistentes Sociais<\/strong><\/div><\/summary><div class=\"wp-block-themeisle-blocks-accordion-item__content\">\n<p>Ementa: Os Fundamentos e o Trabalho profissional. O trabalho e as condi\u00e7\u00f5es de trabalho do assistente social nas pol\u00edticas p\u00fablicas e sociais. Os fundamentos te\u00f3rico-metodol\u00f3gicos, \u00e9tico-pol\u00edticos e t\u00e9cnico-operativos constitutivos do exerc\u00edcio profissional do assistente social. O debate sobre as atribui\u00e7\u00f5es e compet\u00eancias profissionais. O uso das TICs no trabalho profissional. As estrat\u00e9gias comunicacionais utilizadas pelas assistentes sociais<\/p>\n<\/div><\/details>\n\n\n\n<details class=\"wp-block-themeisle-blocks-accordion-item\"><summary class=\"wp-block-themeisle-blocks-accordion-item__title\"><div><img decoding=\"async\" src=\"https:\/\/sites.uel.br\/congressoservicosocialuel\/wp-content\/uploads\/2023\/11\/icone.png\" alt=\"\" style=\"width: 21px\"> <strong>EIXO FUNDAMENTOS DO SERVI\u00c7O SOCIAL: Produ\u00e7\u00e3o do conhecimento, pesquisa social e \u00e9tica em pesquisa no Servi\u00e7o Social e nas Ci\u00eancias Humanas e Sociais<\/strong><\/div><\/summary><div class=\"wp-block-themeisle-blocks-accordion-item__content\">\n<p>Ementa: \u00c9tica em Pesquisa e Integridade Cient\u00edfica, produ\u00e7\u00e3o do conhecimento, produtivismo acad\u00eamico, desinforma\u00e7\u00e3o, Intelig\u00eancia Artificial, forma\u00e7\u00e3o e trabalho profissional<\/p>\n<\/div><\/details>\n\n\n\n<details class=\"wp-block-themeisle-blocks-accordion-item\"><summary class=\"wp-block-themeisle-blocks-accordion-item__title\"><div><img loading=\"lazy\" decoding=\"async\" width=\"30\" height=\"29\" class=\"wp-image-381\" style=\"width: 21px\" src=\"https:\/\/sites.uel.br\/congressoservicosocialuel\/wp-content\/uploads\/2023\/11\/icone.png\" alt=\"\"> <strong>EIXO ORDEM PATRIARCAL DE G\u00caNERO E RELA\u00c7\u00d5ES SOCIAIS DE SEXO<\/strong><\/div><\/summary><div class=\"wp-block-themeisle-blocks-accordion-item__content\">\n<p>Ementa: Sistema de Opress\u00e3o: ordem patriarcal de g\u00eanero, ra\u00e7a\/ etnia e classe. Viol\u00eancias contra Mulheres. Rela\u00e7\u00f5es sociais de sexo. Divis\u00e3o Sexual do Trabalho.<\/p>\n<\/div><\/details>\n\n\n\n<details class=\"wp-block-themeisle-blocks-accordion-item\"><summary class=\"wp-block-themeisle-blocks-accordion-item__title\"><div><img loading=\"lazy\" decoding=\"async\" width=\"30\" height=\"29\" class=\"wp-image-381\" style=\"width: 21px\" src=\"https:\/\/sites.uel.br\/congressoservicosocialuel\/wp-content\/uploads\/2023\/11\/icone.png\" alt=\"\"> <strong>EIXO \u00c9TICA E DIREITOS HUMANOS<\/strong><\/div><\/summary><div class=\"wp-block-themeisle-blocks-accordion-item__content\">\n<p>Ementa: \u00c9tica e cotidiano profissional; projeto \u00e9tico pol\u00edtico. Fundamentos da \u00e9tica. Direitos humanos e o combate \u00e0 intoler\u00e2ncia religiosa; misoginia, homofobia, xenofobia.<\/p>\n<\/div><\/details>\n\n\n\n<details class=\"wp-block-themeisle-blocks-accordion-item\"><summary class=\"wp-block-themeisle-blocks-accordion-item__title\"><div><img loading=\"lazy\" decoding=\"async\" width=\"30\" height=\"29\" class=\"wp-image-381\" style=\"width: 21px\" src=\"https:\/\/sites.uel.br\/congressoservicosocialuel\/wp-content\/uploads\/2023\/11\/icone.png\" alt=\"\"> <strong>EIXO POL\u00cdTICA SOCIAL, SEGURIDADE SOCIAL E PROTE\u00c7\u00c3O SOCIAL<\/strong><\/div><\/summary><div class=\"wp-block-themeisle-blocks-accordion-item__content\">\n<p>Ementa: Seguridade Social, Pol\u00edtica Social e Prote\u00e7\u00e3o Social: concep\u00e7\u00f5es e arcabou\u00e7o legal. Debate internacional sobre a Seguridade e Prote\u00e7\u00e3o Social em tempos de crise. Limites e desafios das pol\u00edticas sociais.<\/p>\n<\/div><\/details>\n\n\n\n<details class=\"wp-block-themeisle-blocks-accordion-item\"><summary class=\"wp-block-themeisle-blocks-accordion-item__title\"><div><img loading=\"lazy\" decoding=\"async\" width=\"30\" height=\"29\" class=\"wp-image-381\" style=\"width: 21px\" src=\"https:\/\/sites.uel.br\/congressoservicosocialuel\/wp-content\/uploads\/2023\/11\/icone.png\" alt=\"\"> <strong>EIXO GEST\u00c3O DE POL\u00cdTICAS SOCIAIS<\/strong><\/div><\/summary><div class=\"wp-block-themeisle-blocks-accordion-item__content\">\n<p>Ementa: Diretrizes e tend\u00eancias atuais da gest\u00e3o de Pol\u00edticas Sociais. Processos de Gest\u00e3o (planejamento, monitoramento, avalia\u00e7\u00e3o, controle social, burocracia, intersetorialidade e trabalho em rede). Or\u00e7amento p\u00fablico. O territ\u00f3rio enquanto \u201cch\u00e3o\u201d das pol\u00edticas sociais.<\/p>\n<\/div><\/details>\n\n\n\n<details class=\"wp-block-themeisle-blocks-accordion-item\"><summary class=\"wp-block-themeisle-blocks-accordion-item__title\"><div><img loading=\"lazy\" decoding=\"async\" width=\"30\" height=\"29\" class=\"wp-image-381\" style=\"width: 21px\" src=\"https:\/\/sites.uel.br\/congressoservicosocialuel\/wp-content\/uploads\/2023\/11\/icone.png\" alt=\"\"> <strong>EIXO <strong>O TRABALHO N\u00c3O PAGO DAS MULHERES NAS FAM\u00cdLIAS E A ORGANIZA\u00c7\u00c3O SOCIAL DOS CUIDADOS<\/strong><\/strong><\/div><\/summary><div class=\"wp-block-themeisle-blocks-accordion-item__content\">\n<p>Ementa: Sob a \u00e9gide do forte familismo e maternalismo nas pol\u00edticas protetivas na Am\u00e9rica Latina, tem-se delegado \u00e0s mulheres a responsabilidade do cuidado dos membros da fam\u00edlia que apresentam algum grau de depend\u00eancia, tais como, crian\u00e7as, enfermos cr\u00f4nicos, pessoas com defici\u00eancia, pessoas idosas e adultos em geral. Isso se agrava entre as mais pobres, mulheres negras em sua maioria, j\u00e1 que n\u00e3o podem recorrer ao trabalho de cuidados pagos oferecido pelo mercado. Isto implica que parte importante da produ\u00e7\u00e3o da prote\u00e7\u00e3o social, na regi\u00e3o, \u00e9 de resolu\u00e7\u00e3o individual e privada, est\u00e1 fortemente estratificada e segmentada, dependendo da renda com que contam os lares, e \u00e9 uma express\u00e3o da divis\u00e3o sexual do trabalho, um dos principais fatores de desigualdade social. O objetivo do Eixo Tem\u00e1tico \u00e9 apresentar e debater propostas para o aprofundamento desse debate e da import\u00e2ncia da efetiva\u00e7\u00e3o de pol\u00edticas p\u00fablicas de prote\u00e7\u00e3o a quem cuida e a quem \u00e9 cuidado.<\/p>\n<\/div><\/details>\n\n\n\n<details class=\"wp-block-themeisle-blocks-accordion-item\"><summary class=\"wp-block-themeisle-blocks-accordion-item__title\"><div><img loading=\"lazy\" decoding=\"async\" width=\"30\" height=\"29\" class=\"wp-image-381\" style=\"width: 21px\" src=\"https:\/\/sites.uel.br\/congressoservicosocialuel\/wp-content\/uploads\/2023\/11\/icone.png\" alt=\"\"> <strong>EIXO RELA\u00c7\u00d5ES \u00c9TNICO-RACIAIS, POVOS IND\u00cdGENAS, POPULA\u00c7\u00c3O NEGRA, COMUNIDADES TRADICIONAIS E POL\u00cdTICAS SOCIAIS<\/strong><\/div><\/summary><div class=\"wp-block-themeisle-blocks-accordion-item__content\">\n<p>Ementa: Gest\u00e3o p\u00fablica e pol\u00edticas afirmativas. Racismo estrutural e suas express\u00f5es. Genoc\u00eddios, etnoc\u00eddios, epistemic\u00eddios, criminaliza\u00e7\u00e3o, viol\u00eancia e opress\u00f5es contra popula\u00e7\u00e3o negra e ind\u00edgena. A rela\u00e7\u00e3o entre Estado, povos ind\u00edgenas, popula\u00e7\u00e3o negra e comunidades tradicionais. Direitos Humanos e luta antirracista. Educa\u00e7\u00e3o escolar ind\u00edgena e educa\u00e7\u00e3o superior ind\u00edgena.\u00a0 Aplica\u00e7\u00e3o das leis 10.639\/2003 e 11.645\/2008 que versam sobre ensino hist\u00f3ria da \u00c1frica, Afro-brasileira e Ind\u00edgena. Estrat\u00e9gias de organiza\u00e7\u00e3o, resist\u00eancias e lutas emancipat\u00f3rias<\/p>\n<\/div><\/details>\n\n\n\n<details class=\"wp-block-themeisle-blocks-accordion-item\"><summary class=\"wp-block-themeisle-blocks-accordion-item__title\"><div><img loading=\"lazy\" decoding=\"async\" width=\"30\" height=\"29\" class=\"wp-image-381\" style=\"width: 21px\" src=\"https:\/\/sites.uel.br\/congressoservicosocialuel\/wp-content\/uploads\/2023\/11\/icone.png\" alt=\"\"> <strong>EIXO MOVIMENTOS SOCIAIS E PARTICIPA\u00c7\u00c3O SOCIAL<\/strong><\/div><\/summary><div class=\"wp-block-themeisle-blocks-accordion-item__content\">\n<p>Ementa: O Estado brasileiro e as estrat\u00e9gias de enfrentamento dos movimentos sociais na atualidade. As lutas e organiza\u00e7\u00f5es sociais na cidade e no campo. Movimentos populares, movimento sindical, redes de movimentos, mobiliza\u00e7\u00e3o social, a\u00e7\u00e3o coletiva: pautas e experi\u00eancias. A criminaliza\u00e7\u00e3o dos movimentos sociais. A nega\u00e7\u00e3o dos direitos civis, pol\u00edticos e sociais. Participa\u00e7\u00e3o social e as formas de controle social.\u00a0<\/p>\n<\/div><\/details>\n\n\n\n<details class=\"wp-block-themeisle-blocks-accordion-item\"><summary class=\"wp-block-themeisle-blocks-accordion-item__title\"><div><img loading=\"lazy\" decoding=\"async\" width=\"30\" height=\"29\" class=\"wp-image-381\" style=\"width: 21px\" src=\"https:\/\/sites.uel.br\/congressoservicosocialuel\/wp-content\/uploads\/2023\/11\/icone.png\" alt=\"\"> <strong>EIXO VELHICE E PROCESSOS DE ENVELHECIMENTO<\/strong><\/div><\/summary><div class=\"wp-block-themeisle-blocks-accordion-item__content\">\n<p>Ementa: O debate contempor\u00e2neo acerca dos processos de envelhecimento. As diferentes perspectivas de an\u00e1lise do envelhecimento. A Gerontologia social cr\u00edtica. Velhice, direitos, prote\u00e7\u00e3o social e cuidados de longa dura\u00e7\u00e3o. Age\u00edsmo, etarismo e idadismo. A presta\u00e7\u00e3o de servi\u00e7os voltados \u00e0 prote\u00e7\u00e3o e cuidados da pessoa idosa. A pol\u00edtica de cuidados. O trabalho profissional direcionado a popula\u00e7\u00e3o idosa.<\/p>\n<\/div><\/details>\n\n\n\n<details class=\"wp-block-themeisle-blocks-accordion-item\"><summary class=\"wp-block-themeisle-blocks-accordion-item__title\"><div><img loading=\"lazy\" decoding=\"async\" width=\"30\" height=\"29\" class=\"wp-image-381\" style=\"width: 21px\" src=\"https:\/\/sites.uel.br\/congressoservicosocialuel\/wp-content\/uploads\/2023\/11\/icone.png\" alt=\"\"> <strong>EIXO FLUXOS MIGRAT\u00d3RIOS E POL\u00cdTICAS SOCIAIS<\/strong><\/div><\/summary><div class=\"wp-block-themeisle-blocks-accordion-item__content\">\n<p>Ementa: Migra\u00e7\u00e3o interna e internacional. O debate te\u00f3rico das migra\u00e7\u00f5es. Pol\u00edticas de integra\u00e7\u00e3o e acolhimento e sua interface com as pol\u00edticas sociais. Pol\u00edtica Migrat\u00f3ria no Brasil.<\/p>\n<\/div><\/details>\n\n\n\n<details class=\"wp-block-themeisle-blocks-accordion-item\"><summary class=\"wp-block-themeisle-blocks-accordion-item__title\"><div><img loading=\"lazy\" decoding=\"async\" width=\"30\" height=\"29\" class=\"wp-image-381\" style=\"width: 21px\" src=\"https:\/\/sites.uel.br\/congressoservicosocialuel\/wp-content\/uploads\/2023\/11\/icone.png\" alt=\"\"> <strong>EIXO TERRIT\u00d3RIO, PLANEJAMENTO, DESENVOLVIMENTO E CONFLITO<\/strong><\/div><\/summary><div class=\"wp-block-themeisle-blocks-accordion-item__content\">\n<p>Ementa: As discuss\u00f5es de territ\u00f3rio e de conflito perpassando pela quest\u00e3o do planejamento e do desenvolvimento socioterritorial. O territ\u00f3rio, a territorialidade, a desterritorializa\u00e7\u00e3o, a reterritorializa\u00e7\u00e3o e a multiterritorialidade no contexto das interconex\u00f5es e intera\u00e7\u00f5es envolvendo o poder caracterizado pela consolida\u00e7\u00e3o e sistematiza\u00e7\u00e3o de inova\u00e7\u00f5es que influenciam a organiza\u00e7\u00e3o do espa\u00e7o no tempo, tanto meio urbano quanto no rural na perspectiva da coexist\u00eancia de todos os povos e do enraizamento da cultura popular.<\/p>\n<\/div><\/details>\n\n\n\n<details class=\"wp-block-themeisle-blocks-accordion-item\"><summary class=\"wp-block-themeisle-blocks-accordion-item__title\"><div><img loading=\"lazy\" decoding=\"async\" width=\"30\" height=\"29\" class=\"wp-image-381\" style=\"width: 21px\" src=\"https:\/\/sites.uel.br\/congressoservicosocialuel\/wp-content\/uploads\/2023\/11\/icone.png\" alt=\"\"> <strong>EIXO DIREITO \u00c0 CIDADE<\/strong><\/div><\/summary><div class=\"wp-block-themeisle-blocks-accordion-item__content\">\n<p>Ementa: A cidade como territ\u00f3rio em disputa. Processo de urbaniza\u00e7\u00e3o no Brasil e no mundo. Os interesses em jogo na terra urbana. Fun\u00e7\u00f5es sociais da cidade. Interven\u00e7\u00f5es urban\u00edsticas.<\/p>\n<\/div><\/details>\n\n\n\n<details class=\"wp-block-themeisle-blocks-accordion-item\"><summary class=\"wp-block-themeisle-blocks-accordion-item__title\"><div><img loading=\"lazy\" decoding=\"async\" width=\"30\" height=\"29\" class=\"wp-image-381\" style=\"width: 21px\" src=\"https:\/\/sites.uel.br\/congressoservicosocialuel\/wp-content\/uploads\/2023\/11\/icone.png\" alt=\"\"> <strong>EIXO JUSTI\u00c7A AMBIENTAL<\/strong><\/div><\/summary><div class=\"wp-block-themeisle-blocks-accordion-item__content\">\n<p>Ementa: A distribui\u00e7\u00e3o dos impactos ambientais negativos decorrentes das atividades humanas. Globaliza\u00e7\u00e3o e distribui\u00e7\u00e3o dos riscos ambientais. Normas de prote\u00e7\u00e3o ambiental..<\/p>\n<\/div><\/details>\n<\/div>\n","protected":false},"excerpt":{"rendered":"","protected":false},"author":6,"featured_media":0,"parent":0,"menu_order":0,"comment_status":"closed","ping_status":"closed","template":"","meta":{"_acf_changed":false,"_themeisle_gutenberg_block_has_review":false,"footnotes":""},"class_list":["post-267","page","type-page","status-publish","hentry"],"acf":[],"_links":{"self":[{"href":"https:\/\/sites.uel.br\/congressoservicosocialuel\/wp-json\/wp\/v2\/pages\/267","targetHints":{"allow":["GET"]}}],"collection":[{"href":"https:\/\/sites.uel.br\/congressoservicosocialuel\/wp-json\/wp\/v2\/pages"}],"about":[{"href":"https:\/\/sites.uel.br\/congressoservicosocialuel\/wp-json\/wp\/v2\/types\/page"}],"author":[{"embeddable":true,"href":"https:\/\/sites.uel.br\/congressoservicosocialuel\/wp-json\/wp\/v2\/users\/6"}],"replies":[{"embeddable":true,"href":"https:\/\/sites.uel.br\/congressoservicosocialuel\/wp-json\/wp\/v2\/comments?post=267"}],"version-history":[{"count":21,"href":"https:\/\/sites.uel.br\/congressoservicosocialuel\/wp-json\/wp\/v2\/pages\/267\/revisions"}],"predecessor-version":[{"id":1009,"href":"https:\/\/sites.uel.br\/congressoservicosocialuel\/wp-json\/wp\/v2\/pages\/267\/revisions\/1009"}],"wp:attachment":[{"href":"https:\/\/sites.uel.br\/congressoservicosocialuel\/wp-json\/wp\/v2\/media?parent=267"}],"curies":[{"name":"wp","href":"https:\/\/api.w.org\/{rel}","templated":true}]}}