{"id":236,"date":"2023-08-23T14:31:55","date_gmt":"2023-08-23T17:31:55","guid":{"rendered":"https:\/\/sites.uel.br\/congressoservicosocialuel\/?page_id=236"},"modified":"2026-04-06T16:58:27","modified_gmt":"2026-04-06T19:58:27","slug":"programacao","status":"publish","type":"page","link":"https:\/\/sites.uel.br\/congressoservicosocialuel\/programacao\/","title":{"rendered":"Programa\u00e7\u00e3o"},"content":{"rendered":"\n<div style=\"height:40px\" aria-hidden=\"true\" class=\"wp-block-spacer\"><\/div>\n\n\n\n<h1 class=\"wp-block-heading has-text-align-left has-medium-font-size\"><strong>TEMA DO CONGRESSO:<\/strong> <strong>Conservadorismos no Brasil e no mundo: entre retrocessos autorit\u00e1rio e resist\u00eancias coletivas.<\/strong><\/h1>\n\n\n\n<p><a href=\"https:\/\/sites.uel.br\/congressoservicosocialuel\/wp-content\/uploads\/2026\/03\/PROGRAMACAO_Congresso_2026.pdf\">PROGRAMA\u00c7\u00c3O download<\/a><\/p>\n\n\n\n<div style=\"height:40px\" aria-hidden=\"true\" class=\"wp-block-spacer\"><\/div>\n\n\n\n<div id=\"wp-block-themeisle-blocks-tabs-8366f78f\" class=\"wp-block-themeisle-blocks-tabs alignleft  is-style-boxed\"><div class=\"wp-block-themeisle-blocks-tabs__content\">\n<div data-title=\"25\/05\/2026 \" class=\"wp-block-themeisle-blocks-tabs-item\"><div class=\"wp-block-themeisle-blocks-tabs-item__header\">25\/05\/2026 <\/div><div class=\"wp-block-themeisle-blocks-tabs-item__content\">\n<figure class=\"wp-block-table is-style-regular has-medium-font-size\"><table><tbody><tr><td><strong>12h00<\/strong><br><strong>Local: <\/strong>Anfiteatro CESA\/UEL<\/td><td class=\"has-text-align-left\" data-align=\"left\">In\u00edcio do Credenciamento<\/td><\/tr><tr><td><\/td><td class=\"has-text-align-left\" data-align=\"left\">PROGRAMA\u00c7\u00c3O<\/td><\/tr><tr><td><strong>13h30-16h00<\/strong><br><strong>Local: <\/strong>salas de aula CESA\/UEL<\/td><td class=\"has-text-align-left\" data-align=\"left\">MINICURSOS<br><br><strong>Minicurso 1) Tecendo Redes nos Territ\u00f3rios para o enfrentamento da viol\u00eancia contra as mulheres<\/strong><br><strong>Ministrantes:<\/strong> Prof\u00aa Dr\u00aa Sandra Louren\u00e7o de Andrade Fortuna (Servi\u00e7o Social UEL);<br>Prof\u00aa Dr\u00aa Marselle Nobre de Carvalho (Programa de P\u00f3s-Gradua\u00e7\u00e3o em Sa\u00fade Coletiva UEL) <br><strong>PRESENCIAL<\/strong><br><br><strong>Minicurso 2) \u00c9tica em Pesquisa no Servi\u00e7o Social e Integridade Cient\u00edfica: um debate necess\u00e1rio<\/strong><br><strong>Ministrantes:<\/strong> Prof\u00aa Dr\u00aa M\u00e1rcia Sgarbieiro (Servi\u00e7o Social UEL);<br>Prof\u00aa Dr\u00aa Luciana Maria Cavalcante Melo (UNIFESP Campus Baixada Santista) <br><strong>PRESENCIAL<\/strong><br><br><strong>Minicurso 3) Trabalhos de cuidados n\u00e3o pagos \u00e0 pessoa idosa&nbsp;<\/strong><br><strong>Ministrantes:<\/strong> Prof\u00aa Dr\u00aa Liliane Moser (UFSC);<br>Prof\u00aa Dr\u00aa C\u00e1ssia Maria Carloto (Servi\u00e7o Social UEL)<br><br><strong>Minicurso 4) As contribui\u00e7\u00f5es dos fundamentos do Servi\u00e7o Social no enfrentamento das manifesta\u00e7\u00f5es (neo) conservadoras<\/strong><br><strong>Ministrantes:<\/strong> Prof\u00aa Dr\u00aa Kathiuscia Aparecida Freitas Pereira Coelho (Servi\u00e7o Social UEL),&nbsp;<br>Prof\u00aa Dr\u00aa Lorena Ferreira Portes (Servi\u00e7o Social UEL)<br>Prof\u00aa Dr\u00aa Melissa Ferreira Portes (Servi\u00e7o Social UEL)<br><strong>PRESENCIAL<\/strong><br><br><strong>Minicurso 5) Migra\u00e7\u00e3o no Brasil e as fronteiras para acesso a direitos<\/strong><br><strong>Ministrantes:<\/strong> Prof\u00aa Dr\u00aa Karina Quintanilha Ferreira (USP);<br>Prof\u00aa Dr\u00aa L\u00edria Maria Bettiol Lanza (Servi\u00e7o Social UEL);<br>Prof\u00aa Dr\u00aa Evelyn Secco Faquin (Servi\u00e7o Social UEL).<br><strong>PRESENCIAL<\/strong><\/td><\/tr><tr><td><strong>16h15-18h<\/strong>45<br><strong>Local: <\/strong>salas de aula CESA\/UEL<\/td><td class=\"has-text-align-left\" data-align=\"left\">MINICURSOS<br><br><strong>Minicurso 6) O uso e produ\u00e7\u00e3o de informa\u00e7\u00f5es na gest\u00e3o da prote\u00e7\u00e3o social<\/strong>.<br><strong>Ministrantes:<\/strong> Prof\u00aa Dr\u00aa Ana Patr\u00edcia Pires Nalesso (Servi\u00e7o Social UEL),&nbsp;<br>Prof\u00aa Dr\u00aa Maria Luiza Amaral Rizzotti (Servi\u00e7o Social UEL\/UFPB);<br>M.\u00aa Shirley de Lima Samico (MDS).<br><strong>REMOTO<\/strong> (ON LINE)<br><br><strong>Minicurso 8)<\/strong> <strong>Viver em tempos intensos: Impactos das incertezas geopol\u00edticas nas sociedades do s\u00e9culo XXI<\/strong><br><strong>Ministrante: <\/strong>Prof. Dr. Gustavo Glodes Blum (PIPD-IG\/Unicamp)<br><strong>REMOTO<\/strong> (ON LINE)<br><br><strong>Minicurso 9) A gest\u00e3o territorial da Pol\u00edtica de Seguran\u00e7a Alimentar e Nutricional (SAN): entre desafios e possibilidades nos munic\u00edpios<\/strong><br><strong>Ministrante:<\/strong> M.\u00aa M\u00e1rcia Cristina Stolarski (Diretoria do Departamento Estadual de Seguran\u00e7a Alimentar e Nutricional da Secretaria de Estado de Agricultura e Abastecimento &#8211; SEAB\/PR)<br><strong>PRESENCIAL<\/strong><\/td><\/tr><tr><td><strong>19h30-20h00<\/strong> Mesa de abertura <br><br><strong>20h00-22h00 <\/strong>Confer\u00eancia de abertura<br><strong>Local: <\/strong>Audit\u00f3rio do CCB\/UEL<\/td><td class=\"has-text-align-left\" data-align=\"left\"><strong>Abertura Oficial<\/strong>: Apresenta\u00e7\u00e3o Cultural <br><br><strong>CONFER\u00caNCIA DE ABERTURA:<\/strong> Conservadorismos e Democracia:&nbsp; autoritarismos e resist\u00eancias<br>Palestrante: Prof. Dr. Mauro Luis Iasi (UFRJ)<\/td><\/tr><\/tbody><\/table><\/figure>\n<\/div><\/div>\n\n\n\n<div data-title=\"26\/05\/2026 \" class=\"wp-block-themeisle-blocks-tabs-item\"><div class=\"wp-block-themeisle-blocks-tabs-item__header\">26\/05\/2026 <\/div><div class=\"wp-block-themeisle-blocks-tabs-item__content\">\n<figure class=\"wp-block-table is-style-regular\"><table><tbody><tr><td><br><\/td><td>PROGRAMA\u00c7\u00c3O<\/td><\/tr><tr><td><strong>08h00 -10h30<br>Local:<\/strong> salas de aula CESA\/UEL<\/td><td>MINICURSOS<br><br><strong>Minicurso 10) Envelhecimento da classe trabalhadora: cuidados de longa dura\u00e7\u00e3o e o direito a velhice<\/strong><br><strong>Ministrantes:<\/strong> Prof\u00aa Dr\u00aa Nanci Soares (UNESP); e<br>Prof\u00aa Dr\u00aa Mabel Mascarenhas Torres (UEL)&nbsp;&nbsp;<br><strong>REMOTO (ON LINE)<\/strong><br><br><strong>Minicurso 11) As estrat\u00e9gias conservadoras na tentativa de retrocesso no direito ao aborto legal<\/strong><br><strong>Ministrantes:<\/strong> Prof\u00aa Dr\u00aa C\u00e1ssia Maria Carloto (Servi\u00e7o Social UEL);<br>Prof\u00aa Dr\u00aa Nayara Andr\u00e9 Dami\u00e3o (Servi\u00e7o Social UEL)<br><strong>PRESENCIAL<\/strong><br><br><strong>Minicurso 12) Diretrizes Curriculares, Trabalho e forma\u00e7\u00e3o profissional: a reafirma\u00e7\u00e3o do Projeto \u00c9tico-Pol\u00edtico do Servi\u00e7o Social<\/strong><br><strong>Ministrantes:<\/strong> Prof\u00aa Dr\u00aa Kathiuscia Aparecida Freitas Pereira Coelho (Servi\u00e7o Social UEL);<br>Prof\u00aa Dr\u00aa Sandra Louren\u00e7o de Andrade Fortuna (Servi\u00e7o Social UEL);<br>Prof. Dr. Diego Tabosa da Silva (Universidade Federal de S\u00e3o Paulo &#8211;&nbsp;UNIFESP).&nbsp;&nbsp;<br><strong>PRESENCIAL<\/strong><br><br><strong>Minicurso 13) Povos ind\u00edgenas e pol\u00edticas de educa\u00e7\u00e3o superior na Am\u00e9rica Latina: por uma universidade antirracista<\/strong><br><strong>Ministrantes:<\/strong> Nayra Eva Cachambi Patzi (Universidade Nacional de Jujuy &#8211; UNJu);<br>Prof. Dr. Wagner Roberto do Amaral (Servi\u00e7o Social UEL)<br><strong>PRESENCIAL<\/strong> <strong>com PALESTRANTE REMOTO<\/strong><br><br><strong>Minicurso 14) Investimentos P\u00fablicos e o uso do Territ\u00f3rio: contribui\u00e7\u00f5es te\u00f3ricas da Geografia para pensar a Transi\u00e7\u00e3o Energ\u00e9tica<\/strong><br><strong>Ministrante<\/strong>: Vict\u00f3ria Jandira Bueno (PPGGeo-IG\/Unicamp)<br><strong>PRESENCIAL<\/strong><\/td><\/tr><tr><td><strong>10h45-13h15<\/strong><br><strong>Local:<\/strong> salas de aula CESA\/UEL<\/td><td>MINICURSOS<br><br><strong>Minicurso 15)<\/strong> <strong>O pensamento de Milton Santos para discutir o tempo presente<\/strong><br><strong>Ministrante: <\/strong>Prof\u00aa Dr\u00aa Maria M\u00f3nica Arroyo (USP)<br><strong>PRESENCIAL<\/strong><br><br><strong>Minicurso 16) Desafios e perspectivas profissionais frente as atuais manifesta\u00e7\u00f5es do conservadorismo<\/strong><br><strong>Ministrantes:<\/strong> Prof\u00aa Dr\u00aa Claudia Neves da Silva (Servi\u00e7o Social UEL);<br>Prof. Dr. Esdras Tavares de Oliveira (Unioeste);&nbsp;<br>Prof\u00aa Dr\u00aa Patricia Vicente Dutra (Assistente Social na Defensoria P\u00fablica do Estado do Paran\u00e1);<br>Prof. Dr. Jo\u00e3o Paulo Rosa Louren\u00e7o (Servi\u00e7o Social UEL)&nbsp;<br><strong>PRESENCIAL<\/strong><br><br><strong>Minicurso 17)<\/strong> <strong>A escuta dos afetos no cotidiano<\/strong><br><strong>Ministrantes:<\/strong> Prof\u00aa Dr\u00aa Sonia Regina Vargas Mansano (Psicologia UEL);<br>Prof\u00aa Dr\u00aa Adriana Barin de Azevedo (UEM)<br><strong>PRESENCIAL<\/strong><br><br><strong>Minicurso 18)<\/strong> <strong>Neoliberalismo, Racismo e Juvenic\u00eddio no Sul Global<\/strong><br><strong>Ministrantes:<\/strong> Prof. Dr. Jos\u00e9 Manuel Valenzula Arce (Colegio de La Frontera Norte &#8211; Tihuana\/M\u00e9xico); e<br>Prof\u00aa Dr\u00aa Andr\u00e9a Pires Rocha (UEL).<br><strong>PRESENCIAL<\/strong> <strong>com PALESTRANTE REMOTO<\/strong><br><br><strong>Minicurso<\/strong> <strong>19) Da Desinforma\u00e7\u00e3o \u00e0 Cidadania Digital: Estrat\u00e9gias Comunicativas para o Servi\u00e7o Social<\/strong><br><strong>Ministrantes:<\/strong> Prof\u00aa Dr\u00aa Claudiana Tavares da Silva Sgorlon (UNILA); e Prof\u00aa Dr\u00aa Mabel Mascarenhas Torres (UEL)<br><strong>PRESENCIAL<\/strong><br><br><strong>Minicurso 7) Regulariza\u00e7\u00e3o fundi\u00e1ria urbana: teoria e pr\u00e1tica<\/strong><br><strong>Ministrante:<\/strong> M.\u00aa Thanyelle Galmacci (Comiss\u00e3o de Direito \u00e0 Cidade e Urban\u00edstico da OAB\/PR e s\u00f3cia fundadora da FORMATA Assessoria Urban\u00edstica e Ambiental).<br><strong>PRESENCIAL<\/strong><\/td><\/tr><tr><td><strong>14h30 -16h30 <\/strong><br><strong>Local:<\/strong> Anfiteatro do CESA<\/td><td>MESA REDONDA<br><strong>Mesa 1:<\/strong> <strong>Desafios do Direito \u00e0 Cidade e as Mudan\u00e7as Clim\u00e1ticas<\/strong><br><strong>Palestrante:<\/strong> Prof. Dr. Luiz Alberto de Souza -Universidade Regional de Blumenau (FURB) e Conselho de Arquitetura e Urbanismo de Santa Catarina (CAU\/SC)<br><\/td><\/tr><tr><td><strong>16h45 -18h45<\/strong><br><strong>Local:<\/strong> Anfiteatro do CESA<\/td><td>MESA REDONDA<br><strong>Mesa 2:<\/strong> Desafios clim\u00e1ticos em tempos negacionistas<br><strong>Palestrante:<\/strong> R\u00e9via Aparecida Peixoto de Paula Luna (Minist\u00e9rio P\u00fablico do Paran\u00e1)<br><\/td><\/tr><tr><td>&nbsp;<strong>19h00 -21h00<\/strong><br><strong>Local: <\/strong>Anfiteatro do CESA\/UEL<\/td><td><strong>CONFER\u00caNCIA<\/strong>: <strong>O pensamento de Milton Santos no seu centen\u00e1rio: territ\u00f3rio, globaliza\u00e7\u00e3o, desigualdades, perversidades e resist\u00eancias<\/strong><br><strong>Conferencista: <\/strong>Prof\u00aa Dr\u00aa Maria M\u00f3nica Arroyo (USP)<\/td><\/tr><\/tbody><\/table><\/figure>\n<\/div><\/div>\n\n\n\n<div data-title=\"27\/05\/2026 \" class=\"wp-block-themeisle-blocks-tabs-item\"><div class=\"wp-block-themeisle-blocks-tabs-item__header\">27\/05\/2026 <\/div><div class=\"wp-block-themeisle-blocks-tabs-item__content\">\n<figure class=\"wp-block-table is-style-regular\"><table><tbody><tr><td><br><\/td><td>PROGRAMA\u00c7\u00c3O <br><strong>MESAS REDONDAS<\/strong><\/td><\/tr><tr><td><strong>08h15-10h15<br>Local:<\/strong> A definir<br><\/td><td><strong>Mesa 3:<\/strong> <strong>Tecnologias, trabalho e IA: desafios \u00e0s\/aos assistentes sociais&nbsp;<\/strong><br><strong>Palestrantes:<\/strong> Prof\u00aa Dr\u00aa Yolanda Guerra (UFRJ\/ UFJF);<br>Prof. Dr. Helder Binimelis-Espinoza (Universidad Cat\u00f3lica de Temuco &#8211; Chile)<\/td><\/tr><tr><td><strong>10h30-12h30<\/strong><br><strong>Local:<\/strong> A definir<\/td><td><strong>Mesa 4: Pol\u00edtica Social, conservadorismo e crise dos cuidados<\/strong><br><strong>Palestrantes:<\/strong> Prof\u00aa Dr\u00aa. Andr\u00e9a de Sousa Gama (UERJ); e<br>Prof\u00aa Dr\u00aa M\u00e1rcia Helena Carvalho Lopes (Minist\u00e9rio das Mulheres) (a confirmar)<\/td><\/tr><tr><td><strong>14h30-17h30<\/strong><br>Salas aula do CESA\/UEL<\/td><td><strong>Sess\u00f5es de Apresenta\u00e7\u00e3o de trabalhos<\/strong><\/td><\/tr><tr><td><strong>19h00 \u00e0s 21h30<\/strong><br><strong>Local: <\/strong>Anfiteatro do CESA \/UEL<\/td><td><strong>CONFER\u00caNCIA:<\/strong> <strong>Resist\u00eancias Urbanas e luta pelo direito \u00e0 cidade<\/strong><br><strong>Conferencista: <\/strong>Prof\u00aa Dr\u00aa Adriana Nogueira Vieira Lima (UEFS)<\/td><\/tr><\/tbody><\/table><\/figure>\n<\/div><\/div>\n\n\n\n<div data-title=\"28\/05\/2026\" class=\"wp-block-themeisle-blocks-tabs-item\"><div class=\"wp-block-themeisle-blocks-tabs-item__header\">28\/05\/2026<\/div><div class=\"wp-block-themeisle-blocks-tabs-item__content\">\n<figure class=\"wp-block-table is-style-regular\"><table><tbody><tr><td><\/td><td class=\"has-text-align-left\" data-align=\"left\">PROGRAMA\u00c7\u00c3O PRELIMINAR<br><strong>MESAS REDONDAS<\/strong><\/td><\/tr><tr><td><strong>08h15-10h15<br>Local:<\/strong> A definir<\/td><td class=\"has-text-align-left\" data-align=\"left\"><strong>Mesa 5:<\/strong> <strong>Desafios postos \u00e0 prote\u00e7\u00e3o social brasileira na atualidade<\/strong><br><strong>Palestrantes:<\/strong> Prof\u00aa. Dr\u00aa Cristiane Luiza Sabino de Souza (UFSC); e <br>(palestrante a confirmar)<\/td><\/tr><tr><td><strong>10h30-12h30<\/strong><br><strong>Local:<\/strong><\/td><td class=\"has-text-align-left\" data-align=\"left\"><strong>Mesa 6:<\/strong> <strong>Produ\u00e7\u00e3o do conhecimento e forma\u00e7\u00e3o profissional em Servi\u00e7o Social em tempos de ecletismo te\u00f3rico<\/strong><br><strong>Palestrantes: <\/strong>Prof. Dr. Ricardo Lara (UFSC); e<br> Prof\u00aa. Dr\u00aa In\u00eas Stampa (PUC-RJ)<\/td><\/tr><tr><td><strong>14h30 -17h30<\/strong><br>Salas aula do CESA\/UEL<\/td><td class=\"has-text-align-left\" data-align=\"left\"><strong>Sess\u00f5es de Apresenta\u00e7\u00e3o de trabalhos<\/strong><\/td><\/tr><tr><td><strong>17h30-19h00<\/strong><br><strong>Local:<\/strong> Anfiteatro do CESA\/UEL<\/td><td class=\"has-text-align-left\" data-align=\"left\"><strong>Lan\u00e7amento de Livros<\/strong><\/td><\/tr><\/tbody><\/table><\/figure>\n<\/div><\/div>\n\n\n\n<div data-title=\"29\/05\/2026\" class=\"wp-block-themeisle-blocks-tabs-item\"><div class=\"wp-block-themeisle-blocks-tabs-item__header\">29\/05\/2026<\/div><div class=\"wp-block-themeisle-blocks-tabs-item__content\">\n<div class=\"wp-block-group\"><div class=\"wp-block-group__inner-container is-layout-constrained wp-block-group-is-layout-constrained\">\n<div class=\"wp-block-columns are-vertically-aligned-top is-layout-flex wp-container-core-columns-is-layout-9d6595d7 wp-block-columns-is-layout-flex\">\n<div class=\"wp-block-column is-vertically-aligned-top is-layout-flow wp-block-column-is-layout-flow\" style=\"flex-basis:100%\">\n<figure class=\"wp-block-table is-style-regular\"><table class=\"has-fixed-layout\"><tbody><tr><td class=\"has-text-align-left\" data-align=\"left\"><\/td><td class=\"has-text-align-left\" data-align=\"left\">PROGRAMA\u00c7\u00c3O PRELIMINAR<br><strong>MESAS REDONDAS<\/strong><\/td><\/tr><tr><td class=\"has-text-align-left\" data-align=\"left\"><strong>08h15-10h15 <\/strong><\/td><td class=\"has-text-align-left\" data-align=\"left\"><strong>Mesa 7:<\/strong> <strong>Soberania alimentar em tempos de expans\u00e3o das desigualdades socioterritoriais e de extremismos pol\u00edticos<\/strong><br><strong>Palestrantes: <\/strong>Prof\u00aa Dr\u00aa Eduarda Marques da Costa (Universidade de Lisboa\/ IGOT- Portugal); e <br>Prof. Dr. Renato Sergio Maluf (CPDA\/UFRRJ)<\/td><\/tr><tr><td class=\"has-text-align-left\" data-align=\"left\"><strong>10h30-12h30<\/strong><br><strong>Local:<\/strong><\/td><td class=\"has-text-align-left\" data-align=\"left\"><strong>Mesa 8: <\/strong>Mulheres Ind\u00edgenas, Ribeirinhas e Camponesas da Amaz\u00f4nia, pertencimentos, lutas e resist\u00eancias.<br><strong>Palestrantes: <\/strong>Prof\u00aa Dr\u00aa Maria das Gra\u00e7as Silva Nascimento Silva (UNIR-RO);<br>Prof\u00aa Dr\u00aa Francilene Sales da Concei\u00e7\u00e3o (UEA-AM)<br><strong>Mediador:<\/strong> Prof. Dr. Nilson Cesar Fraga (Geografia UEL-DGEO &#8211; PPGG-UNIR)<\/td><\/tr><tr><td class=\"has-text-align-left\" data-align=\"left\"><strong>14h30 &#8211; 15h00<\/strong> <br><br><br><br><strong>15h00-17h00<\/strong><br><strong>Local: <\/strong>Anfiteatro do CESA\/UEL<\/td><td class=\"has-text-align-left\" data-align=\"left\">Mesa de encerramento<br><br><strong>CONFER\u00caNCIA DE ENCERRAMENTO:<\/strong> 100 anos de Servi\u00e7o Social na Am\u00e9rica Latina e 90 anos de profiss\u00e3o no Brasil: um balan\u00e7o dos avan\u00e7os, das lutas e dos desafios diante do conservadorismo<br>Palestrante: Prof\u00aa Dr\u00aa Ivanete Salete Boschetti (UFRJ); Prof\u00aa Dr\u00aa Esther Lu\u00edza de Souza Lemos (Unioeste &#8211; Campus Toledo)<\/td><\/tr><\/tbody><\/table><\/figure>\n<\/div>\n<\/div>\n<\/div><\/div>\n<\/div><\/div>\n<\/div><\/div>\n\n\n\n<div style=\"height:60px\" aria-hidden=\"true\" class=\"wp-block-spacer\"><\/div>\n\n\n\n<div style=\"height:59px\" aria-hidden=\"true\" class=\"wp-block-spacer\"><\/div>\n\n\n\n<p><\/p>\n","protected":false},"excerpt":{"rendered":"<p>TEMA DO CONGRESSO: Conservadorismos no Brasil e no mundo: entre retrocessos autorit\u00e1rio e resist\u00eancias coletivas. PROGRAMA\u00c7\u00c3O download<\/p>\n","protected":false},"author":6,"featured_media":0,"parent":0,"menu_order":0,"comment_status":"closed","ping_status":"closed","template":"","meta":{"_acf_changed":false,"_themeisle_gutenberg_block_has_review":false,"footnotes":""},"class_list":["post-236","page","type-page","status-publish","hentry"],"acf":[],"_links":{"self":[{"href":"https:\/\/sites.uel.br\/congressoservicosocialuel\/wp-json\/wp\/v2\/pages\/236","targetHints":{"allow":["GET"]}}],"collection":[{"href":"https:\/\/sites.uel.br\/congressoservicosocialuel\/wp-json\/wp\/v2\/pages"}],"about":[{"href":"https:\/\/sites.uel.br\/congressoservicosocialuel\/wp-json\/wp\/v2\/types\/page"}],"author":[{"embeddable":true,"href":"https:\/\/sites.uel.br\/congressoservicosocialuel\/wp-json\/wp\/v2\/users\/6"}],"replies":[{"embeddable":true,"href":"https:\/\/sites.uel.br\/congressoservicosocialuel\/wp-json\/wp\/v2\/comments?post=236"}],"version-history":[{"count":190,"href":"https:\/\/sites.uel.br\/congressoservicosocialuel\/wp-json\/wp\/v2\/pages\/236\/revisions"}],"predecessor-version":[{"id":1284,"href":"https:\/\/sites.uel.br\/congressoservicosocialuel\/wp-json\/wp\/v2\/pages\/236\/revisions\/1284"}],"wp:attachment":[{"href":"https:\/\/sites.uel.br\/congressoservicosocialuel\/wp-json\/wp\/v2\/media?parent=236"}],"curies":[{"name":"wp","href":"https:\/\/api.w.org\/{rel}","templated":true}]}}