{"id":214,"date":"2023-08-23T11:57:58","date_gmt":"2023-08-23T14:57:58","guid":{"rendered":"https:\/\/sites.uel.br\/congressoservicosocialuel\/?page_id=214"},"modified":"2026-03-02T15:44:17","modified_gmt":"2026-03-02T18:44:17","slug":"inscricoes","status":"publish","type":"page","link":"https:\/\/sites.uel.br\/congressoservicosocialuel\/inscricoes\/","title":{"rendered":"Inscri\u00e7\u00f5es"},"content":{"rendered":"\n<div style=\"height:40px\" aria-hidden=\"true\" class=\"wp-block-spacer\"><\/div>\n\n\n\n<h2 class=\"wp-block-heading has-text-align-center has-medium-font-size\"><strong>Cronograma<\/strong><\/h2>\n\n\n\n<figure class=\"wp-block-table\"><table><tbody><tr><td><strong>DESCRI\u00c7\u00c3O<\/strong><\/td><td>    <strong>DATA<\/strong><\/td><\/tr><tr><td>Abertura das Inscri\u00e7\u00f5es e envio de trabalhos <\/td><td>17\/12\/2025<\/td><\/tr><tr><td>Prazo para inscri\u00e7\u00e3o de trabalhos <strong>PRORROGADO<\/strong>&nbsp;&nbsp;&nbsp;&nbsp;&nbsp;&nbsp;&nbsp;&nbsp;&nbsp;&nbsp;&nbsp;&nbsp;&nbsp;&nbsp;&nbsp;&nbsp;&nbsp;&nbsp;&nbsp;&nbsp;&nbsp;&nbsp;&nbsp;&nbsp;&nbsp;&nbsp;&nbsp;&nbsp;&nbsp;&nbsp;<\/td><td><strong>08\/03\/2026<\/strong><\/td><\/tr><tr><td>Divulga\u00e7\u00e3o dos resultados trabalhos aprovados<\/td><td>31\/03\/2026<\/td><\/tr><tr><td>Prazo de pagamento (para trabalhos aprovados e lan\u00e7amento de livros)<\/td><td>07\/04\/2026<\/td><\/tr><tr><td>Divulga\u00e7\u00e3o do Ensalamento para apresenta\u00e7\u00e3o dos trabalhos<\/td><td>20\/04\/2026<\/td><\/tr><tr><td>Inscri\u00e7\u00f5es p\u00fablico ouvinte (sem submiss\u00e3o de trabalhos)<\/td><td>18\/05\/2026<\/td><\/tr><\/tbody><\/table><\/figure>\n\n\n\n<div style=\"height:40px\" aria-hidden=\"true\" class=\"wp-block-spacer\"><\/div>\n\n\n\n<p><strong>ATEN\u00c7\u00c3O:<\/strong> <em>No momento da inscri\u00e7\u00e3o, somente os minicursos precisam ser selecionados devido ao limite de vagas. <\/em><\/p>\n\n\n\n<p><em>Ser\u00e1 permitido a sele\u00e7\u00e3o de apenas 01 minicurso por hor\u00e1rio, ou seja, cada inscri\u00e7\u00e3o poder\u00e1 selecionar at\u00e9 04 minicursos.<\/em><\/p>\n\n\n\n<p>Demais atividades da programa\u00e7\u00e3o j\u00e1 est\u00e3o contempladas com a inscri\u00e7\u00e3o efetivada, n\u00e3o precisam ser selecionadas.<\/p>\n\n\n\n<h2 class=\"wp-block-heading has-text-align-center has-medium-font-size\"><strong>Inscri\u00e7\u00e3o<\/strong><\/h2>\n\n\n\n<div style=\"height:20px\" aria-hidden=\"true\" class=\"wp-block-spacer\"><\/div>\n\n\n\n<div class=\"wp-block-columns is-layout-flex wp-container-core-columns-is-layout-9d6595d7 wp-block-columns-is-layout-flex\">\n<div class=\"wp-block-column is-vertically-aligned-stretch is-layout-flow wp-block-column-is-layout-flow\">\n<h5 class=\"wp-block-heading has-text-align-center has-small-font-size\">PARTICIPANTE ESTUDANTE GRADUA\u00c7\u00c3O SEM APRESENTA\u00c7\u00c3O DE TRABALHO<\/h5>\n\n\n\n<p class=\"has-text-align-center has-small-font-size\">Inscri\u00e7\u00f5es at\u00e9 18\/05\/26<\/p>\n\n\n\n<h4 class=\"wp-block-heading has-text-align-center\">R$&nbsp;50,00<\/h4>\n\n\n\n<div style=\"height:10px\" aria-hidden=\"true\" class=\"wp-block-spacer\"><\/div>\n\n\n\n<div class=\"wp-block-buttons is-content-justification-center is-layout-flex wp-container-core-buttons-is-layout-062f0008 wp-block-buttons-is-layout-flex\">\n<div class=\"wp-block-button is-style-outline is-style-outline--1\"><a class=\"wp-block-button__link has-text-align-center has-custom-font-size wp-element-button\" href=\"http:\/\/www.uel.br\/eventos\/sigec\/?id=11238\" style=\"font-size:14px\">INSCREVA-SE<\/a><\/div>\n<\/div>\n\n\n\n<h3 class=\"wp-block-heading has-text-align-center\"><br><\/h3>\n<\/div>\n\n\n\n<div class=\"wp-block-column is-vertically-aligned-stretch is-layout-flow wp-block-column-is-layout-flow\">\n<h5 class=\"wp-block-heading has-text-align-center has-small-font-size\">PARTICIPANTE &nbsp;ESTUDANTE DE GRADUA\u00c7\u00c3O APRESENTADOR(A) DE TRABALHO<\/h5>\n\n\n\n<p class=\"has-text-align-center has-small-font-size\">Inscri\u00e7\u00f5es <strong>PRORROGADAS<\/strong> at\u00e9 08\/03\/26<\/p>\n\n\n\n<h4 class=\"wp-block-heading has-text-align-center\">R$&nbsp;80,00<\/h4>\n\n\n\n<div style=\"height:10px\" aria-hidden=\"true\" class=\"wp-block-spacer\"><\/div>\n\n\n\n<div class=\"wp-block-buttons is-content-justification-center is-layout-flex wp-container-core-buttons-is-layout-062f0008 wp-block-buttons-is-layout-flex\">\n<div class=\"wp-block-button is-style-outline is-style-outline--2\"><a class=\"wp-block-button__link has-text-align-center has-custom-font-size wp-element-button\" href=\"http:\/\/www.uel.br\/eventos\/sigec\/?id=11238\" style=\"font-size:14px\">INSCREVA-SE<\/a><\/div>\n<\/div>\n<\/div>\n\n\n\n<div class=\"wp-block-column is-vertically-aligned-stretch is-layout-flow wp-block-column-is-layout-flow\">\n<h5 class=\"wp-block-heading has-text-align-center has-small-font-size\">PARTICIPANTE ESTUDANTE DE P\u00d3S-GRADUA\u00c7\u00c3O SEM APRESENTA\u00c7\u00c3O DE TRABALHO<\/h5>\n\n\n\n<p class=\"has-text-align-center has-small-font-size\">Inscri\u00e7\u00f5es at\u00e9 18\/05\/26<\/p>\n\n\n\n<h4 class=\"wp-block-heading has-text-align-center\">R$&nbsp;100,00<\/h4>\n\n\n\n<div style=\"height:10px\" aria-hidden=\"true\" class=\"wp-block-spacer\"><\/div>\n\n\n\n<div class=\"wp-block-buttons is-content-justification-center is-layout-flex wp-container-core-buttons-is-layout-062f0008 wp-block-buttons-is-layout-flex\">\n<div class=\"wp-block-button is-style-outline is-style-outline--3\"><a class=\"wp-block-button__link has-text-align-center has-custom-font-size wp-element-button\" href=\"http:\/\/www.uel.br\/eventos\/sigec\/?id=11238\" style=\"font-size:14px\">INSCREVA-SE<\/a><\/div>\n<\/div>\n\n\n\n<h3 class=\"wp-block-heading has-text-align-center\"><br><\/h3>\n<\/div>\n\n\n\n<div class=\"wp-block-column is-vertically-aligned-stretch is-layout-flow wp-block-column-is-layout-flow\">\n<h5 class=\"wp-block-heading has-text-align-center has-small-font-size\">PARTICIPANTE ESTUDANTE DE P\u00d3S-GRADUA\u00c7\u00c3O APRESENTADOR (A) DE TRABALHO<\/h5>\n\n\n\n<p class=\"has-text-align-center has-small-font-size\">Inscri\u00e7\u00f5es <strong>PRORROGADAS<\/strong> at\u00e9 08\/03\/26<\/p>\n\n\n\n<h4 class=\"wp-block-heading has-text-align-center\">R$&nbsp;120,00<\/h4>\n\n\n\n<div style=\"height:10px\" aria-hidden=\"true\" class=\"wp-block-spacer\"><\/div>\n\n\n\n<div class=\"wp-block-buttons is-content-justification-center is-layout-flex wp-container-core-buttons-is-layout-062f0008 wp-block-buttons-is-layout-flex\">\n<div class=\"wp-block-button is-style-outline is-style-outline--4\"><a class=\"wp-block-button__link has-custom-font-size wp-element-button\" href=\"http:\/\/www.uel.br\/eventos\/sigec\/?id=11238\" style=\"font-size:14px\">INSCREVA-SE<\/a><\/div>\n<\/div>\n\n\n\n<h3 class=\"wp-block-heading has-text-align-center\"><br><\/h3>\n<\/div>\n\n\n\n<div class=\"wp-block-column is-vertically-aligned-stretch is-layout-flow wp-block-column-is-layout-flow\">\n<h5 class=\"wp-block-heading has-text-align-center has-small-font-size\">PARTICIPANTE DOCENTE OU PROFISSIONAL SEM APRESENTA\u00c7\u00c3O DE TRABALHO<\/h5>\n\n\n\n<p class=\"has-text-align-center has-small-font-size\">Inscri\u00e7\u00f5es at\u00e9 18\/05\/26<\/p>\n\n\n\n<h4 class=\"wp-block-heading has-text-align-center\">R$&nbsp;150,00<\/h4>\n\n\n\n<div style=\"height:10px\" aria-hidden=\"true\" class=\"wp-block-spacer\"><\/div>\n\n\n\n<div class=\"wp-block-buttons is-content-justification-center is-layout-flex wp-container-core-buttons-is-layout-062f0008 wp-block-buttons-is-layout-flex\">\n<div class=\"wp-block-button is-style-outline is-style-outline--5\"><a class=\"wp-block-button__link has-text-align-center has-custom-font-size wp-element-button\" href=\"http:\/\/www.uel.br\/eventos\/sigec\/?id=11238\" style=\"font-size:14px\">INSCREVA-SE<\/a><\/div>\n<\/div>\n<\/div>\n\n\n\n<div class=\"wp-block-column is-vertically-aligned-stretch is-layout-flow wp-block-column-is-layout-flow\">\n<h5 class=\"wp-block-heading has-text-align-center has-small-font-size\">PARTICIPANTE DOCENTE OU PROFISSIONAL APRESENTADOR (A) DE TRABALHO<\/h5>\n\n\n\n<p class=\"has-text-align-center has-small-font-size\">Inscri\u00e7\u00f5es <strong>PRORROGADAS <\/strong>at\u00e9 08\/03\/26<\/p>\n\n\n\n<h4 class=\"wp-block-heading has-text-align-center\">R$&nbsp;200,00<\/h4>\n\n\n\n<div style=\"height:10px\" aria-hidden=\"true\" class=\"wp-block-spacer\"><\/div>\n\n\n\n<div class=\"wp-block-buttons is-content-justification-center is-layout-flex wp-container-core-buttons-is-layout-062f0008 wp-block-buttons-is-layout-flex\">\n<div class=\"wp-block-button is-style-outline is-style-outline--6\"><a class=\"wp-block-button__link has-text-align-center has-custom-font-size wp-element-button\" href=\"http:\/\/www.uel.br\/eventos\/sigec\/?id=11238\" style=\"font-size:14px\">INSCREVA-SE<\/a><\/div>\n<\/div>\n<\/div>\n<\/div>\n\n\n\n<div style=\"height:40px\" aria-hidden=\"true\" class=\"wp-block-spacer\"><\/div>\n\n\n\n<p><\/p>\n","protected":false},"excerpt":{"rendered":"<p>Cronograma DESCRI\u00c7\u00c3O DATA Abertura das Inscri\u00e7\u00f5es e envio de trabalhos 17\/12\/2025 Prazo para inscri\u00e7\u00e3o de trabalhos PRORROGADO&nbsp;&nbsp;&nbsp;&nbsp;&nbsp;&nbsp;&nbsp;&nbsp;&nbsp;&nbsp;&nbsp;&nbsp;&nbsp;&nbsp;&nbsp;&nbsp;&nbsp;&nbsp;&nbsp;&nbsp;&nbsp;&nbsp;&nbsp;&nbsp;&nbsp;&nbsp;&nbsp;&nbsp;&nbsp;&nbsp; 08\/03\/2026 Divulga\u00e7\u00e3o dos resultados trabalhos aprovados 31\/03\/2026 Prazo de pagamento (para trabalhos aprovados e lan\u00e7amento de livros) 07\/04\/2026 Divulga\u00e7\u00e3o do Ensalamento para apresenta\u00e7\u00e3o dos trabalhos 20\/04\/2026 Inscri\u00e7\u00f5es p\u00fablico ouvinte (sem submiss\u00e3o de trabalhos) 18\/05\/2026 ATEN\u00c7\u00c3O: No momento da [&hellip;]<\/p>\n","protected":false},"author":6,"featured_media":0,"parent":0,"menu_order":0,"comment_status":"closed","ping_status":"closed","template":"","meta":{"_acf_changed":false,"_themeisle_gutenberg_block_has_review":false,"footnotes":""},"class_list":["post-214","page","type-page","status-publish","hentry"],"acf":[],"_links":{"self":[{"href":"https:\/\/sites.uel.br\/congressoservicosocialuel\/wp-json\/wp\/v2\/pages\/214","targetHints":{"allow":["GET"]}}],"collection":[{"href":"https:\/\/sites.uel.br\/congressoservicosocialuel\/wp-json\/wp\/v2\/pages"}],"about":[{"href":"https:\/\/sites.uel.br\/congressoservicosocialuel\/wp-json\/wp\/v2\/types\/page"}],"author":[{"embeddable":true,"href":"https:\/\/sites.uel.br\/congressoservicosocialuel\/wp-json\/wp\/v2\/users\/6"}],"replies":[{"embeddable":true,"href":"https:\/\/sites.uel.br\/congressoservicosocialuel\/wp-json\/wp\/v2\/comments?post=214"}],"version-history":[{"count":93,"href":"https:\/\/sites.uel.br\/congressoservicosocialuel\/wp-json\/wp\/v2\/pages\/214\/revisions"}],"predecessor-version":[{"id":1221,"href":"https:\/\/sites.uel.br\/congressoservicosocialuel\/wp-json\/wp\/v2\/pages\/214\/revisions\/1221"}],"wp:attachment":[{"href":"https:\/\/sites.uel.br\/congressoservicosocialuel\/wp-json\/wp\/v2\/media?parent=214"}],"curies":[{"name":"wp","href":"https:\/\/api.w.org\/{rel}","templated":true}]}}