{"id":2,"date":"2021-03-21T23:36:11","date_gmt":"2021-03-22T02:36:11","guid":{"rendered":"https:\/\/sites.uel.br\/congressoservicosocialuel\/?page_id=2"},"modified":"2026-04-10T16:53:37","modified_gmt":"2026-04-10T19:53:37","slug":"home","status":"publish","type":"page","link":"https:\/\/sites.uel.br\/congressoservicosocialuel\/","title":{"rendered":"Home"},"content":{"rendered":"<div class=\"wp-block-image\">\n<figure class=\"aligncenter size-large\"><img loading=\"lazy\" decoding=\"async\" width=\"1024\" height=\"341\" src=\"https:\/\/sites.uel.br\/congressoservicosocialuel\/wp-content\/uploads\/2026\/01\/banner-1-1-1024x341.png\" alt=\"\" class=\"wp-image-1154\" srcset=\"https:\/\/sites.uel.br\/congressoservicosocialuel\/wp-content\/uploads\/2026\/01\/banner-1-1-1024x341.png 1024w, https:\/\/sites.uel.br\/congressoservicosocialuel\/wp-content\/uploads\/2026\/01\/banner-1-1-300x100.png 300w, https:\/\/sites.uel.br\/congressoservicosocialuel\/wp-content\/uploads\/2026\/01\/banner-1-1-768x256.png 768w, https:\/\/sites.uel.br\/congressoservicosocialuel\/wp-content\/uploads\/2026\/01\/banner-1-1.png 1200w\" sizes=\"auto, (max-width: 1024px) 100vw, 1024px\" \/><\/figure>\n<\/div>\n\n\n<p class=\"has-text-align-center\"><strong>Local do evento: <\/strong>Universidade Estadual de Londrina-UEL<\/p>\n\n\n\n<div class=\"wp-block-group\"><div class=\"wp-block-group__inner-container is-layout-constrained wp-block-group-is-layout-constrained\">\n<div style=\"height:30px\" aria-hidden=\"true\" class=\"wp-block-spacer\"><\/div>\n<\/div><\/div>\n\n\n\n<div class=\"wp-block-columns is-layout-flex wp-container-core-columns-is-layout-9d6595d7 wp-block-columns-is-layout-flex\">\n<div class=\"wp-block-column is-vertically-aligned-center is-layout-flow wp-block-column-is-layout-flow\" style=\"flex-basis:50%\">\n<p>O evento visar\u00e1 oportunizar a reflex\u00e3o interdisciplinar sobre temas relevantes nas \u00e1reas de Pol\u00edtica Social, Gest\u00e3o de Pol\u00edticas Sociais e Fundamentos do Servi\u00e7o Social, aprimorando a qualidade da produ\u00e7\u00e3o cient\u00edfica e socializando pesquisas. O aprofundamento do debate sobre a gest\u00e3o das pol\u00edticas sociais na l\u00f3gica territorial, contribuir\u00e1 na produ\u00e7\u00e3o do conhecimento e da dissemina\u00e7\u00e3o de estudos e experi\u00eancias que tenham como alvo a gest\u00e3o de pol\u00edticas sociais e territ\u00f3rio.<\/p>\n\n\n\n<p>Para 2026 o evento traz como Tema Geral: Conservadorismos no Brasil e no mundo: entre retrocessos autorit\u00e1rios e resist\u00eancias coletivas<\/p>\n\n\n\n<div class=\"wp-block-group\"><div class=\"wp-block-group__inner-container is-layout-constrained wp-block-group-is-layout-constrained\">\n<div class=\"wp-block-group\"><div class=\"wp-block-group__inner-container is-layout-constrained wp-block-group-is-layout-constrained\">\n<div class=\"wp-block-buttons is-content-justification-left is-layout-flex wp-container-core-buttons-is-layout-fdcfc74e wp-block-buttons-is-layout-flex\">\n<div class=\"wp-block-button is-style-outline is-style-outline--1\"><a class=\"wp-block-button__link has-small-font-size has-custom-font-size wp-element-button\" href=\"https:\/\/sites.uel.br\/congressoservicosocialuel\/o-congresso\/\" style=\"border-radius:16px\"><strong>SAIBA MAIS<\/strong><\/a><\/div>\n<\/div>\n\n\n\n<div style=\"height:10px\" aria-hidden=\"true\" class=\"wp-block-spacer\"><\/div>\n\n\n\n<p><\/p>\n\n\n\n<p><strong>LISTA DOS TRABALHOS APROVADOS 2026<\/strong><\/p>\n\n\n\n<p><strong><a href=\"https:\/\/sites.uel.br\/congressoservicosocialuel\/wp-content\/uploads\/2026\/04\/LISTAGEM-DOS-TRABALHOS-APROVADOS-2026-1.pdf\">CLIQUE AQUI<\/a><\/strong><\/p>\n\n\n\n<figure class=\"wp-block-image size-large is-resized\"><img loading=\"lazy\" decoding=\"async\" width=\"819\" height=\"1024\" src=\"https:\/\/sites.uel.br\/congressoservicosocialuel\/wp-content\/uploads\/2026\/03\/WhatsApp-Image-2026-03-31-at-15.11.33-819x1024.jpeg\" alt=\"\" class=\"wp-image-1260\" style=\"aspect-ratio:0.7998075072184793;width:331px;height:auto\" srcset=\"https:\/\/sites.uel.br\/congressoservicosocialuel\/wp-content\/uploads\/2026\/03\/WhatsApp-Image-2026-03-31-at-15.11.33-819x1024.jpeg 819w, https:\/\/sites.uel.br\/congressoservicosocialuel\/wp-content\/uploads\/2026\/03\/WhatsApp-Image-2026-03-31-at-15.11.33-240x300.jpeg 240w, https:\/\/sites.uel.br\/congressoservicosocialuel\/wp-content\/uploads\/2026\/03\/WhatsApp-Image-2026-03-31-at-15.11.33-768x960.jpeg 768w, https:\/\/sites.uel.br\/congressoservicosocialuel\/wp-content\/uploads\/2026\/03\/WhatsApp-Image-2026-03-31-at-15.11.33.jpeg 1080w\" sizes=\"auto, (max-width: 819px) 100vw, 819px\" \/><\/figure>\n<\/div><\/div>\n<\/div><\/div>\n<\/div>\n\n\n\n<div class=\"wp-block-column is-layout-flow wp-block-column-is-layout-flow\" style=\"flex-basis:50%\">\n<figure class=\"wp-block-image size-full\"><img loading=\"lazy\" decoding=\"async\" width=\"1280\" height=\"853\" src=\"https:\/\/sites.uel.br\/congressoservicosocialuel\/wp-content\/uploads\/2025\/10\/uel-letreiro.jpg\" alt=\"\" class=\"wp-image-911\" srcset=\"https:\/\/sites.uel.br\/congressoservicosocialuel\/wp-content\/uploads\/2025\/10\/uel-letreiro.jpg 1280w, https:\/\/sites.uel.br\/congressoservicosocialuel\/wp-content\/uploads\/2025\/10\/uel-letreiro-300x200.jpg 300w, https:\/\/sites.uel.br\/congressoservicosocialuel\/wp-content\/uploads\/2025\/10\/uel-letreiro-1024x682.jpg 1024w, https:\/\/sites.uel.br\/congressoservicosocialuel\/wp-content\/uploads\/2025\/10\/uel-letreiro-768x512.jpg 768w\" sizes=\"auto, (max-width: 1280px) 100vw, 1280px\" \/><\/figure>\n\n\n<div class=\"wp-block-image\">\n<figure class=\"aligncenter size-large is-resized\"><img loading=\"lazy\" decoding=\"async\" width=\"1024\" height=\"475\" src=\"https:\/\/sites.uel.br\/congressoservicosocialuel\/wp-content\/uploads\/2025\/11\/calcadaoUEL-1024x475.jpg\" alt=\"\" class=\"wp-image-981\" style=\"aspect-ratio:0.7998075072184793;width:317px;height:auto\" srcset=\"https:\/\/sites.uel.br\/congressoservicosocialuel\/wp-content\/uploads\/2025\/11\/calcadaoUEL-1024x475.jpg 1024w, https:\/\/sites.uel.br\/congressoservicosocialuel\/wp-content\/uploads\/2025\/11\/calcadaoUEL-300x139.jpg 300w, https:\/\/sites.uel.br\/congressoservicosocialuel\/wp-content\/uploads\/2025\/11\/calcadaoUEL-768x356.jpg 768w, https:\/\/sites.uel.br\/congressoservicosocialuel\/wp-content\/uploads\/2025\/11\/calcadaoUEL-1536x712.jpg 1536w, https:\/\/sites.uel.br\/congressoservicosocialuel\/wp-content\/uploads\/2025\/11\/calcadaoUEL.jpg 1890w\" sizes=\"auto, (max-width: 1024px) 100vw, 1024px\" \/><figcaption class=\"wp-element-caption\">Cal\u00e7ad\u00e3o da UEL<\/figcaption><\/figure>\n<\/div><\/div>\n<\/div>\n\n\n\n<p>Fotos do evento: acesse o menu <a href=\"https:\/\/sites.uel.br\/congressoservicosocialuel\/galeria-de-fotos\/\" data-type=\"page\" data-id=\"352\">GALERIA DE FOTOS 2024<\/a><\/p>\n\n\n<style type=\"text\/css\">.otter-masonry .blocks-gallery-grid .blocks-gallery-item img{ width:100% }<\/style><div class=\"otter-masonry\" data-margin=\"10\">\n<figure class=\"wp-block-gallery has-nested-images columns-default is-cropped wp-block-gallery-2 is-layout-flex wp-block-gallery-is-layout-flex\"><\/figure>\n<\/div>\n\n\n<div class=\"wp-block-group\"><div class=\"wp-block-group__inner-container is-layout-constrained wp-block-group-is-layout-constrained\"><\/div><\/div>\n\n\n\n<h2 class=\"wp-block-heading has-text-align-center has-medium-font-size\">Apresenta\u00e7\u00e3o dos eventos<\/h2>\n\n\n\n<p><\/p>\n\n\n\n<p>&nbsp;O \u201cVI Congresso Internacional de Pol\u00edtica Social e Servi\u00e7o Social: desafios contempor\u00e2neos; VII Semin\u00e1rio Nacional de Territ\u00f3rio e Gest\u00e3o de Pol\u00edticas Sociais; VI Congresso de Direito \u00e0 Cidade e Justi\u00e7a Ambiental\u201d t\u00eam como objetivo propiciar espa\u00e7os de divulga\u00e7\u00e3o, reflex\u00e3o e discuss\u00e3o da produ\u00e7\u00e3o cient\u00edfica sobre os desafios colocados para as pol\u00edticas sociais contempor\u00e2neas, envolvendo diferentes \u00e1reas do conhecimento e profiss\u00f5es que atuam com estas pol\u00edticas, discutindo os direitos sociais na perspectiva do territ\u00f3rio, do direito \u00e0 cidade e da justi\u00e7a ambiental.&nbsp;<\/p>\n\n\n\n<p>Neste sentido, tem buscado ao longo de suas edi\u00e7\u00f5es: Oportunizar a reflex\u00e3o sobre temas relevantes nas \u00e1reas de Pol\u00edtica Social, Gest\u00e3o de Pol\u00edticas Sociais e Fundamentos do Servi\u00e7o Social, aprimorando a qualidade da produ\u00e7\u00e3o cient\u00edfica; Aprofundar o debate sobre a gest\u00e3o das pol\u00edticas sociais na l\u00f3gica territorial, contribuindo na produ\u00e7\u00e3o do conhecimento e da dissemina\u00e7\u00e3o de estudos e experi\u00eancias que tenham como alvo a gest\u00e3o de pol\u00edticas sociais e territ\u00f3rio; Refletir sobre aspectos contempor\u00e2neos do debate de pol\u00edticas p\u00fablicas: direitos humanos, seguran\u00e7a p\u00fablica, Seguridade e Prote\u00e7\u00e3o Social; movimentos sociais, participa\u00e7\u00e3o e Controle Social; G\u00eanero, Diversidade e Viol\u00eancia; Analisar aspectos relevantes do Direito \u00e0 cidade, justi\u00e7a ambiental e pol\u00edtica urbana, Planejamento e mobilidade urbana, Territ\u00f3rio, poder e conflito; Propiciar a participa\u00e7\u00e3o e o envolvimento de estudantes da P\u00f3s-gradua\u00e7\u00e3o e gradua\u00e7\u00e3o visando o aprimoramento da forma\u00e7\u00e3o, bem como estimular a participa\u00e7\u00e3o de docentes dos Programas de P\u00f3s-gradua\u00e7\u00e3o e profissionais das \u00e1reas envolvidas; Internacionalizar os programas.&nbsp;<\/p>\n\n\n\n<p>Em uma perspectiva de reafirmar esses objetivos, os quais tem delineado a constru\u00e7\u00e3o do evento em todas as edi\u00e7\u00f5es, buscamos contextualiz\u00e1-los de acordo com os desafios contempor\u00e2neos mais atuais.&nbsp;<\/p>\n\n\n\n<p>Para a edi\u00e7\u00e3o de 2026 o evento traz como Tema Geral: <strong>Conservadorismos no Brasil e no mundo: entre retrocessos autorit\u00e1rios e resist\u00eancias coletivas<\/strong><\/p>\n\n\n\n<div style=\"height:20px\" aria-hidden=\"true\" class=\"wp-block-spacer\"><\/div>\n\n\n\n<p class=\"has-verde-escuro-color has-text-color has-link-color wp-elements-46f966fb3a468048101eaf1a410097e8\"><strong>O CONGRESSO DE DIREITO \u00c0 CIDADE E JUSTI\u00c7A AMBIENTAL <\/strong><\/p>\n\n\n\n<hr class=\"wp-block-separator aligncenter has-text-color has-alpha-channel-opacity has-background is-style-wide\" style=\"background-color:#dadada;color:#dadada\" \/>\n\n\n\n<p>Visa dar continuidade ao debate sobre mecanismos de uma justa utiliza\u00e7\u00e3o dos espa\u00e7os urbanos. Esta tem sido, nos \u00faltimos anos, uma das preocupa\u00e7\u00f5es mais relevantes do poder p\u00fablico e da sociedade, na medida em que a maioria da popula\u00e7\u00e3o mundial encontra-se vivendo em \u00e1reas urbanas.<\/p>\n\n\n\n<p>Neste sentido, estes espa\u00e7os territoriais tornam-se palco de disputa pela defini\u00e7\u00e3o de sua melhor utiliza\u00e7\u00e3o, fazendo com que o controle de sua regula\u00e7\u00e3o seja disputado pelos atores sociais que buscam um local adequado para investimentos voltados ao lucro ou um local adequado de conviv\u00eancia para os diferentes segmentos sociais que ali vivem ou circulam.<\/p>\n\n\n\n<p>Refor\u00e7ar e difundir o conceito de &#8220;direito \u00e0 cidade&#8221;, com inadi\u00e1vel aten\u00e7\u00e3o \u00e0 preserva\u00e7\u00e3o dos ambientes naturais, torna-se ent\u00e3o um mecanismo adequado de debate, em fun\u00e7\u00e3o do processo de urbaniza\u00e7\u00e3o inadequado dos grandes centros urbanos que tem gerado \u00f4nus e benef\u00edcios desproporcionais nos diversos segmentos da sociedade, em especial \u00e0s camadas negras e pobres da popula\u00e7\u00e3o.<\/p>\n\n\n\n<div style=\"height:20px\" aria-hidden=\"true\" class=\"wp-block-spacer\"><\/div>\n\n\n\n<p class=\"has-verde-escuro-color has-text-color has-link-color wp-elements-20e6d31bf18ca2ff7071ca6e32ab2e02\"><strong>O SEMIN\u00c1RIO NACIONAL DE TERRIT\u00d3RIO E GEST\u00c3O DE POL\u00cdTICAS SOCIAIS<\/strong> <\/p>\n\n\n\n<hr class=\"wp-block-separator aligncenter has-text-color has-alpha-channel-opacity has-background is-style-wide\" style=\"background-color:#dadada;color:#dadada\" \/>\n\n\n\n<p>Os debates partem das investiga\u00e7\u00f5es&nbsp; da \u201cL\u00f3gica Territorial na Gest\u00e3o das Pol\u00edticas Sociais\u201d, no \u00e2mbito das pol\u00edticas setoriais de educa\u00e7\u00e3o, sa\u00fade, habita\u00e7\u00e3o e assist\u00eancia social, sobre as quais t\u00eam acumulado significativa produ\u00e7\u00e3o te\u00f3rica, que ser\u00e1 socializada e aprofundada nesse Sexto Semin\u00e1rio Nacional, com a participa\u00e7\u00e3o de pesquisadores docentes e discentes das \u00e1reas do Servi\u00e7o Social, Geografia, Arquitetura e Direito da Universidade Estadual de Londrina, Universidade Federal do Paran\u00e1, Universidade Federal de Rond\u00f4nia e Universidade do Estado da Bahia. <\/p>\n\n\n\n<p>As discuss\u00f5es de territ\u00f3rio e de conflito perpassam pela quest\u00e3o do planejamento e do desenvolvimento socioterritorial. O territ\u00f3rio, a territorialidade, a desterritorializa\u00e7\u00e3o, a reterritorializa\u00e7\u00e3o e a multiterritorialidade no contexto das interconex\u00f5es e intera\u00e7\u00f5es envolvendo o poder caracterizado pela consolida\u00e7\u00e3o e sistematiza\u00e7\u00e3o de inova\u00e7\u00f5es que influenciam a organiza\u00e7\u00e3o do espa\u00e7o no tempo, tanto no meio urbano quanto no rural, na perspectiva da coexist\u00eancia de todos os povos e do enraizamento da cultura popular<\/p>\n\n\n\n<div style=\"height:40px\" aria-hidden=\"true\" class=\"wp-block-spacer\"><\/div>\n\n\n\n<h2 class=\"wp-block-heading has-text-align-center has-medium-font-size\"><strong>Apoiadores<\/strong><\/h2>\n\n\n\n<div class=\"wp-block-columns is-layout-flex wp-container-core-columns-is-layout-9d6595d7 wp-block-columns-is-layout-flex\">\n<div class=\"wp-block-column is-vertically-aligned-center is-layout-flow wp-block-column-is-layout-flow\">\n<figure class=\"wp-block-image size-full is-resized is-style-default\"><img loading=\"lazy\" decoding=\"async\" width=\"669\" height=\"189\" src=\"https:\/\/sites.uel.br\/congressoservicosocialuel\/wp-content\/uploads\/2025\/12\/Funcetic-2.jpeg\" alt=\"\" class=\"wp-image-1109\" style=\"aspect-ratio:3.540076824583867;width:212px;height:auto\" srcset=\"https:\/\/sites.uel.br\/congressoservicosocialuel\/wp-content\/uploads\/2025\/12\/Funcetic-2.jpeg 669w, https:\/\/sites.uel.br\/congressoservicosocialuel\/wp-content\/uploads\/2025\/12\/Funcetic-2-300x85.jpeg 300w\" sizes=\"auto, (max-width: 669px) 100vw, 669px\" \/><\/figure>\n<\/div>\n\n\n\n<div class=\"wp-block-column is-vertically-aligned-center is-layout-flow wp-block-column-is-layout-flow\">\n<figure class=\"wp-block-image size-full is-resized is-style-default\"><img loading=\"lazy\" decoding=\"async\" width=\"250\" height=\"130\" src=\"https:\/\/sites.uel.br\/congressoservicosocialuel\/wp-content\/uploads\/2023\/12\/cesa.jpg\" alt=\"\" class=\"wp-image-444\" style=\"aspect-ratio:1.9230888992682547;width:167px;height:auto\" \/><\/figure>\n<\/div>\n\n\n\n<div class=\"wp-block-column is-vertically-aligned-center is-layout-flow wp-block-column-is-layout-flow\">\n<figure class=\"wp-block-image size-full is-resized\"><img loading=\"lazy\" decoding=\"async\" width=\"350\" height=\"100\" src=\"https:\/\/sites.uel.br\/congressoservicosocialuel\/wp-content\/uploads\/2023\/12\/LA_01_LOGO_CRESS_27_350x100.png\" alt=\"\" class=\"wp-image-551\" style=\"aspect-ratio:3.5001589825119237;width:200px;height:auto\" srcset=\"https:\/\/sites.uel.br\/congressoservicosocialuel\/wp-content\/uploads\/2023\/12\/LA_01_LOGO_CRESS_27_350x100.png 350w, https:\/\/sites.uel.br\/congressoservicosocialuel\/wp-content\/uploads\/2023\/12\/LA_01_LOGO_CRESS_27_350x100-300x86.png 300w\" sizes=\"auto, (max-width: 350px) 100vw, 350px\" \/><\/figure>\n<\/div>\n<\/div>\n\n\n\n<div class=\"wp-block-columns is-layout-flex wp-container-core-columns-is-layout-9d6595d7 wp-block-columns-is-layout-flex\">\n<div class=\"wp-block-column is-vertically-aligned-center is-layout-flow wp-block-column-is-layout-flow\">\n<figure class=\"wp-block-image size-full is-resized\"><img loading=\"lazy\" decoding=\"async\" width=\"250\" height=\"130\" src=\"https:\/\/sites.uel.br\/congressoservicosocialuel\/wp-content\/uploads\/2023\/12\/Abepss-reduzida.jpg\" alt=\"\" class=\"wp-image-450\" style=\"aspect-ratio:1.9233582445539832;width:181px;height:auto\" \/><\/figure>\n<\/div>\n\n\n\n<div class=\"wp-block-column is-vertically-aligned-center is-layout-flow wp-block-column-is-layout-flow\">\n<figure class=\"wp-block-image size-full is-resized\"><img loading=\"lazy\" decoding=\"async\" width=\"250\" height=\"130\" src=\"https:\/\/sites.uel.br\/congressoservicosocialuel\/wp-content\/uploads\/2023\/11\/logo-capes.png\" alt=\"\" class=\"wp-image-379\" style=\"aspect-ratio:1.9231574226341754;width:175px;height:auto\" \/><\/figure>\n<\/div>\n\n\n\n<div class=\"wp-block-column is-vertically-aligned-center is-layout-flow wp-block-column-is-layout-flow\">\n<figure class=\"wp-block-image size-full is-resized\"><img loading=\"lazy\" decoding=\"async\" width=\"150\" height=\"150\" src=\"https:\/\/sites.uel.br\/congressoservicosocialuel\/wp-content\/uploads\/2026\/01\/IGOT-Lisboa.jpg\" alt=\"\" class=\"wp-image-1186\" style=\"width:83px;height:auto\" \/><\/figure>\n<\/div>\n<\/div>\n\n\n\n<div class=\"wp-block-columns are-vertically-aligned-center is-layout-flex wp-container-core-columns-is-layout-9d6595d7 wp-block-columns-is-layout-flex\">\n<div class=\"wp-block-column is-vertically-aligned-center is-layout-flow wp-block-column-is-layout-flow\">\n<figure class=\"wp-block-image size-full is-resized\"><img loading=\"lazy\" decoding=\"async\" width=\"787\" height=\"140\" src=\"https:\/\/sites.uel.br\/congressoservicosocialuel\/wp-content\/uploads\/2026\/01\/COMISSOES-OAB-DIREITO-URBANISTICO.png\" alt=\"\" class=\"wp-image-1193\" style=\"aspect-ratio:5.622314844501442;width:254px;height:auto\" srcset=\"https:\/\/sites.uel.br\/congressoservicosocialuel\/wp-content\/uploads\/2026\/01\/COMISSOES-OAB-DIREITO-URBANISTICO.png 787w, https:\/\/sites.uel.br\/congressoservicosocialuel\/wp-content\/uploads\/2026\/01\/COMISSOES-OAB-DIREITO-URBANISTICO-300x53.png 300w, https:\/\/sites.uel.br\/congressoservicosocialuel\/wp-content\/uploads\/2026\/01\/COMISSOES-OAB-DIREITO-URBANISTICO-768x137.png 768w\" sizes=\"auto, (max-width: 787px) 100vw, 787px\" \/><\/figure>\n<\/div>\n\n\n\n<div class=\"wp-block-column is-vertically-aligned-center is-layout-flow wp-block-column-is-layout-flow\">\n<div class=\"wp-block-columns is-layout-flex wp-container-core-columns-is-layout-9d6595d7 wp-block-columns-is-layout-flex\">\n<div class=\"wp-block-column is-layout-flow wp-block-column-is-layout-flow\" style=\"flex-basis:100%\">\n<figure class=\"wp-block-image size-full is-resized\"><img loading=\"lazy\" decoding=\"async\" width=\"684\" height=\"302\" src=\"https:\/\/sites.uel.br\/congressoservicosocialuel\/wp-content\/uploads\/2026\/01\/IBDU-horizontal.png\" alt=\"\" class=\"wp-image-1199\" style=\"aspect-ratio:2.265047791268406;width:120px;height:auto\" srcset=\"https:\/\/sites.uel.br\/congressoservicosocialuel\/wp-content\/uploads\/2026\/01\/IBDU-horizontal.png 684w, https:\/\/sites.uel.br\/congressoservicosocialuel\/wp-content\/uploads\/2026\/01\/IBDU-horizontal-300x132.png 300w\" sizes=\"auto, (max-width: 684px) 100vw, 684px\" \/><\/figure>\n<\/div>\n<\/div>\n<\/div>\n\n\n\n<div class=\"wp-block-column is-vertically-aligned-center is-layout-flow wp-block-column-is-layout-flow\">\n<figure class=\"wp-block-image size-full is-resized is-style-default\"><img loading=\"lazy\" decoding=\"async\" width=\"250\" height=\"130\" src=\"https:\/\/sites.uel.br\/congressoservicosocialuel\/wp-content\/uploads\/2023\/12\/proex.jpg\" alt=\"\" class=\"wp-image-448\" style=\"aspect-ratio:1.92311091471498;width:158px;height:auto\" \/><\/figure>\n<\/div>\n<\/div>\n\n\n\n<div class=\"wp-block-columns is-layout-flex wp-container-core-columns-is-layout-9d6595d7 wp-block-columns-is-layout-flex\">\n<div class=\"wp-block-column is-layout-flow wp-block-column-is-layout-flow\">\n<figure class=\"wp-block-image size-full is-resized\"><img loading=\"lazy\" decoding=\"async\" width=\"96\" height=\"100\" src=\"https:\/\/sites.uel.br\/congressoservicosocialuel\/wp-content\/uploads\/2026\/01\/logo_ppgeo-1.png\" alt=\"\" class=\"wp-image-1173\" style=\"width:79px;height:auto\" \/><\/figure>\n<\/div>\n\n\n\n<div class=\"wp-block-column is-layout-flow wp-block-column-is-layout-flow\"><\/div>\n\n\n\n<div class=\"wp-block-column is-layout-flow wp-block-column-is-layout-flow\"><\/div>\n<\/div>\n\n\n\n<h2 class=\"wp-block-heading has-text-align-center\"><strong>Organiza\u00e7\u00e3o<\/strong><\/h2>\n\n\n\n<div class=\"wp-block-columns is-layout-flex wp-container-core-columns-is-layout-9d6595d7 wp-block-columns-is-layout-flex\">\n<div class=\"wp-block-column is-layout-flow wp-block-column-is-layout-flow\"><div class=\"wp-block-image\">\n<figure class=\"aligncenter size-full is-resized\"><img loading=\"lazy\" decoding=\"async\" width=\"250\" height=\"130\" src=\"https:\/\/sites.uel.br\/congressoservicosocialuel\/wp-content\/uploads\/2023\/12\/pp.jpg\" alt=\"\" class=\"wp-image-452\" style=\"width:274px;height:auto\" \/><\/figure>\n<\/div><\/div>\n\n\n\n<div class=\"wp-block-column is-layout-flow wp-block-column-is-layout-flow\"><div class=\"wp-block-image is-style-default\">\n<figure class=\"aligncenter size-full\"><img loading=\"lazy\" decoding=\"async\" width=\"1088\" height=\"231\" src=\"https:\/\/sites.uel.br\/congressoservicosocialuel\/wp-content\/uploads\/2025\/11\/LOGO-PPGG-UNIR-3.png\" alt=\"\" class=\"wp-image-1100\" srcset=\"https:\/\/sites.uel.br\/congressoservicosocialuel\/wp-content\/uploads\/2025\/11\/LOGO-PPGG-UNIR-3.png 1088w, https:\/\/sites.uel.br\/congressoservicosocialuel\/wp-content\/uploads\/2025\/11\/LOGO-PPGG-UNIR-3-300x64.png 300w, https:\/\/sites.uel.br\/congressoservicosocialuel\/wp-content\/uploads\/2025\/11\/LOGO-PPGG-UNIR-3-1024x217.png 1024w, https:\/\/sites.uel.br\/congressoservicosocialuel\/wp-content\/uploads\/2025\/11\/LOGO-PPGG-UNIR-3-768x163.png 768w\" sizes=\"auto, (max-width: 1088px) 100vw, 1088px\" \/><\/figure>\n<\/div><\/div>\n\n\n\n<div class=\"wp-block-column is-layout-flow wp-block-column-is-layout-flow\"><div class=\"wp-block-image\">\n<figure class=\"aligncenter size-full is-resized\"><img loading=\"lazy\" decoding=\"async\" width=\"552\" height=\"440\" src=\"https:\/\/sites.uel.br\/congressoservicosocialuel\/wp-content\/uploads\/2025\/11\/Logo-do-programa-direito-negocial-UEL.jpeg\" alt=\"\" class=\"wp-image-1079\" style=\"width:228px;height:auto\" srcset=\"https:\/\/sites.uel.br\/congressoservicosocialuel\/wp-content\/uploads\/2025\/11\/Logo-do-programa-direito-negocial-UEL.jpeg 552w, https:\/\/sites.uel.br\/congressoservicosocialuel\/wp-content\/uploads\/2025\/11\/Logo-do-programa-direito-negocial-UEL-300x239.jpeg 300w\" sizes=\"auto, (max-width: 552px) 100vw, 552px\" \/><\/figure>\n<\/div><\/div>\n<\/div>\n\n\n\n<div class=\"wp-block-columns are-vertically-aligned-center is-layout-flex wp-container-core-columns-is-layout-9d6595d7 wp-block-columns-is-layout-flex\">\n<div class=\"wp-block-column is-vertically-aligned-center is-layout-flow wp-block-column-is-layout-flow\"><\/div>\n\n\n\n<div class=\"wp-block-column is-vertically-aligned-center is-layout-flow wp-block-column-is-layout-flow\"><div class=\"wp-block-image is-style-default\">\n<figure class=\"aligncenter size-full is-resized\"><img loading=\"lazy\" decoding=\"async\" width=\"250\" height=\"130\" src=\"https:\/\/sites.uel.br\/congressoservicosocialuel\/wp-content\/uploads\/2023\/11\/logo-uel.png\" alt=\"\" class=\"wp-image-377\" style=\"width:260px;height:auto\" \/><\/figure>\n<\/div><\/div>\n\n\n\n<div class=\"wp-block-column is-vertically-aligned-center is-layout-flow wp-block-column-is-layout-flow\"><\/div>\n<\/div>\n\n\n\n<p><\/p>\n","protected":false},"excerpt":{"rendered":"<p>Local do evento: Universidade Estadual de Londrina-UEL O evento visar\u00e1 oportunizar a reflex\u00e3o interdisciplinar sobre temas relevantes nas \u00e1reas de Pol\u00edtica Social, Gest\u00e3o de Pol\u00edticas Sociais e Fundamentos do Servi\u00e7o Social, aprimorando a qualidade da produ\u00e7\u00e3o cient\u00edfica e socializando pesquisas. O aprofundamento do debate sobre a gest\u00e3o das pol\u00edticas sociais na l\u00f3gica territorial, contribuir\u00e1 na [&hellip;]<\/p>\n","protected":false},"author":1,"featured_media":0,"parent":0,"menu_order":0,"comment_status":"closed","ping_status":"closed","template":"","meta":{"_acf_changed":false,"_themeisle_gutenberg_block_has_review":false,"footnotes":""},"class_list":["post-2","page","type-page","status-publish","hentry"],"acf":[],"_links":{"self":[{"href":"https:\/\/sites.uel.br\/congressoservicosocialuel\/wp-json\/wp\/v2\/pages\/2","targetHints":{"allow":["GET"]}}],"collection":[{"href":"https:\/\/sites.uel.br\/congressoservicosocialuel\/wp-json\/wp\/v2\/pages"}],"about":[{"href":"https:\/\/sites.uel.br\/congressoservicosocialuel\/wp-json\/wp\/v2\/types\/page"}],"author":[{"embeddable":true,"href":"https:\/\/sites.uel.br\/congressoservicosocialuel\/wp-json\/wp\/v2\/users\/1"}],"replies":[{"embeddable":true,"href":"https:\/\/sites.uel.br\/congressoservicosocialuel\/wp-json\/wp\/v2\/comments?post=2"}],"version-history":[{"count":297,"href":"https:\/\/sites.uel.br\/congressoservicosocialuel\/wp-json\/wp\/v2\/pages\/2\/revisions"}],"predecessor-version":[{"id":1305,"href":"https:\/\/sites.uel.br\/congressoservicosocialuel\/wp-json\/wp\/v2\/pages\/2\/revisions\/1305"}],"wp:attachment":[{"href":"https:\/\/sites.uel.br\/congressoservicosocialuel\/wp-json\/wp\/v2\/media?parent=2"}],"curies":[{"name":"wp","href":"https:\/\/api.w.org\/{rel}","templated":true}]}}