{"id":188,"date":"2023-08-23T11:25:43","date_gmt":"2023-08-23T14:25:43","guid":{"rendered":"https:\/\/sites.uel.br\/congressoservicosocialuel\/?page_id=188"},"modified":"2026-01-15T14:31:57","modified_gmt":"2026-01-15T17:31:57","slug":"o-congresso","status":"publish","type":"page","link":"https:\/\/sites.uel.br\/congressoservicosocialuel\/o-congresso\/","title":{"rendered":"O Congresso"},"content":{"rendered":"\n<p><\/p>\n\n\n\n<p>O evento visar\u00e1 oportunizar a reflex\u00e3o interdisciplinar sobre temas relevantes nas \u00e1reas de Pol\u00edtica Social, Gest\u00e3o de Pol\u00edticas Sociais e Fundamentos do Servi\u00e7o Social, aprimorando a qualidade da produ\u00e7\u00e3o cient\u00edfica e socializando pesquisas. <\/p>\n\n\n\n<p>O aprofundamento do debate sobre a gest\u00e3o das pol\u00edticas sociais na l\u00f3gica territorial, contribuir\u00e1 na produ\u00e7\u00e3o do conhecimento e da dissemina\u00e7\u00e3o de estudos e experi\u00eancias que tenham como alvo a gest\u00e3o de pol\u00edticas sociais e territ\u00f3rio. <\/p>\n\n\n\n<p>As palestras, mesas, minicursos e apresenta\u00e7\u00f5es de trabalho proporcionar\u00e3o reflex\u00f5es sobre aspectos contempor\u00e2neos do debate de pol\u00edticas p\u00fablicas: direitos humanos, seguran\u00e7a p\u00fablica, Seguridade e Prote\u00e7\u00e3o Social; movimentos sociais, participa\u00e7\u00e3o e Controle Social; G\u00eanero, com o envolvimento de estudantes da P\u00f3s-gradua\u00e7\u00e3o e gradua\u00e7\u00e3o visando o aprimoramento da forma\u00e7\u00e3o, bem como estimular a participa\u00e7\u00e3o de docentes dos Programas de P\u00f3s-gradua\u00e7\u00e3o e profissionais das \u00e1reas envolvidas; Por fim ser\u00e1 um momento importante para estabelecer parcerias visando a internacionaliza\u00e7\u00e3o dos programas de p\u00f3s-gradua\u00e7\u00e3o envolvidos.<\/p>\n\n\n\n<div style=\"height:40px\" aria-hidden=\"true\" class=\"wp-block-spacer\"><\/div>\n\n\n\n<h2 class=\"wp-block-heading has-medium-font-size\">Breve histo\u0301rico de nossas edic\u0327o\u0303es<\/h2>\n\n\n\n<div class=\"wp-block-columns is-layout-flex wp-container-core-columns-is-layout-9d6595d7 wp-block-columns-is-layout-flex\">\n<div class=\"wp-block-column is-layout-flow wp-block-column-is-layout-flow\">\n<h3 class=\"wp-block-heading has-medium-font-size\"><strong>1\u00aa EDI\u00c7\u00c3O<\/strong><\/h3>\n\n\n\n<p>Nossa primeira edi\u00e7\u00e3o foi realizada em 2015, e tivemos a participa\u00e7\u00e3o de 724 pessoas, foram recebidos 525 trabalhos para submiss\u00e3o e deste n\u00famero tivemos 400 aprovados e publicados em Anais. Os palestrantes deste evento vieram de diversos estados do Brasil, al\u00e9m de outros pa\u00edses como Uruguai, Cuba, Argentina e Lisboa.<\/p>\n\n\n\n<figure class=\"wp-block-image size-full\"><img loading=\"lazy\" decoding=\"async\" width=\"732\" height=\"498\" src=\"https:\/\/sites.uel.br\/congressoservicosocialuel\/wp-content\/uploads\/2023\/11\/1-edicao.jpeg\" alt=\"\" class=\"wp-image-413\" srcset=\"https:\/\/sites.uel.br\/congressoservicosocialuel\/wp-content\/uploads\/2023\/11\/1-edicao.jpeg 732w, https:\/\/sites.uel.br\/congressoservicosocialuel\/wp-content\/uploads\/2023\/11\/1-edicao-300x204.jpeg 300w\" sizes=\"auto, (max-width: 732px) 100vw, 732px\" \/><\/figure>\n\n\n\n<hr class=\"wp-block-separator has-text-color has-alpha-channel-opacity has-background is-style-wide\" style=\"background-color:#cacaca;color:#cacaca\" \/>\n\n\n\n<div style=\"height:20px\" aria-hidden=\"true\" class=\"wp-block-spacer\"><\/div>\n\n\n\n<h3 class=\"wp-block-heading has-medium-font-size\"><strong>3\u00aa EDI\u00c7\u00c3O<\/strong><\/h3>\n\n\n\n<p>Em sua terceira edi\u00e7\u00e3o, que aconteceu em 2019, o evento contou com a participa\u00e7\u00e3o de 585 pessoas, recebendo 525 trabalhos para submiss\u00e3o e destes 419 foram aprovados e tamb\u00e9m publicados em anais. Os palestrantes convidados nesta edi\u00e7\u00e3o vieram de pa\u00edses como Argentina, Chile, Col\u00f4mbia e M\u00e9xico, al\u00e9m dos convidados de diversos estados brasileiros.<\/p>\n\n\n\n<figure class=\"wp-block-image size-full\"><img loading=\"lazy\" decoding=\"async\" width=\"768\" height=\"570\" src=\"https:\/\/sites.uel.br\/congressoservicosocialuel\/wp-content\/uploads\/2023\/11\/3-edicao.jpeg\" alt=\"\" class=\"wp-image-415\" srcset=\"https:\/\/sites.uel.br\/congressoservicosocialuel\/wp-content\/uploads\/2023\/11\/3-edicao.jpeg 768w, https:\/\/sites.uel.br\/congressoservicosocialuel\/wp-content\/uploads\/2023\/11\/3-edicao-300x223.jpeg 300w\" sizes=\"auto, (max-width: 768px) 100vw, 768px\" \/><\/figure>\n\n\n\n<div class=\"wp-block-columns is-layout-flex wp-container-core-columns-is-layout-9d6595d7 wp-block-columns-is-layout-flex\">\n<div class=\"wp-block-column is-layout-flow wp-block-column-is-layout-flow\">\n<p><strong>5\u00aa EDI\u00c7\u00c3O<\/strong><\/p>\n\n\n\n<p>Na quinta edi\u00e7\u00e3o realizada em maio de 2024, retornamos ao formato presencial. O evento registrou um p\u00fablico presente de 604 pessoas. Foram recebidos um total de 454 trabalhos submetidos a avalia\u00e7\u00e3o, dentre este n\u00famero, 359 trabalhos foram aprovados e publicados em Anais da revista do Congresso. Contamos com a participa\u00e7\u00e3o de p\u00fablico de 21 estados brasileiros, al\u00e9m dos palestrantes nacionais, e de internacionais, vindos dos seguintes pa\u00edses: Portugal, Uruguai, Argentina, Paraguai, Angola Mo\u00e7ambique, Guin\u00e9 Bissau e Fran\u00e7a. Durante a programa\u00e7\u00e3o, foram realizados 13 lan\u00e7amentos de livros.<br><\/p>\n\n\n\n<div id=\"wp-block-themeisle-blocks-slider-cc20a6fd\" class=\"wp-block-themeisle-blocks-slider glide\" data-per-view=\"1\" data-gap=\"0\" data-peek=\"0\" data-autoplay=\"true\" data-height=\"400px\" data-hide-arrows=\"false\"><div class=\"glide__track\" data-glide-el=\"track\"><div class=\"glide__slides\"><div class=\"wp-block-themeisle-blocks-slider-item-wrapper glide__slide\"><figure><img decoding=\"async\" class=\"wp-block-themeisle-blocks-slider-item\" src=\"https:\/\/sites.uel.br\/congressoservicosocialuel\/wp-content\/uploads\/2025\/10\/M5A2065.jpg\" alt=\"\" title=\"\" data-id=\"915\" \/><\/figure><\/div><div class=\"wp-block-themeisle-blocks-slider-item-wrapper glide__slide\"><figure><img decoding=\"async\" class=\"wp-block-themeisle-blocks-slider-item\" src=\"https:\/\/sites.uel.br\/congressoservicosocialuel\/wp-content\/uploads\/2024\/05\/M5A7096.jpg\" alt=\"\" title=\"\" data-id=\"866\" \/><\/figure><\/div><div class=\"wp-block-themeisle-blocks-slider-item-wrapper glide__slide\"><figure><img decoding=\"async\" class=\"wp-block-themeisle-blocks-slider-item\" src=\"https:\/\/sites.uel.br\/congressoservicosocialuel\/wp-content\/uploads\/2024\/05\/M5A4093.jpg\" alt=\"\" title=\"\" data-id=\"861\" \/><\/figure><\/div><div class=\"wp-block-themeisle-blocks-slider-item-wrapper glide__slide\"><figure><img decoding=\"async\" class=\"wp-block-themeisle-blocks-slider-item\" src=\"https:\/\/sites.uel.br\/congressoservicosocialuel\/wp-content\/uploads\/2024\/05\/M5A8421-1.jpg\" alt=\"\" title=\"\" data-id=\"831\" \/><\/figure><\/div><div class=\"wp-block-themeisle-blocks-slider-item-wrapper glide__slide\"><figure><img decoding=\"async\" class=\"wp-block-themeisle-blocks-slider-item\" src=\"https:\/\/sites.uel.br\/congressoservicosocialuel\/wp-content\/uploads\/2024\/05\/M5A6334.jpg\" alt=\"\" title=\"\" data-id=\"869\" \/><\/figure><\/div><div class=\"wp-block-themeisle-blocks-slider-item-wrapper glide__slide\"><figure><img decoding=\"async\" class=\"wp-block-themeisle-blocks-slider-item\" src=\"https:\/\/sites.uel.br\/congressoservicosocialuel\/wp-content\/uploads\/2024\/05\/M5A8398.jpg\" alt=\"\" title=\"\" data-id=\"822\" \/><\/figure><\/div><div class=\"wp-block-themeisle-blocks-slider-item-wrapper glide__slide\"><figure><img decoding=\"async\" class=\"wp-block-themeisle-blocks-slider-item\" src=\"https:\/\/sites.uel.br\/congressoservicosocialuel\/wp-content\/uploads\/2024\/05\/M5A6143.jpg\" alt=\"\" title=\"\" data-id=\"870\" \/><\/figure><\/div><\/div><div class=\"glide__bullets\" data-glide-el=\"controls[nav]\"><button class=\"glide__bullet\" data-glide-dir=\"=0\"><\/button><button class=\"glide__bullet\" data-glide-dir=\"=1\"><\/button><button class=\"glide__bullet\" data-glide-dir=\"=2\"><\/button><button class=\"glide__bullet\" data-glide-dir=\"=3\"><\/button><button class=\"glide__bullet\" data-glide-dir=\"=4\"><\/button><button class=\"glide__bullet\" data-glide-dir=\"=5\"><\/button><button class=\"glide__bullet\" data-glide-dir=\"=6\"><\/button><\/div><\/div><\/div>\n<\/div>\n<\/div>\n<\/div>\n\n\n\n<div class=\"wp-block-column is-layout-flow wp-block-column-is-layout-flow\">\n<h3 class=\"wp-block-heading has-medium-font-size\"><strong>2\u00aa EDI\u00c7\u00c3O<\/strong><\/h3>\n\n\n\n<p>Ocorrida em 2017, a segunda edi\u00e7\u00e3o do Congresso aconteceu em plena crise econ\u00f4mica brasileira, e mesmo neste cen\u00e1rio o evento reuniu 815 participantes, recebendo 515 trabalhos para submiss\u00e3o tendo uma aprova\u00e7\u00e3o 399 trabalhos, os quais foram publicados em Anais. Assim como na primeira edi\u00e7\u00e3o, os palestrantes convidados eram de grande parte dos estados brasileiros e de pa\u00edses como Uruguai, Chile e Argentina, compartilhando seus conhecimentos com o gr grande p\u00fablico que presenciou a grande diversidade de palestras que ocorreram.<\/p>\n\n\n\n<figure class=\"wp-block-image size-full\"><img loading=\"lazy\" decoding=\"async\" width=\"762\" height=\"509\" src=\"https:\/\/sites.uel.br\/congressoservicosocialuel\/wp-content\/uploads\/2023\/11\/2-edicao.jpeg\" alt=\"\" class=\"wp-image-414\" srcset=\"https:\/\/sites.uel.br\/congressoservicosocialuel\/wp-content\/uploads\/2023\/11\/2-edicao.jpeg 762w, https:\/\/sites.uel.br\/congressoservicosocialuel\/wp-content\/uploads\/2023\/11\/2-edicao-300x200.jpeg 300w\" sizes=\"auto, (max-width: 762px) 100vw, 762px\" \/><\/figure>\n\n\n\n<hr class=\"wp-block-separator has-text-color has-alpha-channel-opacity has-background is-style-wide\" style=\"background-color:#cacaca;color:#cacaca\" \/>\n\n\n\n<div style=\"height:20px\" aria-hidden=\"true\" class=\"wp-block-spacer\"><\/div>\n\n\n\n<h3 class=\"wp-block-heading has-medium-font-size\"><strong>4\u00aa EDI\u00c7\u00c3O<\/strong><\/h3>\n\n\n\n<p>Na quarta edi\u00e7\u00e3o, o evento foi realizado de forma online, n\u00e3o perdendo a caracter\u00edstica de grande p\u00fablico e grande n\u00famero de trabalhos recebidos. Nesta edi\u00e7\u00e3o tivemos a participa\u00e7\u00e3o de 647 pessoas, recebemos um total de 327 trabalhos para submiss\u00e3o e destes, 274 foram aprovados e publicados. O evento contou com a participa\u00e7\u00e3o de diversos palestrantes nacionais que puderam compartilhar seus conhecimentos de forma virtual e alcan\u00e7ando um grande n\u00famero de pessoas, visto que as palestras poderiam ser acompanhadas em tempo real pelo p\u00fablico em geral, mesmo n\u00e3o sendo inscrito no evento.<\/p>\n\n\n\n<figure class=\"wp-block-image size-full\"><img loading=\"lazy\" decoding=\"async\" width=\"741\" height=\"494\" src=\"https:\/\/sites.uel.br\/congressoservicosocialuel\/wp-content\/uploads\/2023\/11\/4-edicao.jpeg\" alt=\"\" class=\"wp-image-416\" srcset=\"https:\/\/sites.uel.br\/congressoservicosocialuel\/wp-content\/uploads\/2023\/11\/4-edicao.jpeg 741w, https:\/\/sites.uel.br\/congressoservicosocialuel\/wp-content\/uploads\/2023\/11\/4-edicao-300x200.jpeg 300w\" sizes=\"auto, (max-width: 741px) 100vw, 741px\" \/><\/figure>\n<\/div>\n<\/div>\n\n\n\n<div style=\"height:40px\" aria-hidden=\"true\" class=\"wp-block-spacer\"><\/div>\n\n\n\n<hr class=\"wp-block-separator has-text-color has-alpha-channel-opacity has-background is-style-wide\" style=\"background-color:#cacaca;color:#cacaca\" \/>\n\n\n\n<div style=\"height:40px\" aria-hidden=\"true\" class=\"wp-block-spacer\"><\/div>\n\n\n\n<div class=\"wp-block-columns is-layout-flex wp-container-core-columns-is-layout-9d6595d7 wp-block-columns-is-layout-flex\">\n<div class=\"wp-block-column is-vertically-aligned-top is-layout-flow wp-block-column-is-layout-flow\">\n<div class=\"wp-block-buttons is-content-justification-center is-layout-flex wp-container-core-buttons-is-layout-16018d1d wp-block-buttons-is-layout-flex\">\n<div class=\"wp-block-button is-style-outline is-style-outline--1\"><a class=\"wp-block-button__link has-custom-font-size wp-element-button\" href=\"https:\/\/sites.uel.br\/congressoservicosocialuel\/wp-content\/uploads\/2026\/01\/PROGRAMACAO_Congresso_2026.pdf\" style=\"font-size:14px\"><strong>FOLDER DA PROGRAMA\u00c7\u00c3O<\/strong><\/a><\/div>\n<\/div>\n\n\n\n<p><\/p>\n\n\n\n<div class=\"wp-block-buttons is-content-justification-center is-layout-flex wp-container-core-buttons-is-layout-16018d1d wp-block-buttons-is-layout-flex\">\n<div class=\"wp-block-button is-style-outline is-style-outline--2\"><a class=\"wp-block-button__link has-custom-font-size wp-element-button\" href=\"https:\/\/sites.uel.br\/congressoservicosocialuel\/wp-content\/uploads\/2024\/04\/Indicacoes-de-Hoteis-em-Londrina.xlsx\" style=\"font-size:14px\"><strong>INDICA\u00c7\u00d5ES DE HOT\u00c9IS<\/strong><\/a><\/div>\n<\/div>\n<\/div>\n\n\n\n<div class=\"wp-block-column is-layout-flow wp-block-column-is-layout-flow\">\n<h3 class=\"wp-block-heading has-text-align-center\">PROMO\u00c7\u00c3O<\/h3>\n\n\n<div class=\"wp-block-image\">\n<figure class=\"aligncenter size-full is-resized\"><img loading=\"lazy\" decoding=\"async\" width=\"250\" height=\"250\" src=\"https:\/\/sites.uel.br\/congressoservicosocialuel\/wp-content\/uploads\/2023\/08\/p3-1.jpg\" alt=\"\" class=\"wp-image-111\" style=\"width:184px;height:184px\" srcset=\"https:\/\/sites.uel.br\/congressoservicosocialuel\/wp-content\/uploads\/2023\/08\/p3-1.jpg 250w, https:\/\/sites.uel.br\/congressoservicosocialuel\/wp-content\/uploads\/2023\/08\/p3-1-150x150.jpg 150w\" sizes=\"auto, (max-width: 250px) 100vw, 250px\" \/><\/figure>\n<\/div><\/div>\n\n\n\n<div class=\"wp-block-column is-layout-flow wp-block-column-is-layout-flow\">\n<div class=\"wp-block-buttons is-content-justification-center is-layout-flex wp-container-core-buttons-is-layout-16018d1d wp-block-buttons-is-layout-flex\">\n<div class=\"wp-block-button has-custom-width wp-block-button__width-75 is-style-outline is-style-outline--3\"><a class=\"wp-block-button__link has-custom-font-size wp-element-button\" href=\"https:\/\/sites.uel.br\/congressoservicosocialuel\/wp-content\/uploads\/2025\/11\/COMISSAO-ORGANIZADORA-E-CIENTIFICA-VI-CONGRESSO-INTERNACIONAL.pdf\" style=\"font-size:14px\" target=\"_blank\" rel=\"noreferrer noopener\"><strong>COMISS\u00c3O ORGANIZADORA E CIENT\u00cdFICA<\/strong><\/a><\/div>\n<\/div>\n<\/div>\n<\/div>\n\n\n\n<p><\/p>\n","protected":false},"excerpt":{"rendered":"<p>O evento visar\u00e1 oportunizar a reflex\u00e3o interdisciplinar sobre temas relevantes nas \u00e1reas de Pol\u00edtica Social, Gest\u00e3o de Pol\u00edticas Sociais e Fundamentos do Servi\u00e7o Social, aprimorando a qualidade da produ\u00e7\u00e3o cient\u00edfica e socializando pesquisas. O aprofundamento do debate sobre a gest\u00e3o das pol\u00edticas sociais na l\u00f3gica territorial, contribuir\u00e1 na produ\u00e7\u00e3o do conhecimento e da dissemina\u00e7\u00e3o de [&hellip;]<\/p>\n","protected":false},"author":6,"featured_media":0,"parent":0,"menu_order":0,"comment_status":"closed","ping_status":"closed","template":"","meta":{"_acf_changed":false,"_themeisle_gutenberg_block_has_review":false,"footnotes":""},"class_list":["post-188","page","type-page","status-publish","hentry"],"acf":[],"_links":{"self":[{"href":"https:\/\/sites.uel.br\/congressoservicosocialuel\/wp-json\/wp\/v2\/pages\/188","targetHints":{"allow":["GET"]}}],"collection":[{"href":"https:\/\/sites.uel.br\/congressoservicosocialuel\/wp-json\/wp\/v2\/pages"}],"about":[{"href":"https:\/\/sites.uel.br\/congressoservicosocialuel\/wp-json\/wp\/v2\/types\/page"}],"author":[{"embeddable":true,"href":"https:\/\/sites.uel.br\/congressoservicosocialuel\/wp-json\/wp\/v2\/users\/6"}],"replies":[{"embeddable":true,"href":"https:\/\/sites.uel.br\/congressoservicosocialuel\/wp-json\/wp\/v2\/comments?post=188"}],"version-history":[{"count":62,"href":"https:\/\/sites.uel.br\/congressoservicosocialuel\/wp-json\/wp\/v2\/pages\/188\/revisions"}],"predecessor-version":[{"id":1191,"href":"https:\/\/sites.uel.br\/congressoservicosocialuel\/wp-json\/wp\/v2\/pages\/188\/revisions\/1191"}],"wp:attachment":[{"href":"https:\/\/sites.uel.br\/congressoservicosocialuel\/wp-json\/wp\/v2\/media?parent=188"}],"curies":[{"name":"wp","href":"https:\/\/api.w.org\/{rel}","templated":true}]}}