{"id":44,"date":"2023-12-01T15:05:52","date_gmt":"2023-12-01T18:05:52","guid":{"rendered":"https:\/\/sites.uel.br\/congresso-imunologia-aplicada\/?page_id=44"},"modified":"2023-12-20T00:35:00","modified_gmt":"2023-12-20T03:35:00","slug":"minicursos","status":"publish","type":"page","link":"https:\/\/sites.uel.br\/congresso-imunologia-aplicada\/minicursos\/","title":{"rendered":"Minicursos"},"content":{"rendered":"\n<h2 class=\"wp-block-heading has-text-align-center\" id=\"h.vlx2hs9wdk6x_l\"><a href=\"https:\/\/sites.google.com\/uel.br\/cia2022\/minicursos?authuser=0#h.ix1oardbsreo\"><\/a><a href=\"https:\/\/sites.google.com\/uel.br\/cia2022\/minicursos?authuser=0#h.ix1oardbsreo\"><\/a><strong>28\/02\/2024, 08h &#8211; 12h, presencial<\/strong><\/h2>\n\n\n\n<p><a href=\"https:\/\/sites.google.com\/uel.br\/cia2022\/minicursos?authuser=0#h.mu6td2fg1g9v\"><\/a><a href=\"https:\/\/sites.google.com\/uel.br\/cia2022\/minicursos?authuser=0#h.mu6td2fg1g9v\"><\/a><strong>*M\u00e9todos imunol\u00f3gicos: Ensaio imunoenzim\u00e1tico e Western blotting<\/strong><\/p>\n\n\n\n<p>Ministrante: Profa. Dra.&nbsp;Giovana G. C. Ishiuchi&nbsp;(UEL)<br>Os m\u00e9todos imunoenzim\u00e1ticos s\u00e3o bastante vers\u00e1teis e s\u00e3o amplamente usados tanto na pesquisa como no diagn\u00f3stico de diversas doen\u00e7as.&nbsp;&nbsp;Baseado na detec\u00e7\u00e3o direta ou indireta de ant\u00edgenos ou anticorpos, o ensaio imunoenzim\u00e1tico e o western blotting ser\u00e3o explorados nesse minicurso.&nbsp;<\/p>\n\n\n\n<p><a href=\"https:\/\/sites.google.com\/uel.br\/cia2022\/minicursos?authuser=0#h.ipru0lwisv47\"><\/a><a href=\"https:\/\/sites.google.com\/uel.br\/cia2022\/minicursos?authuser=0#h.ipru0lwisv47\"><\/a><strong>*Imunodiagn\u00f3stico de infec\u00e7\u00f5es virais<\/strong><\/p>\n\n\n\n<p>Ministrante: Prof. Dr.&nbsp;Marcell Alysson Batisti Lozovoy&nbsp;(UEL)<\/p>\n\n\n\n<h2 class=\"wp-block-heading has-text-align-center\"><a href=\"https:\/\/sites.google.com\/uel.br\/cia2022\/minicursos?authuser=0#h.3k72yhihvkpx\"><\/a><a href=\"https:\/\/sites.google.com\/uel.br\/cia2022\/minicursos?authuser=0#h.3k72yhihvkpx\"><\/a><strong>28\/02\/2024, 14h &#8211; 18h, presencial<\/strong><\/h2>\n\n\n\n<p><a href=\"https:\/\/sites.google.com\/uel.br\/cia2022\/minicursos?authuser=0#h.k06mxcey5430\"><\/a><a href=\"https:\/\/sites.google.com\/uel.br\/cia2022\/minicursos?authuser=0#h.k06mxcey5430\"><\/a><strong>*Imunohistoqu\u00edmica<\/strong><\/p>\n\n\n\n<p>Ministrante: Profa. Dra. Solange de Paula Ramos (UEL)<br>Esse minicurso ir\u00e1 explorar a t\u00e9cnica de Imunohistoqu\u00edmica que \u00e9 amplamente utilizada na pesquisa e no diagn\u00f3stico de diversas doen\u00e7as, como por exemplo, o c\u00e2ncer. Com esta t\u00e9cnica \u00e9 poss\u00edvel detectar ant\u00edgenos espec\u00edficos em tecidos.<\/p>\n\n\n\n<p><a href=\"https:\/\/sites.google.com\/uel.br\/cia2022\/minicursos?authuser=0#h.h2dzlcpldtxa\"><\/a><a href=\"https:\/\/sites.google.com\/uel.br\/cia2022\/minicursos?authuser=0#h.h2dzlcpldtxa\"><\/a><strong>*Imunodiagn\u00f3stico da Paracoccidioidomicose<\/strong><\/p>\n\n\n\n<p>Ministrantes: Profa. Dra. Eiko Nakagawa Itano, Prof. Dr. Mario Augusto Ono e Profa. Dra. Isabele Kazahaya Borges (UEL)<br>Paracoccidioidomicose (PCM) \u00e9&nbsp;uma&nbsp;micose sist\u00eamica end\u00eamica no Brasil.&nbsp;Este minicurso&nbsp;ir\u00e1 mostrar como as&nbsp;t\u00e9cnicas de imunodiagn\u00f3stico, imunodifus\u00e3o e ensaio imunoenzim\u00e1tico (ELISA), s\u00e3o utilizadas&nbsp;para o diagn\u00f3stico da PCM. Al\u00e9m disso, outros imunoensaios que est\u00e3o sendo desenvolvidos com essa finalidade ser\u00e3o abordados, como por exemplo, o ensaio de PCR-ELISA.<\/p>\n\n\n\n<h2 class=\"wp-block-heading has-text-align-center\"><a href=\"https:\/\/sites.google.com\/uel.br\/cia2022\/minicursos?authuser=0#h.oc8g7rn26bbk\"><\/a><a href=\"https:\/\/sites.google.com\/uel.br\/cia2022\/minicursos?authuser=0#h.oc8g7rn26bbk\"><\/a><strong>29\/02\/2024, 08h &#8211; 12h, On-line<\/strong><\/h2>\n\n\n\n<p><a href=\"https:\/\/sites.google.com\/uel.br\/cia2022\/minicursos?authuser=0#h.fwn5azk79s6u\"><\/a><a href=\"https:\/\/sites.google.com\/uel.br\/cia2022\/minicursos?authuser=0#h.fwn5azk79s6u\"><\/a><strong><mark style=\"background-color:#e8fde7\" class=\"has-inline-color\">*Produ\u00e7\u00e3o de anticorpos monoclonais<\/mark><\/strong><\/p>\n\n\n\n<p><a href=\"https:\/\/sites.google.com\/uel.br\/cia2022\/minicursos?authuser=0#h.53d0s1abzc11\"><\/a><a href=\"https:\/\/sites.google.com\/uel.br\/cia2022\/minicursos?authuser=0#h.53d0s1abzc11\"><\/a><strong>-Produ\u00e7\u00e3o de anticorpos monoclonais recombinantes e tecnologia de&nbsp;<em>phage display<\/em><\/strong><\/p>\n\n\n\n<p>Ministrante: Dra. Lilian Rumi Tsuruta. Instituto Butantan\/Funda\u00e7\u00e3o Butantan, S\u00e3o Paulo, SP.<\/p>\n\n\n\n<p><a href=\"https:\/\/sites.google.com\/uel.br\/cia2022\/minicursos?authuser=0#h.5buizu31rokw\"><\/a><a href=\"https:\/\/sites.google.com\/uel.br\/cia2022\/minicursos?authuser=0#h.5buizu31rokw\"><\/a><strong>-Desenvolvimento de anticorpos monoclonais a partir de c\u00e9lulas B e triagem&nbsp;<em>in silico<\/em><\/strong><\/p>\n\n\n\n<p>Ministrante: Dra.&nbsp;Tania Maria Manieri. Instituto Butantan\/Funda\u00e7\u00e3o Butantan, S\u00e3o Paulo, SP.<\/p>\n\n\n\n<p><\/p>\n\n\n\n<p class=\"has-text-align-center\"><strong><a href=\"https:\/\/www.sistemasweb.uel.br\/index.php?contents=system\/insc\/index.php&amp;pagina=view\/inscricoes\/seleciona_evento.php&amp;cod_evento=8584\"><mark style=\"background-color:#d49cfe\" class=\"has-inline-color\">Fa\u00e7a sua inscri\u00e7\u00e3o!<\/mark><\/a><\/strong><\/p>\n","protected":false},"excerpt":{"rendered":"<p>28\/02\/2024, 08h &#8211; 12h, presencial *M\u00e9todos imunol\u00f3gicos: Ensaio imunoenzim\u00e1tico e Western blotting Ministrante: Profa. Dra.&nbsp;Giovana G. C. Ishiuchi&nbsp;(UEL)Os m\u00e9todos imunoenzim\u00e1ticos s\u00e3o bastante vers\u00e1teis e s\u00e3o amplamente usados tanto na pesquisa como no diagn\u00f3stico de diversas doen\u00e7as.&nbsp;&nbsp;Baseado na detec\u00e7\u00e3o direta ou indireta de ant\u00edgenos ou anticorpos, o ensaio imunoenzim\u00e1tico e o western blotting ser\u00e3o explorados nesse [&hellip;]<\/p>\n","protected":false},"author":8,"featured_media":0,"parent":0,"menu_order":0,"comment_status":"closed","ping_status":"closed","template":"","meta":{"footnotes":""},"class_list":["post-44","page","type-page","status-publish","hentry"],"acf":[],"_links":{"self":[{"href":"https:\/\/sites.uel.br\/congresso-imunologia-aplicada\/wp-json\/wp\/v2\/pages\/44","targetHints":{"allow":["GET"]}}],"collection":[{"href":"https:\/\/sites.uel.br\/congresso-imunologia-aplicada\/wp-json\/wp\/v2\/pages"}],"about":[{"href":"https:\/\/sites.uel.br\/congresso-imunologia-aplicada\/wp-json\/wp\/v2\/types\/page"}],"author":[{"embeddable":true,"href":"https:\/\/sites.uel.br\/congresso-imunologia-aplicada\/wp-json\/wp\/v2\/users\/8"}],"replies":[{"embeddable":true,"href":"https:\/\/sites.uel.br\/congresso-imunologia-aplicada\/wp-json\/wp\/v2\/comments?post=44"}],"version-history":[{"count":20,"href":"https:\/\/sites.uel.br\/congresso-imunologia-aplicada\/wp-json\/wp\/v2\/pages\/44\/revisions"}],"predecessor-version":[{"id":120,"href":"https:\/\/sites.uel.br\/congresso-imunologia-aplicada\/wp-json\/wp\/v2\/pages\/44\/revisions\/120"}],"wp:attachment":[{"href":"https:\/\/sites.uel.br\/congresso-imunologia-aplicada\/wp-json\/wp\/v2\/media?parent=44"}],"curies":[{"name":"wp","href":"https:\/\/api.w.org\/{rel}","templated":true}]}}