{"id":34,"date":"2023-12-01T14:49:38","date_gmt":"2023-12-01T17:49:38","guid":{"rendered":"https:\/\/sites.uel.br\/congresso-imunologia-aplicada\/?page_id=34"},"modified":"2024-02-12T12:56:43","modified_gmt":"2024-02-12T15:56:43","slug":"normas-resumos","status":"publish","type":"page","link":"https:\/\/sites.uel.br\/congresso-imunologia-aplicada\/normas-resumos\/","title":{"rendered":"Resumos e P\u00f4steres"},"content":{"rendered":"\n<h2 class=\"wp-block-heading has-text-align-center\"><strong>Normas para submiss\u00e3o de resumos:<\/strong><\/h2>\n\n\n\n<p><strong>1<\/strong>&nbsp;&#8211; A data limite para a submiss\u00e3o dos resumos \u00e9&nbsp;<strong>10 de Fevereiro de 2024<\/strong>;<\/p>\n\n\n\n<p><strong>2<\/strong>&nbsp;&#8211; Ser\u00e3o aceitos resumos tanto em portugu\u00eas como em ingl\u00eas. As normas para formata\u00e7\u00e3o dos resumos constam no modelo de resumo dispon\u00edvel para download abaixo;<\/p>\n\n\n\n<p><strong>3<\/strong>&nbsp;&#8211; Ser\u00e3o aceitos tanto trabalhos originais como de revis\u00e3o e relatos de caso, no entanto, <strong>somente trabalhos originais participar\u00e3o da premia\u00e7\u00e3o<\/strong>;<\/p>\n\n\n\n<p><strong>4&nbsp;<\/strong>&#8211; O conte\u00fado, a utiliza\u00e7\u00e3o correta das normas ortogr\u00e1ficas e gramaticais do idioma escolhido s\u00e3o de total responsabilidade dos autores;<\/p>\n\n\n\n<p><strong>5<\/strong>&nbsp;&#8211; Ser\u00e3o aceitos <strong>at\u00e9 dois resumos por inscri\u00e7\u00e3o;<\/strong><\/p>\n\n\n\n<p><strong>6<\/strong>&nbsp;&#8211; Ser\u00e3o permitidos <strong>at\u00e9 10 autores por resumo<\/strong>;<\/p>\n\n\n\n<p><strong>7<\/strong>&nbsp;&#8211; <strong>O resumo deve ser apresentado pelo autor que se inscreveu no evento e submeteu o trabalho.<\/strong> O autor inscrito que ir\u00e1 apresentar o trabalho deve ter seu nome sublinhado no local adequado do arquivo a ser submetido, conforme modelo de resumo dispon\u00edvel para download abaixo. <strong>O autor inscrito e que ir\u00e1 apresentar o trabalho n\u00e3o precisa ser necessariamente o autor principal do resumo<\/strong>;<\/p>\n\n\n\n<p><strong>8<\/strong>&nbsp;&#8211; Somente inscritos que pagaram a inscri\u00e7\u00e3o ter\u00e3o seu resumo avaliado;<\/p>\n\n\n\n<p><strong>9<\/strong>&nbsp;&#8211; Ser\u00e3o aceitos somente os trabalhos encaminhados via site de inscri\u00e7\u00e3o. As informa\u00e7\u00f5es requeridas dever\u00e3o ser preenchidas no site e o resumo dever\u00e1 ser carregado na mesma p\u00e1gina do site nos formatos .doc ou .docx de acordo com o modelo de resumo dispon\u00edvel para download abaixo;<\/p>\n\n\n\n<p><strong>10<\/strong>&nbsp;&#8211; O comit\u00ea de avalia\u00e7\u00e3o ir\u00e1 encaminhar a decis\u00e3o da avalia\u00e7\u00e3o dos resumos (resumo precisa ser corrigido e reenviado, resumo aceito ou resumo n\u00e3o aceito) at\u00e9 o dia 15 de fevereiro de 2024 para o e-mail de contato indicado na submiss\u00e3o;<\/p>\n\n\n\n<p><strong>11<\/strong>&nbsp;&#8211; Somente ser\u00e3o aceitos os trabalhos apresentados no formato do evento, modelo de resumo para download abaixo;<\/p>\n\n\n\n<p><strong>12<\/strong>&nbsp;&#8211; Somente ser\u00e3o avaliados os trabalhos submetidos na extens\u00e3o .doc ou .docx;<\/p>\n\n\n\n<p><strong>13<\/strong>&nbsp;&#8211; Ap\u00f3s a submiss\u00e3o e aprova\u00e7\u00e3o do resumo, os autores concordam com a publica\u00e7\u00e3o do trabalho nos anais do evento atrav\u00e9s da <a href=\"https:\/\/ojs.uel.br\/revistas\/uel\/index.php\/biosaude\">revista Biosa\u00fade on-line<\/a>, respeitando as regras de direitos autorais;<\/p>\n\n\n\n<p><strong>14<\/strong>&nbsp;&#8211; Resumos j\u00e1 publicados, apresentados em outras confer\u00eancias e\/ou que for verificado o ind\u00edcio de pl\u00e1gio <strong>n\u00e3o ser\u00e3o aceitos<\/strong>;<\/p>\n\n\n\n<p><strong>15<\/strong>&nbsp;&#8211; Todos os&nbsp;resumos que contenham experimenta\u00e7\u00e3o animal ou estudo feito com seres humanos devem apresentar na se\u00e7\u00e3o de materiais e m\u00e9todos o n\u00famero de aprova\u00e7\u00e3o em comit\u00ea espec\u00edfico. Trabalhos onde se aplicam as legisla\u00e7\u00f5es pertinentes relacionadas ao tema que n\u00e3o declararem a aprova\u00e7\u00e3o em comit\u00ea de \u00e9tica n\u00e3o ser\u00e3o aceitos;<\/p>\n\n\n\n<p><strong>16<\/strong>&nbsp;&#8211; Submetendo o resumo, os autores est\u00e3o cientes e de acordo com as normas de submiss\u00e3o do evento;<\/p>\n\n\n\n<p><strong>17<\/strong>&nbsp;&#8211; Os trabalhos aceitos ser\u00e3o apresentados pelos autores na modalidade \u201cp\u00f4ster\u201d no dia 29\/02\/2024. Observar na programa\u00e7\u00e3o do evento os hor\u00e1rios de coloca\u00e7\u00e3o de p\u00f4steres e de apresenta\u00e7\u00e3o;<\/p>\n\n\n\n<p><strong>18<\/strong>&nbsp;&#8211; O autor do melhor resumo, segundo avalia\u00e7\u00e3o pelo comit\u00ea cient\u00edfico, ser\u00e1 premiado com o direito a uma apresenta\u00e7\u00e3o oral de seu trabalho no dia 01\/03\/2024 de acordo com a programa\u00e7\u00e3o do evento. Neste caso, o autor n\u00e3o apresentar\u00e1 em forma de p\u00f4ster, mas dever\u00e1 realizar uma apresenta\u00e7\u00e3o oral de seu trabalho com dura\u00e7\u00e3o de 20 minutos mais 10 minutos de argui\u00e7\u00e3o. O modelo de slides para a apresenta\u00e7\u00e3o ser\u00e1 encaminhado por e-mail para o autor premiado.<\/p>\n\n\n\n<div class=\"wp-block-file\"><a id=\"wp-block-file--media-b27c8e41-cd7f-4161-af8e-51004f6c8346\" href=\"https:\/\/sites.uel.br\/congresso-imunologia-aplicada\/wp-content\/uploads\/2023\/12\/Modelo-de-Resumo-CIA2024.docx\">Modelo-de-Resumo-CIA2024<\/a><a href=\"https:\/\/sites.uel.br\/congresso-imunologia-aplicada\/wp-content\/uploads\/2023\/12\/Modelo-de-Resumo-CIA2024.docx\" class=\"wp-block-file__button wp-element-button\" download aria-describedby=\"wp-block-file--media-b27c8e41-cd7f-4161-af8e-51004f6c8346\">Baixar<\/a><\/div>\n\n\n\n<h2 class=\"wp-block-heading has-text-align-center\"><strong>Normas para apresenta\u00e7\u00e3o de p\u00f4steres:<\/strong><\/h2>\n\n\n\n<p><strong>1<\/strong>&nbsp;&#8211; Os autores ser\u00e3o respons\u00e1veis pela confec\u00e7\u00e3o, instala\u00e7\u00e3o e retirada dos p\u00f4steres em \u00e1rea e data indicada pela organiza\u00e7\u00e3o do evento;<\/p>\n\n\n\n<p><strong>2<\/strong>&nbsp;&#8211; O p\u00f4ster deve possuir tira\/corda de sustenta\u00e7\u00e3o;<\/p>\n\n\n\n<p><strong>3<\/strong>&nbsp;&#8211; Os p\u00f4steres dever\u00e3o ser confeccionados em tamanho n\u00e3o superior a 90 cm de largura por 120 cm de comprimento;&nbsp;<\/p>\n\n\n\n<p><strong>4<\/strong>&nbsp;&#8211; Os p\u00f4steres poder\u00e3o ser confeccionados em portugu\u00eas ou ingl\u00eas&nbsp;<strong>de acordo com o modelo para download abaixo<\/strong>;<\/p>\n\n\n\n<p><strong>5<\/strong>&nbsp;&#8211; O p\u00f4ster deve conter as se\u00e7\u00f5es:&nbsp;<\/p>\n\n\n\n<p class=\"has-text-align-left\">          <strong>5.1<\/strong>&nbsp;T\u00edtulo<\/p>\n\n\n\n<p class=\"has-text-align-left\">          <strong>5.2<\/strong>&nbsp;Autores e filia\u00e7\u00f5es<\/p>\n\n\n\n<p class=\"has-text-align-left\">          <strong>5.3<\/strong>&nbsp;Introdu\u00e7\u00e3o e objetivos<\/p>\n\n\n\n<p class=\"has-text-align-left\">          <strong>5.4<\/strong>&nbsp;Materiais e m\u00e9todos<\/p>\n\n\n\n<p class=\"has-text-align-left\">          <strong>5.5<\/strong>&nbsp;Resultados<\/p>\n\n\n\n<p class=\"has-text-align-left\">          <strong>5.6<\/strong>&nbsp;Discuss\u00e3o e conclus\u00e3o<\/p>\n\n\n\n<p class=\"has-text-align-left\">          <strong>5.7<\/strong>&nbsp;Agradecimentos (opcional)<\/p>\n\n\n\n<p class=\"has-text-align-left\">          <strong>5.8&nbsp;<\/strong>Refer\u00eancias (opcional),&nbsp;no m\u00e1ximo 4<\/p>\n\n\n\n<p><strong>6<\/strong>&nbsp;&#8211; O t\u00edtulo, autores e conte\u00fado do p\u00f4ster dever\u00e3o ser os mesmos apresentados no resumo;<\/p>\n\n\n\n<p><strong>7<\/strong>&nbsp;&#8211; O p\u00f4ster deve ser elaborado de forma a permitir a leitura a uma dist\u00e2ncia m\u00ednima de 1,5 m, com uma boa qualidade de impress\u00e3o;<\/p>\n\n\n\n<p><strong>8<\/strong>&nbsp;&#8211; As normas para formata\u00e7\u00e3o dos p\u00f4steres constam no modelo de p\u00f4ster dispon\u00edvel para download abaixo;&nbsp;<\/p>\n\n\n\n<p><strong>9<\/strong>&nbsp;&#8211;&nbsp;Figuras devem ser identificadas como \u201cFigura 1\u201d, \u201cFigura 2\u201d etc. Figuras em blocos devem ser identificadas com \u201ca, b, c, d\u201d no canto inferior esquerdo em cor contrastante ao fundo; todas as figuras e tabelas devem ser citadas no texto; vide modelo de p\u00f4ster abaixo;<\/p>\n\n\n\n<p><strong>10<\/strong>&nbsp;&#8211; O corpo do texto pode ser organizado em uma ou duas colunas, neste caso estas devem ser separadas por uma dist\u00e2ncia m\u00ednima de 2 cm;<\/p>\n\n\n\n<p><strong>11<\/strong>&nbsp;&#8211; Todo p\u00f4ster que contenha experimenta\u00e7\u00e3o animal ou estudo feito com seres humanos deve apresentar na se\u00e7\u00e3o de&nbsp;<em>materiais e m\u00e9todos<\/em>&nbsp;o n\u00famero de aprova\u00e7\u00e3o em comit\u00ea espec\u00edfico;<\/p>\n\n\n\n<p><strong>12<\/strong>&nbsp;&#8211; O apresentador deve permanecer ao lado do p\u00f4ster durante o per\u00edodo de exposi\u00e7\u00e3o e avalia\u00e7\u00e3o pelo comit\u00ea cient\u00edfico do evento, p\u00f4steres desacompanhados n\u00e3o ser\u00e3o avaliados;<\/p>\n\n\n\n<p><strong>13<\/strong>&nbsp;&#8211; Os tr\u00eas melhores p\u00f4steres apresentados dentre todas as categorias ser\u00e3o premiados;&nbsp;<\/p>\n\n\n\n<p><strong>14<\/strong>&nbsp;&#8211; A classifica\u00e7\u00e3o dos tr\u00eas melhores trabalhos se dar\u00e1 pela m\u00e9dia das notas obtidas durante a avalia\u00e7\u00e3o do resumo escrito e&nbsp;das notas obtidas&nbsp;ap\u00f3s a apresenta\u00e7\u00e3o do p\u00f4ster;<\/p>\n\n\n\n<p><strong>15<\/strong>&nbsp;&#8211; Os tr\u00eas melhores colocados ser\u00e3o premiados ao final do evento pela organiza\u00e7\u00e3o do CIA2024;&nbsp;<\/p>\n\n\n\n<p><strong>16<\/strong>&nbsp;&#8211;&nbsp;Casos omissos ser\u00e3o avaliados individualmente pelo comit\u00ea cient\u00edfico do evento.<\/p>\n\n\n\n<div class=\"wp-block-file\"><a id=\"wp-block-file--media-98bba127-feff-4212-b433-63349f1e76e8\" href=\"https:\/\/sites.uel.br\/congresso-imunologia-aplicada\/wp-content\/uploads\/2024\/02\/CIA2024-POSTER.pptx\">CIA2024-POSTER<\/a><a href=\"https:\/\/sites.uel.br\/congresso-imunologia-aplicada\/wp-content\/uploads\/2024\/02\/CIA2024-POSTER.pptx\" class=\"wp-block-file__button wp-element-button\" download aria-describedby=\"wp-block-file--media-98bba127-feff-4212-b433-63349f1e76e8\">Baixar<\/a><\/div>\n","protected":false},"excerpt":{"rendered":"<p>Normas para submiss\u00e3o de resumos: 1&nbsp;&#8211; A data limite para a submiss\u00e3o dos resumos \u00e9&nbsp;10 de Fevereiro de 2024; 2&nbsp;&#8211; Ser\u00e3o aceitos resumos tanto em portugu\u00eas como em ingl\u00eas. As normas para formata\u00e7\u00e3o dos resumos constam no modelo de resumo dispon\u00edvel para download abaixo; 3&nbsp;&#8211; Ser\u00e3o aceitos tanto trabalhos originais como de revis\u00e3o e relatos [&hellip;]<\/p>\n","protected":false},"author":8,"featured_media":0,"parent":0,"menu_order":0,"comment_status":"closed","ping_status":"closed","template":"","meta":{"footnotes":""},"class_list":["post-34","page","type-page","status-publish","hentry"],"acf":[],"_links":{"self":[{"href":"https:\/\/sites.uel.br\/congresso-imunologia-aplicada\/wp-json\/wp\/v2\/pages\/34","targetHints":{"allow":["GET"]}}],"collection":[{"href":"https:\/\/sites.uel.br\/congresso-imunologia-aplicada\/wp-json\/wp\/v2\/pages"}],"about":[{"href":"https:\/\/sites.uel.br\/congresso-imunologia-aplicada\/wp-json\/wp\/v2\/types\/page"}],"author":[{"embeddable":true,"href":"https:\/\/sites.uel.br\/congresso-imunologia-aplicada\/wp-json\/wp\/v2\/users\/8"}],"replies":[{"embeddable":true,"href":"https:\/\/sites.uel.br\/congresso-imunologia-aplicada\/wp-json\/wp\/v2\/comments?post=34"}],"version-history":[{"count":9,"href":"https:\/\/sites.uel.br\/congresso-imunologia-aplicada\/wp-json\/wp\/v2\/pages\/34\/revisions"}],"predecessor-version":[{"id":132,"href":"https:\/\/sites.uel.br\/congresso-imunologia-aplicada\/wp-json\/wp\/v2\/pages\/34\/revisions\/132"}],"wp:attachment":[{"href":"https:\/\/sites.uel.br\/congresso-imunologia-aplicada\/wp-json\/wp\/v2\/media?parent=34"}],"curies":[{"name":"wp","href":"https:\/\/api.w.org\/{rel}","templated":true}]}}