{"id":29,"date":"2023-12-01T14:42:38","date_gmt":"2023-12-01T17:42:38","guid":{"rendered":"https:\/\/sites.uel.br\/congresso-imunologia-aplicada\/?page_id=29"},"modified":"2023-12-01T16:25:29","modified_gmt":"2023-12-01T19:25:29","slug":"o-congresso","status":"publish","type":"page","link":"https:\/\/sites.uel.br\/congresso-imunologia-aplicada\/","title":{"rendered":"O congresso"},"content":{"rendered":"<div class=\"wp-block-image\">\n<figure class=\"aligncenter size-large is-resized\"><img loading=\"lazy\" decoding=\"async\" width=\"1024\" height=\"386\" src=\"https:\/\/sites.uel.br\/congresso-imunologia-aplicada\/wp-content\/uploads\/2023\/12\/LOGO-CIA2024-1-1024x386.jpg\" alt=\"\" class=\"wp-image-30\" style=\"width:714px;height:auto\" srcset=\"https:\/\/sites.uel.br\/congresso-imunologia-aplicada\/wp-content\/uploads\/2023\/12\/LOGO-CIA2024-1-1024x386.jpg 1024w, https:\/\/sites.uel.br\/congresso-imunologia-aplicada\/wp-content\/uploads\/2023\/12\/LOGO-CIA2024-1-300x113.jpg 300w, https:\/\/sites.uel.br\/congresso-imunologia-aplicada\/wp-content\/uploads\/2023\/12\/LOGO-CIA2024-1-768x289.jpg 768w, https:\/\/sites.uel.br\/congresso-imunologia-aplicada\/wp-content\/uploads\/2023\/12\/LOGO-CIA2024-1.jpg 1046w\" sizes=\"auto, (max-width: 1024px) 100vw, 1024px\" \/><\/figure>\n<\/div>\n\n\n<p><strong>O Congresso<\/strong><\/p>\n\n\n\n<p>\u00c9 com grande alegria que convidamos voc\u00ea a participar do <strong>II Congresso de Imunologia Aplicada<\/strong> (CIA2024) da Universidade Estadual de Londrina! A segunda edi\u00e7\u00e3o desse evento tem como objetivo divulgar e promover discuss\u00f5es sobre aplica\u00e7\u00f5es de tecnologias imunol\u00f3gicas tradicionais e inovadoras em diversas \u00e1reas das Ci\u00eancias Biol\u00f3gicas e da Sa\u00fade.<\/p>\n\n\n\n<p>A primeira edi\u00e7\u00e3o desse evento ocorreu entre 07 a 09 de Dezembro de 2022 em Londrina \u2013 PR, e foi um sucesso, tendo cerca de 100 participantes de diversos cursos de diversas institui\u00e7\u00f5es do estado do Paran\u00e1 e outros estados do Brasil!<\/p>\n\n\n\n<p>Nesta segunda edi\u00e7\u00e3o, o evento tamb\u00e9m ser\u00e1 presencial, sendo composto de palestras, mesas redondas, minicursos e apresenta\u00e7\u00e3o de trabalhos. O evento ocorrer\u00e1 nos dias 28\/02 a 01\/03 de 2024. Confira nossa programa\u00e7\u00e3o <a href=\"https:\/\/sites.uel.br\/congresso-imunologia-aplicada\/programacao\/\">aqui<\/a>!<\/p>\n\n\n\n<p>Siga-nos nas redes sociais para ficar por dentro das informa\u00e7\u00f5es sobre inscri\u00e7\u00f5es, programa\u00e7\u00e3o e muito mais!<\/p>\n\n\n\n<p><strong>A Cidade<\/strong><\/p>\n\n\n\n<p>Londrina \u00e9 o lar da UEL e de um povo acolhedor. A cidade disp\u00f5e de uma ampla variedade de servi\u00e7os, atra\u00e7\u00f5es art\u00edsticas e culturais. N\u00f3s da comiss\u00e3o organizadora do CIA2024 e a cidade de Londrina aguardamos voc\u00ea!<\/p>\n\n\n\n<p><strong>Como chegar<\/strong><\/p>\n\n\n\n<p>O evento ser\u00e1 realizado no anfiteatro Cyro Grossi (CCB-UEL), com atividades na sala de aula 202 e sala de aula pr\u00e1tica 208 (consultar programa\u00e7\u00e3o), no campus da Universidade Estadual de Londrina.&nbsp;<\/p>\n\n\n\n<p>Para carros o acesso \u00e9 pela Rua Constantino Pialarissi (acesso lateral) ou via Av. Castelo Branco (acesso principal). H\u00e1 vagas dispon\u00edveis para estacionamento no CCB e na Cl\u00ednica Odontol\u00f3gica.<\/p>\n\n\n\n<p>Para uso do transporte p\u00fablico as linhas de \u00f4nibus 305, 306, 307 e 315 param no CCB-UEL partindo do terminal central, os hor\u00e1rios podem ser consultados em: <a href=\"http:\/\/site.tcgrandelondrina.com.br:8082\/\">http:\/\/site.tcgrandelondrina.com.br:8082\/<\/a><\/p>\n\n\n\n<p><strong>Onde almo\u00e7ar<\/strong><\/p>\n\n\n\n<p>As op\u00e7\u00f5es para almo\u00e7o incluem a Cantina do CCB, o Restaurante Universit\u00e1rio e o restaurante Papo Cabe\u00e7a na Rua Constantino Pialarissi.<\/p>\n\n\n\n<p>As taxas e card\u00e1pio do restaurante Universit\u00e1rio podem ser consultadas em: <a href=\"https:\/\/sites.uel.br\/sebec\/restaurante-universitario\/\">https:\/\/sites.uel.br\/sebec\/restaurante-universitario\/<\/a><\/p>\n\n\n\n<p><strong>ORGANIZA\u00c7\u00c3O<\/strong><\/p>\n\n\n\n<p>O II Congresso de Imunologia Aplicada da UEL \u00e9 organizado pelos Laborat\u00f3rios de Imunologia Aplicada, Laborat\u00f3rio de Imunologia Animal e Laborat\u00f3rio de Gen\u00e9tica Molecular e Imunologia, Departamento de Ci\u00eancias Patol\u00f3gicas, UEL.<\/p>\n\n\n\n<p><strong>Coordenadores<\/strong>:<\/p>\n\n\n\n<p>Prof. Dr. Emerson Jos\u00e9 Ven\u00e2ncio<\/p>\n\n\n\n<p>Profa. Dra. Eiko Nakagawa Itano&nbsp;<\/p>\n\n\n\n<p>Prof. Dr. Mario Augusto Ono<\/p>\n\n\n\n<p><strong>Comiss\u00e3o organizadora:<\/strong><\/p>\n\n\n\n<p>Profa. Dra. Solange de Paula Ramos<\/p>\n\n\n\n<p>Me. Bianca Dorana de Oliveira Souza<\/p>\n\n\n\n<p>Me. Fl\u00e1vio Hiroshi Itano<\/p>\n\n\n\n<p>Me. Rafaela R. de Jaime Curti<\/p>\n\n\n\n<p>Me. Sarah Lott Moretto<\/p>\n\n\n\n<p>Giulia Mariane Fortunato<\/p>\n\n\n\n<p>Lais Garcia Formicoli<\/p>\n\n\n\n<p>Lucas Felipe de S. Canella<\/p>\n\n\n\n<p>Maria Catarina C. Fracazzo<\/p>\n\n\n\n<p>Mariane Ricciardi da Silva<\/p>\n\n\n\n<p>Milene Oliveira Cuissi<\/p>\n\n\n\n<p>Pamella Rodrigues da Silva<\/p>\n\n\n\n<p>Rafaela S. Yuyama Rodrigues<\/p>\n\n\n\n<p>Vit\u00f3ria Eduarda Romero<\/p>\n\n\n\n<p>Vivian Lissa Kinjo<\/p>\n","protected":false},"excerpt":{"rendered":"<p>O Congresso \u00c9 com grande alegria que convidamos voc\u00ea a participar do II Congresso de Imunologia Aplicada (CIA2024) da Universidade Estadual de Londrina! A segunda edi\u00e7\u00e3o desse evento tem como objetivo divulgar e promover discuss\u00f5es sobre aplica\u00e7\u00f5es de tecnologias imunol\u00f3gicas tradicionais e inovadoras em diversas \u00e1reas das Ci\u00eancias Biol\u00f3gicas e da Sa\u00fade. A primeira edi\u00e7\u00e3o [&hellip;]<\/p>\n","protected":false},"author":8,"featured_media":30,"parent":0,"menu_order":0,"comment_status":"closed","ping_status":"closed","template":"","meta":{"footnotes":""},"class_list":["post-29","page","type-page","status-publish","has-post-thumbnail","hentry"],"acf":[],"_links":{"self":[{"href":"https:\/\/sites.uel.br\/congresso-imunologia-aplicada\/wp-json\/wp\/v2\/pages\/29","targetHints":{"allow":["GET"]}}],"collection":[{"href":"https:\/\/sites.uel.br\/congresso-imunologia-aplicada\/wp-json\/wp\/v2\/pages"}],"about":[{"href":"https:\/\/sites.uel.br\/congresso-imunologia-aplicada\/wp-json\/wp\/v2\/types\/page"}],"author":[{"embeddable":true,"href":"https:\/\/sites.uel.br\/congresso-imunologia-aplicada\/wp-json\/wp\/v2\/users\/8"}],"replies":[{"embeddable":true,"href":"https:\/\/sites.uel.br\/congresso-imunologia-aplicada\/wp-json\/wp\/v2\/comments?post=29"}],"version-history":[{"count":8,"href":"https:\/\/sites.uel.br\/congresso-imunologia-aplicada\/wp-json\/wp\/v2\/pages\/29\/revisions"}],"predecessor-version":[{"id":77,"href":"https:\/\/sites.uel.br\/congresso-imunologia-aplicada\/wp-json\/wp\/v2\/pages\/29\/revisions\/77"}],"wp:featuredmedia":[{"embeddable":true,"href":"https:\/\/sites.uel.br\/congresso-imunologia-aplicada\/wp-json\/wp\/v2\/media\/30"}],"wp:attachment":[{"href":"https:\/\/sites.uel.br\/congresso-imunologia-aplicada\/wp-json\/wp\/v2\/media?parent=29"}],"curies":[{"name":"wp","href":"https:\/\/api.w.org\/{rel}","templated":true}]}}