{"id":98,"date":"2025-07-24T15:08:27","date_gmt":"2025-07-24T18:08:27","guid":{"rendered":"https:\/\/sites.uel.br\/com\/?page_id=98"},"modified":"2025-11-04T14:31:47","modified_gmt":"2025-11-04T17:31:47","slug":"manuais-e-instrucoes","status":"publish","type":"page","link":"https:\/\/sites.uel.br\/com\/relacoes-publicas\/manuais-e-instrucoes\/","title":{"rendered":"Manuais e Instru\u00e7\u00f5es"},"content":{"rendered":"\n<div style=\"height:20px\" aria-hidden=\"true\" class=\"wp-block-spacer\"><\/div>\n\n\n\n<h3 class=\"wp-block-heading\">Identidade Visual<\/h3>\n\n\n\n<p><a href=\"https:\/\/portal.uel.br\/conheca-a-uel\/marca-e-logotipo\/\" target=\"_blank\" rel=\"noreferrer noopener\">Manual da Marca<\/a><\/p>\n\n\n\n<p><a href=\"https:\/\/drive.google.com\/drive\/folders\/1gkey2oT7jZEDKCIiM8P4RH1IgFIEbzIy\" target=\"_blank\" rel=\"noreferrer noopener\">Logotipos<\/a><\/p>\n\n\n\n<div style=\"height:20px\" aria-hidden=\"true\" class=\"wp-block-spacer\"><\/div>\n\n\n\n<h3 class=\"wp-block-heading\">Eventos e Cerimonial<\/h3>\n\n\n\n<p><a href=\"https:\/\/sites.uel.br\/com\/wp-content\/uploads\/2025\/09\/Orientacoes_evento_Parceria.pdf\" target=\"_blank\" rel=\"noreferrer noopener\">Orienta\u00e7\u00f5es para Eventos<\/a><\/p>\n\n\n\n<p><a href=\"https:\/\/sites.uel.br\/com\/wp-content\/uploads\/2025\/09\/Cerimonial_Modelo_atualizado.doc\" target=\"_blank\" rel=\"noreferrer noopener\">Modelo de Cerimonial<\/a><\/p>\n\n\n\n<p><a href=\"https:\/\/sites.uel.br\/com\/wp-content\/uploads\/2025\/11\/Termo-de-Compromisso_Fotografos.pdf\" target=\"_blank\" rel=\"noreferrer noopener\">Termo de Compromisso para Empresas Fotogr\u00e1ficas<\/a><\/p>\n\n\n\n<div style=\"height:20px\" aria-hidden=\"true\" class=\"wp-block-spacer\"><\/div>\n\n\n\n<h3 class=\"wp-block-heading\">Selos<\/h3>\n\n\n\n<p><a href=\"https:\/\/portal.uel.br\/55-anos\/concurso-do-selo-comemorativo\/#:~:text=Instru%C3%A7%C3%A3o%20de%20Servi%C3%A7o%20sobre%20o,materiais%20institucionais%20e%20de%20divulga%C3%A7%C3%A3o.\" target=\"_blank\" rel=\"noreferrer noopener\">Instru\u00e7\u00e3o de Servi\u00e7o COM n\u00ba 001\/2025 &#8211; Aplica\u00e7\u00e3o do selo de 55 anos da UEL<\/a><\/p>\n\n\n\n<p><\/p>\n","protected":false},"excerpt":{"rendered":"<p>Identidade Visual Manual da Marca Logotipos Eventos e Cerimonial Orienta\u00e7\u00f5es para Eventos Modelo de Cerimonial Termo de Compromisso para Empresas Fotogr\u00e1ficas Selos Instru\u00e7\u00e3o de Servi\u00e7o COM n\u00ba 001\/2025 &#8211; Aplica\u00e7\u00e3o do selo de 55 anos da UEL<\/p>\n","protected":false},"author":10,"featured_media":0,"parent":60,"menu_order":0,"comment_status":"closed","ping_status":"closed","template":"","meta":{"_acf_changed":false,"_themeisle_gutenberg_block_has_review":false,"footnotes":""},"class_list":["post-98","page","type-page","status-publish","hentry"],"acf":[],"_links":{"self":[{"href":"https:\/\/sites.uel.br\/com\/wp-json\/wp\/v2\/pages\/98","targetHints":{"allow":["GET"]}}],"collection":[{"href":"https:\/\/sites.uel.br\/com\/wp-json\/wp\/v2\/pages"}],"about":[{"href":"https:\/\/sites.uel.br\/com\/wp-json\/wp\/v2\/types\/page"}],"author":[{"embeddable":true,"href":"https:\/\/sites.uel.br\/com\/wp-json\/wp\/v2\/users\/10"}],"replies":[{"embeddable":true,"href":"https:\/\/sites.uel.br\/com\/wp-json\/wp\/v2\/comments?post=98"}],"version-history":[{"count":30,"href":"https:\/\/sites.uel.br\/com\/wp-json\/wp\/v2\/pages\/98\/revisions"}],"predecessor-version":[{"id":1130,"href":"https:\/\/sites.uel.br\/com\/wp-json\/wp\/v2\/pages\/98\/revisions\/1130"}],"up":[{"embeddable":true,"href":"https:\/\/sites.uel.br\/com\/wp-json\/wp\/v2\/pages\/60"}],"wp:attachment":[{"href":"https:\/\/sites.uel.br\/com\/wp-json\/wp\/v2\/media?parent=98"}],"curies":[{"name":"wp","href":"https:\/\/api.w.org\/{rel}","templated":true}]}}