{"id":958,"date":"2025-10-22T13:17:36","date_gmt":"2025-10-22T16:17:36","guid":{"rendered":"https:\/\/sites.uel.br\/com\/?page_id=958"},"modified":"2025-12-15T09:51:25","modified_gmt":"2025-12-15T12:51:25","slug":"assessoria-de-imprensa","status":"publish","type":"page","link":"https:\/\/sites.uel.br\/com\/jornalismo\/assessoria-de-imprensa\/","title":{"rendered":"Assessoria de Imprensa"},"content":{"rendered":"\n<div style=\"height:15px\" aria-hidden=\"true\" class=\"wp-block-spacer\"><\/div>\n\n\n\n<p>A Assessoria de Imprensa da UEL \u00e9 respons\u00e1vel por estabelecer e manter o relacionamento da Universidade com os meios de comunica\u00e7\u00e3o. Produz releases e notas oficiais da Universidade, al\u00e9m de disponibilizar fontes para entrevistas.<\/p>\n\n\n\n<hr class=\"wp-block-separator has-alpha-channel-opacity\" \/>\n\n\n\n<p>Para solicitar fontes e obter informa\u00e7\u00f5es sobre a UEL por meio da Assessoria de Imprensa, entre em contato:<\/p>\n\n\n\n<p><strong>E-mail:<\/strong> noticia@uel.br<\/p>\n\n\n\n<p><strong>Telefone:<\/strong> (43) 3371-4361<\/p>\n\n\n\n<div style=\"height:35px\" aria-hidden=\"true\" class=\"wp-block-spacer\"><\/div>\n\n\n<div class=\"wp-block-image\">\n<figure class=\"aligncenter size-large is-resized\"><img loading=\"lazy\" decoding=\"async\" width=\"1024\" height=\"341\" src=\"https:\/\/sites.uel.br\/com\/wp-content\/uploads\/2025\/10\/Banner-de-Atualizacoes-1-1-1024x341.png\" alt=\"\" class=\"wp-image-1113\" style=\"width:1062px;height:auto\" srcset=\"https:\/\/sites.uel.br\/com\/wp-content\/uploads\/2025\/10\/Banner-de-Atualizacoes-1-1-1024x341.png 1024w, https:\/\/sites.uel.br\/com\/wp-content\/uploads\/2025\/10\/Banner-de-Atualizacoes-1-1-300x100.png 300w, https:\/\/sites.uel.br\/com\/wp-content\/uploads\/2025\/10\/Banner-de-Atualizacoes-1-1-768x256.png 768w, https:\/\/sites.uel.br\/com\/wp-content\/uploads\/2025\/10\/Banner-de-Atualizacoes-1-1-1536x512.png 1536w, https:\/\/sites.uel.br\/com\/wp-content\/uploads\/2025\/10\/Banner-de-Atualizacoes-1-1-2048x683.png 2048w\" sizes=\"auto, (max-width: 1024px) 100vw, 1024px\" \/><\/figure>\n<\/div>\n\n\n<p><\/p>\n","protected":false},"excerpt":{"rendered":"<p>A Assessoria de Imprensa da UEL \u00e9 respons\u00e1vel por estabelecer e manter o relacionamento da Universidade com os meios de comunica\u00e7\u00e3o. Produz releases e notas oficiais da Universidade, al\u00e9m de disponibilizar fontes para entrevistas. Para solicitar fontes e obter informa\u00e7\u00f5es sobre a UEL por meio da Assessoria de Imprensa, entre em contato: E-mail: noticia@uel.br Telefone: [&hellip;]<\/p>\n","protected":false},"author":10,"featured_media":0,"parent":57,"menu_order":0,"comment_status":"closed","ping_status":"closed","template":"","meta":{"_acf_changed":false,"_themeisle_gutenberg_block_has_review":false,"footnotes":""},"class_list":["post-958","page","type-page","status-publish","hentry"],"acf":[],"_links":{"self":[{"href":"https:\/\/sites.uel.br\/com\/wp-json\/wp\/v2\/pages\/958","targetHints":{"allow":["GET"]}}],"collection":[{"href":"https:\/\/sites.uel.br\/com\/wp-json\/wp\/v2\/pages"}],"about":[{"href":"https:\/\/sites.uel.br\/com\/wp-json\/wp\/v2\/types\/page"}],"author":[{"embeddable":true,"href":"https:\/\/sites.uel.br\/com\/wp-json\/wp\/v2\/users\/10"}],"replies":[{"embeddable":true,"href":"https:\/\/sites.uel.br\/com\/wp-json\/wp\/v2\/comments?post=958"}],"version-history":[{"count":11,"href":"https:\/\/sites.uel.br\/com\/wp-json\/wp\/v2\/pages\/958\/revisions"}],"predecessor-version":[{"id":1116,"href":"https:\/\/sites.uel.br\/com\/wp-json\/wp\/v2\/pages\/958\/revisions\/1116"}],"up":[{"embeddable":true,"href":"https:\/\/sites.uel.br\/com\/wp-json\/wp\/v2\/pages\/57"}],"wp:attachment":[{"href":"https:\/\/sites.uel.br\/com\/wp-json\/wp\/v2\/media?parent=958"}],"curies":[{"name":"wp","href":"https:\/\/api.w.org\/{rel}","templated":true}]}}