{"id":76,"date":"2025-07-24T13:55:52","date_gmt":"2025-07-24T16:55:52","guid":{"rendered":"https:\/\/sites.uel.br\/com\/?page_id=76"},"modified":"2026-01-27T15:34:16","modified_gmt":"2026-01-27T18:34:16","slug":"contatos","status":"publish","type":"page","link":"https:\/\/sites.uel.br\/com\/contatos\/","title":{"rendered":"Canais de Atendimento"},"content":{"rendered":"\n<div style=\"height:15px\" aria-hidden=\"true\" class=\"wp-block-spacer\"><\/div>\n\n\n\n<div class=\"wp-block-columns is-layout-flex wp-container-core-columns-is-layout-9d6595d7 wp-block-columns-is-layout-flex\">\n<div class=\"wp-block-column is-layout-flow wp-block-column-is-layout-flow\" style=\"flex-basis:33.33%\">\n<p><strong>Dias da Semana:<\/strong><strong><br><\/strong>Segunda \u00e0 Sexta<\/p>\n\n\n\n<p><strong>Hor\u00e1rios:<\/strong><strong><br><\/strong>08h:00 \u00e0s 12h:00 e das 13h:00 \u00e0s 18h:00<\/p>\n\n\n\n<p><strong>Local:<\/strong><strong><br><\/strong>Rodovia Celso Garcia Cid, PR-445, Km 380 \u2013 Campus Universit\u00e1rio, Londrina \u2013 PR, 86057-970<\/p>\n<\/div>\n\n\n\n<div class=\"wp-block-column is-layout-flow wp-block-column-is-layout-flow\" style=\"flex-basis:66.66%\">\n<iframe src=\"https:\/\/www.google.com\/maps\/embed?pb=!1m18!1m12!1m3!1d3663.685527785466!2d-51.19759062483412!3d-23.32716595302967!2m3!1f0!2f0!3f0!3m2!1i1024!2i768!4f13.1!3m3!1m2!1s0x94eb5ca40028e819%3A0xdb58539f5eea96a5!2sCOM%20-%20Coordenadoria%20de%20Comunica%C3%A7%C3%A3o%20Social!5e0!3m2!1spt-BR!2sbr!4v1759867434522!5m2!1spt-BR!2sbr\" width=\"600\" height=\"300\" style=\"border:0;\" allowfullscreen=\"\" loading=\"lazy\" referrerpolicy=\"no-referrer-when-downgrade\"><\/iframe>\n<\/div>\n<\/div>\n\n\n\n<div style=\"height:35px\" aria-hidden=\"true\" class=\"wp-block-spacer\"><\/div>\n\n\n\n<div class=\"wp-block-columns is-layout-flex wp-container-core-columns-is-layout-9d6595d7 wp-block-columns-is-layout-flex\">\n<div class=\"wp-block-column is-layout-flow wp-block-column-is-layout-flow\">\n<div class=\"wp-block-group is-vertical is-layout-flex wp-container-core-group-is-layout-8cf370e7 wp-block-group-is-layout-flex\">\n<p><strong>Divis\u00e3o de Jornalismo <\/strong>&nbsp;<\/p>\n\n\n\n<p>Telefones:<strong> <\/strong>(43) 3371-4531<\/p>\n\n\n\n<p>E-mail: <a href=\"mailto:noticia@uel.br\">noticia@uel.br<\/a><\/p>\n<\/div>\n<\/div>\n\n\n\n<div class=\"wp-block-column is-layout-flow wp-block-column-is-layout-flow\">\n<div class=\"wp-block-group is-vertical is-layout-flex wp-container-core-group-is-layout-8cf370e7 wp-block-group-is-layout-flex\">\n<p><strong>Divis\u00e3o de Rela\u00e7\u00f5es P\u00fablicas \/ Cerimonial&nbsp;&nbsp;<\/strong><\/p>\n\n\n\n<p>Telefones: (43) 3371-4115<\/p>\n\n\n\n<p>E-mail<strong>: <\/strong><a href=\"mailto:cerimonial@uel.br\">cerimonial@uel.br<\/a><\/p>\n<\/div>\n<\/div>\n<\/div>\n\n\n\n<div class=\"wp-block-columns is-layout-flex wp-container-core-columns-is-layout-9d6595d7 wp-block-columns-is-layout-flex\">\n<div class=\"wp-block-column is-layout-flow wp-block-column-is-layout-flow\">\n<div class=\"wp-block-group is-vertical is-layout-flex wp-container-core-group-is-layout-8cf370e7 wp-block-group-is-layout-flex\">\n<p><strong>Divis\u00e3o de Produ\u00e7\u00e3o em M\u00eddia (ComunicaUEL)&nbsp;<\/strong><\/p>\n\n\n\n<p>Telefones: (43) 3371-4331<\/p>\n\n\n\n<p>E-mail: <a href=\"mailto:comunica@uel.br\">comunica@uel.br<\/a><\/p>\n<\/div>\n<\/div>\n\n\n\n<div class=\"wp-block-column is-layout-flow wp-block-column-is-layout-flow\">\n<div class=\"wp-block-group is-vertical is-layout-flex wp-container-core-group-is-layout-8cf370e7 wp-block-group-is-layout-flex\">\n<p><strong>Dire\u00e7\u00e3o Gr\u00e1fica <\/strong>&nbsp;<\/p>\n\n\n\n<p>Telefones: (43) 3371-4557<\/p>\n\n\n\n<p>E-mail: <a href=\"mailto:grafica@uel.br\">grafica@uel.br<\/a>&nbsp;<\/p>\n<\/div>\n<\/div>\n<\/div>\n\n\n\n<div class=\"wp-block-group is-vertical is-layout-flex wp-container-core-group-is-layout-8cf370e7 wp-block-group-is-layout-flex\">\n<p><strong>Suporte a Sites<\/strong><\/p>\n\n\n\n<p>Telefones: (43) 3371-4706&nbsp;<\/p>\n\n\n\n<p>E-mail: <a href=\"mailto:suportesites@uel.br\" target=\"_blank\" rel=\"noreferrer noopener\">suportesites@uel.br<\/a> <\/p>\n\n\n\n<p><\/p>\n<\/div>\n","protected":false},"excerpt":{"rendered":"<p>Dias da Semana:Segunda \u00e0 Sexta Hor\u00e1rios:08h:00 \u00e0s 12h:00 e das 13h:00 \u00e0s 18h:00 Local:Rodovia Celso Garcia Cid, PR-445, Km 380 \u2013 Campus Universit\u00e1rio, Londrina \u2013 PR, 86057-970 Divis\u00e3o de Jornalismo &nbsp; Telefones: (43) 3371-4531 E-mail: noticia@uel.br Divis\u00e3o de Rela\u00e7\u00f5es P\u00fablicas \/ Cerimonial&nbsp;&nbsp; Telefones: (43) 3371-4115 E-mail: cerimonial@uel.br Divis\u00e3o de Produ\u00e7\u00e3o em M\u00eddia (ComunicaUEL)&nbsp; Telefones: (43) [&hellip;]<\/p>\n","protected":false},"author":10,"featured_media":0,"parent":0,"menu_order":0,"comment_status":"closed","ping_status":"closed","template":"","meta":{"_acf_changed":false,"_themeisle_gutenberg_block_has_review":false,"footnotes":""},"class_list":["post-76","page","type-page","status-publish","hentry"],"acf":[],"_links":{"self":[{"href":"https:\/\/sites.uel.br\/com\/wp-json\/wp\/v2\/pages\/76","targetHints":{"allow":["GET"]}}],"collection":[{"href":"https:\/\/sites.uel.br\/com\/wp-json\/wp\/v2\/pages"}],"about":[{"href":"https:\/\/sites.uel.br\/com\/wp-json\/wp\/v2\/types\/page"}],"author":[{"embeddable":true,"href":"https:\/\/sites.uel.br\/com\/wp-json\/wp\/v2\/users\/10"}],"replies":[{"embeddable":true,"href":"https:\/\/sites.uel.br\/com\/wp-json\/wp\/v2\/comments?post=76"}],"version-history":[{"count":30,"href":"https:\/\/sites.uel.br\/com\/wp-json\/wp\/v2\/pages\/76\/revisions"}],"predecessor-version":[{"id":1322,"href":"https:\/\/sites.uel.br\/com\/wp-json\/wp\/v2\/pages\/76\/revisions\/1322"}],"wp:attachment":[{"href":"https:\/\/sites.uel.br\/com\/wp-json\/wp\/v2\/media?parent=76"}],"curies":[{"name":"wp","href":"https:\/\/api.w.org\/{rel}","templated":true}]}}