{"id":574,"date":"2025-09-03T15:35:54","date_gmt":"2025-09-03T18:35:54","guid":{"rendered":"https:\/\/sites.uel.br\/com\/?page_id=574"},"modified":"2025-11-04T14:16:25","modified_gmt":"2025-11-04T17:16:25","slug":"formaturas","status":"publish","type":"page","link":"https:\/\/sites.uel.br\/com\/relacoes-publicas\/formaturas\/","title":{"rendered":"Formaturas"},"content":{"rendered":"\n<div style=\"height:15px\" aria-hidden=\"true\" class=\"wp-block-spacer\"><\/div>\n\n\n\n<div class=\"wp-block-columns is-layout-flex wp-container-core-columns-is-layout-9d6595d7 wp-block-columns-is-layout-flex\">\n<div class=\"wp-block-column is-layout-flow wp-block-column-is-layout-flow\">\n<figure class=\"wp-block-image size-large\"><img loading=\"lazy\" decoding=\"async\" width=\"1024\" height=\"683\" src=\"https:\/\/sites.uel.br\/com\/wp-content\/uploads\/2025\/09\/10.04.2025_42-1024x683.jpg\" alt=\"\" class=\"wp-image-597\" srcset=\"https:\/\/sites.uel.br\/com\/wp-content\/uploads\/2025\/09\/10.04.2025_42-1024x683.jpg 1024w, https:\/\/sites.uel.br\/com\/wp-content\/uploads\/2025\/09\/10.04.2025_42-300x200.jpg 300w, https:\/\/sites.uel.br\/com\/wp-content\/uploads\/2025\/09\/10.04.2025_42-768x512.jpg 768w, https:\/\/sites.uel.br\/com\/wp-content\/uploads\/2025\/09\/10.04.2025_42-1536x1024.jpg 1536w, https:\/\/sites.uel.br\/com\/wp-content\/uploads\/2025\/09\/10.04.2025_42-2048x1365.jpg 2048w\" sizes=\"auto, (max-width: 1024px) 100vw, 1024px\" \/><\/figure>\n<\/div>\n\n\n\n<div class=\"wp-block-column is-layout-flow wp-block-column-is-layout-flow\">\n<figure class=\"wp-block-image size-large\"><img loading=\"lazy\" decoding=\"async\" width=\"1024\" height=\"683\" src=\"https:\/\/sites.uel.br\/com\/wp-content\/uploads\/2025\/09\/11.04.2025-1024x683.jpg\" alt=\"\" class=\"wp-image-598\" srcset=\"https:\/\/sites.uel.br\/com\/wp-content\/uploads\/2025\/09\/11.04.2025-1024x683.jpg 1024w, https:\/\/sites.uel.br\/com\/wp-content\/uploads\/2025\/09\/11.04.2025-300x200.jpg 300w, https:\/\/sites.uel.br\/com\/wp-content\/uploads\/2025\/09\/11.04.2025-768x512.jpg 768w, https:\/\/sites.uel.br\/com\/wp-content\/uploads\/2025\/09\/11.04.2025-1536x1024.jpg 1536w, https:\/\/sites.uel.br\/com\/wp-content\/uploads\/2025\/09\/11.04.2025-2048x1365.jpg 2048w\" sizes=\"auto, (max-width: 1024px) 100vw, 1024px\" \/><\/figure>\n<\/div>\n\n\n\n<div class=\"wp-block-column is-layout-flow wp-block-column-is-layout-flow\">\n<figure class=\"wp-block-image size-large\"><img loading=\"lazy\" decoding=\"async\" width=\"1024\" height=\"683\" src=\"https:\/\/sites.uel.br\/com\/wp-content\/uploads\/2025\/09\/10.04.2025_1-1-1024x683.jpg\" alt=\"\" class=\"wp-image-602\" srcset=\"https:\/\/sites.uel.br\/com\/wp-content\/uploads\/2025\/09\/10.04.2025_1-1-1024x683.jpg 1024w, https:\/\/sites.uel.br\/com\/wp-content\/uploads\/2025\/09\/10.04.2025_1-1-300x200.jpg 300w, https:\/\/sites.uel.br\/com\/wp-content\/uploads\/2025\/09\/10.04.2025_1-1-768x512.jpg 768w, https:\/\/sites.uel.br\/com\/wp-content\/uploads\/2025\/09\/10.04.2025_1-1-1536x1024.jpg 1536w, https:\/\/sites.uel.br\/com\/wp-content\/uploads\/2025\/09\/10.04.2025_1-1-2048x1365.jpg 2048w\" sizes=\"auto, (max-width: 1024px) 100vw, 1024px\" \/><\/figure>\n<\/div>\n<\/div>\n\n\n\n<p>A formatura ou cola\u00e7\u00e3o de grau \u00e9 um ato oficial que marca o t\u00e9rmino do curso de gradua\u00e7\u00e3o, realizado em data definida pelo Conselho de Ensino, Pesquisa e Extens\u00e3o (CEPE) e divulgado pela Pr\u00f3-Reitoria de Gradua\u00e7\u00e3o (Prograd). Trata-se de um ato solene, p\u00fablico e de car\u00e1ter obrigat\u00f3rio, que \u00e9 presidido pela Reitoria da UEL ou por uma autoridade designada pela Reitoria. Na UEL, as solenidades de cola\u00e7\u00e3o de grau s\u00f3 acontecem para os concluintes de curso que tiverem cumprido integralmente, com aprova\u00e7\u00e3o, a totalidade do curr\u00edculo pleno do curso de gradua\u00e7\u00e3o. <strong>O n\u00e3o cumprimento de qualquer dos requisitos, torna o aluno inapto a participar do ato de formatura.<\/strong><\/p>\n\n\n\n<p>A Coordenadoria de Comunica\u00e7\u00e3o Social \u00e9 respons\u00e1vel pela <strong>organiza\u00e7\u00e3o e realiza\u00e7\u00e3o do evento<\/strong>, incluindo espa\u00e7o f\u00edsico com o Gabinete da Reitoria, decora\u00e7\u00e3o quando houver licita\u00e7\u00e3o para tal, sonoriza\u00e7\u00e3o com a contra partida da Prefeitura do Campus Universit\u00e1rio\/Diretoria de Equipamentos, cerimonial, envio de convite \u00e0s autoridades, orienta\u00e7\u00e3o aos representantes de turma e condu\u00e7\u00e3o da cerim\u00f4nia. Qualquer d\u00favida de cunho <strong>acad\u00eamico <\/strong>deve ser resolvida diretamente com a Pr\u00f3-Reitoria de Gradua\u00e7\u00e3o.<\/p>\n\n\n\n<div style=\"height:15px\" aria-hidden=\"true\" class=\"wp-block-spacer\"><\/div>\n\n\n\n<h3 class=\"wp-block-heading\">Perguntas Frequentes:<\/h3>\n\n\n\n<div id=\"wp-block-themeisle-blocks-accordion-b0792f85\" class=\"wp-block-themeisle-blocks-accordion exclusive\">\n<details class=\"wp-block-themeisle-blocks-accordion-item\"><summary class=\"wp-block-themeisle-blocks-accordion-item__title\"><div><strong>Quais s\u00e3o as modalidades de cola\u00e7\u00e3o de grau?<\/strong><\/div><\/summary><div class=\"wp-block-themeisle-blocks-accordion-item__content\">\n<p><strong>Cola\u00e7\u00e3o de Grau Coletiva: <\/strong>\u00c9 a cerim\u00f4nia que ocorre ao final de cada per\u00edodo letivo, sem custos adicionais ao estudante. A data desta cerim\u00f4nia est\u00e1 prevista em calend\u00e1rio acad\u00eamico. A participa\u00e7\u00e3o na cerim\u00f4nia \u00e9 obrigat\u00f3ria a todos os alunos que conclu\u00edrem o curso de gradua\u00e7\u00e3o.<\/p>\n\n\n\n<p><strong>Cola\u00e7\u00e3o de Grau Especial:<\/strong> Em eventual excepcionalidade (doen\u00e7a, proposta de emprego, viagem \u00e0 servi\u00e7o), no caso da impossibilidade de participa\u00e7\u00e3o na sess\u00e3o Cola\u00e7\u00e3o de Grau coletiva, o formando dever\u00e1 solicitar sua outorga de grau especial \u00e0 Pr\u00f3-Reitoria de Gradua\u00e7\u00e3o, justificando sua aus\u00eancia. H\u00e1 a cobran\u00e7a de uma taxa para o agendamento desta cerim\u00f4nia.<\/p>\n\n\n\n<p><strong>Cola\u00e7\u00e3o de Grau Antecipada:<\/strong> Para requerer Cola\u00e7\u00e3o de Grau antecipada junto \u00e0 PROGRAD, o graduando deve aguardar as notas do \u00faltimo semestre e com base na&nbsp;<a href=\"https:\/\/sites.uel.br\/prograd\/wp-content\/uploads\/documentos\/resolucoes\/2007\/resolucao_140_07.pdf\" target=\"_blank\" rel=\"noreferrer noopener\">Resolu\u00e7\u00e3o CU n\u00ba 0140\/2007<\/a>, atender o disposto no Art. 10.<\/p>\n<\/div><\/details>\n\n\n\n<details class=\"wp-block-themeisle-blocks-accordion-item\"><summary class=\"wp-block-themeisle-blocks-accordion-item__title\"><div><strong>A cola\u00e7\u00e3o de grau \u00e9 presencial?<\/strong><\/div><\/summary><div class=\"wp-block-themeisle-blocks-accordion-item__content\">\n<p>Sim. A solenidade de Cola\u00e7\u00e3o de Grau \u00e9 presencial e acontece em Londrina.<\/p>\n<\/div><\/details>\n\n\n\n<details class=\"wp-block-themeisle-blocks-accordion-item\"><summary class=\"wp-block-themeisle-blocks-accordion-item__title\"><div><strong>Quais as responsabilidades do representante de turma?<\/strong><\/div><\/summary><div class=\"wp-block-themeisle-blocks-accordion-item__content\">\n<p>Ap\u00f3s reuni\u00e3o realizada pela Divis\u00e3o de Rela\u00e7\u00f5es P\u00fablicas, cada turma apta a colar grau deve indicar ao Cerimonial um representante de turma titular e suplente. Estes ser\u00e3o respons\u00e1veis por:<\/p>\n\n\n\n<p>\u2022 Manter informados os estudantes de seu curso sobre as provid\u00eancias relativas \u00e0 cerim\u00f4nia;<br>\u2022 Participar das reuni\u00f5es agendadas com a Divis\u00e3o de Rela\u00e7\u00f5es P\u00fablicas e a Pr\u00f3-Reitoria de Gradua\u00e7\u00e3o;<br>\u2022 Manter a comunica\u00e7\u00e3o com os homenageados de turma (Nome de Turma, Patrono, Paraninfo, Orador e Juramentista);<br>\u2022 Informar ao Cerimonial a contrata\u00e7\u00e3o de empresa para Fotografia e Filmagem, caso tenha;<br>\u2022 Auxiliar na organiza\u00e7\u00e3o da fila da entrada de sua turma, juntamente com a PROGRAD.<\/p>\n<\/div><\/details>\n\n\n\n<details class=\"wp-block-themeisle-blocks-accordion-item\"><summary class=\"wp-block-themeisle-blocks-accordion-item__title\"><div><strong>Quem s\u00e3o os homenageados de turma?<\/strong><\/div><\/summary><div class=\"wp-block-themeisle-blocks-accordion-item__content\">\n<p>Cada turma dever\u00e1 indicar um trio de pessoas a serem homenageadas durante a cerim\u00f4nia, sendo elas figuras inspiradoras para os formandos. Em todos os casos, a indica\u00e7\u00e3o deve ser uma pessoa f\u00edsica (em vida ou <em>in memoriam<\/em>).<\/p>\n\n\n\n<p><strong>Nome de Turma:<\/strong> \u00e9 uma figura que inspira ou que serve como um exemplo para a turma, \u00e9 um professor ou profissional da \u00e1rea que a turma se identifica.<\/p>\n\n\n\n<p><strong>Patrono:<\/strong> \u00e9 uma figura profissional de destaque pelo saber na \u00e1rea de forma\u00e7\u00e3o, \u00e9 uma refer\u00eancia profissional.<\/p>\n\n\n\n<p><strong>Paraninfo: <\/strong>\u00e9 uma figura que a turma escolhe como padrinho da turma, com quem desenvolveram um v\u00ednculo forte durante o curso.&nbsp;<\/p>\n\n\n\n<p>O Paraninfo da turma tamb\u00e9m pode concorrer \u00e0 Paraninfo Geral da sess\u00e3o, caso tenha interesse, em que discursar\u00e1 em nome dos demais Paraninfos presentes na cerim\u00f4nia, incluindo todos os cursos.<\/p>\n<\/div><\/details>\n\n\n\n<details class=\"wp-block-themeisle-blocks-accordion-item\"><summary class=\"wp-block-themeisle-blocks-accordion-item__title\"><div><strong>Qual a diferen\u00e7a entre Orador Geral e Juramentista?<\/strong><\/div><\/summary><div class=\"wp-block-themeisle-blocks-accordion-item__content\">\n<p>O <strong>Orador Geral <\/strong>\u00e9 um formando respons\u00e1vel por elaborar e, junto \u00e0 tribuna, proferir discurso em nome de todos os cursos. Em geral, o discurso aborda as principais mem\u00f3rias da turma durante sua trajet\u00f3ria na gradua\u00e7\u00e3o. O discurso deve ter dura\u00e7\u00e3o de at\u00e9 5 minutos.<\/p>\n\n\n\n<p>O <strong>Juramentista<\/strong> \u00e9 o formando respons\u00e1vel para, junto \u00e0 tribuna e com a m\u00e3o direita levantada, ler o juramento pausadamente. Os demais formandos, que dever\u00e3o estar em p\u00e9, tamb\u00e9m com a m\u00e3o direita levantada, repetir\u00e3o suas falas. O texto do juramento \u00e9 padr\u00e3o e n\u00e3o deve sofrer altera\u00e7\u00f5es, o qual ser\u00e1 fornecido na hora do juramento na tribuna.<\/p>\n\n\n\n<p>*O representante de turma fica respons\u00e1vel por verificar quais alunos de sua sala tem interesse em concorrer \u00e0 cada fun\u00e7\u00e3o acima citada e informar ao Cerimonial para que, posteriormente, seja realizado um sorteio entre todos os cursos participantes da cerim\u00f4nia.<\/p>\n<\/div><\/details>\n\n\n\n<details class=\"wp-block-themeisle-blocks-accordion-item\"><summary class=\"wp-block-themeisle-blocks-accordion-item__title\"><div><strong>Qual a sequ\u00eancia de ritos da cerim\u00f4nia de cola\u00e7\u00e3o de grau?<\/strong><\/div><\/summary><div class=\"wp-block-themeisle-blocks-accordion-item__content\">\n<p>Os atos protocolares obrigat\u00f3rios da cerim\u00f4nia s\u00e3o:<\/p>\n\n\n\n<div class=\"wp-block-group is-vertical is-layout-flex wp-container-core-group-is-layout-8cf370e7 wp-block-group-is-layout-flex\">\n<p>1. Entrada do(a) Reitor(a), Conselho Universit\u00e1rio e Autoridades;<\/p>\n\n\n\n<p>2. Entrada dos formandos acompanhados de seus homenageados de turma;<\/p>\n\n\n\n<p>3. Abertura da sess\u00e3o solene pelo(a) Reitor(a);<\/p>\n\n\n\n<p>4. Execu\u00e7\u00e3o do Hino Nacional;<\/p>\n\n\n\n<p>5. Homenagem P\u00f3stuma;<\/p>\n\n\n\n<p>6. Juramento;<\/p>\n\n\n\n<p>7. Outorga coletiva de grau pelo(a) Reitor(a);<\/p>\n\n\n\n<p>8. Sauda\u00e7\u00e3o ind\u00edgena solicitada pela Comiss\u00e3o Universidade para os Ind\u00edgenas da UEL(CUIA), autorizada pela Reitoria;<\/p>\n\n\n\n<p>9. Pronunciamento do Orador Geral dos Formandos;<\/p>\n\n\n\n<p>10. Pronunciamento do Paraninfo Geral dos Formandos;<\/p>\n\n\n\n<p>11. Pronunciamento do(a) Reitor(a);<\/p>\n\n\n\n<p>12. Entrega dos certificados de Honra ao M\u00e9rito aos formandos que obtiveram a melhor m\u00e9dia de cada curso;<\/p>\n\n\n\n<p>13. Agradecimentos;<\/p>\n\n\n\n<p>14. Encerramento da sess\u00e3o solene pelo(a) Reitor(a).<\/p>\n<\/div>\n<\/div><\/details>\n\n\n\n<details class=\"wp-block-themeisle-blocks-accordion-item\"><summary class=\"wp-block-themeisle-blocks-accordion-item__title\"><div><strong>O uso de beca \u00e9 obrigat\u00f3rio?<\/strong><\/div><\/summary><div class=\"wp-block-themeisle-blocks-accordion-item__content\">\n<p>A UEL n\u00e3o obriga o uso de beca. Caso o formando opte por utilizar, o aluguel do traje e a escolha da cor da faixa fica a crit\u00e9rio do formando.<\/p>\n\n\n\n<p>O capelo deve ser usado primeiramente na m\u00e3o. Os formandos entram segurando o capelo na m\u00e3o direita. Ap\u00f3s a Outorga de Grau, o capelo deve ser usado na cabe\u00e7a, com o cord\u00e3o (pingente) posicionado no lado esquerdo. O caimento da faixa dever\u00e1 ficar para o lado esquerdo.<\/p>\n\n\n\n<p>Caso o formando n\u00e3o opte pelo uso de beca, o traje mais apropriado para a ocasi\u00e3o \u00e9 o esporte fino.<\/p>\n<\/div><\/details>\n\n\n\n<details class=\"wp-block-themeisle-blocks-accordion-item\"><summary class=\"wp-block-themeisle-blocks-accordion-item__title\"><div><strong>O que \u00e9 permitido levar na cerim\u00f4nia?<\/strong><\/div><\/summary><div class=\"wp-block-themeisle-blocks-accordion-item__content\">\n<p>\u00c9 permitido que convidados levem faixas, cartazes, banners, bal\u00f5es e afins para serem exibidos da arquibancada.<\/p>\n\n\n\n<p>N\u00e3o \u00e9 permitido  o uso de confete, serpentina, glitter, purpurina ou similares. N\u00e3o \u00e9 permitido o uso de buzinas, apitos, vuvuzelas, instrumentos musicais ou qualquer item que possa produzir constrangimento \u00e0 solenidade. N\u00e3o \u00e9 permitido o uso de espumas e outros materiais que s\u00e3o altamente combust\u00edveis e que podem causar princ\u00edpios de inc\u00eandio e outros acidentes.<\/p>\n\n\n\n<p>N\u00e3o \u00e9 permitido o consumo de bebida alco\u00f3lica nas depend\u00eancias da Universidade e nos locais onde s\u00e3o realizadas as cerim\u00f4nias de cola\u00e7\u00e3o de grau.<\/p>\n<\/div><\/details>\n\n\n\n<details class=\"wp-block-themeisle-blocks-accordion-item\"><summary class=\"wp-block-themeisle-blocks-accordion-item__title\"><div><strong>Contratei fot\u00f3grafo para cola\u00e7\u00e3o, e agora?<\/strong><\/div><\/summary><div class=\"wp-block-themeisle-blocks-accordion-item__content\">\n<p>Os alunos que contratarem empresa de fotografia, devem informar ao representante de turma, os dados da empresa: nome e telefone para contato.<\/p>\n\n\n\n<p>Os crach\u00e1s para permitir a entrada dos fot\u00f3grafos ficam dispon\u00edveis na COM, na semana da formatura, e podem ser retirados pelo representante de turma ou pela pr\u00f3pria empresa.<\/p>\n<\/div><\/details>\n<\/div>\n\n\n\n<p><\/p>\n","protected":false},"excerpt":{"rendered":"<p>A formatura ou cola\u00e7\u00e3o de grau \u00e9 um ato oficial que marca o t\u00e9rmino do curso de gradua\u00e7\u00e3o, realizado em data definida pelo Conselho de Ensino, Pesquisa e Extens\u00e3o (CEPE) e divulgado pela Pr\u00f3-Reitoria de Gradua\u00e7\u00e3o (Prograd). Trata-se de um ato solene, p\u00fablico e de car\u00e1ter obrigat\u00f3rio, que \u00e9 presidido pela Reitoria da UEL ou [&hellip;]<\/p>\n","protected":false},"author":9,"featured_media":0,"parent":60,"menu_order":0,"comment_status":"closed","ping_status":"closed","template":"","meta":{"_acf_changed":false,"_themeisle_gutenberg_block_has_review":false,"footnotes":""},"class_list":["post-574","page","type-page","status-publish","hentry"],"acf":[],"_links":{"self":[{"href":"https:\/\/sites.uel.br\/com\/wp-json\/wp\/v2\/pages\/574","targetHints":{"allow":["GET"]}}],"collection":[{"href":"https:\/\/sites.uel.br\/com\/wp-json\/wp\/v2\/pages"}],"about":[{"href":"https:\/\/sites.uel.br\/com\/wp-json\/wp\/v2\/types\/page"}],"author":[{"embeddable":true,"href":"https:\/\/sites.uel.br\/com\/wp-json\/wp\/v2\/users\/9"}],"replies":[{"embeddable":true,"href":"https:\/\/sites.uel.br\/com\/wp-json\/wp\/v2\/comments?post=574"}],"version-history":[{"count":20,"href":"https:\/\/sites.uel.br\/com\/wp-json\/wp\/v2\/pages\/574\/revisions"}],"predecessor-version":[{"id":1124,"href":"https:\/\/sites.uel.br\/com\/wp-json\/wp\/v2\/pages\/574\/revisions\/1124"}],"up":[{"embeddable":true,"href":"https:\/\/sites.uel.br\/com\/wp-json\/wp\/v2\/pages\/60"}],"wp:attachment":[{"href":"https:\/\/sites.uel.br\/com\/wp-json\/wp\/v2\/media?parent=574"}],"curies":[{"name":"wp","href":"https:\/\/api.w.org\/{rel}","templated":true}]}}