{"id":54,"date":"2025-07-24T11:37:28","date_gmt":"2025-07-24T14:37:28","guid":{"rendered":"https:\/\/sites.uel.br\/com\/?page_id=54"},"modified":"2026-02-03T15:47:00","modified_gmt":"2026-02-03T18:47:00","slug":"equipe","status":"publish","type":"page","link":"https:\/\/sites.uel.br\/com\/apresentacao\/equipe\/","title":{"rendered":"Equipe e Estrutura"},"content":{"rendered":"\n<div style=\"height:40px\" aria-hidden=\"true\" class=\"wp-block-spacer\"><\/div>\n\n\n\n<div class=\"wp-block-columns is-layout-flex wp-container-core-columns-is-layout-9d6595d7 wp-block-columns-is-layout-flex\">\n<div class=\"wp-block-column is-layout-flow wp-block-column-is-layout-flow\" style=\"flex-basis:100%\">\n<div class=\"wp-block-group is-vertical is-layout-flex wp-container-core-group-is-layout-8cf370e7 wp-block-group-is-layout-flex\">\n<p><\/p>\n\n\n\n<p><strong>Coordena\u00e7\u00e3o:<br><\/strong>Beatriz Silv\u00e9rio Botelho (Coordenadora de Comunica\u00e7\u00e3o)<\/p>\n\n\n\n<p><\/p>\n\n\n\n<div class=\"wp-block-group is-vertical is-layout-flex wp-container-core-group-is-layout-8cf370e7 wp-block-group-is-layout-flex\">\n<p><strong>Secret\u00e1ria Executiva:<\/strong><\/p>\n\n\n\n<p>Deise Mari Steiner<\/p>\n\n\n\n<p><\/p>\n<\/div>\n\n\n\n<div class=\"wp-block-group is-vertical is-layout-flex wp-container-core-group-is-layout-8cf370e7 wp-block-group-is-layout-flex\">\n<p><strong>Rela\u00e7\u00f5es P\u00fablicas:<\/strong><\/p>\n\n\n\n<p>Carlos Antonio da Silva Freire (Chefia)<\/p>\n\n\n\n<p><\/p>\n\n\n\n<div class=\"wp-block-group is-vertical is-layout-flex wp-container-core-group-is-layout-8cf370e7 wp-block-group-is-layout-flex\">\n<p><strong>Produ\u00e7\u00e3o em M\u00eddia:<\/strong><\/p>\n\n\n\n<p>Jos\u00e9 de Arimath\u00e9ia (Chefia)<\/p>\n\n\n\n<p>Moacir Ferri<\/p>\n\n\n\n<p><\/p>\n\n\n\n<div class=\"wp-block-group is-vertical is-layout-flex wp-container-core-group-is-layout-8cf370e7 wp-block-group-is-layout-flex\">\n<p><strong>Reda\u00e7\u00e3o\/Jornalistas:<\/strong><\/p>\n\n\n\n<p>Edison Vitoretti<\/p>\n\n\n\n<p>Pedro Luis Livoratti<\/p>\n\n\n\n<p><\/p>\n\n\n\n<p><strong>Assessores Especiais:<\/strong><\/p>\n<\/div>\n<\/div>\n<\/div>\n\n\n\n<p>Andr\u00e9 Luiz Rid\u00e3o<\/p>\n\n\n\n<p>Isadora Munhoz<\/p>\n\n\n\n<p>Raquel Pimentel<\/p>\n<\/div>\n\n\n\n<p><br><strong>Suporte a Sites:<\/strong><br>Deise Mari Steiner<\/p>\n\n\n\n<div class=\"wp-block-group is-vertical is-layout-flex wp-container-core-group-is-layout-8cf370e7 wp-block-group-is-layout-flex\">\n<p><\/p>\n\n\n\n<p><\/p>\n\n\n\n<p><\/p>\n\n\n\n<p><\/p>\n\n\n\n<p><\/p>\n\n\n\n<p><\/p>\n<\/div>\n<\/div>\n<\/div>\n","protected":false},"excerpt":{"rendered":"<p>Coordena\u00e7\u00e3o:Beatriz Silv\u00e9rio Botelho (Coordenadora de Comunica\u00e7\u00e3o) Secret\u00e1ria Executiva: Deise Mari Steiner Rela\u00e7\u00f5es P\u00fablicas: Carlos Antonio da Silva Freire (Chefia) Produ\u00e7\u00e3o em M\u00eddia: Jos\u00e9 de Arimath\u00e9ia (Chefia) Moacir Ferri Reda\u00e7\u00e3o\/Jornalistas: Edison Vitoretti Pedro Luis Livoratti Assessores Especiais: Andr\u00e9 Luiz Rid\u00e3o Isadora Munhoz Raquel Pimentel Suporte a Sites:Deise Mari Steiner<\/p>\n","protected":false},"author":10,"featured_media":0,"parent":280,"menu_order":0,"comment_status":"closed","ping_status":"closed","template":"","meta":{"_acf_changed":false,"_themeisle_gutenberg_block_has_review":false,"footnotes":""},"class_list":["post-54","page","type-page","status-publish","hentry"],"acf":[],"_links":{"self":[{"href":"https:\/\/sites.uel.br\/com\/wp-json\/wp\/v2\/pages\/54","targetHints":{"allow":["GET"]}}],"collection":[{"href":"https:\/\/sites.uel.br\/com\/wp-json\/wp\/v2\/pages"}],"about":[{"href":"https:\/\/sites.uel.br\/com\/wp-json\/wp\/v2\/types\/page"}],"author":[{"embeddable":true,"href":"https:\/\/sites.uel.br\/com\/wp-json\/wp\/v2\/users\/10"}],"replies":[{"embeddable":true,"href":"https:\/\/sites.uel.br\/com\/wp-json\/wp\/v2\/comments?post=54"}],"version-history":[{"count":43,"href":"https:\/\/sites.uel.br\/com\/wp-json\/wp\/v2\/pages\/54\/revisions"}],"predecessor-version":[{"id":1324,"href":"https:\/\/sites.uel.br\/com\/wp-json\/wp\/v2\/pages\/54\/revisions\/1324"}],"up":[{"embeddable":true,"href":"https:\/\/sites.uel.br\/com\/wp-json\/wp\/v2\/pages\/280"}],"wp:attachment":[{"href":"https:\/\/sites.uel.br\/com\/wp-json\/wp\/v2\/media?parent=54"}],"curies":[{"name":"wp","href":"https:\/\/api.w.org\/{rel}","templated":true}]}}