{"id":524,"date":"2025-09-01T16:19:07","date_gmt":"2025-09-01T19:19:07","guid":{"rendered":"https:\/\/sites.uel.br\/com\/?page_id=524"},"modified":"2025-12-15T10:03:02","modified_gmt":"2025-12-15T13:03:02","slug":"atualizacoes","status":"publish","type":"page","link":"https:\/\/sites.uel.br\/com\/sites\/atualizacoes\/","title":{"rendered":"Sites Atualizados"},"content":{"rendered":"\n<div style=\"height:30px\" aria-hidden=\"true\" class=\"wp-block-spacer\"><\/div>\n\n\n\n<p>Confira aqui os sites da UEL que j\u00e1 foram atualizados e acompanhe as melhorias implementadas para aprimorar a experi\u00eancia digital da comunidade acad\u00eamica:<\/p>\n\n\n\n<div style=\"height:25px\" aria-hidden=\"true\" class=\"wp-block-spacer\"><\/div>\n\n\n\n<div id=\"wp-block-themeisle-blocks-accordion-89be385a\" class=\"wp-block-themeisle-blocks-accordion exclusive\">\n<details class=\"wp-block-themeisle-blocks-accordion-item\"><summary class=\"wp-block-themeisle-blocks-accordion-item__title\"><div><strong>Cursos de Gradua\u00e7\u00e3o<\/strong><\/div><\/summary><div class=\"wp-block-themeisle-blocks-accordion-item__content\">\n<p><a href=\"https:\/\/sites.uel.br\/prograd\/cursos-de-graduacao-da-uel\/\">Cursos de Gradua\u00e7\u00e3o UEL<\/a><\/p>\n<\/div><\/details>\n\n\n\n<details class=\"wp-block-themeisle-blocks-accordion-item\"><summary class=\"wp-block-themeisle-blocks-accordion-item__title\"><div><strong> Cursos de P\u00f3s-Gradua\u00e7\u00e3o<\/strong><\/div><\/summary><div class=\"wp-block-themeisle-blocks-accordion-item__content\">\n<div id=\"wp-block-themeisle-blocks-accordion-e213373e\" class=\"wp-block-themeisle-blocks-accordion exclusive\">\n<details class=\"wp-block-themeisle-blocks-accordion-item\"><summary class=\"wp-block-themeisle-blocks-accordion-item__title\"><div><strong>Lato Sensu<\/strong><\/div><\/summary><div class=\"wp-block-themeisle-blocks-accordion-item__content\">\n<p><a href=\"https:\/\/pos.uel.br\/biologiatd\/\">Biologia Tecidual do Desenvolvimento<\/a><\/p>\n\n\n\n<p><a href=\"https:\/\/pos.uel.br\/edufisicabasica\/\">Educa\u00e7\u00e3o F\u00edsica na Educa\u00e7\u00e3o B\u00e1sica<\/a><\/p>\n\n\n\n<p><a href=\"https:\/\/pos.uel.br\/sociologia\/\">Ensino de Sociologia<\/a><\/p>\n\n\n\n<p><a href=\"https:\/\/pos.uel.br\/geneticaaplicada\/\">Gen\u00e9tica Aplicada<\/a><\/p>\n\n\n\n<p><a href=\"https:\/\/pos.uel.br\/linguaportuguesa\/\">L\u00edngua Portuguesa<\/a><\/p>\n\n\n\n<p><a href=\"https:\/\/pos.uel.br\/neurociencias\/\">Neuroci\u00eancias<\/a><\/p>\n\n\n\n<p><a href=\"https:\/\/pos.uel.br\/politicaegestao\/\">Pol\u00edtica e Gest\u00e3o da Educa\u00e7\u00e3o<\/a><\/p>\n<\/div><\/details>\n\n\n\n<details class=\"wp-block-themeisle-blocks-accordion-item\"><summary class=\"wp-block-themeisle-blocks-accordion-item__title\"><div><strong>Stricto Sensu<\/strong><\/div><\/summary><div class=\"wp-block-themeisle-blocks-accordion-item__content\">\n<p><\/p>\n<\/div><\/details>\n<\/div>\n\n\n\n<p class=\"has-text-align-center\">Confira o cat\u00e1logo completo de cursos de P\u00f3s-Gradua\u00e7\u00e3o <a href=\"https:\/\/sites.uel.br\/proppg\/inscricoes\/\" target=\"_blank\" rel=\"noreferrer noopener\">aqui<\/a>.<\/p>\n<\/div><\/details>\n\n\n\n<details class=\"wp-block-themeisle-blocks-accordion-item\"><summary class=\"wp-block-themeisle-blocks-accordion-item__title\"><div><strong>Eventos<\/strong><\/div><\/summary><div class=\"wp-block-themeisle-blocks-accordion-item__content\">\n<p><a href=\"https:\/\/eventos.uel.br\/eaic\/\">Encontro Anual de Inicia\u00e7\u00e3o Cient\u00edfica<\/a><\/p>\n<\/div><\/details>\n\n\n\n<details class=\"wp-block-themeisle-blocks-accordion-item\"><summary class=\"wp-block-themeisle-blocks-accordion-item__title\"><div><strong>Departamentos<\/strong><\/div><\/summary><div class=\"wp-block-themeisle-blocks-accordion-item__content\">\n<div id=\"wp-block-themeisle-blocks-accordion-3b6d768f\" class=\"wp-block-themeisle-blocks-accordion exclusive\">\n<details class=\"wp-block-themeisle-blocks-accordion-item\"><summary class=\"wp-block-themeisle-blocks-accordion-item__title\"><div><strong>Centro de Ci\u00eancias Agr\u00e1rias &#8211; CCA<\/strong><\/div><\/summary><div class=\"wp-block-themeisle-blocks-accordion-item__content\">\n<p><a href=\"https:\/\/departamentos.uel.br\/agronomia\/\">Agronomia<\/a><\/p>\n\n\n\n<p><a href=\"https:\/\/departamentos.uel.br\/ciencia-e-tecnologia-de-alimentos\/\">Ci\u00eancia e Tecnologia de Alimentos<\/a><\/p>\n\n\n\n<p><a href=\"https:\/\/departamentos.uel.br\/clinicas-veterinarias\/\">Cl\u00ednicas Veterin\u00e1rias<\/a><\/p>\n\n\n\n<p><a href=\"https:\/\/departamentos.uel.br\/medicina-veterinaria-preventiva\/\">Medicina Veterin\u00e1ria Preventiva<\/a><\/p>\n\n\n\n<p><a href=\"https:\/\/departamentos.uel.br\/zootecnia\/\">Zootecnia<\/a><\/p>\n<\/div><\/details>\n\n\n\n<details class=\"wp-block-themeisle-blocks-accordion-item\"><summary class=\"wp-block-themeisle-blocks-accordion-item__title\"><div><strong>Centro de Ci\u00eancias Biol\u00f3gicas &#8211; CCB<\/strong><\/div><\/summary><div class=\"wp-block-themeisle-blocks-accordion-item__content\">\n<p><a href=\"https:\/\/departamentos.uel.br\/anatomia\/\">Anatomia<\/a><\/p>\n\n\n\n<p><a href=\"https:\/\/departamentos.uel.br\/biologia-animal-e-vegetal\/\">Biologia Animal e Vegetal<\/a><\/p>\n\n\n\n<p><a href=\"https:\/\/departamentos.uel.br\/biologia-geral\/\">Biologia Geral<\/a><\/p>\n\n\n\n<p><a href=\"https:\/\/departamentos.uel.br\/ciencias-fisiologicas\/\">Ci\u00eancias Fisiol\u00f3gicas<\/a><\/p>\n\n\n\n<p><a href=\"https:\/\/departamentos.uel.br\/ciencias-patologicas\/\">Ci\u00eancias Patol\u00f3gicas<\/a><\/p>\n\n\n\n<p><a href=\"https:\/\/departamentos.uel.br\/histologia\/\">Histologia<\/a><\/p>\n\n\n\n<p><a href=\"https:\/\/departamentos.uel.br\/microbiologia\/\">Microbiologia<\/a><\/p>\n\n\n\n<p><a href=\"https:\/\/departamentos.uel.br\/psicologia-e-psicanalise\/\">Psicologia e Psican\u00e1lise<\/a><\/p>\n\n\n\n<p><a href=\"https:\/\/departamentos.uel.br\/psicologia-e-psicanalise\/\">Psicologia Geral e An\u00e1lise do Comportamento<\/a><\/p>\n\n\n\n<p><a href=\"https:\/\/departamentos.uel.br\/psicologia-social-e-institucional\/\">Psicologia Social e Institucional<\/a><\/p>\n<\/div><\/details>\n\n\n\n<details class=\"wp-block-themeisle-blocks-accordion-item\"><summary class=\"wp-block-themeisle-blocks-accordion-item__title\"><div><strong>Centro de Ci\u00eancias Exatas &#8211; CCE<\/strong><\/div><\/summary><div class=\"wp-block-themeisle-blocks-accordion-item__content\">\n<p><a href=\"https:\/\/departamentos.uel.br\/bioquimica-e-biotecnologia\/\">Bioqu\u00edmica e Biotecnologia<\/a><\/p>\n\n\n\n<p><a href=\"https:\/\/departamentos.uel.br\/computacao\/\">Computa\u00e7\u00e3o<\/a><\/p>\n\n\n\n<p><a href=\"https:\/\/departamentos.uel.br\/estatistica\/\">Estat\u00edstica<\/a><\/p>\n\n\n\n<p><a href=\"https:\/\/departamentos.uel.br\/fisica\/\">F\u00edsica<\/a><\/p>\n\n\n\n<p><a href=\"https:\/\/departamentos.uel.br\/geologia-e-geomatica\/\">Geologia e Geom\u00e1tica<\/a><\/p>\n\n\n\n<p><a href=\"https:\/\/departamentos.uel.br\/matematica\/\">Matem\u00e1tica<\/a><\/p>\n\n\n\n<p><a href=\"https:\/\/departamentos.uel.br\/quimica\/\">Qu\u00edmica<\/a><\/p>\n<\/div><\/details>\n\n\n\n<details class=\"wp-block-themeisle-blocks-accordion-item\"><summary class=\"wp-block-themeisle-blocks-accordion-item__title\"><div><strong>Centro de Ci\u00eancias da Sa\u00fade &#8211; CCS<\/strong><\/div><\/summary><div class=\"wp-block-themeisle-blocks-accordion-item__content\">\n<p><a href=\"https:\/\/departamentos.uel.br\/ciencias-farmaceuticas\/\">Ci\u00eancias Farmac\u00eauticas<\/a><\/p>\n\n\n\n<p><a href=\"https:\/\/departamentos.uel.br\/clinica-cirurgica\/\">Cl\u00ednica Cir\u00fargica<\/a><\/p>\n\n\n\n<p><a href=\"https:\/\/departamentos.uel.br\/clinica-medica\/\">Cl\u00ednica M\u00e9dica<\/a><\/p>\n\n\n\n<p><a href=\"https:\/\/departamentos.uel.br\/enfermagem\/\">Enfermagem<\/a><\/p>\n\n\n\n<p><a href=\"https:\/\/departamentos.uel.br\/fisioterapia\/\">Fisioterapia<\/a><\/p>\n\n\n\n<p><a href=\"https:\/\/departamentos.uel.br\/ginecologia-e-obstetricia\/\">Ginecologia e Obstetr\u00edcia<\/a><\/p>\n\n\n\n<p><a href=\"https:\/\/departamentos.uel.br\/medicina-oral-e-odontologia-infantil\/\">Medicina Oral e Odontologia Infantil<\/a><\/p>\n\n\n\n<p><a href=\"https:\/\/departamentos.uel.br\/odontologia-restauradora\/\">Odontologia Restauradora<\/a><\/p>\n\n\n\n<p><a href=\"https:\/\/departamentos.uel.br\/patologia-analises-clinicas-e-toxicologicas\/\">Patologia, An\u00e1lises Cl\u00ednicas e Toxicol\u00f3gicas<\/a><\/p>\n\n\n\n<p><a href=\"https:\/\/departamentos.uel.br\/pediatria-e-cirurgia-pediatrica\/\">Pediatria e Cirurgia Pedi\u00e1trica<\/a><\/p>\n\n\n\n<p><a href=\"https:\/\/departamentos.uel.br\/saude-coletiva\/\">Sa\u00fade Coletiva<\/a><\/p>\n<\/div><\/details>\n\n\n\n<details class=\"wp-block-themeisle-blocks-accordion-item\"><summary class=\"wp-block-themeisle-blocks-accordion-item__title\"><div><strong>Centro de Educa\u00e7\u00e3o, Comunica\u00e7\u00e3o e Artes &#8211; CECA<\/strong><\/div><\/summary><div class=\"wp-block-themeisle-blocks-accordion-item__content\">\n<p><a href=\"https:\/\/departamentos.uel.br\/arte-visual\/\"> Arte Visual<\/a><\/p>\n\n\n\n<p><a href=\"https:\/\/departamentos.uel.br\/ciencia-da-informacao\/\">Ci\u00eancia da Informa\u00e7\u00e3o<\/a><\/p>\n\n\n\n<p><a href=\"https:\/\/departamentos.uel.br\/comunicacao\/\">Comunica\u00e7\u00e3o<\/a><\/p>\n\n\n\n<p><a href=\"https:\/\/departamentos.uel.br\/design\/\">Design<\/a><\/p>\n\n\n\n<p><a href=\"https:\/\/departamentos.uel.br\/educacao\/\">Educa\u00e7\u00e3o<\/a><\/p>\n\n\n\n<p><a href=\"https:\/\/departamentos.uel.br\/musica-e-teatro\/\">M\u00fasica e Teatro<\/a><\/p>\n<\/div><\/details>\n\n\n\n<details class=\"wp-block-themeisle-blocks-accordion-item\"><summary class=\"wp-block-themeisle-blocks-accordion-item__title\"><div><strong>Centro de Educa\u00e7\u00e3o F\u00edsica e Esporte &#8211; CEFE<\/strong><\/div><\/summary><div class=\"wp-block-themeisle-blocks-accordion-item__content\">\n<p><a href=\"https:\/\/departamentos.uel.br\/ciencias-do-esporte\/\">Ci\u00eancias do Esporte<\/a><\/p>\n\n\n\n<p><a href=\"https:\/\/departamentos.uel.br\/educacao-fisica\/\">Educa\u00e7\u00e3o F\u00edsica<\/a><\/p>\n\n\n\n<p><a href=\"https:\/\/departamentos.uel.br\/estudo-do-movimento-humano\/\">Estudo do Movimento Humano<\/a><\/p>\n<\/div><\/details>\n\n\n\n<details class=\"wp-block-themeisle-blocks-accordion-item\"><summary class=\"wp-block-themeisle-blocks-accordion-item__title\"><div><strong>Centro de Estudos Sociais Aplicados &#8211; CESA<\/strong><\/div><\/summary><div class=\"wp-block-themeisle-blocks-accordion-item__content\">\n<p><a href=\"https:\/\/departamentos.uel.br\/administracao\/\">Administra\u00e7\u00e3o<\/a><\/p>\n\n\n\n<p><a href=\"https:\/\/departamentos.uel.br\/ciencias-contabeis\/\">Ci\u00eancias Cont\u00e1beis<\/a><\/p>\n\n\n\n<p><a href=\"https:\/\/departamentos.uel.br\/direito-privado\/\">Direito Privado<\/a><\/p>\n\n\n\n<p><a href=\"https:\/\/departamentos.uel.br\/direito-publico\/\">Direito P\u00fablico<\/a><\/p>\n\n\n\n<p><a href=\"https:\/\/departamentos.uel.br\/economia\/\">Economia<\/a><\/p>\n\n\n\n<p><a href=\"https:\/\/departamentos.uel.br\/servico-social\/\">Servi\u00e7o Social<\/a><\/p>\n<\/div><\/details>\n\n\n\n<details class=\"wp-block-themeisle-blocks-accordion-item\"><summary class=\"wp-block-themeisle-blocks-accordion-item__title\"><div><strong>Centro de Letras e Ci\u00eancias Humanas &#8211; CLCH<\/strong><\/div><\/summary><div class=\"wp-block-themeisle-blocks-accordion-item__content\">\n<p><a href=\"https:\/\/departamentos.uel.br\/ciencias-sociais\/\">Ci\u00eancias Sociais<\/a><\/p>\n\n\n\n<p><a href=\"https:\/\/departamentos.uel.br\/filosofia\/\">Filosofia<\/a><\/p>\n\n\n\n<p><a href=\"https:\/\/departamentos.uel.br\/historia\/\">Hist\u00f3ria<\/a><\/p>\n\n\n\n<p><a href=\"https:\/\/departamentos.uel.br\/letras-estrangeiras-modernas\/\">Letras Estrangeiras Modernas<\/a><\/p>\n\n\n\n<p><a href=\"https:\/\/departamentos.uel.br\/letras-vernaculas-e-classicas\/\">Letras Vern\u00e1culas e Cl\u00e1ssicas<\/a><\/p>\n<\/div><\/details>\n\n\n\n<details class=\"wp-block-themeisle-blocks-accordion-item\"><summary class=\"wp-block-themeisle-blocks-accordion-item__title\"><div><strong>Centro de Tecnologia e Urbanismo &#8211; CTU<\/strong><\/div><\/summary><div class=\"wp-block-themeisle-blocks-accordion-item__content\">\n<p><a href=\"https:\/\/departamentos.uel.br\/arquitetura-e-urbanismo\/\">Arquitetura e Urbanismo<\/a><\/p>\n\n\n\n<p><a href=\"https:\/\/departamentos.uel.br\/construcao-civil\/\">Constru\u00e7\u00e3o Civil<\/a><\/p>\n\n\n\n<p><a href=\"https:\/\/departamentos.uel.br\/engenharia-eletrica\/\">Engenharia El\u00e9trica<\/a><\/p>\n\n\n\n<p><a href=\"https:\/\/departamentos.uel.br\/estruturas\/\">Estruturas<\/a><\/p>\n<\/div><\/details>\n<\/div>\n\n\n\n<h3 class=\"wp-block-heading\"><\/h3>\n<\/div><\/details>\n\n\n\n<details class=\"wp-block-themeisle-blocks-accordion-item\"><summary class=\"wp-block-themeisle-blocks-accordion-item__title\"><div><strong>N\u00facleos<\/strong><\/div><\/summary><div class=\"wp-block-themeisle-blocks-accordion-item__content\">\n<p><a href=\"https:\/\/sites.uel.br\/nac\/\">N\u00facleo de Acessibilidade da UEL<\/a><\/p>\n\n\n\n<p><a href=\"https:\/\/sites.uel.br\/nucleo-de-integridade-e-compliance\/\">N\u00facleo de Integridade e Compliance<\/a><\/p>\n<\/div><\/details>\n\n\n\n<details class=\"wp-block-themeisle-blocks-accordion-item\"><summary class=\"wp-block-themeisle-blocks-accordion-item__title\"><div><strong>Programas<\/strong><\/div><\/summary><div class=\"wp-block-themeisle-blocks-accordion-item__content\">\n<p><a href=\"https:\/\/sites.uel.br\/prope\/\">Programa de Apoio \u00e0 Perman\u00eancia<\/a><\/p>\n<\/div><\/details>\n<\/div>\n\n\n\n<p class=\"has-text-align-right\">Atualizados at\u00e9 07\/10\/2025<\/p>\n\n\n\n<p><\/p>\n","protected":false},"excerpt":{"rendered":"<p>Confira aqui os sites da UEL que j\u00e1 foram atualizados e acompanhe as melhorias implementadas para aprimorar a experi\u00eancia digital da comunidade acad\u00eamica: Atualizados at\u00e9 07\/10\/2025<\/p>\n","protected":false},"author":10,"featured_media":0,"parent":1308,"menu_order":0,"comment_status":"closed","ping_status":"closed","template":"","meta":{"_acf_changed":false,"_themeisle_gutenberg_block_has_review":false,"footnotes":""},"class_list":["post-524","page","type-page","status-publish","hentry"],"acf":[],"_links":{"self":[{"href":"https:\/\/sites.uel.br\/com\/wp-json\/wp\/v2\/pages\/524","targetHints":{"allow":["GET"]}}],"collection":[{"href":"https:\/\/sites.uel.br\/com\/wp-json\/wp\/v2\/pages"}],"about":[{"href":"https:\/\/sites.uel.br\/com\/wp-json\/wp\/v2\/types\/page"}],"author":[{"embeddable":true,"href":"https:\/\/sites.uel.br\/com\/wp-json\/wp\/v2\/users\/10"}],"replies":[{"embeddable":true,"href":"https:\/\/sites.uel.br\/com\/wp-json\/wp\/v2\/comments?post=524"}],"version-history":[{"count":46,"href":"https:\/\/sites.uel.br\/com\/wp-json\/wp\/v2\/pages\/524\/revisions"}],"predecessor-version":[{"id":901,"href":"https:\/\/sites.uel.br\/com\/wp-json\/wp\/v2\/pages\/524\/revisions\/901"}],"up":[{"embeddable":true,"href":"https:\/\/sites.uel.br\/com\/wp-json\/wp\/v2\/pages\/1308"}],"wp:attachment":[{"href":"https:\/\/sites.uel.br\/com\/wp-json\/wp\/v2\/media?parent=524"}],"curies":[{"name":"wp","href":"https:\/\/api.w.org\/{rel}","templated":true}]}}