{"id":512,"date":"2025-09-01T15:08:00","date_gmt":"2025-09-01T18:08:00","guid":{"rendered":"https:\/\/sites.uel.br\/com\/?page_id=512"},"modified":"2025-12-15T10:02:42","modified_gmt":"2025-12-15T13:02:42","slug":"tutoriais-sites","status":"publish","type":"page","link":"https:\/\/sites.uel.br\/com\/sites\/tutoriais-sites\/","title":{"rendered":"Tutoriais Sites"},"content":{"rendered":"\n<div style=\"height:30px\" aria-hidden=\"true\" class=\"wp-block-spacer\"><\/div>\n\n\n\n<h3 class=\"wp-block-heading\"><\/h3>\n\n\n\n<p>Para auxiliar os respons\u00e1veis pela manuten\u00e7\u00e3o dos sites da UEL, a Suporte a Sites re\u00fane aqui materiais de treinamento. Acesse os tutoriais abaixo:<\/p>\n\n\n\n<div style=\"height:30px\" aria-hidden=\"true\" class=\"wp-block-spacer\"><\/div>\n\n\n\n<div class=\"wp-block-columns is-layout-flex wp-container-core-columns-is-layout-9d6595d7 wp-block-columns-is-layout-flex\">\n<div class=\"wp-block-column is-layout-flow wp-block-column-is-layout-flow\">\n<figure class=\"wp-block-embed is-type-video is-provider-youtube wp-block-embed-youtube wp-embed-aspect-16-9 wp-has-aspect-ratio\"><div class=\"wp-block-embed__wrapper\">\n<iframe loading=\"lazy\" title=\"Tutorial 1 - Edi\u00e7\u00e3o do site da UEL - Como fazer o login\" width=\"500\" height=\"281\" src=\"https:\/\/www.youtube.com\/embed\/S07_-ZxSN7Q?list=PLnSStkzZOuWl2fSxwa_KVEwL9Ru1X5ZHo\" frameborder=\"0\" allow=\"accelerometer; autoplay; clipboard-write; encrypted-media; gyroscope; picture-in-picture; web-share\" referrerpolicy=\"strict-origin-when-cross-origin\" allowfullscreen><\/iframe>\n<\/div><\/figure>\n<\/div>\n\n\n\n<div class=\"wp-block-column is-layout-flow wp-block-column-is-layout-flow\">\n<figure class=\"wp-block-embed is-type-video is-provider-youtube wp-block-embed-youtube wp-embed-aspect-16-9 wp-has-aspect-ratio\"><div class=\"wp-block-embed__wrapper\">\n<iframe loading=\"lazy\" title=\"Tutorial 2 - Edi\u00e7\u00e3o do site da UEL - Como criar uma p\u00e1gina b\u00e1sica\" width=\"500\" height=\"281\" src=\"https:\/\/www.youtube.com\/embed\/05kCrkxLuiQ?list=PLnSStkzZOuWl2fSxwa_KVEwL9Ru1X5ZHo\" frameborder=\"0\" allow=\"accelerometer; autoplay; clipboard-write; encrypted-media; gyroscope; picture-in-picture; web-share\" referrerpolicy=\"strict-origin-when-cross-origin\" allowfullscreen><\/iframe>\n<\/div><\/figure>\n<\/div>\n\n\n\n<div class=\"wp-block-column is-layout-flow wp-block-column-is-layout-flow\">\n<figure class=\"wp-block-embed is-type-video is-provider-youtube wp-block-embed-youtube wp-embed-aspect-16-9 wp-has-aspect-ratio\"><div class=\"wp-block-embed__wrapper\">\n<iframe loading=\"lazy\" title=\"Tutorial 3 - Edi\u00e7\u00e3o do site da UEL - Como editar o menu e submenu\" width=\"500\" height=\"281\" src=\"https:\/\/www.youtube.com\/embed\/nzoZwNgshdU?list=PLnSStkzZOuWl2fSxwa_KVEwL9Ru1X5ZHo\" frameborder=\"0\" allow=\"accelerometer; autoplay; clipboard-write; encrypted-media; gyroscope; picture-in-picture; web-share\" referrerpolicy=\"strict-origin-when-cross-origin\" allowfullscreen><\/iframe>\n<\/div><\/figure>\n<\/div>\n<\/div>\n\n\n\n<div class=\"wp-block-columns is-layout-flex wp-container-core-columns-is-layout-9d6595d7 wp-block-columns-is-layout-flex\">\n<div class=\"wp-block-column is-layout-flow wp-block-column-is-layout-flow\">\n<figure class=\"wp-block-embed is-type-video is-provider-youtube wp-block-embed-youtube wp-embed-aspect-16-9 wp-has-aspect-ratio\"><div class=\"wp-block-embed__wrapper\">\n<iframe loading=\"lazy\" title=\"Tutorial 4 - Edi\u00e7\u00e3o do site da UEL - Como editar a p\u00e1gina inicial\" width=\"500\" height=\"281\" src=\"https:\/\/www.youtube.com\/embed\/vEshBybAz74?list=PLnSStkzZOuWl2fSxwa_KVEwL9Ru1X5ZHo\" frameborder=\"0\" allow=\"accelerometer; autoplay; clipboard-write; encrypted-media; gyroscope; picture-in-picture; web-share\" referrerpolicy=\"strict-origin-when-cross-origin\" allowfullscreen><\/iframe>\n<\/div><\/figure>\n<\/div>\n\n\n\n<div class=\"wp-block-column is-layout-flow wp-block-column-is-layout-flow\">\n<figure class=\"wp-block-embed is-type-video is-provider-youtube wp-block-embed-youtube wp-embed-aspect-16-9 wp-has-aspect-ratio\"><div class=\"wp-block-embed__wrapper\">\n<iframe loading=\"lazy\" title=\"Tutorial 5 - Edi\u00e7\u00e3o do site da UEL - Como inserir uma postagem\" width=\"500\" height=\"281\" src=\"https:\/\/www.youtube.com\/embed\/880ryEyjyx0?list=PLnSStkzZOuWl2fSxwa_KVEwL9Ru1X5ZHo\" frameborder=\"0\" allow=\"accelerometer; autoplay; clipboard-write; encrypted-media; gyroscope; picture-in-picture; web-share\" referrerpolicy=\"strict-origin-when-cross-origin\" allowfullscreen><\/iframe>\n<\/div><\/figure>\n<\/div>\n\n\n\n<div class=\"wp-block-column is-layout-flow wp-block-column-is-layout-flow\">\n<figure class=\"wp-block-embed is-type-video is-provider-youtube wp-block-embed-youtube wp-embed-aspect-16-9 wp-has-aspect-ratio\"><div class=\"wp-block-embed__wrapper\">\n<iframe loading=\"lazy\" title=\"Tutorial 6 - Edi\u00e7\u00e3o do site da UEL -  como editar barra lateral, inferior e rodap\u00e9 da p\u00e1gina inicial\" width=\"500\" height=\"281\" src=\"https:\/\/www.youtube.com\/embed\/AZotLUlcD3g?list=PLnSStkzZOuWl2fSxwa_KVEwL9Ru1X5ZHo\" frameborder=\"0\" allow=\"accelerometer; autoplay; clipboard-write; encrypted-media; gyroscope; picture-in-picture; web-share\" referrerpolicy=\"strict-origin-when-cross-origin\" allowfullscreen><\/iframe>\n<\/div><\/figure>\n<\/div>\n<\/div>\n\n\n\n<div style=\"height:40px\" aria-hidden=\"true\" class=\"wp-block-spacer\"><\/div>\n\n\n\n<p><strong>Ainda com d\u00favidas? <\/strong><\/p>\n\n\n\n<p>Agende um treinamento intensivo atrav\u00e9s do e-mail <strong>suportesites@uel.br<\/strong> ou ligue no <strong>ramal 4706<\/strong>.<\/p>\n\n\n\n<div class=\"wp-block-columns is-layout-flex wp-container-core-columns-is-layout-9d6595d7 wp-block-columns-is-layout-flex\">\n<div class=\"wp-block-column is-layout-flow wp-block-column-is-layout-flow\"><\/div>\n<\/div>\n","protected":false},"excerpt":{"rendered":"<p>Para auxiliar os respons\u00e1veis pela manuten\u00e7\u00e3o dos sites da UEL, a Suporte a Sites re\u00fane aqui materiais de treinamento. Acesse os tutoriais abaixo: Ainda com d\u00favidas? Agende um treinamento intensivo atrav\u00e9s do e-mail suportesites@uel.br ou ligue no ramal 4706.<\/p>\n","protected":false},"author":10,"featured_media":0,"parent":1308,"menu_order":0,"comment_status":"closed","ping_status":"closed","template":"","meta":{"_acf_changed":false,"_themeisle_gutenberg_block_has_review":false,"footnotes":""},"class_list":["post-512","page","type-page","status-publish","hentry"],"acf":[],"_links":{"self":[{"href":"https:\/\/sites.uel.br\/com\/wp-json\/wp\/v2\/pages\/512","targetHints":{"allow":["GET"]}}],"collection":[{"href":"https:\/\/sites.uel.br\/com\/wp-json\/wp\/v2\/pages"}],"about":[{"href":"https:\/\/sites.uel.br\/com\/wp-json\/wp\/v2\/types\/page"}],"author":[{"embeddable":true,"href":"https:\/\/sites.uel.br\/com\/wp-json\/wp\/v2\/users\/10"}],"replies":[{"embeddable":true,"href":"https:\/\/sites.uel.br\/com\/wp-json\/wp\/v2\/comments?post=512"}],"version-history":[{"count":23,"href":"https:\/\/sites.uel.br\/com\/wp-json\/wp\/v2\/pages\/512\/revisions"}],"predecessor-version":[{"id":1314,"href":"https:\/\/sites.uel.br\/com\/wp-json\/wp\/v2\/pages\/512\/revisions\/1314"}],"up":[{"embeddable":true,"href":"https:\/\/sites.uel.br\/com\/wp-json\/wp\/v2\/pages\/1308"}],"wp:attachment":[{"href":"https:\/\/sites.uel.br\/com\/wp-json\/wp\/v2\/media?parent=512"}],"curies":[{"name":"wp","href":"https:\/\/api.w.org\/{rel}","templated":true}]}}