{"id":453,"date":"2025-08-26T15:20:16","date_gmt":"2025-08-26T18:20:16","guid":{"rendered":"https:\/\/sites.uel.br\/com\/?page_id=453"},"modified":"2025-09-03T15:30:38","modified_gmt":"2025-09-03T18:30:38","slug":"divisao-de-jornalismo","status":"publish","type":"page","link":"https:\/\/sites.uel.br\/com\/jornalismo\/divisao-de-jornalismo\/","title":{"rendered":"Divis\u00e3o de Jornalismo"},"content":{"rendered":"\n<div style=\"height:15px\" aria-hidden=\"true\" class=\"wp-block-spacer\"><\/div>\n\n\n\n<p>A Divis\u00e3o de Jornalismo da COM se dedica \u00e0 produ\u00e7\u00e3o e divulga\u00e7\u00e3o de conte\u00fado noticioso para a UEL, com foco em pautas selecionadas por crit\u00e9rios como relev\u00e2ncia, atualidade, ineditismo e proximidade com o p\u00fablico. Sugest\u00f5es de pauta s\u00e3o avaliadas e adaptadas conforme o formato adequado (publicit\u00e1rio, institucional ou jornal\u00edstico).<\/p>\n\n\n\n<p>A assessoria de imprensa atua ativamente na produ\u00e7\u00e3o de releases, na organiza\u00e7\u00e3o de entrevistas e na manuten\u00e7\u00e3o de relacionamentos constantes com ve\u00edculos de imprensa, com o objetivo de conquistar espa\u00e7o editorial espont\u00e2neo, sem car\u00e1ter comercial. Al\u00e9m disso, a COM redige as notas oficiais, textos objetivos para esclarecer posicionamentos institucionais sobre temas espec\u00edficos.<\/p>\n\n\n\n<p>A Divis\u00e3o tamb\u00e9m organiza um banco de fontes com pesquisadores da UEL, indicando seus campos de atua\u00e7\u00e3o, campus e contatos para uso da imprensa. Por fim, gerencia ativamente os canais oficiais da UEL nas m\u00eddias sociais (Facebook, Instagram, LinkedIn e WhatsApp), com abertura \u00e0 ado\u00e7\u00e3o de novas plataformas conforme a demanda e relev\u00e2ncia.<\/p>\n\n\n\n<p>Vale lembrar que n\u00e3o h\u00e1 obriga\u00e7\u00e3o de divulga\u00e7\u00e3o da sugest\u00e3o de pauta por parte da imprensa; caso a pauta seja considerada relevante, atual e\/ou de interesse p\u00fablico, o rep\u00f3rter vai divulg\u00e1-la.<\/p>\n\n\n\n<div style=\"height:15px\" aria-hidden=\"true\" class=\"wp-block-spacer\"><\/div>\n\n\n\n<hr class=\"wp-block-separator has-alpha-channel-opacity\" \/>\n\n\n\n<h3 class=\"wp-block-heading\">Envio de Sugest\u00e3o de Pauta:<\/h3>\n\n\n\n<p>As sugest\u00f5es de pauta devem ser enviadas diretamente ao e-mail institucional da Divis\u00e3o de Jornalismo. O e-mail deve indicar:<\/p>\n\n\n\n<div class=\"wp-block-columns is-layout-flex wp-container-core-columns-is-layout-9d6595d7 wp-block-columns-is-layout-flex\">\n<div class=\"wp-block-column is-layout-flow wp-block-column-is-layout-flow\" style=\"flex-basis:66.66%\">\n<p>\u2022 Descri\u00e7\u00e3o do assunto;<br>\u2022 Dados para contato (nome completo, fun\u00e7\u00e3o, setor, e-mail e telefone);<br><br>No caso de eventos, deve indicar tamb\u00e9m:<br>\u2022 Data e local;<br>\u2022 Quem est\u00e1 envolvido (pessoas, institui\u00e7\u00f5es);<br>\u2022 A quem se destina (p\u00fablico-alvo);<br>\u2022 Qual o seu v\u00ednculo (palestrante, coordenador do evento).<\/p>\n<\/div>\n\n\n\n<div class=\"wp-block-column is-layout-flow wp-block-column-is-layout-flow\" style=\"flex-basis:33.33%\">\n<div class=\"wp-block-uel-card\">\n<p><strong>Dados para envio:<\/strong><br><br><strong>E-mail:<\/strong> noticia@uel.br<br><strong>Prazo para eventos:<\/strong>&nbsp;14 (quatorze) dias \u00fateis.<\/p>\n<\/div>\n<\/div>\n<\/div>\n\n\n\n<p><\/p>\n\n\n\n<p><\/p>\n","protected":false},"excerpt":{"rendered":"<p>A Divis\u00e3o de Jornalismo da COM se dedica \u00e0 produ\u00e7\u00e3o e divulga\u00e7\u00e3o de conte\u00fado noticioso para a UEL, com foco em pautas selecionadas por crit\u00e9rios como relev\u00e2ncia, atualidade, ineditismo e proximidade com o p\u00fablico. Sugest\u00f5es de pauta s\u00e3o avaliadas e adaptadas conforme o formato adequado (publicit\u00e1rio, institucional ou jornal\u00edstico). A assessoria de imprensa atua ativamente [&hellip;]<\/p>\n","protected":false},"author":9,"featured_media":0,"parent":57,"menu_order":0,"comment_status":"closed","ping_status":"closed","template":"","meta":{"_acf_changed":false,"_themeisle_gutenberg_block_has_review":false,"footnotes":""},"class_list":["post-453","page","type-page","status-publish","hentry"],"acf":[],"_links":{"self":[{"href":"https:\/\/sites.uel.br\/com\/wp-json\/wp\/v2\/pages\/453","targetHints":{"allow":["GET"]}}],"collection":[{"href":"https:\/\/sites.uel.br\/com\/wp-json\/wp\/v2\/pages"}],"about":[{"href":"https:\/\/sites.uel.br\/com\/wp-json\/wp\/v2\/types\/page"}],"author":[{"embeddable":true,"href":"https:\/\/sites.uel.br\/com\/wp-json\/wp\/v2\/users\/9"}],"replies":[{"embeddable":true,"href":"https:\/\/sites.uel.br\/com\/wp-json\/wp\/v2\/comments?post=453"}],"version-history":[{"count":16,"href":"https:\/\/sites.uel.br\/com\/wp-json\/wp\/v2\/pages\/453\/revisions"}],"predecessor-version":[{"id":569,"href":"https:\/\/sites.uel.br\/com\/wp-json\/wp\/v2\/pages\/453\/revisions\/569"}],"up":[{"embeddable":true,"href":"https:\/\/sites.uel.br\/com\/wp-json\/wp\/v2\/pages\/57"}],"wp:attachment":[{"href":"https:\/\/sites.uel.br\/com\/wp-json\/wp\/v2\/media?parent=453"}],"curies":[{"name":"wp","href":"https:\/\/api.w.org\/{rel}","templated":true}]}}