{"id":27,"date":"2025-07-23T16:13:27","date_gmt":"2025-07-23T19:13:27","guid":{"rendered":"https:\/\/sites.uel.br\/com\/?page_id=27"},"modified":"2026-02-03T15:51:28","modified_gmt":"2026-02-03T18:51:28","slug":"inicio","status":"publish","type":"page","link":"https:\/\/sites.uel.br\/com\/","title":{"rendered":"In\u00edcio"},"content":{"rendered":"\n<figure class=\"wp-block-image size-full is-resized\"><img loading=\"lazy\" decoding=\"async\" width=\"1024\" height=\"384\" src=\"https:\/\/sites.uel.br\/com\/wp-content\/uploads\/2025\/10\/Header_Com.png\" alt=\"\" class=\"wp-image-769\" style=\"width:1062px;height:auto\" srcset=\"https:\/\/sites.uel.br\/com\/wp-content\/uploads\/2025\/10\/Header_Com.png 1024w, https:\/\/sites.uel.br\/com\/wp-content\/uploads\/2025\/10\/Header_Com-300x113.png 300w, https:\/\/sites.uel.br\/com\/wp-content\/uploads\/2025\/10\/Header_Com-768x288.png 768w\" sizes=\"auto, (max-width: 1024px) 100vw, 1024px\" \/><\/figure>\n\n\n\n<div style=\"height:30px\" aria-hidden=\"true\" class=\"wp-block-spacer\"><\/div>\n\n\n\n<div class=\"wp-block-uel-card\">\n<h3 class=\"wp-block-heading\">ACESSO R\u00c1PIDO<\/h3>\n\n\n<div id=\"metaslider-id-826\" style=\"width: 100%; margin: 0 auto;\" class=\"ml-slider-3-101-0 metaslider metaslider-flex metaslider-826 ml-slider has-dots-nav has-carousel-mode ms-theme-default-base\" role=\"region\" aria-label=\"New Slideshow\" data-height=\"155\" data-width=\"155\">\n    <div id=\"metaslider_container_826\">\n        <div id=\"metaslider_826\">\n            <ul aria-live='off' class='slides'>\n                <li style=\"display: none; width: 100%;\" class=\"slide-847 ms-image \" aria-roledescription=\"slide\" data-date=\"2025-10-03 16:46:31\"><a href=\"https:\/\/sites.uel.br\/com\/jornalismo\/galeria-de-fotos\/\" target=\"_self\" aria-label=\"View Slide Details\" class=\"metaslider_image_link\"><img loading=\"lazy\" decoding=\"async\" width=\"1181\" height=\"1181\" src=\"https:\/\/sites.uel.br\/com\/wp-content\/uploads\/2025\/10\/Botao_Banco-de-Imagens.png\" class=\"slider-826 slide-847 msDefaultImage\" alt=\"\" rel=\"\" title=\"Bot\u00e3o_Banco de Imagens\" srcset=\"https:\/\/sites.uel.br\/com\/wp-content\/uploads\/2025\/10\/Botao_Banco-de-Imagens.png 1181w, https:\/\/sites.uel.br\/com\/wp-content\/uploads\/2025\/10\/Botao_Banco-de-Imagens-300x300.png 300w, https:\/\/sites.uel.br\/com\/wp-content\/uploads\/2025\/10\/Botao_Banco-de-Imagens-1024x1024.png 1024w, https:\/\/sites.uel.br\/com\/wp-content\/uploads\/2025\/10\/Botao_Banco-de-Imagens-150x150.png 150w, https:\/\/sites.uel.br\/com\/wp-content\/uploads\/2025\/10\/Botao_Banco-de-Imagens-768x768.png 768w\" sizes=\"auto, (max-width: 1181px) 100vw, 1181px\" \/><\/a><\/li>\n                <li style=\"display: none; width: 100%;\" class=\"slide-871 ms-image \" aria-roledescription=\"slide\" data-date=\"2025-10-06 14:59:57\"><a href=\"https:\/\/sites.uel.br\/com\/relacoes-publicas\/formaturas\/\" target=\"_self\" aria-label=\"View Slide Details\" class=\"metaslider_image_link\"><img loading=\"lazy\" decoding=\"async\" width=\"1181\" height=\"1181\" src=\"https:\/\/sites.uel.br\/com\/wp-content\/uploads\/2025\/10\/Botao_Formaturas-1.png\" class=\"slider-826 slide-871 msDefaultImage\" alt=\"\" rel=\"\" title=\"Bot\u00e3o_Formaturas\" srcset=\"https:\/\/sites.uel.br\/com\/wp-content\/uploads\/2025\/10\/Botao_Formaturas-1.png 1181w, https:\/\/sites.uel.br\/com\/wp-content\/uploads\/2025\/10\/Botao_Formaturas-1-300x300.png 300w, https:\/\/sites.uel.br\/com\/wp-content\/uploads\/2025\/10\/Botao_Formaturas-1-1024x1024.png 1024w, https:\/\/sites.uel.br\/com\/wp-content\/uploads\/2025\/10\/Botao_Formaturas-1-150x150.png 150w, https:\/\/sites.uel.br\/com\/wp-content\/uploads\/2025\/10\/Botao_Formaturas-1-768x768.png 768w\" sizes=\"auto, (max-width: 1181px) 100vw, 1181px\" \/><\/a><\/li>\n                <li style=\"display: none; width: 100%;\" class=\"slide-849 ms-image \" aria-roledescription=\"slide\" data-date=\"2025-10-03 16:46:31\"><a href=\"https:\/\/sites.uel.br\/com\/relacoes-publicas\/galeria-de-fotos\/\" target=\"_self\" aria-label=\"View Slide Details\" class=\"metaslider_image_link\"><img loading=\"lazy\" decoding=\"async\" width=\"1181\" height=\"1181\" src=\"https:\/\/sites.uel.br\/com\/wp-content\/uploads\/2025\/10\/Botao_Galeria-de-Eventos.png\" class=\"slider-826 slide-849 msDefaultImage\" alt=\"\" rel=\"\" title=\"Bot\u00e3o_Galeria de Eventos\" srcset=\"https:\/\/sites.uel.br\/com\/wp-content\/uploads\/2025\/10\/Botao_Galeria-de-Eventos.png 1181w, https:\/\/sites.uel.br\/com\/wp-content\/uploads\/2025\/10\/Botao_Galeria-de-Eventos-300x300.png 300w, https:\/\/sites.uel.br\/com\/wp-content\/uploads\/2025\/10\/Botao_Galeria-de-Eventos-1024x1024.png 1024w, https:\/\/sites.uel.br\/com\/wp-content\/uploads\/2025\/10\/Botao_Galeria-de-Eventos-150x150.png 150w, https:\/\/sites.uel.br\/com\/wp-content\/uploads\/2025\/10\/Botao_Galeria-de-Eventos-768x768.png 768w\" sizes=\"auto, (max-width: 1181px) 100vw, 1181px\" \/><\/a><\/li>\n                <li style=\"display: none; width: 100%;\" class=\"slide-850 ms-image \" aria-roledescription=\"slide\" data-date=\"2025-10-03 16:46:31\"><a href=\"https:\/\/sites.uel.br\/com\/relacoes-publicas\/manuais-e-instrucoes\/\" target=\"_self\" aria-label=\"View Slide Details\" class=\"metaslider_image_link\"><img loading=\"lazy\" decoding=\"async\" width=\"1181\" height=\"1181\" src=\"https:\/\/sites.uel.br\/com\/wp-content\/uploads\/2025\/10\/Botao_Manuais-E-Instrucoes.png\" class=\"slider-826 slide-850 msDefaultImage\" alt=\"\" rel=\"\" title=\"Bot\u00e3o_Manuais E Instru\u00e7\u00f5es\" srcset=\"https:\/\/sites.uel.br\/com\/wp-content\/uploads\/2025\/10\/Botao_Manuais-E-Instrucoes.png 1181w, https:\/\/sites.uel.br\/com\/wp-content\/uploads\/2025\/10\/Botao_Manuais-E-Instrucoes-300x300.png 300w, https:\/\/sites.uel.br\/com\/wp-content\/uploads\/2025\/10\/Botao_Manuais-E-Instrucoes-1024x1024.png 1024w, https:\/\/sites.uel.br\/com\/wp-content\/uploads\/2025\/10\/Botao_Manuais-E-Instrucoes-150x150.png 150w, https:\/\/sites.uel.br\/com\/wp-content\/uploads\/2025\/10\/Botao_Manuais-E-Instrucoes-768x768.png 768w\" sizes=\"auto, (max-width: 1181px) 100vw, 1181px\" \/><\/a><\/li>\n                <li style=\"display: none; width: 100%;\" class=\"slide-851 ms-image \" aria-roledescription=\"slide\" data-date=\"2025-10-03 16:46:31\"><a href=\"https:\/\/sites.uel.br\/com\/sites\/atualizacoes\/\" target=\"_self\" aria-label=\"View Slide Details\" class=\"metaslider_image_link\"><img loading=\"lazy\" decoding=\"async\" width=\"1181\" height=\"1181\" src=\"https:\/\/sites.uel.br\/com\/wp-content\/uploads\/2025\/10\/Botao_Sites-Atualizados.png\" class=\"slider-826 slide-851 msDefaultImage\" alt=\"\" rel=\"\" title=\"Bot\u00e3o_Sites Atualizados\" srcset=\"https:\/\/sites.uel.br\/com\/wp-content\/uploads\/2025\/10\/Botao_Sites-Atualizados.png 1181w, https:\/\/sites.uel.br\/com\/wp-content\/uploads\/2025\/10\/Botao_Sites-Atualizados-300x300.png 300w, https:\/\/sites.uel.br\/com\/wp-content\/uploads\/2025\/10\/Botao_Sites-Atualizados-1024x1024.png 1024w, https:\/\/sites.uel.br\/com\/wp-content\/uploads\/2025\/10\/Botao_Sites-Atualizados-150x150.png 150w, https:\/\/sites.uel.br\/com\/wp-content\/uploads\/2025\/10\/Botao_Sites-Atualizados-768x768.png 768w\" sizes=\"auto, (max-width: 1181px) 100vw, 1181px\" \/><\/a><\/li>\n                <li style=\"display: none; width: 100%;\" class=\"slide-888 ms-image \" aria-roledescription=\"slide\" data-date=\"2025-10-06 17:15:29\"><a href=\"https:\/\/operobal.uel.br\/uel-na-midia\/\" target=\"_blank\" aria-label=\"View Slide Details\" class=\"metaslider_image_link\"><img loading=\"lazy\" decoding=\"async\" width=\"1181\" height=\"1181\" src=\"https:\/\/sites.uel.br\/com\/wp-content\/uploads\/2025\/10\/Botao_UEL-na-Midia.png\" class=\"slider-826 slide-888 msDefaultImage\" alt=\"\" rel=\"\" title=\"Bot\u00e3o_UEL na M\u00eddia\" srcset=\"https:\/\/sites.uel.br\/com\/wp-content\/uploads\/2025\/10\/Botao_UEL-na-Midia.png 1181w, https:\/\/sites.uel.br\/com\/wp-content\/uploads\/2025\/10\/Botao_UEL-na-Midia-300x300.png 300w, https:\/\/sites.uel.br\/com\/wp-content\/uploads\/2025\/10\/Botao_UEL-na-Midia-1024x1024.png 1024w, https:\/\/sites.uel.br\/com\/wp-content\/uploads\/2025\/10\/Botao_UEL-na-Midia-150x150.png 150w, https:\/\/sites.uel.br\/com\/wp-content\/uploads\/2025\/10\/Botao_UEL-na-Midia-768x768.png 768w\" sizes=\"auto, (max-width: 1181px) 100vw, 1181px\" \/><\/a><\/li>\n                <li style=\"display: none; width: 100%;\" class=\"slide-895 ms-image \" aria-roledescription=\"slide\" data-date=\"2025-10-07 13:09:25\"><a href=\"https:\/\/sites.uel.br\/com\/sites\/tutoriais-sites\/\" target=\"_self\" aria-label=\"View Slide Details\" class=\"metaslider_image_link\"><img loading=\"lazy\" decoding=\"async\" width=\"1181\" height=\"1181\" src=\"https:\/\/sites.uel.br\/com\/wp-content\/uploads\/2025\/10\/Botao_Tutoriais-Sites.png\" class=\"slider-826 slide-895 msDefaultImage\" alt=\"\" rel=\"\" title=\"Bot\u00e3o_Tutoriais Sites\" srcset=\"https:\/\/sites.uel.br\/com\/wp-content\/uploads\/2025\/10\/Botao_Tutoriais-Sites.png 1181w, https:\/\/sites.uel.br\/com\/wp-content\/uploads\/2025\/10\/Botao_Tutoriais-Sites-300x300.png 300w, https:\/\/sites.uel.br\/com\/wp-content\/uploads\/2025\/10\/Botao_Tutoriais-Sites-1024x1024.png 1024w, https:\/\/sites.uel.br\/com\/wp-content\/uploads\/2025\/10\/Botao_Tutoriais-Sites-150x150.png 150w, https:\/\/sites.uel.br\/com\/wp-content\/uploads\/2025\/10\/Botao_Tutoriais-Sites-768x768.png 768w\" sizes=\"auto, (max-width: 1181px) 100vw, 1181px\" \/><\/a><\/li>\n            <\/ul>\n        <\/div>\n        \n    <\/div>\n<\/div>\n<\/div>\n\n\n\n<div style=\"height:30px\" aria-hidden=\"true\" class=\"wp-block-spacer\"><\/div>\n\n\n\n<div class=\"wp-block-columns is-layout-flex wp-container-core-columns-is-layout-9d6595d7 wp-block-columns-is-layout-flex\">\n<div class=\"wp-block-column is-layout-flow wp-block-column-is-layout-flow\" style=\"flex-basis:66.66%\">\n<div class=\"wp-block-uel-card\">\n<h3 class=\"wp-block-heading\">NOT\u00cdCIAS<\/h3>\n\n\n\n<div style=\"height:15px\" aria-hidden=\"true\" class=\"wp-block-spacer\"><\/div>\n\n\n\n                <div class=\"feed-noticias-perobal alm-listing alm-ajax alm-has-transition\" id=\"feed-noticias-perobal-com\"><a class=\"noticia-padrao d-flex flex-column flex-md-row align-items-start\" href=\"https:\/\/operobal.uel.br\/ceca\/2026\/03\/27\/vestibular-uel-2027\/\">\n                                                    <img decoding=\"async\" class=\"lazy entered loaded\" src=\"https:\/\/operobal.uel.br\/wp-content\/uploads\/2026\/03\/nova-identidade-vestibular-uel-2027-2.jpg\"\/>    \n                                                    <article class=\"ml-0 ml-md-4 corpo-noticia-padrao\">\n                                                        <p class=\"antetitulo mb-0\">Vestibular UEL 2027<\/p>\n                                                        <p class=\"titulo mb-2\">Estudantes apresentam propostas de identidade visual para o Vestibular UEL 2027<\/p>\n                                                        <p class=\"descricao\">Tr\u00eas trabalhos de alunos de Design Gr\u00e1fico ser\u00e3o pr\u00e9-selecionados dentre os oito, at\u00e9 a escolha da proposta vencedora. <\/p>\n                                                    <\/article>\n                                                <\/a><hr class=\"mt-4 mb-4 d-none d-md-block\"><a class=\"noticia-padrao d-flex flex-column flex-md-row align-items-start\" href=\"https:\/\/operobal.uel.br\/prograd\/2026\/02\/14\/em-cerimonias-lotadas-uel-entrega-novos-profissionais-para-a-sociedade\/\">\n                                                    <img decoding=\"async\" class=\"lazy entered loaded\" src=\"https:\/\/operobal.uel.br\/wp-content\/uploads\/2026\/02\/12.02.2026-FORMATURA-MORINGAO-2026-1-DIA-creditos-andre-ridao-1-1.jpg\"\/>    \n                                                    <article class=\"ml-0 ml-md-4 corpo-noticia-padrao\">\n                                                        <p class=\"antetitulo mb-0\">Formatura 2026<\/p>\n                                                        <p class=\"titulo mb-2\">Em cerim\u00f4nias lotadas, UEL entrega novos profissionais para a sociedade<\/p>\n                                                        <p class=\"descricao\">Universidade promoveu sess\u00f5es solenes de cola\u00e7\u00e3o de grau no Gin\u00e1sio Moring\u00e3o; alunas relembram trajet\u00f3ria da gradua\u00e7\u00e3o e comentam expectativas para o futuro<\/p>\n                                                    <\/article>\n                                                <\/a><hr class=\"mt-4 mb-4 d-none d-md-block\"><a class=\"noticia-padrao d-flex flex-column flex-md-row align-items-start\" href=\"https:\/\/operobal.uel.br\/eventos\/2026\/02\/10\/uel-realiza-formatura-para-mais-de-17-mil-graduandos\/\">\n                                                    <img decoding=\"async\" class=\"lazy entered loaded\" src=\"https:\/\/operobal.uel.br\/wp-content\/uploads\/2026\/02\/formatura-no-moringao-2024-creditos-andre-ridao-scaled.jpg\"\/>    \n                                                    <article class=\"ml-0 ml-md-4 corpo-noticia-padrao\">\n                                                        <p class=\"antetitulo mb-0\">Cola\u00e7\u00e3o de Grau<\/p>\n                                                        <p class=\"titulo mb-2\">UEL realiza formatura para mais de 1,7 mil graduandos<\/p>\n                                                        <p class=\"descricao\">H\u00e1 anos que a UEL n\u00e3o realiza uma formatura com n\u00fameros t\u00e3o majestosos: s\u00e3o mais de 1,7 mil formandos e um p\u00fablico estimado de 5,7 mil pessoas, formado especialmente por familiares, amigos e convidados dos graduandos.\u00a0<\/p>\n                                                    <\/article>\n                                                <\/a><hr class=\"mt-4 mb-4 d-none d-md-block\"><a class=\"noticia-padrao d-flex flex-column flex-md-row align-items-start\" href=\"https:\/\/operobal.uel.br\/sociedade\/2026\/01\/22\/memorias-experiencias-completa-primeira-temporada-com-13-episodios-e-12-mil-views\/\">\n                                                    <img decoding=\"async\" class=\"lazy entered loaded\" src=\"https:\/\/operobal.uel.br\/wp-content\/uploads\/2025\/10\/podcast-memorias-e-experiencias1.jpg\"\/>    \n                                                    <article class=\"ml-0 ml-md-4 corpo-noticia-padrao\">\n                                                        <p class=\"antetitulo mb-0\"><\/p>\n                                                        <p class=\"titulo mb-2\">Mem\u00f3rias &amp; Experi\u00eancias completa primeira temporada com 13 epis\u00f3dios e 1,2 mil views<\/p>\n                                                        <p class=\"descricao\">Programa estreou em outubro, uma iniciativa da COM, juntamente com a Folha de Londrina, R\u00e1dio e\u00a0TV UEL <\/p>\n                                                    <\/article>\n                                                <\/a><hr class=\"mt-4 mb-4 d-none d-md-block\"><a class=\"noticia-padrao d-flex flex-column flex-md-row align-items-start\" href=\"https:\/\/operobal.uel.br\/institucional\/2025\/12\/17\/grafica-da-uel-recebe-doacao-de-impressora-offset-e-otimiza-producao\/\">\n                                                    <img decoding=\"async\" class=\"lazy entered loaded\" src=\"https:\/\/operobal.uel.br\/wp-content\/uploads\/2025\/12\/grafica-uel.jpeg\"\/>    \n                                                    <article class=\"ml-0 ml-md-4 corpo-noticia-padrao\">\n                                                        <p class=\"antetitulo mb-0\"><\/p>\n                                                        <p class=\"titulo mb-2\">Gr\u00e1fica da UEL recebe doa\u00e7\u00e3o de impressora offset e otimiza produ\u00e7\u00e3o<\/p>\n                                                        <p class=\"descricao\">Servi\u00e7os que demandavam mais tempo e esfor\u00e7o passam agora a ser executados de forma automatizada.<\/p>\n                                                    <\/article>\n                                                <\/a><\/div><button id=\"feed-noticias-perobal-load-morecom\" type=\"button\" class=\"feed-noticias-button\" data-endpoint=\"https:\/\/operobal.uel.br\/wp-json\/wp-perobal\/v1\/posts\/tags\/com?numberposts=50\" data-ppp=\"5\" data-pages=\"5\">Leia mais<\/button><\/div>\n<\/div>\n\n\n\n<div class=\"wp-block-column is-layout-flow wp-block-column-is-layout-flow\" style=\"flex-basis:33.33%\">\n<div class=\"wp-block-buttons is-content-justification-center is-layout-flex wp-container-core-buttons-is-layout-16018d1d wp-block-buttons-is-layout-flex\">\n<div class=\"wp-block-button has-custom-width wp-block-button__width-75\"><a class=\"wp-block-button__link has-cinza-claro-color has-verde-escuro-background-color has-text-color has-background has-link-color has-medium-font-size has-custom-font-size wp-element-button\" href=\"https:\/\/operobal.uel.br\/\" style=\"border-radius:0px\">O Perobal<\/a><\/div>\n\n\n\n<div class=\"wp-block-button has-custom-width wp-block-button__width-75\"><a class=\"wp-block-button__link has-cinza-claro-color has-verde-escuro-background-color has-text-color has-background has-link-color has-medium-font-size has-custom-font-size wp-element-button\" href=\"https:\/\/operobal.uel.br\/categoria\/ciencia\/\" style=\"border-radius:0px\" target=\"_blank\" rel=\"noreferrer noopener\">Divulga\u00e7\u00e3o Cient\u00edfica<\/a><\/div>\n\n\n\n<div class=\"wp-block-button has-custom-width wp-block-button__width-75\"><a class=\"wp-block-button__link has-cinza-claro-color has-verde-escuro-background-color has-text-color has-background has-link-color has-medium-font-size has-custom-font-size wp-element-button\" href=\"https:\/\/open.spotify.com\/show\/6rzf1gkPXcnDijMFRyEddK?si=a4e0042d66154153&amp;nd=1&amp;dlsi=a4b82cffeb734c1e\" style=\"border-radius:0px\">UELCast &#8211; Podcast<\/a><\/div>\n\n\n\n<div class=\"wp-block-button has-custom-width wp-block-button__width-75\"><a class=\"wp-block-button__link has-cinza-claro-color has-verde-escuro-background-color has-text-color has-background has-link-color has-medium-font-size has-custom-font-size wp-element-button\" href=\"https:\/\/www.uel.br\/grafica\/\" style=\"border-radius:0px\">Gr\u00e1fica UEL<\/a><\/div>\n<\/div>\n<\/div>\n<\/div>\n\n\n\n<p><\/p>\n","protected":false},"excerpt":{"rendered":"","protected":false},"author":10,"featured_media":0,"parent":0,"menu_order":0,"comment_status":"closed","ping_status":"closed","template":"","meta":{"_acf_changed":false,"_themeisle_gutenberg_block_has_review":false,"footnotes":""},"class_list":["post-27","page","type-page","status-publish","hentry"],"acf":[],"_links":{"self":[{"href":"https:\/\/sites.uel.br\/com\/wp-json\/wp\/v2\/pages\/27","targetHints":{"allow":["GET"]}}],"collection":[{"href":"https:\/\/sites.uel.br\/com\/wp-json\/wp\/v2\/pages"}],"about":[{"href":"https:\/\/sites.uel.br\/com\/wp-json\/wp\/v2\/types\/page"}],"author":[{"embeddable":true,"href":"https:\/\/sites.uel.br\/com\/wp-json\/wp\/v2\/users\/10"}],"replies":[{"embeddable":true,"href":"https:\/\/sites.uel.br\/com\/wp-json\/wp\/v2\/comments?post=27"}],"version-history":[{"count":96,"href":"https:\/\/sites.uel.br\/com\/wp-json\/wp\/v2\/pages\/27\/revisions"}],"predecessor-version":[{"id":1326,"href":"https:\/\/sites.uel.br\/com\/wp-json\/wp\/v2\/pages\/27\/revisions\/1326"}],"wp:attachment":[{"href":"https:\/\/sites.uel.br\/com\/wp-json\/wp\/v2\/media?parent=27"}],"curies":[{"name":"wp","href":"https:\/\/api.w.org\/{rel}","templated":true}]}}