{"id":23,"date":"2025-07-23T16:09:51","date_gmt":"2025-07-23T19:09:51","guid":{"rendered":"https:\/\/sites.uel.br\/com\/?page_id=23"},"modified":"2026-02-03T15:45:59","modified_gmt":"2026-02-03T18:45:59","slug":"sobre-a-com","status":"publish","type":"page","link":"https:\/\/sites.uel.br\/com\/apresentacao\/sobre-a-com\/","title":{"rendered":"Sobre a COM"},"content":{"rendered":"\n<div style=\"height:40px\" aria-hidden=\"true\" class=\"wp-block-spacer\"><\/div>\n\n\n\n<div class=\"wp-block-columns is-layout-flex wp-container-core-columns-is-layout-9d6595d7 wp-block-columns-is-layout-flex\">\n<div class=\"wp-block-column is-layout-flow wp-block-column-is-layout-flow\">\n<figure class=\"wp-block-image size-large\"><img decoding=\"async\" src=\"https:\/\/operobal.uel.br\/wp-content\/webp-express\/webp-images\/doc-root\/wp-content\/uploads\/2025\/10\/vestibular-uel-2025-marta-favaro-1024x683.jpg.webp\" alt=\"\" \/><\/figure>\n<\/div>\n\n\n\n<div class=\"wp-block-column is-layout-flow wp-block-column-is-layout-flow\">\n<figure class=\"wp-block-image size-large\"><img loading=\"lazy\" decoding=\"async\" width=\"1024\" height=\"683\" src=\"https:\/\/sites.uel.br\/com\/wp-content\/uploads\/2025\/08\/Formatura-1024x683.jpg\" alt=\"\" class=\"wp-image-276\" srcset=\"https:\/\/sites.uel.br\/com\/wp-content\/uploads\/2025\/08\/Formatura-1024x683.jpg 1024w, https:\/\/sites.uel.br\/com\/wp-content\/uploads\/2025\/08\/Formatura-300x200.jpg 300w, https:\/\/sites.uel.br\/com\/wp-content\/uploads\/2025\/08\/Formatura-768x512.jpg 768w, https:\/\/sites.uel.br\/com\/wp-content\/uploads\/2025\/08\/Formatura.jpg 1260w\" sizes=\"auto, (max-width: 1024px) 100vw, 1024px\" \/><\/figure>\n<\/div>\n\n\n\n<div class=\"wp-block-column is-layout-flow wp-block-column-is-layout-flow\">\n<figure class=\"wp-block-image size-large\"><img loading=\"lazy\" decoding=\"async\" width=\"1024\" height=\"683\" src=\"https:\/\/sites.uel.br\/com\/wp-content\/uploads\/2025\/08\/sites-1024x683.jpg\" alt=\"\" class=\"wp-image-274\" srcset=\"https:\/\/sites.uel.br\/com\/wp-content\/uploads\/2025\/08\/sites-1024x683.jpg 1024w, https:\/\/sites.uel.br\/com\/wp-content\/uploads\/2025\/08\/sites-300x200.jpg 300w, https:\/\/sites.uel.br\/com\/wp-content\/uploads\/2025\/08\/sites-768x512.jpg 768w, https:\/\/sites.uel.br\/com\/wp-content\/uploads\/2025\/08\/sites-1536x1024.jpg 1536w, https:\/\/sites.uel.br\/com\/wp-content\/uploads\/2025\/08\/sites.jpg 1680w\" sizes=\"auto, (max-width: 1024px) 100vw, 1024px\" \/><\/figure>\n<\/div>\n<\/div>\n\n\n\n<p>A Coordenadoria de Comunica\u00e7\u00e3o Social da Universidade Estadual de Londrina \u00e9 um \u00f3rg\u00e3o vinculado \u00e0 Reitoria e respons\u00e1vel pela divulga\u00e7\u00e3o, interna e externa, do conhecimento produzido pela comunidade acad\u00eamica da UEL, por meio de projetos, programas, eventos, e atividades de estudos e pesquisas desenvolvidos por professores, pesquisadores e estudantes; pela assessoria e rela\u00e7\u00e3o com a imprensa; pelo planejamento e organiza\u00e7\u00e3o de eventos do Gabinete da Reitoria da Universidade, e pelo apoio \u00e0 realiza\u00e7\u00e3o de eventos da Universidade.&nbsp;<\/p>\n\n\n\n<p>A COM \u00e9 composta por profissionais especializados em comunica\u00e7\u00e3o, respons\u00e1veis por administrar estrategicamente a comunica\u00e7\u00e3o da UEL junto aos seus p\u00fablicos, contribuindo para a constru\u00e7\u00e3o da imagem e identidade corporativa.<\/p>\n\n\n\n<div style=\"height:30px\" aria-hidden=\"true\" class=\"wp-block-spacer\"><\/div>\n\n\n\n<h3 class=\"wp-block-heading\"><strong>&nbsp;Atribui\u00e7\u00f5es:<\/strong><\/h3>\n\n\n\n<p>1. Coordenar e promover a divulga\u00e7\u00e3o de informa\u00e7\u00f5es institucionais (administrativas e acad\u00eamicas), assim como a difus\u00e3o da produ\u00e7\u00e3o acad\u00eamica da Universidade junto aos \u00f3rg\u00e3os de comunica\u00e7\u00e3o;<\/p>\n\n\n\n<p>2. Selecionar mat\u00e9rias veiculadas pelas diferentes m\u00eddias locais que sejam de interesse da Universidade para reprodu\u00e7\u00e3o na homepage da UEL, e em espa\u00e7o designado para tal; <\/p>\n\n\n\n<p>3. Produzir boletins e informativos oficiais da Universidade Estadual de Londrina;<\/p>\n\n\n\n<p>4. Produzir boletim e\/ou publica\u00e7\u00e3o impressa e digital de conte\u00fado editorial para divulga\u00e7\u00e3o das atividades da Universidade junto \u00e0s comunidades interna e externa;<\/p>\n\n\n\n<p>5. Agendar, pautar e acompanhar coletivas de imprensa, assim como acompanhar a dire\u00e7\u00e3o da UEL em entrevistas pr\u00e9-agendadas pela Coordenadoria;<\/p>\n\n\n\n<p>6. Estabelecer e coordenar a programa\u00e7\u00e3o de festividades, com a colabora\u00e7\u00e3o dos demais \u00f3rg\u00e3os interessados, em calend\u00e1rio municipal, bem como as espec\u00edficas da Universidade;<\/p>\n\n\n\n<p>7. Coordenar o cerimonial da Reitoria, em festividades e solenidades institucionais;<\/p>\n\n\n\n<p>8. Promover interc\u00e2mbio com entidades cong\u00eaneres nacionais e estrangeiras nos campos acad\u00eamico-cient\u00edfico e t\u00e9cnico administrativo;<\/p>\n\n\n\n<p>9. Coordenar os Servi\u00e7os Gr\u00e1ficos da Universidade.<\/p>\n\n\n\n<p>Fonte: <a href=\"https:\/\/sites.uel.br\/ouvidoria\/wp-content\/uploads\/2025\/03\/Regimento_Reitoria.pdf\">Regimento da Reitoria da UEL &#8211; P\u00e1gina 36<\/a><\/p>\n\n\n\n<div style=\"height:30px\" aria-hidden=\"true\" class=\"wp-block-spacer\"><\/div>\n\n\n\n<h3 class=\"wp-block-heading\"><strong>&nbsp;Atividades Desenvolvidas:<\/strong><\/h3>\n\n\n\n<div id=\"wp-block-themeisle-blocks-accordion-6987beb6\" class=\"wp-block-themeisle-blocks-accordion exclusive\">\n<details class=\"wp-block-themeisle-blocks-accordion-item\"><summary class=\"wp-block-themeisle-blocks-accordion-item__title\"><div><strong>Ag\u00eancia UEL de Not\u00edcias &#8211; O Perobal<\/strong><\/div><\/summary><div class=\"wp-block-themeisle-blocks-accordion-item__content\">\n<p>A Ag\u00eancia UEL de Not\u00edcias \u00e9 composta pela equipe de jornalistas, editor, diagramador e fot\u00f3grafo. Produz o conte\u00fado jornal\u00edstico sobre as atividades da UEL, disseminando informa\u00e7\u00f5es com credibilidade no&nbsp;<a href=\"https:\/\/operobal.uel.br\/\" target=\"_blank\" rel=\"noreferrer noopener\"><strong>Portal O Perobal<\/strong><\/a>&nbsp;e por meio de diferentes ferramentas de comunica\u00e7\u00e3o.<\/p>\n<\/div><\/details>\n\n\n\n<details class=\"wp-block-themeisle-blocks-accordion-item\"><summary class=\"wp-block-themeisle-blocks-accordion-item__title\"><div><strong>Assessoria de Imprensa<\/strong><\/div><\/summary><div class=\"wp-block-themeisle-blocks-accordion-item__content\">\n<p>A equipe de Jornalismo da UEL tamb\u00e9m oferece o servi\u00e7o de assessoria de imprensa, elaborando e enviando releases das principais a\u00e7\u00f5es desenvolvidas pela comunidade universit\u00e1ria. Coloca-se \u00e0 disposi\u00e7\u00e3o da Imprensa para a identifica\u00e7\u00e3o de fontes para reportagens e para o agendamento de entrevistas.<\/p>\n<\/div><\/details>\n\n\n\n<details class=\"wp-block-themeisle-blocks-accordion-item\"><summary class=\"wp-block-themeisle-blocks-accordion-item__title\"><div><strong>Cerimonial e Protocolo<\/strong><\/div><\/summary><div class=\"wp-block-themeisle-blocks-accordion-item__content\">\n<p>Atua na elabora\u00e7\u00e3o dos diversos eventos institucionais, coordena as cerimonias de formatura, inaugura\u00e7\u00f5es e principais congressos, semin\u00e1rios e simp\u00f3sios.<\/p>\n<\/div><\/details>\n\n\n\n<details class=\"wp-block-themeisle-blocks-accordion-item\"><summary class=\"wp-block-themeisle-blocks-accordion-item__title\"><div><strong>Suporte a Sites<\/strong><\/div><\/summary><div class=\"wp-block-themeisle-blocks-accordion-item__content\">\n<p>A COM realiza, junto a Assessoria de Tecnologia da Informa\u00e7\u00e3o (ATI), o processo de repagina\u00e7\u00e3o e moderniza\u00e7\u00e3o dos sites da UEL. Os principais objetivos s\u00e3o aprimorar o servi\u00e7o de hospedagem e gest\u00e3o dos conte\u00fados, ofertando um layout institucional padronizado.<\/p>\n<\/div><\/details>\n\n\n\n<details class=\"wp-block-themeisle-blocks-accordion-item\"><summary class=\"wp-block-themeisle-blocks-accordion-item__title\"><div><strong>ComunicaUEL<\/strong><\/div><\/summary><div class=\"wp-block-themeisle-blocks-accordion-item__content\">\n<p>E-mail informativo enviado para os e-mails cadastrados. Tem por objetivo destacar os principais conte\u00fados de interesse da comunidade Universit\u00e1ria, e proporcionar maior agilidade da divulga\u00e7\u00e3o do conte\u00fado produzido pela Ag\u00eancia UEL.<\/p>\n<\/div><\/details>\n\n\n\n<details class=\"wp-block-themeisle-blocks-accordion-item\"><summary class=\"wp-block-themeisle-blocks-accordion-item__title\"><div><strong>Divulga\u00e7\u00e3o Cient\u00edfica<\/strong><\/div><\/summary><div class=\"wp-block-themeisle-blocks-accordion-item__content\">\n<p>Produ\u00e7\u00e3o e veicula\u00e7\u00e3o de conte\u00fados jornal\u00edsticos voltados \u00e0 divulga\u00e7\u00e3o cient\u00edfica, com o objetivo de tornar o conhecimento cient\u00edfico acess\u00edvel \u00e0 sociedade. <a href=\"https:\/\/operobal.uel.br\/categoria\/ciencia\/\" target=\"_blank\" rel=\"noreferrer noopener\">Confira as mat\u00e9rias aqui.<\/a><\/p>\n<\/div><\/details>\n\n\n\n<details class=\"wp-block-themeisle-blocks-accordion-item\"><summary class=\"wp-block-themeisle-blocks-accordion-item__title\"><div><strong>Redes Sociais<\/strong><\/div><\/summary><div class=\"wp-block-themeisle-blocks-accordion-item__content\">\n<p>As redes sociais da Universidades s\u00e3o administradas pela Coordenadoria de Comunica\u00e7\u00e3o onde divulga conte\u00fado pr\u00f3prio e tamb\u00e9m relacionado ao Portal O Perobal.&nbsp;<\/p>\n\n\n\n<p><a href=\"https:\/\/www.instagram.com\/ueloficial\/\" target=\"_blank\" rel=\"noreferrer noopener\"><strong>Instagram Oficial UEL<\/strong><\/a><br><a href=\"https:\/\/www.facebook.com\/ueloficial\/?locale=pt_BR\" target=\"_blank\" rel=\"noreferrer noopener\"><strong>Facebook Oficial UEL<\/strong><\/a><br><a href=\"https:\/\/www.tiktok.com\/@ueloficial\" target=\"_blank\" rel=\"noreferrer noopener\"><strong>TikTok Oficial UEL<\/strong><\/a><br><a href=\"https:\/\/br.linkedin.com\/school\/uel-universidade-estadual-de-londrina\/\" target=\"_blank\" rel=\"noreferrer noopener\"><strong>LinkedIn Oficial UEL<\/strong><\/a><br><strong><a href=\"https:\/\/api.whatsapp.com\/send?phone=554333714371&amp;text=Oi%20UEL!%20Quero%20receber%20informa%C3%A7%C3%B5es%20sobre%20a%20Universidade.\" target=\"_blank\" rel=\"noreferrer noopener\">WhatsApp Oficial UEL<\/a><\/strong><\/p>\n<\/div><\/details>\n<\/div>\n\n\n\n<p><\/p>\n","protected":false},"excerpt":{"rendered":"<p>A Coordenadoria de Comunica\u00e7\u00e3o Social da Universidade Estadual de Londrina \u00e9 um \u00f3rg\u00e3o vinculado \u00e0 Reitoria e respons\u00e1vel pela divulga\u00e7\u00e3o, interna e externa, do conhecimento produzido pela comunidade acad\u00eamica da UEL, por meio de projetos, programas, eventos, e atividades de estudos e pesquisas desenvolvidos por professores, pesquisadores e estudantes; pela assessoria e rela\u00e7\u00e3o com a [&hellip;]<\/p>\n","protected":false},"author":10,"featured_media":0,"parent":280,"menu_order":0,"comment_status":"closed","ping_status":"closed","template":"","meta":{"_acf_changed":false,"_themeisle_gutenberg_block_has_review":false,"footnotes":""},"class_list":["post-23","page","type-page","status-publish","hentry"],"acf":[],"_links":{"self":[{"href":"https:\/\/sites.uel.br\/com\/wp-json\/wp\/v2\/pages\/23","targetHints":{"allow":["GET"]}}],"collection":[{"href":"https:\/\/sites.uel.br\/com\/wp-json\/wp\/v2\/pages"}],"about":[{"href":"https:\/\/sites.uel.br\/com\/wp-json\/wp\/v2\/types\/page"}],"author":[{"embeddable":true,"href":"https:\/\/sites.uel.br\/com\/wp-json\/wp\/v2\/users\/10"}],"replies":[{"embeddable":true,"href":"https:\/\/sites.uel.br\/com\/wp-json\/wp\/v2\/comments?post=23"}],"version-history":[{"count":29,"href":"https:\/\/sites.uel.br\/com\/wp-json\/wp\/v2\/pages\/23\/revisions"}],"predecessor-version":[{"id":1323,"href":"https:\/\/sites.uel.br\/com\/wp-json\/wp\/v2\/pages\/23\/revisions\/1323"}],"up":[{"embeddable":true,"href":"https:\/\/sites.uel.br\/com\/wp-json\/wp\/v2\/pages\/280"}],"wp:attachment":[{"href":"https:\/\/sites.uel.br\/com\/wp-json\/wp\/v2\/media?parent=23"}],"curies":[{"name":"wp","href":"https:\/\/api.w.org\/{rel}","templated":true}]}}