{"id":1141,"date":"2025-11-13T14:20:36","date_gmt":"2025-11-13T17:20:36","guid":{"rendered":"https:\/\/sites.uel.br\/com\/?page_id=1141"},"modified":"2025-12-15T09:51:59","modified_gmt":"2025-12-15T12:51:59","slug":"jornal-noticia","status":"publish","type":"page","link":"https:\/\/sites.uel.br\/com\/jornalismo\/jornal-noticia\/","title":{"rendered":"Jornal Not\u00edcia"},"content":{"rendered":"\n<div style=\"height:20px\" aria-hidden=\"true\" class=\"wp-block-spacer\"><\/div>\n\n\n\n<div class=\"wp-block-columns is-layout-flex wp-container-core-columns-is-layout-9d6595d7 wp-block-columns-is-layout-flex\">\n<div class=\"wp-block-column is-layout-flow wp-block-column-is-layout-flow\">\n<p>O Jornal Not\u00edcia da UEL \u00e9 o herdeiro de uma tradi\u00e7\u00e3o nascida nos primeiros anos de vida da Universidade, quando foi publicado o \u201cUEL Not\u00edcias\u201d, em 1973. Em 1977, a institui\u00e7\u00e3o publicava \u201cO Perobal\u201d, em homenagem a um de seus maiores s\u00edmbolos: as perobas do Campus Universit\u00e1rio. Em 1982, o peri\u00f3dico passou a se chamar \u201cBoletim Not\u00edcia\u201d, nome que durou at\u00e9 1987. Depois, voltou a ser o \u201cNot\u00edcia\u201d.<\/p>\n\n\n\n<p>Testemunha de acontecimentos hist\u00f3ricos da Universidade, o jornal registrou desde eventos esportivos internos at\u00e9 a consolida\u00e7\u00e3o da autonomia universit\u00e1ria, fruto de longo processo. Esteve presente quando novos cursos nasceram, quando formandos comemoraram, quando espa\u00e7os novos foram constru\u00eddos, quando desafios foram enfrentados.<\/p>\n\n\n\n<div style=\"height:20px\" aria-hidden=\"true\" class=\"wp-block-spacer\"><\/div>\n\n\n\n<figure class=\"wp-block-image size-full\"><img loading=\"lazy\" decoding=\"async\" width=\"1024\" height=\"682\" src=\"https:\/\/sites.uel.br\/com\/wp-content\/uploads\/2025\/11\/image-1.png\" alt=\"\" class=\"wp-image-1143\" srcset=\"https:\/\/sites.uel.br\/com\/wp-content\/uploads\/2025\/11\/image-1.png 1024w, https:\/\/sites.uel.br\/com\/wp-content\/uploads\/2025\/11\/image-1-300x200.png 300w, https:\/\/sites.uel.br\/com\/wp-content\/uploads\/2025\/11\/image-1-768x512.png 768w\" sizes=\"auto, (max-width: 1024px) 100vw, 1024px\" \/><figcaption class=\"wp-element-caption\">Em 1977, a institui\u00e7\u00e3o publicava \u201cO Perobal\u201d, em homenagem a um de seus maiores s\u00edmbolos: as perobas do Campus Universit\u00e1rio (Raquel Pimentel\/Ag\u00eancia UEL)<\/figcaption><\/figure>\n<\/div>\n\n\n\n<div class=\"wp-block-column is-layout-flow wp-block-column-is-layout-flow\">\n<figure class=\"wp-block-image size-full\"><img loading=\"lazy\" decoding=\"async\" width=\"768\" height=\"512\" src=\"https:\/\/sites.uel.br\/com\/wp-content\/uploads\/2025\/11\/image.png\" alt=\"\" class=\"wp-image-1142\" srcset=\"https:\/\/sites.uel.br\/com\/wp-content\/uploads\/2025\/11\/image.png 768w, https:\/\/sites.uel.br\/com\/wp-content\/uploads\/2025\/11\/image-300x200.png 300w\" sizes=\"auto, (max-width: 768px) 100vw, 768px\" \/><figcaption class=\"wp-element-caption\">Primeira edi\u00e7\u00e3o do \u201cUEL Not\u00edcias\u201d (Raquel Pimentel\/Ag\u00eancia UEL)<\/figcaption><\/figure>\n\n\n\n<div style=\"height:120px\" aria-hidden=\"true\" class=\"wp-block-spacer\"><\/div>\n\n\n\n<p>Em 2007, com a chegada da Ag\u00eancia UEL (site), o jornal foi reformulado e passou a ter ares de revista, mais focado na divulga\u00e7\u00e3o de projetos, sobretudo de pesquisas, e na produ\u00e7\u00e3o de conhecimento delas derivados. Esta inclina\u00e7\u00e3o se consolidou nos \u00faltimos anos, fazendo do Not\u00edcia o principal divulgador da produ\u00e7\u00e3o cient\u00edfica e acad\u00eamica da institui\u00e7\u00e3o, ou seja, dos projetos de ensino, pesquisa e extens\u00e3o, assim como os avan\u00e7os cient\u00edficos e tecnol\u00f3gicos traduzidos em produtos e ainda a presen\u00e7a de pesquisadores e especialistas renomados, nacional ou internacionalmente, que frequentemente participam de importantes eventos cient\u00edficos na Universidade.<\/p>\n<\/div>\n<\/div>\n\n\n\n<p>Atualmente com periodicidade mensal, o Not\u00edcia eventualmente publica edi\u00e7\u00f5es especiais, como a edi\u00e7\u00e3o de 50 anos da institui\u00e7\u00e3o (outubro de 2021) e a de novembro de 2022, que divulgou os mais bem avaliados Programas de P\u00f3s-Gradua\u00e7\u00e3o e demonstrou a excel\u00eancia e solidez da pesquisa na institui\u00e7\u00e3o que garantiu reconhecimento mundial.<\/p>\n\n\n\n<p><\/p>\n\n\n\n<div class=\"wp-block-buttons is-content-justification-center is-layout-flex wp-container-core-buttons-is-layout-16018d1d wp-block-buttons-is-layout-flex\">\n<div class=\"wp-block-button\"><a class=\"wp-block-button__link has-cinza-claro-color has-verde-escuro-background-color has-text-color has-background has-link-color wp-element-button\" href=\"https:\/\/sites.uel.br\/com\/acervo-virtual\/\">Confira o acervo virtual!<\/a><\/div>\n<\/div>\n","protected":false},"excerpt":{"rendered":"<p>O Jornal Not\u00edcia da UEL \u00e9 o herdeiro de uma tradi\u00e7\u00e3o nascida nos primeiros anos de vida da Universidade, quando foi publicado o \u201cUEL Not\u00edcias\u201d, em 1973. Em 1977, a institui\u00e7\u00e3o publicava \u201cO Perobal\u201d, em homenagem a um de seus maiores s\u00edmbolos: as perobas do Campus Universit\u00e1rio. Em 1982, o peri\u00f3dico passou a se chamar [&hellip;]<\/p>\n","protected":false},"author":9,"featured_media":0,"parent":57,"menu_order":0,"comment_status":"closed","ping_status":"closed","template":"","meta":{"_acf_changed":false,"_themeisle_gutenberg_block_has_review":false,"footnotes":""},"class_list":["post-1141","page","type-page","status-publish","hentry"],"acf":[],"_links":{"self":[{"href":"https:\/\/sites.uel.br\/com\/wp-json\/wp\/v2\/pages\/1141","targetHints":{"allow":["GET"]}}],"collection":[{"href":"https:\/\/sites.uel.br\/com\/wp-json\/wp\/v2\/pages"}],"about":[{"href":"https:\/\/sites.uel.br\/com\/wp-json\/wp\/v2\/types\/page"}],"author":[{"embeddable":true,"href":"https:\/\/sites.uel.br\/com\/wp-json\/wp\/v2\/users\/9"}],"replies":[{"embeddable":true,"href":"https:\/\/sites.uel.br\/com\/wp-json\/wp\/v2\/comments?post=1141"}],"version-history":[{"count":9,"href":"https:\/\/sites.uel.br\/com\/wp-json\/wp\/v2\/pages\/1141\/revisions"}],"predecessor-version":[{"id":1225,"href":"https:\/\/sites.uel.br\/com\/wp-json\/wp\/v2\/pages\/1141\/revisions\/1225"}],"up":[{"embeddable":true,"href":"https:\/\/sites.uel.br\/com\/wp-json\/wp\/v2\/pages\/57"}],"wp:attachment":[{"href":"https:\/\/sites.uel.br\/com\/wp-json\/wp\/v2\/media?parent=1141"}],"curies":[{"name":"wp","href":"https:\/\/api.w.org\/{rel}","templated":true}]}}