{"id":53,"date":"2025-12-15T15:59:21","date_gmt":"2025-12-15T18:59:21","guid":{"rendered":"https:\/\/sites.uel.br\/clinicapsicologica\/?page_id=53"},"modified":"2026-02-03T14:18:10","modified_gmt":"2026-02-03T17:18:10","slug":"legislacao-2","status":"publish","type":"page","link":"https:\/\/sites.uel.br\/clinicapsicologica\/legislacao-2\/","title":{"rendered":"Legisla\u00e7\u00e3o"},"content":{"rendered":"\n<hr class=\"wp-block-separator has-text-color has-verde-escuro-color has-alpha-channel-opacity has-verde-escuro-background-color has-background is-style-wide\"\/>\n\n\n\n<p>Legisla\u00e7\u00e3o relativa ao funcionamento da Cl\u00ednica Psicol\u00f3gica da UEL:<\/p>\n\n\n\n<p><strong>Universidade Estadual de Londrina<\/strong><\/p>\n\n\n\n<p>&#8211; <a href=\"https:\/\/sites.uel.br\/prograd\/wp-content\/uploads\/documentos\/deliberacoes\/2018\/deliberacao_33_18.pdf\">Delibera\u00e7\u00e3o  &#8211; C\u00e2mara de Gradua\u00e7\u00e3o n\u00ba 033\/2018<\/a> &#8211; Aprova o Regulamento Geral do Est\u00e1gio Curricular  Obrigat\u00f3rio do Curso de Psicologia.<\/p>\n\n\n\n<p>&#8211;\u00a0<a href=\"https:\/\/sistemas.uel.br\/files\/atonormativo\/RESOLUCOES\/2012\/70.pdf\">Resolu\u00e7\u00e3o CEPE n\u00b0 070\/2012<\/a>\u00a0&#8211; Estabelece normas e procedimentos espec\u00edficos para projetos de Pesquisa em Ensino de Gradua\u00e7\u00e3o, Pesquisa, Extens\u00e3o e Integrados.<\/p>\n\n\n\n<p>&#8211;\u00a0<a href=\"https:\/\/sistemas.uel.br\/files\/atonormativo\/RESOLUCOES\/2009\/260.pdf\">Resolu\u00e7\u00e3o CU n\u00b0 0260\/2009<\/a>\u00a0&#8211; Aprova o Regimento da Cl\u00ednica Psicol\u00f3gica da Universidade Estadual de Londrina.<\/p>\n\n\n\n<p>&#8211;&nbsp;<a href=\"https:\/\/sistemas.uel.br\/files\/atonormativo\/RESOLUCOES\/1999\/189.pdf\">Resolu\u00e7\u00e3o CA n\u00b0 198\/99<\/a>&nbsp;&#8211; Cria o N\u00facleo de Psicologia Cl\u00ednica (Cl\u00ednica Psicol\u00f3gica)<\/p>\n\n\n\n<p><strong>Conselho Federal de Psicologia<\/strong><\/p>\n\n\n\n<p>&#8211;&nbsp;<a href=\"http:\/\/site.cfp.org.br\/legislacao\/codigo-de-etica\/\">C\u00f3digo de \u00c9tica Profissional do Psic\u00f3logo<\/a><\/p>\n\n\n\n<p>&#8211;&nbsp;<a href=\"https:\/\/www.crpsp.org\/uploads\/legislacao\/1473\/rPkV4H23R7PZFhhVI6IiwdIyMDx1WRC-.pdf\">Resolu\u00e7\u00e3o CFP n\u00b0 006\/2019 &#8211;&nbsp;Institui regras para a elabora\u00e7\u00e3o de documentos escritos produzidos pela(o) psic\u00f3loga(o) no exerc\u00edcio profissional e revoga a Resolu\u00e7\u00e3o CFP n\u00ba 15\/1996, a Resolu\u00e7\u00e3o CFP n\u00ba 07\/2003 e a Resolu\u00e7\u00e3o CFP n\u00ba 04\/2019.<\/a><\/p>\n\n\n\n<p>&#8211;&nbsp;<a href=\"https:\/\/www.in.gov.br\/en\/web\/dou\/-\/resolucao-n-13-de-15-de-junho-de-2022-408911936\">Resolu\u00e7\u00e3o CFP n\u00b0 13\/2022 &#8211; Disp\u00f5e sobre diretrizes e deveres para o exerc\u00edcio da psicoterapia por psic\u00f3loga e psic\u00f3logo<\/a><\/p>\n\n\n\n<p><strong>Conselho Regional de Psicologia do Paran\u00e1<\/strong><\/p>\n\n\n\n<p>&#8211;&nbsp;<a href=\"https:\/\/crppr.org.br\/guia-de-orientacao\/#\">Guia de Orienta\u00e7\u00e3o<\/a><\/p>\n\n\n\n<div class=\"wp-block-columns is-layout-flex wp-container-core-columns-is-layout-9d6595d7 wp-block-columns-is-layout-flex\">\n<div class=\"wp-block-column is-layout-flow wp-block-column-is-layout-flow\"><\/div>\n<\/div>\n","protected":false},"excerpt":{"rendered":"<p>Legisla\u00e7\u00e3o relativa ao funcionamento da Cl\u00ednica Psicol\u00f3gica da UEL: Universidade Estadual de Londrina &#8211; Delibera\u00e7\u00e3o &#8211; C\u00e2mara de Gradua\u00e7\u00e3o n\u00ba 033\/2018 &#8211; Aprova o Regulamento Geral do Est\u00e1gio Curricular Obrigat\u00f3rio do Curso de Psicologia. &#8211;\u00a0Resolu\u00e7\u00e3o CEPE n\u00b0 070\/2012\u00a0&#8211; Estabelece normas e procedimentos espec\u00edficos para projetos de Pesquisa em Ensino de Gradua\u00e7\u00e3o, Pesquisa, Extens\u00e3o e Integrados. [&hellip;]<\/p>\n","protected":false},"author":6,"featured_media":0,"parent":0,"menu_order":0,"comment_status":"closed","ping_status":"closed","template":"","meta":{"_acf_changed":false,"_themeisle_gutenberg_block_has_review":false,"footnotes":""},"class_list":["post-53","page","type-page","status-publish","hentry"],"acf":[],"_links":{"self":[{"href":"https:\/\/sites.uel.br\/clinicapsicologica\/wp-json\/wp\/v2\/pages\/53","targetHints":{"allow":["GET"]}}],"collection":[{"href":"https:\/\/sites.uel.br\/clinicapsicologica\/wp-json\/wp\/v2\/pages"}],"about":[{"href":"https:\/\/sites.uel.br\/clinicapsicologica\/wp-json\/wp\/v2\/types\/page"}],"author":[{"embeddable":true,"href":"https:\/\/sites.uel.br\/clinicapsicologica\/wp-json\/wp\/v2\/users\/6"}],"replies":[{"embeddable":true,"href":"https:\/\/sites.uel.br\/clinicapsicologica\/wp-json\/wp\/v2\/comments?post=53"}],"version-history":[{"count":4,"href":"https:\/\/sites.uel.br\/clinicapsicologica\/wp-json\/wp\/v2\/pages\/53\/revisions"}],"predecessor-version":[{"id":159,"href":"https:\/\/sites.uel.br\/clinicapsicologica\/wp-json\/wp\/v2\/pages\/53\/revisions\/159"}],"wp:attachment":[{"href":"https:\/\/sites.uel.br\/clinicapsicologica\/wp-json\/wp\/v2\/media?parent=53"}],"curies":[{"name":"wp","href":"https:\/\/api.w.org\/{rel}","templated":true}]}}