{"id":46,"date":"2025-12-15T15:55:48","date_gmt":"2025-12-15T18:55:48","guid":{"rendered":"https:\/\/sites.uel.br\/clinicapsicologica\/?page_id=46"},"modified":"2026-02-04T16:32:48","modified_gmt":"2026-02-04T19:32:48","slug":"plantao-psicologico","status":"publish","type":"page","link":"https:\/\/sites.uel.br\/clinicapsicologica\/plantao-psicologico\/","title":{"rendered":"Plant\u00e3o Psicol\u00f3gico"},"content":{"rendered":"\n<hr class=\"wp-block-separator has-text-color has-verde-escuro-color has-alpha-channel-opacity has-verde-escuro-background-color has-background is-style-wide\"\/>\n\n\n\n<p><strong>O QUE \u00c9:<\/strong>&nbsp;\u00e9 um atendimento psicol\u00f3gico, imediato e breve, que visa o acolhimento, orienta\u00e7\u00e3o e\/ou encaminhamento de acordo com as demandas apresentadas pelo cliente.<\/p>\n\n\n\n<p><strong>DIA:<\/strong>\u00a0QUARTA-FEIRA\u00a0<strong>&#8211;<\/strong>\u00a08h \u00c0S 17h.<\/p>\n\n\n\n<p><strong>Atendimento ser\u00e1 de acordo com a ordem de chegada, sem a necessidade de agendamento de hor\u00e1rio.<\/strong><\/p>\n","protected":false},"excerpt":{"rendered":"<p>O QUE \u00c9:&nbsp;\u00e9 um atendimento psicol\u00f3gico, imediato e breve, que visa o acolhimento, orienta\u00e7\u00e3o e\/ou encaminhamento de acordo com as demandas apresentadas pelo cliente. DIA:\u00a0QUARTA-FEIRA\u00a0&#8211;\u00a08h \u00c0S 17h. Atendimento ser\u00e1 de acordo com a ordem de chegada, sem a necessidade de agendamento de hor\u00e1rio.<\/p>\n","protected":false},"author":6,"featured_media":0,"parent":0,"menu_order":0,"comment_status":"closed","ping_status":"closed","template":"","meta":{"_acf_changed":false,"_themeisle_gutenberg_block_has_review":false,"footnotes":""},"class_list":["post-46","page","type-page","status-publish","hentry"],"acf":[],"_links":{"self":[{"href":"https:\/\/sites.uel.br\/clinicapsicologica\/wp-json\/wp\/v2\/pages\/46","targetHints":{"allow":["GET"]}}],"collection":[{"href":"https:\/\/sites.uel.br\/clinicapsicologica\/wp-json\/wp\/v2\/pages"}],"about":[{"href":"https:\/\/sites.uel.br\/clinicapsicologica\/wp-json\/wp\/v2\/types\/page"}],"author":[{"embeddable":true,"href":"https:\/\/sites.uel.br\/clinicapsicologica\/wp-json\/wp\/v2\/users\/6"}],"replies":[{"embeddable":true,"href":"https:\/\/sites.uel.br\/clinicapsicologica\/wp-json\/wp\/v2\/comments?post=46"}],"version-history":[{"count":9,"href":"https:\/\/sites.uel.br\/clinicapsicologica\/wp-json\/wp\/v2\/pages\/46\/revisions"}],"predecessor-version":[{"id":175,"href":"https:\/\/sites.uel.br\/clinicapsicologica\/wp-json\/wp\/v2\/pages\/46\/revisions\/175"}],"wp:attachment":[{"href":"https:\/\/sites.uel.br\/clinicapsicologica\/wp-json\/wp\/v2\/media?parent=46"}],"curies":[{"name":"wp","href":"https:\/\/api.w.org\/{rel}","templated":true}]}}