{"id":37,"date":"2025-12-15T14:24:50","date_gmt":"2025-12-15T17:24:50","guid":{"rendered":"https:\/\/sites.uel.br\/clinicapsicologica\/?page_id=37"},"modified":"2026-02-03T14:03:12","modified_gmt":"2026-02-03T17:03:12","slug":"estrutura-fisica","status":"publish","type":"page","link":"https:\/\/sites.uel.br\/clinicapsicologica\/estrutura-fisica\/","title":{"rendered":"Estrutura F\u00edsica"},"content":{"rendered":"\n<hr class=\"wp-block-separator has-text-color has-verde-escuro-color has-alpha-channel-opacity has-verde-escuro-background-color has-background is-style-wide\"\/>\n\n\n\n<p>A Cl\u00ednica Psicol\u00f3gica localiza-se no CCB. Seu espa\u00e7o principal \u00e9 o Bloco B (Cl\u00ednica Nova), com 280 m<sup>2<\/sup>, composta por: 06 salas de atendimento de adulto; 02 salas de atendimento infantil; 01 sala de atendimento da psic\u00f3loga (assessora especial); 01 sala de atendimento em grupo; 01 sala de espera de clientes; 02 salas para armazenamento de recursos usados nos atendimentos; 01 secretaria; 01 sala de dire\u00e7\u00e3o; 01 sala de estagi\u00e1rios; 01 WC de funcion\u00e1rios.<\/p>\n\n\n\n<p>A Cl\u00ednica ocupa, ainda, parte do Bloco A (Cl\u00ednica Antiga), com 171 m<sup>2<\/sup>, composta por: 06 salas multifuncionais, usadas para atendimento cl\u00ednico e supervis\u00e3o de estudantes; 01 sala de atendimento em grupo\/supervis\u00e3o; 01 atendimento em grupo\/sala de aula.<\/p>\n\n\n\n<div class=\"wp-block-columns is-layout-flex wp-container-core-columns-is-layout-9d6595d7 wp-block-columns-is-layout-flex\">\n<div class=\"wp-block-column is-layout-flow wp-block-column-is-layout-flow\">\n<figure class=\"wp-block-image size-full\"><img loading=\"lazy\" decoding=\"async\" width=\"1024\" height=\"768\" src=\"https:\/\/sites.uel.br\/clinicapsicologica\/wp-content\/uploads\/2026\/02\/Sala-de-atendimento-psicologico-adulto-.png\" alt=\"\" class=\"wp-image-152\" srcset=\"https:\/\/sites.uel.br\/clinicapsicologica\/wp-content\/uploads\/2026\/02\/Sala-de-atendimento-psicologico-adulto-.png 1024w, https:\/\/sites.uel.br\/clinicapsicologica\/wp-content\/uploads\/2026\/02\/Sala-de-atendimento-psicologico-adulto--300x225.png 300w, https:\/\/sites.uel.br\/clinicapsicologica\/wp-content\/uploads\/2026\/02\/Sala-de-atendimento-psicologico-adulto--768x576.png 768w\" sizes=\"auto, (max-width: 1024px) 100vw, 1024px\" \/><figcaption class=\"wp-element-caption\">Sala de atendimento psicol\u00f3gico adulto<\/figcaption><\/figure>\n<\/div>\n\n\n\n<div class=\"wp-block-column is-layout-flow wp-block-column-is-layout-flow\">\n<figure class=\"wp-block-image size-large\"><img loading=\"lazy\" decoding=\"async\" width=\"1024\" height=\"768\" src=\"https:\/\/sites.uel.br\/clinicapsicologica\/wp-content\/uploads\/2025\/12\/Sala-infantil-1-1024x768.jpg\" alt=\"\" class=\"wp-image-89\" style=\"aspect-ratio:1.333376016390294\" srcset=\"https:\/\/sites.uel.br\/clinicapsicologica\/wp-content\/uploads\/2025\/12\/Sala-infantil-1-1024x768.jpg 1024w, https:\/\/sites.uel.br\/clinicapsicologica\/wp-content\/uploads\/2025\/12\/Sala-infantil-1-300x225.jpg 300w, https:\/\/sites.uel.br\/clinicapsicologica\/wp-content\/uploads\/2025\/12\/Sala-infantil-1-768x576.jpg 768w, https:\/\/sites.uel.br\/clinicapsicologica\/wp-content\/uploads\/2025\/12\/Sala-infantil-1-1536x1152.jpg 1536w, https:\/\/sites.uel.br\/clinicapsicologica\/wp-content\/uploads\/2025\/12\/Sala-infantil-1-2048x1536.jpg 2048w\" sizes=\"auto, (max-width: 1024px) 100vw, 1024px\" \/><figcaption class=\"wp-element-caption\">Sala de atendimento infantil1<\/figcaption><\/figure>\n<\/div>\n\n\n\n<div class=\"wp-block-column is-layout-flow wp-block-column-is-layout-flow\">\n<figure class=\"wp-block-image size-large\"><img loading=\"lazy\" decoding=\"async\" width=\"1024\" height=\"768\" src=\"https:\/\/sites.uel.br\/clinicapsicologica\/wp-content\/uploads\/2025\/12\/Sala-infantil-2-1024x768.jpg\" alt=\"\" class=\"wp-image-90\" srcset=\"https:\/\/sites.uel.br\/clinicapsicologica\/wp-content\/uploads\/2025\/12\/Sala-infantil-2-1024x768.jpg 1024w, https:\/\/sites.uel.br\/clinicapsicologica\/wp-content\/uploads\/2025\/12\/Sala-infantil-2-300x225.jpg 300w, https:\/\/sites.uel.br\/clinicapsicologica\/wp-content\/uploads\/2025\/12\/Sala-infantil-2-768x576.jpg 768w, https:\/\/sites.uel.br\/clinicapsicologica\/wp-content\/uploads\/2025\/12\/Sala-infantil-2-1536x1152.jpg 1536w, https:\/\/sites.uel.br\/clinicapsicologica\/wp-content\/uploads\/2025\/12\/Sala-infantil-2-2048x1536.jpg 2048w\" sizes=\"auto, (max-width: 1024px) 100vw, 1024px\" \/><figcaption class=\"wp-element-caption\">Sala de atendimento infantil 2<\/figcaption><\/figure>\n<\/div>\n<\/div>\n\n\n\n<div class=\"wp-block-columns is-layout-flex wp-container-core-columns-is-layout-9d6595d7 wp-block-columns-is-layout-flex\">\n<div class=\"wp-block-column is-layout-flow wp-block-column-is-layout-flow\">\n<figure class=\"wp-block-image size-large\"><img loading=\"lazy\" decoding=\"async\" width=\"1024\" height=\"576\" src=\"https:\/\/sites.uel.br\/clinicapsicologica\/wp-content\/uploads\/2026\/02\/Sala-dos-estagiarios-1024x576.jpeg\" alt=\"\" class=\"wp-image-151\" srcset=\"https:\/\/sites.uel.br\/clinicapsicologica\/wp-content\/uploads\/2026\/02\/Sala-dos-estagiarios-1024x576.jpeg 1024w, https:\/\/sites.uel.br\/clinicapsicologica\/wp-content\/uploads\/2026\/02\/Sala-dos-estagiarios-300x169.jpeg 300w, https:\/\/sites.uel.br\/clinicapsicologica\/wp-content\/uploads\/2026\/02\/Sala-dos-estagiarios-768x432.jpeg 768w, https:\/\/sites.uel.br\/clinicapsicologica\/wp-content\/uploads\/2026\/02\/Sala-dos-estagiarios-1536x864.jpeg 1536w, https:\/\/sites.uel.br\/clinicapsicologica\/wp-content\/uploads\/2026\/02\/Sala-dos-estagiarios.jpeg 1600w\" sizes=\"auto, (max-width: 1024px) 100vw, 1024px\" \/><figcaption class=\"wp-element-caption\">Sala dos estagi\u00e1rios<\/figcaption><\/figure>\n<\/div>\n\n\n\n<div class=\"wp-block-column is-layout-flow wp-block-column-is-layout-flow\"><div class=\"wp-block-image\">\n<figure class=\"alignleft size-large is-resized\"><img loading=\"lazy\" decoding=\"async\" width=\"1024\" height=\"768\" src=\"https:\/\/sites.uel.br\/clinicapsicologica\/wp-content\/uploads\/2025\/12\/Sala-da-assessora-especial-1024x768.jpg\" alt=\"\" class=\"wp-image-82\" style=\"aspect-ratio:1.333376016390294;width:306px;height:auto\" srcset=\"https:\/\/sites.uel.br\/clinicapsicologica\/wp-content\/uploads\/2025\/12\/Sala-da-assessora-especial-1024x768.jpg 1024w, https:\/\/sites.uel.br\/clinicapsicologica\/wp-content\/uploads\/2025\/12\/Sala-da-assessora-especial-300x225.jpg 300w, https:\/\/sites.uel.br\/clinicapsicologica\/wp-content\/uploads\/2025\/12\/Sala-da-assessora-especial-768x576.jpg 768w, https:\/\/sites.uel.br\/clinicapsicologica\/wp-content\/uploads\/2025\/12\/Sala-da-assessora-especial-1536x1152.jpg 1536w, https:\/\/sites.uel.br\/clinicapsicologica\/wp-content\/uploads\/2025\/12\/Sala-da-assessora-especial-2048x1536.jpg 2048w\" sizes=\"auto, (max-width: 1024px) 100vw, 1024px\" \/><figcaption class=\"wp-element-caption\">Sala da psic\u00f3loga assessora especial <\/figcaption><\/figure>\n<\/div><\/div>\n\n\n\n<div class=\"wp-block-column is-layout-flow wp-block-column-is-layout-flow\">\n<figure class=\"wp-block-image size-large\"><img loading=\"lazy\" decoding=\"async\" width=\"1024\" height=\"576\" src=\"https:\/\/sites.uel.br\/clinicapsicologica\/wp-content\/uploads\/2026\/02\/Sala-de-atendimento-em-grupo-1024x576.jpeg\" alt=\"\" class=\"wp-image-153\" srcset=\"https:\/\/sites.uel.br\/clinicapsicologica\/wp-content\/uploads\/2026\/02\/Sala-de-atendimento-em-grupo-1024x576.jpeg 1024w, https:\/\/sites.uel.br\/clinicapsicologica\/wp-content\/uploads\/2026\/02\/Sala-de-atendimento-em-grupo-300x169.jpeg 300w, https:\/\/sites.uel.br\/clinicapsicologica\/wp-content\/uploads\/2026\/02\/Sala-de-atendimento-em-grupo-768x432.jpeg 768w, https:\/\/sites.uel.br\/clinicapsicologica\/wp-content\/uploads\/2026\/02\/Sala-de-atendimento-em-grupo-1536x864.jpeg 1536w, https:\/\/sites.uel.br\/clinicapsicologica\/wp-content\/uploads\/2026\/02\/Sala-de-atendimento-em-grupo.jpeg 1599w\" sizes=\"auto, (max-width: 1024px) 100vw, 1024px\" \/><figcaption class=\"wp-element-caption\">Sala de atendimento em grupo<\/figcaption><\/figure>\n<\/div>\n<\/div>\n\n\n\n<p><\/p>\n","protected":false},"excerpt":{"rendered":"<p>A Cl\u00ednica Psicol\u00f3gica localiza-se no CCB. Seu espa\u00e7o principal \u00e9 o Bloco B (Cl\u00ednica Nova), com 280 m2, composta por: 06 salas de atendimento de adulto; 02 salas de atendimento infantil; 01 sala de atendimento da psic\u00f3loga (assessora especial); 01 sala de atendimento em grupo; 01 sala de espera de clientes; 02 salas para armazenamento [&hellip;]<\/p>\n","protected":false},"author":6,"featured_media":0,"parent":0,"menu_order":0,"comment_status":"closed","ping_status":"closed","template":"","meta":{"_acf_changed":false,"_themeisle_gutenberg_block_has_review":false,"footnotes":""},"class_list":["post-37","page","type-page","status-publish","hentry"],"acf":[],"_links":{"self":[{"href":"https:\/\/sites.uel.br\/clinicapsicologica\/wp-json\/wp\/v2\/pages\/37","targetHints":{"allow":["GET"]}}],"collection":[{"href":"https:\/\/sites.uel.br\/clinicapsicologica\/wp-json\/wp\/v2\/pages"}],"about":[{"href":"https:\/\/sites.uel.br\/clinicapsicologica\/wp-json\/wp\/v2\/types\/page"}],"author":[{"embeddable":true,"href":"https:\/\/sites.uel.br\/clinicapsicologica\/wp-json\/wp\/v2\/users\/6"}],"replies":[{"embeddable":true,"href":"https:\/\/sites.uel.br\/clinicapsicologica\/wp-json\/wp\/v2\/comments?post=37"}],"version-history":[{"count":11,"href":"https:\/\/sites.uel.br\/clinicapsicologica\/wp-json\/wp\/v2\/pages\/37\/revisions"}],"predecessor-version":[{"id":158,"href":"https:\/\/sites.uel.br\/clinicapsicologica\/wp-json\/wp\/v2\/pages\/37\/revisions\/158"}],"wp:attachment":[{"href":"https:\/\/sites.uel.br\/clinicapsicologica\/wp-json\/wp\/v2\/media?parent=37"}],"curies":[{"name":"wp","href":"https:\/\/api.w.org\/{rel}","templated":true}]}}