{"id":171,"date":"2026-02-03T16:59:33","date_gmt":"2026-02-03T19:59:33","guid":{"rendered":"https:\/\/sites.uel.br\/clinicapsicologica\/?page_id=171"},"modified":"2026-02-03T16:59:33","modified_gmt":"2026-02-03T19:59:33","slug":"localizacao","status":"publish","type":"page","link":"https:\/\/sites.uel.br\/clinicapsicologica\/localizacao\/","title":{"rendered":"Localiza\u00e7\u00e3o"},"content":{"rendered":"\n<p>Nesta localiza\u00e7\u00e3o voc\u00ea encontra a Cl\u00ednica Psicol\u00f3gica dentro do Campus da UEL:<\/p>\n\n\n\n<iframe src=\"https:\/\/www.google.com\/maps\/embed?pb=!1m18!1m12!1m3!1d3663.746758603024!2d-51.19829202492335!3d-23.324945278962954!2m3!1f0!2f0!3f0!3m2!1i1024!2i768!4f13.1!3m3!1m2!1s0x94eb5ca1285daab5%3A0xa24c7d3e92c804da!2sCl%C3%ADnica%20Psicol%C3%B3gica%20da%20UEL!5e0!3m2!1spt-BR!2sbr!4v1770148693170!5m2!1spt-BR!2sbr\" width=\"1000\" height=\"600\" style=\"border:0;\" allowfullscreen=\"\" loading=\"lazy\" referrerpolicy=\"no-referrer-when-downgrade\"><\/iframe>\n\n","protected":false},"excerpt":{"rendered":"<p>Nesta localiza\u00e7\u00e3o voc\u00ea encontra a Cl\u00ednica Psicol\u00f3gica dentro do Campus da UEL:<\/p>\n","protected":false},"author":6,"featured_media":0,"parent":0,"menu_order":0,"comment_status":"closed","ping_status":"closed","template":"","meta":{"_acf_changed":false,"_themeisle_gutenberg_block_has_review":false,"footnotes":""},"class_list":["post-171","page","type-page","status-publish","hentry"],"acf":[],"_links":{"self":[{"href":"https:\/\/sites.uel.br\/clinicapsicologica\/wp-json\/wp\/v2\/pages\/171","targetHints":{"allow":["GET"]}}],"collection":[{"href":"https:\/\/sites.uel.br\/clinicapsicologica\/wp-json\/wp\/v2\/pages"}],"about":[{"href":"https:\/\/sites.uel.br\/clinicapsicologica\/wp-json\/wp\/v2\/types\/page"}],"author":[{"embeddable":true,"href":"https:\/\/sites.uel.br\/clinicapsicologica\/wp-json\/wp\/v2\/users\/6"}],"replies":[{"embeddable":true,"href":"https:\/\/sites.uel.br\/clinicapsicologica\/wp-json\/wp\/v2\/comments?post=171"}],"version-history":[{"count":1,"href":"https:\/\/sites.uel.br\/clinicapsicologica\/wp-json\/wp\/v2\/pages\/171\/revisions"}],"predecessor-version":[{"id":172,"href":"https:\/\/sites.uel.br\/clinicapsicologica\/wp-json\/wp\/v2\/pages\/171\/revisions\/172"}],"wp:attachment":[{"href":"https:\/\/sites.uel.br\/clinicapsicologica\/wp-json\/wp\/v2\/media?parent=171"}],"curies":[{"name":"wp","href":"https:\/\/api.w.org\/{rel}","templated":true}]}}