{"id":510,"date":"2021-09-10T10:23:56","date_gmt":"2021-09-10T13:23:56","guid":{"rendered":"https:\/\/sites.uel.br\/clch\/?page_id=510"},"modified":"2023-08-04T08:13:25","modified_gmt":"2023-08-04T11:13:25","slug":"representacoes","status":"publish","type":"page","link":"https:\/\/sites.uel.br\/clch\/representacoes\/","title":{"rendered":"Representa\u00e7\u00f5es"},"content":{"rendered":"\n<p><\/p>\n\n\n\n<p class=\"has-text-align-center has-verde-escuro-color has-verde-claro-background-color has-text-color has-background\" style=\"font-size:15px\"><strong><a href=\"https:\/\/docs.google.com\/document\/d\/1za78Ff2s3rNmhw9NMy7cbe6A5x7MqQYz\/edit\">CONSELHO DO CENTRO DE LETRAS E CI\u00caNCIAS HUMANAS<\/a><\/strong><\/p>\n\n\n\n<hr class=\"wp-block-separator has-css-opacity is-style-wide\" \/>\n\n\n\n<p class=\"has-text-align-center has-verde-escuro-color has-verde-claro-background-color has-text-color has-background\" style=\"font-size:15px\"><strong><a href=\"https:\/\/docs.google.com\/document\/d\/1iH3VahpDsfys4uNAeI2oRFJJUZQlaSEx\/edit#heading=h.gjdgxs\" target=\"_blank\" rel=\"noreferrer noopener\">COMISS\u00c3O DE EXTENS\u00c3O DO CENTRO E DOS DEPARTAMENTOS<\/a><\/strong><\/p>\n\n\n\n<hr class=\"wp-block-separator has-css-opacity is-style-wide\" \/>\n\n\n\n<p class=\"has-text-align-center has-verde-escuro-color has-verde-claro-background-color has-text-color has-background\" style=\"font-size:15px\"><strong><a href=\"https:\/\/docs.google.com\/document\/d\/17A9hOHMXfBdXJPfmkCM_qP0k-lOqUaCm\/edit\" target=\"_blank\" rel=\"noreferrer noopener\">COORDENA\u00c7\u00c3O PROGRAMAS DE P\u00d3S-GRADUA\u00c7\u00c3O STRICTO SENSU<\/a><\/strong><\/p>\n\n\n\n<hr class=\"wp-block-separator has-css-opacity is-style-wide\" \/>\n\n\n\n<p class=\"has-text-align-center has-verde-escuro-color has-verde-claro-background-color has-text-color has-background\" style=\"font-size:15px\"><strong><a href=\"https:\/\/docs.google.com\/document\/d\/1i3sUD9UNif8E50wT1Zc2wY73nszjK3n9\/edit\" target=\"_blank\" rel=\"noreferrer noopener\">COORDENA\u00c7\u00c3O CURSOS DE P\u00d3S-GRADUA\u00c7\u00c3O LATO SENSU<\/a><\/strong><\/p>\n\n\n\n<hr class=\"wp-block-separator has-css-opacity is-style-wide\" \/>\n\n\n\n<p class=\"has-text-align-center has-verde-escuro-color has-verde-claro-background-color has-text-color has-background\" style=\"font-size:15px\"><strong><a href=\"https:\/\/docs.google.com\/document\/d\/1iENTwqco14uWc6IBfV03CL1KQDOKdlv-\/edit\">REPRESENTA\u00c7\u00d5ES DO CLCH EM COMISS\u00d5ES, COMIT\u00caS, \u00a0CONSELHOS E C\u00c2MARAS<\/a><\/strong><\/p>\n\n\n\n<hr class=\"wp-block-separator has-text-color has-cinza-escuro-color has-css-opacity has-cinza-escuro-background-color has-background is-style-wide\" \/>\n\n\n\n<p class=\"has-text-align-center has-verde-escuro-color has-verde-claro-background-color has-text-color has-background\" style=\"font-size:15px\"><strong><a href=\"https:\/\/docs.google.com\/document\/d\/1ifYNaoYSBaT938SoPqOHFXPvh_QYVnNG\/edit#heading=h.gjdgxs\" target=\"_blank\" rel=\"noreferrer noopener\">COMISS\u00d5ES DE PESQUISA DO CENTRO E DOS DEPARTAMENTOS<\/a><\/strong><\/p>\n","protected":false},"excerpt":{"rendered":"<p>CONSELHO DO CENTRO DE LETRAS E CI\u00caNCIAS HUMANAS COMISS\u00c3O DE EXTENS\u00c3O DO CENTRO E DOS DEPARTAMENTOS COORDENA\u00c7\u00c3O PROGRAMAS DE P\u00d3S-GRADUA\u00c7\u00c3O STRICTO SENSU COORDENA\u00c7\u00c3O CURSOS DE P\u00d3S-GRADUA\u00c7\u00c3O LATO SENSU REPRESENTA\u00c7\u00d5ES DO CLCH EM COMISS\u00d5ES, COMIT\u00caS, \u00a0CONSELHOS E C\u00c2MARAS COMISS\u00d5ES DE PESQUISA DO CENTRO E DOS DEPARTAMENTOS<\/p>\n","protected":false},"author":8,"featured_media":0,"parent":0,"menu_order":0,"comment_status":"closed","ping_status":"closed","template":"","meta":{"footnotes":""},"class_list":["post-510","page","type-page","status-publish","hentry"],"_links":{"self":[{"href":"https:\/\/sites.uel.br\/clch\/wp-json\/wp\/v2\/pages\/510","targetHints":{"allow":["GET"]}}],"collection":[{"href":"https:\/\/sites.uel.br\/clch\/wp-json\/wp\/v2\/pages"}],"about":[{"href":"https:\/\/sites.uel.br\/clch\/wp-json\/wp\/v2\/types\/page"}],"author":[{"embeddable":true,"href":"https:\/\/sites.uel.br\/clch\/wp-json\/wp\/v2\/users\/8"}],"replies":[{"embeddable":true,"href":"https:\/\/sites.uel.br\/clch\/wp-json\/wp\/v2\/comments?post=510"}],"version-history":[{"count":31,"href":"https:\/\/sites.uel.br\/clch\/wp-json\/wp\/v2\/pages\/510\/revisions"}],"predecessor-version":[{"id":1029,"href":"https:\/\/sites.uel.br\/clch\/wp-json\/wp\/v2\/pages\/510\/revisions\/1029"}],"wp:attachment":[{"href":"https:\/\/sites.uel.br\/clch\/wp-json\/wp\/v2\/media?parent=510"}],"curies":[{"name":"wp","href":"https:\/\/api.w.org\/{rel}","templated":true}]}}