{"id":446,"date":"2021-07-09T16:52:43","date_gmt":"2021-07-09T19:52:43","guid":{"rendered":"https:\/\/sites.uel.br\/clch\/?page_id=446"},"modified":"2025-04-17T20:14:15","modified_gmt":"2025-04-17T23:14:15","slug":"ano-letivo-2021","status":"publish","type":"page","link":"https:\/\/sites.uel.br\/clch\/ano-letivo-2021\/","title":{"rendered":"INFORMA\u00c7\u00d5ES ACAD\u00caMICAS"},"content":{"rendered":"\n<hr class=\"wp-block-separator has-text-color has-cinza-escuro-color has-css-opacity has-cinza-escuro-background-color has-background aligncenter is-style-wide\" \/>\n\n\n\n<hr class=\"wp-block-separator has-text-color has-verde-escuro-color has-css-opacity has-verde-escuro-background-color has-background is-style-wide\" \/>\n\n\n\n<p class=\"has-text-align-center has-cinza-escuro-color has-text-color has-large-font-size\"><strong>Informa\u00e7\u00f5es&nbsp;&#8211; Cursos de Gradua\u00e7\u00e3o do CLCH<\/strong><\/p>\n\n\n<div class=\"wp-block-image\">\n<figure class=\"aligncenter size-large is-resized\"><a href=\"http:\/\/www.uel.br\/prograd\/?content=retornopresencial\/index_entrada.html\" target=\"_blank\" rel=\"noopener\"><img loading=\"lazy\" decoding=\"async\" width=\"465\" height=\"477\" src=\"https:\/\/sites.uel.br\/clch\/wp-content\/uploads\/2021\/07\/informacao.jpg\" alt=\"\" class=\"wp-image-466\" style=\"width:483px;height:495px\" srcset=\"https:\/\/sites.uel.br\/clch\/wp-content\/uploads\/2021\/07\/informacao.jpg 465w, https:\/\/sites.uel.br\/clch\/wp-content\/uploads\/2021\/07\/informacao-292x300.jpg 292w\" sizes=\"auto, (max-width: 465px) 100vw, 465px\" \/><\/a><\/figure>\n<\/div>\n\n\n<hr class=\"wp-block-separator has-css-opacity is-style-wide\" \/>\n\n\n<div class=\"wp-block-image\">\n<figure class=\"aligncenter size-large is-resized\"><a href=\"https:\/\/sistemas.uel.br\/portaldoestudante\/index\" target=\"_blank\" rel=\"noopener\"><img loading=\"lazy\" decoding=\"async\" width=\"814\" height=\"614\" src=\"https:\/\/sites.uel.br\/clch\/wp-content\/uploads\/2021\/07\/Portal-do-Estudante.jpg\" alt=\"\" class=\"wp-image-458\" style=\"width:437px;height:330px\" srcset=\"https:\/\/sites.uel.br\/clch\/wp-content\/uploads\/2021\/07\/Portal-do-Estudante.jpg 814w, https:\/\/sites.uel.br\/clch\/wp-content\/uploads\/2021\/07\/Portal-do-Estudante-300x226.jpg 300w, https:\/\/sites.uel.br\/clch\/wp-content\/uploads\/2021\/07\/Portal-do-Estudante-768x579.jpg 768w\" sizes=\"auto, (max-width: 814px) 100vw, 814px\" \/><\/a><\/figure>\n<\/div>\n\n\n<hr class=\"wp-block-separator has-css-opacity is-style-wide\" \/>\n\n\n<div class=\"wp-block-image\">\n<figure class=\"aligncenter size-large is-resized\"><a href=\"http:\/\/www.uel.br\/prograd\/?content=guia_academico\/tutoriais_portal_estudante.html#tutoriais_portal_estudante\" target=\"_blank\" rel=\"noopener\"><img loading=\"lazy\" decoding=\"async\" width=\"892\" height=\"704\" src=\"https:\/\/sites.uel.br\/clch\/wp-content\/uploads\/2021\/07\/tutorial.jpg\" alt=\"\" class=\"wp-image-450\" style=\"width:442px;height:349px\" srcset=\"https:\/\/sites.uel.br\/clch\/wp-content\/uploads\/2021\/07\/tutorial.jpg 892w, https:\/\/sites.uel.br\/clch\/wp-content\/uploads\/2021\/07\/tutorial-300x237.jpg 300w, https:\/\/sites.uel.br\/clch\/wp-content\/uploads\/2021\/07\/tutorial-768x606.jpg 768w\" sizes=\"auto, (max-width: 892px) 100vw, 892px\" \/><\/a><\/figure>\n<\/div>\n\n\n<hr class=\"wp-block-separator has-css-opacity is-style-wide\" \/>\n\n\n\n<p class=\"has-text-align-center has-large-font-size\"><strong>Calend\u00e1rio Acad\u00eamico 2025<\/strong><\/p>\n\n\n<div class=\"wp-block-image\">\n<figure class=\"aligncenter size-full\"><a href=\"https:\/\/sites.uel.br\/clch\/wp-content\/uploads\/2025\/04\/CALENDARIO-2025.pdf\"><img loading=\"lazy\" decoding=\"async\" width=\"500\" height=\"500\" src=\"https:\/\/sites.uel.br\/clch\/wp-content\/uploads\/2023\/07\/calendario-teste-2.jpg\" alt=\"\" class=\"wp-image-1004\" srcset=\"https:\/\/sites.uel.br\/clch\/wp-content\/uploads\/2023\/07\/calendario-teste-2.jpg 500w, https:\/\/sites.uel.br\/clch\/wp-content\/uploads\/2023\/07\/calendario-teste-2-300x300.jpg 300w, https:\/\/sites.uel.br\/clch\/wp-content\/uploads\/2023\/07\/calendario-teste-2-150x150.jpg 150w\" sizes=\"auto, (max-width: 500px) 100vw, 500px\" \/><\/a><\/figure>\n<\/div>\n\n\n<hr class=\"wp-block-separator has-css-opacity is-style-wide\" \/>\n\n\n\n<p class=\"has-text-align-center\" style=\"font-size:35px\"><strong>Canais de Atendimento Remoto<\/strong><\/p>\n\n\n<div class=\"wp-block-image\">\n<figure class=\"aligncenter size-large is-resized\"><a href=\"http:\/\/www.uel.br\/prograd\/?content=atendimento\/canais_atendimento.html\" target=\"_blank\" rel=\"noopener\"><img loading=\"lazy\" decoding=\"async\" width=\"120\" height=\"120\" src=\"https:\/\/sites.uel.br\/clch\/wp-content\/uploads\/2021\/07\/canais_atendimento_remoto_prograd_logo_120-1.jpg\" alt=\"\" class=\"wp-image-460\" style=\"width:182px;height:182px\" \/><\/a><\/figure>\n<\/div>\n\n\n<p><\/p>\n","protected":false},"excerpt":{"rendered":"<p>Informa\u00e7\u00f5es&nbsp;&#8211; Cursos de Gradua\u00e7\u00e3o do CLCH Calend\u00e1rio Acad\u00eamico 2025 Canais de Atendimento Remoto<\/p>\n","protected":false},"author":8,"featured_media":0,"parent":0,"menu_order":0,"comment_status":"closed","ping_status":"closed","template":"","meta":{"footnotes":""},"class_list":["post-446","page","type-page","status-publish","hentry"],"_links":{"self":[{"href":"https:\/\/sites.uel.br\/clch\/wp-json\/wp\/v2\/pages\/446","targetHints":{"allow":["GET"]}}],"collection":[{"href":"https:\/\/sites.uel.br\/clch\/wp-json\/wp\/v2\/pages"}],"about":[{"href":"https:\/\/sites.uel.br\/clch\/wp-json\/wp\/v2\/types\/page"}],"author":[{"embeddable":true,"href":"https:\/\/sites.uel.br\/clch\/wp-json\/wp\/v2\/users\/8"}],"replies":[{"embeddable":true,"href":"https:\/\/sites.uel.br\/clch\/wp-json\/wp\/v2\/comments?post=446"}],"version-history":[{"count":25,"href":"https:\/\/sites.uel.br\/clch\/wp-json\/wp\/v2\/pages\/446\/revisions"}],"predecessor-version":[{"id":1950,"href":"https:\/\/sites.uel.br\/clch\/wp-json\/wp\/v2\/pages\/446\/revisions\/1950"}],"wp:attachment":[{"href":"https:\/\/sites.uel.br\/clch\/wp-json\/wp\/v2\/media?parent=446"}],"curies":[{"name":"wp","href":"https:\/\/api.w.org\/{rel}","templated":true}]}}