{"id":33,"date":"2021-03-29T12:45:21","date_gmt":"2021-03-29T15:45:21","guid":{"rendered":"https:\/\/sites.uel.br\/clch\/?page_id=33"},"modified":"2026-03-02T21:59:15","modified_gmt":"2026-03-03T00:59:15","slug":"lato-sensu","status":"publish","type":"page","link":"https:\/\/sites.uel.br\/clch\/lato-sensu\/","title":{"rendered":"Lato Sensu"},"content":{"rendered":"\n<p><strong>Contatos<\/strong><\/p>\n\n\n\n<p><strong>e-mail:<\/strong>&nbsp;&nbsp;secposcch@uel.br&nbsp;<\/p>\n\n\n\n<p><strong>Fone:<\/strong>&nbsp;(43) 3371-4624<\/p>\n\n\n\n<p><strong>Hor\u00e1rios de atendimento externo<\/strong>: 8h00 \u00e0s 12h00 \/ 13h30 \u00e0s 17h00<\/p>\n\n\n\n<hr class=\"wp-block-separator has-css-opacity is-style-wide\"\/>\n\n\n\n<p class=\"has-text-align-center has-verde-claro-color has-verde-escuro-background-color has-text-color has-background\" style=\"font-size:25px\"><strong>Cursos com vagas abertas para 2026\/1<\/strong><\/p>\n\n\n\n<p class=\"has-text-align-center has-verde-escuro-color has-verde-claro-background-color has-text-color has-background\"><strong>ESPECIALIZA\u00c7\u00c3O EM RELIGI\u00d5ES E RELIGIOSIDADES<\/strong><\/p>\n\n\n\n<ul class=\"wp-block-list\">\n<li><a href=\"https:\/\/pos.uel.br\/letras\/wp-content\/uploads\/2026\/03\/Edital_04_2026-Resultado-Final_convocacao-matriculas.pdf\" data-type=\"link\" data-id=\"https:\/\/sites.uel.br\/clch\/wp-content\/uploads\/2026\/01\/2-Edital_01_2025_homologacao-das-inscricoes.docx.pdf\" target=\"_blank\" rel=\"noreferrer noopener\"><strong>EDITAL \u2013 004\/2026 \u2013 PROCESSO DE SELE\u00c7\u00c3O \u2013 MATR\u00cdCULA 2026\/1<\/strong><\/a><\/li>\n\n\n\n<li><a href=\"https:\/\/sites.uel.br\/clch\/wp-content\/uploads\/2026\/02\/Edital-003-2026-Resultado-Parcial.pdf\" data-type=\"link\" data-id=\"https:\/\/sites.uel.br\/clch\/wp-content\/uploads\/2026\/01\/2-Edital_01_2025_homologacao-das-inscricoes.docx.pdf\">EDITAL \u2013 003\/2026 \u2013 PROCESSO DE SELE\u00c7\u00c3O \u2013 INGRESSO 2026\/1<\/a><\/li>\n\n\n\n<li><a href=\"https:\/\/sites.uel.br\/clch\/wp-content\/uploads\/2026\/01\/Edital-2026-Projetos-de-pesquisa-aprovados.pdf\" data-type=\"link\" data-id=\"https:\/\/sites.uel.br\/clch\/wp-content\/uploads\/2026\/01\/2-Edital_01_2025_homologacao-das-inscricoes.docx.pdf\">EDITAL \u2013 002\/2026 \u2013 PROCESSO DE SELE\u00c7\u00c3O \u2013 INGRESSO 2026\/1<\/a><\/li>\n\n\n\n<li><a href=\"https:\/\/sites.uel.br\/clch\/wp-content\/uploads\/2026\/01\/2-Edital_01_2025_homologacao-das-inscricoes.docx.pdf\" data-type=\"link\" data-id=\"https:\/\/sites.uel.br\/clch\/wp-content\/uploads\/2026\/01\/2-Edital_01_2025_homologacao-das-inscricoes.docx.pdf\">EDITAL &#8211; 001\/2025 \u2013 HOMOLOGA\u00c7\u00c3O DAS INSCRI\u00c7\u00d5ES &#8211; TURMA 2026<\/a><\/li>\n\n\n\n<li><a href=\"https:\/\/sites.uel.br\/clch\/wp-content\/uploads\/2025\/10\/1-EDITAL-oferta-2026_1-2-3.pdf\">EDITAL &#8211; 001\/2025 \u2013 SELE\u00c7\u00c3O &#8211; TURMA 2026<\/a><\/li>\n\n\n\n<li><a href=\"https:\/\/sites.uel.br\/clch\/editais-anteriores\/\">EDITAIS ANTERIORES<\/a><\/li>\n<\/ul>\n\n\n\n<p class=\"has-text-align-center has-verde-escuro-color has-verde-claro-background-color has-text-color has-background\"><a href=\"https:\/\/pos.uel.br\/linguaportuguesa\/\"><strong>ESPECIALIZA\u00c7\u00c3O EM L\u00cdNGUA PORTUGUESA<\/strong><\/a><\/p>\n\n\n\n<ul class=\"wp-block-list\">\n<li><a href=\"https:\/\/sites.uel.br\/clch\/wp-content\/uploads\/2026\/02\/Edital_01_2026-Homologacao-Inscricoes.pdf\">EDITAL &#8211; 001\/2026 \u2013 HOMOLOGA\u00c7\u00c3O P\u00d3S-GRADUA\u00c7\u00c3O LATO SENSU<\/a><\/li>\n\n\n\n<li><a href=\"https:\/\/sites.uel.br\/clch\/editais-anteriores-2\/\">EDITAIS ANTERIORES<\/a><\/li>\n<\/ul>\n\n\n\n<p class=\"has-text-align-center has-verde-color has-verde-claro-background-color has-text-color has-background has-link-color wp-elements-3c8e340dac85d9e8d449b422a22c405c\"><strong>ESPECIALIZA\u00c7\u00c3O, NA MODALIDADE A DIST\u00c2NCIA (EaD) UEL\/CAPES-MEC\/UAB<\/strong><\/p>\n\n\n\n<ul class=\"wp-block-list\">\n<li><a href=\"https:\/\/sites.uel.br\/clch\/wp-content\/uploads\/2025\/03\/Edital-004.pdf\">EDITAL &#8211; 003\/2025 \u2013 RESULTADO PRELIMINAR BOLSISTA EAD UEL\/CAPES\/UAB<\/a><\/li>\n\n\n\n<li><a href=\"https:\/\/sites.uel.br\/clch\/wp-content\/uploads\/2025\/02\/Edital-002_Homologacao_preliminar.pdf\">EDITAL &#8211; 002\/2025 \u2013 RESULTADO PRELIMINAR BOLSISTA EAD UEL\/CAPES\/UAB<\/a><\/li>\n\n\n\n<li><a href=\"https:\/\/sites.uel.br\/clch\/wp-content\/uploads\/2025\/02\/edital_coord_2025.pdf\">EDITAL &#8211; 001\/2025 \u2013 PROCESSO SELETIVO COORDENA\u00c7\u00c3O ESP. EAD<\/a><\/li>\n<\/ul>\n\n\n\n<hr class=\"wp-block-separator aligncenter has-alpha-channel-opacity is-style-dots\"\/>\n\n\n\n<p class=\"has-text-align-center has-verde-claro-color has-verde-escuro-background-color has-text-color has-background has-link-color wp-elements-d9e19e3fcd1fa57494de9d750e4b32ad\" style=\"font-size:25px\"><strong>Editais anteriores<\/strong><\/p>\n\n\n\n<ul class=\"wp-block-list\">\n<li><a href=\"https:\/\/sites.uel.br\/clch\/editais-anteriores-esp-antropologia-diferenca-desigualdade-e-poder\/\">ESPECIALIZA\u00c7\u00c3O EM ANTROPOLOGIA: DIFEREN\u00c7A, DESIGUALDADE E PODER<\/a><\/li>\n\n\n\n<li><a href=\"https:\/\/sites.uel.br\/clch\/editais-anteriores-esp-em-ensino-de-lingua-portuguesa-e-tec-educacional-digital-ead\/\">ESP. ENSINO DE L\u00cdNGUA PORTUGUESA E TEC. EDUCACIONAL DIGITAL \u2013 EaD<\/a><\/li>\n<\/ul>\n\n\n\n<p><\/p>\n","protected":false},"excerpt":{"rendered":"<p>Contatos e-mail:&nbsp;&nbsp;secposcch@uel.br&nbsp; Fone:&nbsp;(43) 3371-4624 Hor\u00e1rios de atendimento externo: 8h00 \u00e0s 12h00 \/ 13h30 \u00e0s 17h00 Cursos com vagas abertas para 2026\/1 ESPECIALIZA\u00c7\u00c3O EM RELIGI\u00d5ES E RELIGIOSIDADES ESPECIALIZA\u00c7\u00c3O EM L\u00cdNGUA PORTUGUESA ESPECIALIZA\u00c7\u00c3O, NA MODALIDADE A DIST\u00c2NCIA (EaD) UEL\/CAPES-MEC\/UAB Editais anteriores<\/p>\n","protected":false},"author":7,"featured_media":0,"parent":0,"menu_order":0,"comment_status":"closed","ping_status":"closed","template":"","meta":{"footnotes":""},"class_list":["post-33","page","type-page","status-publish","hentry"],"_links":{"self":[{"href":"https:\/\/sites.uel.br\/clch\/wp-json\/wp\/v2\/pages\/33","targetHints":{"allow":["GET"]}}],"collection":[{"href":"https:\/\/sites.uel.br\/clch\/wp-json\/wp\/v2\/pages"}],"about":[{"href":"https:\/\/sites.uel.br\/clch\/wp-json\/wp\/v2\/types\/page"}],"author":[{"embeddable":true,"href":"https:\/\/sites.uel.br\/clch\/wp-json\/wp\/v2\/users\/7"}],"replies":[{"embeddable":true,"href":"https:\/\/sites.uel.br\/clch\/wp-json\/wp\/v2\/comments?post=33"}],"version-history":[{"count":118,"href":"https:\/\/sites.uel.br\/clch\/wp-json\/wp\/v2\/pages\/33\/revisions"}],"predecessor-version":[{"id":2358,"href":"https:\/\/sites.uel.br\/clch\/wp-json\/wp\/v2\/pages\/33\/revisions\/2358"}],"wp:attachment":[{"href":"https:\/\/sites.uel.br\/clch\/wp-json\/wp\/v2\/media?parent=33"}],"curies":[{"name":"wp","href":"https:\/\/api.w.org\/{rel}","templated":true}]}}