{"id":31,"date":"2021-03-29T12:45:21","date_gmt":"2021-03-29T15:45:21","guid":{"rendered":"https:\/\/sites.uel.br\/clch\/?page_id=31"},"modified":"2025-07-11T17:43:45","modified_gmt":"2025-07-11T20:43:45","slug":"graduacao","status":"publish","type":"page","link":"https:\/\/sites.uel.br\/clch\/graduacao\/","title":{"rendered":"Gradua\u00e7\u00e3o"},"content":{"rendered":"\n<p class=\"has-black-color has-text-color has-background\" style=\"background-color:#eff9f0\"><a href=\"http:\/\/graduacao.uel.br\/ciencias-sociais\">Ci\u00eancias Sociais<\/a><\/p>\n\n\n\n<p class=\"has-black-color has-text-color has-background\" style=\"background-color:#eff9f0\"><a href=\"https:\/\/graduacao.uel.br\/filosofia\/\">Filosofia<\/a><\/p>\n\n\n\n<p class=\"has-black-color has-text-color has-background\" style=\"background-color:#eff9f0\"><a href=\"https:\/\/graduacao.uel.br\/historia\/\">Hist\u00f3ria<\/a><\/p>\n\n\n\n<p class=\"has-black-color has-text-color has-background\" style=\"background-color:#eff9f0\"><a href=\"https:\/\/graduacao.uel.br\/letras-portugues\/\">Letras Portugu\u00eas<\/a><\/p>\n\n\n\n<p class=\"has-black-color has-text-color has-background\" style=\"background-color:#eff9f0\"><a href=\"https:\/\/graduacao.uel.br\/letras-ingles\/\" data-type=\"link\" data-id=\"https:\/\/graduacao.uel.br\/letras-ingles\/\">Letras Ingl\u00eas<\/a> \/ <a href=\"https:\/\/graduacao.uel.br\/letras-espanhol\/\" data-type=\"link\" data-id=\"https:\/\/graduacao.uel.br\/letras-espanhol\/\">Espanhol<\/a> \/ <a href=\"https:\/\/graduacao.uel.br\/letras-frances\/\">Franc\u00eas<\/a><\/p>\n","protected":false},"excerpt":{"rendered":"<p>Ci\u00eancias Sociais Filosofia Hist\u00f3ria Letras Portugu\u00eas Letras Ingl\u00eas \/ Espanhol \/ Franc\u00eas<\/p>\n","protected":false},"author":7,"featured_media":0,"parent":0,"menu_order":0,"comment_status":"closed","ping_status":"closed","template":"","meta":{"footnotes":""},"class_list":["post-31","page","type-page","status-publish","hentry"],"_links":{"self":[{"href":"https:\/\/sites.uel.br\/clch\/wp-json\/wp\/v2\/pages\/31","targetHints":{"allow":["GET"]}}],"collection":[{"href":"https:\/\/sites.uel.br\/clch\/wp-json\/wp\/v2\/pages"}],"about":[{"href":"https:\/\/sites.uel.br\/clch\/wp-json\/wp\/v2\/types\/page"}],"author":[{"embeddable":true,"href":"https:\/\/sites.uel.br\/clch\/wp-json\/wp\/v2\/users\/7"}],"replies":[{"embeddable":true,"href":"https:\/\/sites.uel.br\/clch\/wp-json\/wp\/v2\/comments?post=31"}],"version-history":[{"count":6,"href":"https:\/\/sites.uel.br\/clch\/wp-json\/wp\/v2\/pages\/31\/revisions"}],"predecessor-version":[{"id":2242,"href":"https:\/\/sites.uel.br\/clch\/wp-json\/wp\/v2\/pages\/31\/revisions\/2242"}],"wp:attachment":[{"href":"https:\/\/sites.uel.br\/clch\/wp-json\/wp\/v2\/media?parent=31"}],"curies":[{"name":"wp","href":"https:\/\/api.w.org\/{rel}","templated":true}]}}