{"id":261,"date":"2021-04-06T11:08:34","date_gmt":"2021-04-06T14:08:34","guid":{"rendered":"https:\/\/sites.uel.br\/clch\/?page_id=261"},"modified":"2022-04-27T09:22:53","modified_gmt":"2022-04-27T12:22:53","slug":"publicacoes","status":"publish","type":"page","link":"https:\/\/sites.uel.br\/clch\/publicacoes\/","title":{"rendered":"Publica\u00e7\u00f5es"},"content":{"rendered":"\n<p class=\"has-large-font-size\"><strong>Revistas<\/strong><\/p>\n\n\n\n<p class=\"has-verde-color has-text-color has-medium-font-size\"><strong><a rel=\"noreferrer noopener\" href=\"http:\/\/www.uel.br\/revistas\/uel\/index.php\/antiteses\" target=\"_blank\">Ant\u00edteses<\/a><\/strong><\/p>\n\n\n\n<p>A revista&nbsp;<em><strong>Ant\u00ed<\/strong><strong>teses<\/strong><\/em>&nbsp;\u00e9 um peri\u00f3dico semestral eletr\u00f4nico on-line em Open Access, no sistema ahead of print e volume fechado, do Programa de P\u00f3s-Gradua\u00e7\u00e3o em Hist\u00f3ria Social da Universidade Estadual de Londrina. Publica, ap\u00f3s processo de avalia\u00e7\u00e3o entre pares, contribui\u00e7\u00f5es multidisciplinares in\u00e9ditas a partir da perspectiva hist\u00f3rica, nos idiomas portugu\u00eas, espanhol e ingl\u00eas.<\/p>\n\n\n\n<p>E-mail:&nbsp;<a rel=\"noreferrer noopener\" href=\"mailto:antiteses@uel.br\" target=\"_blank\">antiteses@uel.br<\/a> <\/p>\n\n\n\n<hr class=\"wp-block-separator is-style-wide\"\/>\n\n\n\n<p class=\"has-verde-color has-text-color has-medium-font-size\"><strong><a rel=\"noreferrer noopener\" href=\"http:\/\/www.uel.br\/revistas\/uel\/index.php\/boitata\/index\" data-type=\"URL\" data-id=\"http:\/\/www.uel.br\/revistas\/uel\/index.php\/boitata\/index\" target=\"_blank\">Boitat\u00e1<\/a><\/strong><\/p>\n\n\n\n<p>A Revista&nbsp;<strong>Boitat\u00e1<\/strong>&nbsp;(ISSN 1980-4504) \u00e9 uma publica\u00e7\u00e3o semestral vinculada a Universidade Estadual de Londrina (UEL), de acesso livre, do GT de Literatura Oral e Popular da Associa\u00e7\u00e3o Nacional de Pesquisa e P\u00f3s-Gradua\u00e7\u00e3o em Letras e Lingu\u00edstica (ANPOLL). Ela tem por objetivo principal disseminar trabalhos in\u00e9ditos decorrentes de produ\u00e7\u00f5es cient\u00edficas de pesquisadores nacionais e estrangeiros que investigam as po\u00e9ticas orais e a literatura popular.<\/p>\n\n\n\n<p>E-mail:&nbsp;boitata@uel.br<\/p>\n\n\n\n<hr class=\"wp-block-separator is-style-wide\"\/>\n\n\n\n<p class=\"has-verde-escuro-color has-text-color has-medium-font-size\"><strong><a href=\"https:\/\/www.eduel.com.br\/?s=boletim&amp;post_type=product\" target=\"_blank\" rel=\"noreferrer noopener\">Boletim<\/a><\/strong><\/p>\n\n\n\n<p>A Revista da \u00c1rea de Humanas do Centro de Letras e Ci\u00eancias Humanas \u00e9 conhecida como&nbsp;<strong>Boletim<\/strong> do CCH (ISSN 0102-6968), pois foi assim seu come\u00e7o. \u00c9 publicada desde o come\u00e7o, ininterruptamente, nos meses de&nbsp;julho&nbsp;e&nbsp;dezembro. \u00c9 voltada para as \u00e1reas de&nbsp;CI\u00caNCIAS HUMANAS e publica trabalhos em portugu\u00eas, franc\u00eas, espanhol e italiano.<\/p>\n\n\n\n<p>E-mail: boletimhumanas@uel.br<\/p>\n\n\n\n<hr class=\"wp-block-separator is-style-wide\"\/>\n\n\n\n<p class=\"has-verde-color has-text-color has-medium-font-size\"><strong><a rel=\"noreferrer noopener\" href=\"http:\/\/www.uel.br\/revistas\/uel\/index.php\/dominiosdaimagem\" target=\"_blank\">Dom\u00ednios da imagem<\/a><\/strong><\/p>\n\n\n\n<p>A revista&nbsp;<strong>Dom\u00ednios da Imagem<\/strong>&nbsp;(ISSN:&nbsp;2237-9126) \u00e9 uma publica\u00e7\u00e3o dirigida pelo Laborat\u00f3rio de Estudos dos Dom\u00ednios da Imagem (LEDI), um projeto integrado (pesquisa\/extens\u00e3o) do Departamento de Hist\u00f3ria da Universidade Estadual de Londrina, tem o car\u00e1ter multidisciplinar, est\u00e1 vinculada ao Programa de P\u00f3s-Gradua\u00e7\u00e3o em Hist\u00f3ria Social e teve seu primeiro n\u00famero lan\u00e7ado em novembro de 2007.<\/p>\n\n\n\n<p>E-mail: dominiosdaimagem2@gmail.com<\/p>\n\n\n\n<hr class=\"wp-block-separator is-style-wide\"\/>\n\n\n\n<p class=\"has-verde-escuro-color has-text-color has-medium-font-size\"><strong><strong><a href=\"https:\/\/www.uel.br\/revistas\/uel\/index.php\/entretextos\/index\" target=\"_blank\" rel=\"noreferrer noopener\">Entretextos<\/a><\/strong><\/strong><\/p>\n\n\n\n<p>A Revista <strong>Entretextos<\/strong>&nbsp;(ISSN [Digital]&nbsp;2764-0809 \/ ISSN [Impresso]&nbsp;1519-5392) \u00e9 uma publica\u00e7\u00e3o&nbsp;semestral a cargo de discentes e docente do Programa de P\u00f3s-gradua\u00e7\u00e3o em Estudos da Linguagem da Universidade Estadual de Londrina. Publica em fluxo cont\u00ednuo trabalhos in\u00e9ditos (artigos, resenhas, entrevistas e dossi\u00eas) nas seguintes \u00e1reas:&nbsp;descri\u00e7\u00e3o e an\u00e1lise lingu\u00edstica, estudos do texto\/discurso, ensino\/aprendizagem e forma\u00e7\u00e3o do professor de l\u00edngua portuguesa, l\u00ednguas estrangeiras e de outras linguagens.&nbsp;<\/p>\n\n\n\n<p>E-mail: <a href=\"mailto:%65%6e%74%72%65%74%65%78%74%6f%73@%75%65%6c.%62%72\">entretextos@uel.br<\/a><\/p>\n\n\n\n<hr class=\"wp-block-separator is-style-wide\"\/>\n\n\n\n<p class=\"has-verde-escuro-color has-text-color has-medium-font-size\"><strong><a rel=\"noreferrer noopener\" href=\"https:\/\/www.uel.br\/revistas\/uel\/index.php\/estacaoliteraria\/index\" target=\"_blank\">E<strong>sta\u00e7\u00e3o Liter\u00e1ria<\/strong><\/a>\u00a0<\/strong><\/p>\n\n\n\n<p>A&nbsp;<strong>Esta\u00e7\u00e3o Liter\u00e1ria<\/strong>&nbsp;(ISSN 1983-1048) \u00e9 uma publica\u00e7\u00e3o semestral do Programa de P\u00f3s-gradua\u00e7\u00e3o em Letras da Universidade Estadual de Londrina, Paran\u00e1, com o objetivo de divulgar trabalhos ligados ao universo dos Estudos Liter\u00e1rios de pesquisadores brasileiros e estrangeiros.<\/p>\n\n\n\n<p>E-mail: camila.gpaiva@hotmail.com<\/p>\n\n\n\n<hr class=\"wp-block-separator is-style-wide\"\/>\n\n\n\n<p class=\"has-verde-color has-text-color has-medium-font-size\"><strong><a href=\"http:\/\/www.uel.br\/revistas\/uel\/index.php\/histensino\/index\">Hist\u00f3ria &amp; Ensino<\/a><\/strong><\/p>\n\n\n\n<p>A Revista Hist\u00f3ria &amp; Ensino (ISSN: 2238-3018), criada no \u00e2mbito do Laborat\u00f3rio de Ensino de Hist\u00f3ria da UEL e publicada desde 1995, foi o primeiro peri\u00f3dico cient\u00edfico do pa\u00eds a abordar exclusivamente o ensino de Hist\u00f3ria.&nbsp;Inicialmente era destinada aos graduandos do curso de Hist\u00f3ria e aos professores de Hist\u00f3ria do Ensino Fundamental e M\u00e9dio. Ao longo de sua trajet\u00f3ria tornou-se um importante ve\u00edculo de divulga\u00e7\u00e3o da pesquisa acad\u00eamica sobre o ensino de hist\u00f3ria, mas sem deixar de estabelecer um elo e um espa\u00e7o de discuss\u00e3o entre os tr\u00eas n\u00edveis de ensino.&nbsp;A Revista Hist\u00f3ria &amp; Ensino se vincula organicamente ao Programa de P\u00f3s-Gradua\u00e7\u00e3o em Hist\u00f3ria Social da Universidade Estadual de Londrina (PPGHS), particularmente \u00e0 sua Linha de Pesquisa Hist\u00f3ria e Ensino, bem como ao Departamento de Hist\u00f3ria da UEL.<\/p>\n\n\n\n<p>E-mail:\u00a0<a rel=\"noreferrer noopener\" href=\"mailto:labhis@uel.br\" target=\"_blank\">labhis@uel.br<\/a>   <\/p>\n\n\n\n<hr class=\"wp-block-separator is-style-wide\"\/>\n\n\n\n<p class=\"has-verde-color has-text-color has-medium-font-size\"><strong><a rel=\"noreferrer noopener\" href=\"http:\/\/www.uel.br\/revistas\/uel\/index.php\/mediacoes\/index\" target=\"_blank\">Media\u00e7\u00f5es \u2013 Revista de Ci\u00eancias Sociais<\/a><\/strong><\/p>\n\n\n\n<p>Criada em 1996,&nbsp;<strong><em>Media\u00e7\u00f5es \u2013 Revista de Ci\u00eancias Sociais<\/em><\/strong>&nbsp;(ISSN: 2176-6665) \u00e9 uma publica\u00e7\u00e3o quadrimestral do Departamento de Ci\u00eancias Sociais e do Programa de P\u00f3s-Gradua\u00e7\u00e3o em Sociologia, voltada para o debate sobre temas relevantes e\/ou atuais das Ci\u00eancias Sociais e de \u00e1reas afins.&nbsp;<strong><em>Media\u00e7\u00f5es<\/em><\/strong>&nbsp;dedica-se \u00e0 miss\u00e3o de divulgar conte\u00fado cient\u00edfico de qualidade produzido por pesquisador(a)s nacionais e estrangeiro(a)s das \u00e1reas de Ci\u00eancias Sociais e de \u00e1reas afins, com o objetivo de fomentar e ampliar a produ\u00e7\u00e3o de conhecimento, contribuindo seja para a inova\u00e7\u00e3o te\u00f3rica e\/ou metodol\u00f3gica, seja para o avan\u00e7o de an\u00e1lises emp\u00edricas qualificadas na pesquisa em Ci\u00eancias Sociais e Humanas.<\/p>\n\n\n\n<p>Email:&nbsp;<a rel=\"noreferrer noopener\" href=\"mailto:mediacoes@uel.br\" target=\"_blank\">mediacoes@uel.br<\/a> <\/p>\n\n\n\n<hr class=\"wp-block-separator is-style-wide\"\/>\n\n\n\n<p class=\"has-verde-escuro-color has-text-color has-medium-font-size\"><strong><a href=\"https:\/\/www.uel.br\/revistas\/uel\/index.php\/signum\/index\" target=\"_blank\" rel=\"noreferrer noopener\">Signum: Estudos da Linguagem<\/a><\/strong> <\/p>\n\n\n\n<p>A <strong>Signum: Estudos da Linguagem<\/strong> (ISSN 2237-4846)&nbsp;&nbsp;\u00e9 uma publica\u00e7\u00e3o quadrimestral editada pelo Programa de P\u00f3s-gradua\u00e7\u00e3o em Estudos da Linguagem da Universidade Estadual de Londrina.&nbsp;Tem por objetivo a divulga\u00e7\u00e3o de trabalhos in\u00e9ditos (artigos e resenhas) nas \u00e1reas de descri\u00e7\u00e3o e an\u00e1lise lingu\u00edstica, estudos do texto\/discurso, ensino\/aprendizagem e forma\u00e7\u00e3o do professor de l\u00ednguas portuguesa, l\u00ednguas estrangeiras e de outras linguagens.<\/p>\n\n\n\n<p>E-mail: <a href=\"mailto:%73%69%67%6e%75%6d@%75%65%6c.%62%72\">signum@uel.br<\/a>  <\/p>\n\n\n\n<hr class=\"wp-block-separator is-style-wide\"\/>\n\n\n\n<p class=\"has-verde-escuro-color has-text-color has-medium-font-size\"><strong><a href=\"http:\/\/www.uel.br\/revistas\/uel\/index.php\/terraroxa\/index\" target=\"_blank\" rel=\"noreferrer noopener\">Terra Roxa e Outras Terras: Revista de Estudos Liter\u00e1rios<\/a><\/strong><\/p>\n\n\n\n<p><strong>Terra Roxa e Outras Terras: Revista de Estudos Liter\u00e1rios<\/strong> (ISSN 1678-2054)&nbsp;\u00e9 publica\u00e7\u00e3o semestral em acesso livre do Programa de P\u00f3s-Gradua\u00e7\u00e3o em Letras da Universidade Estadual de Londrina.<\/p>\n\n\n\n<p>E-mail: <a href=\"mailto:%74%65%72%72%61%72%6f%78%61.%75%65%6c@%67%6d%61%69%6c.%63%6f%6d\">terraroxa.uel@gmail.com<\/a><\/p>\n","protected":false},"excerpt":{"rendered":"<p>Revistas Ant\u00edteses A revista&nbsp;Ant\u00edteses&nbsp;\u00e9 um peri\u00f3dico semestral eletr\u00f4nico on-line em Open Access, no sistema ahead of print e volume fechado, do Programa de P\u00f3s-Gradua\u00e7\u00e3o em Hist\u00f3ria Social da Universidade Estadual de Londrina. Publica, ap\u00f3s processo de avalia\u00e7\u00e3o entre pares, contribui\u00e7\u00f5es multidisciplinares in\u00e9ditas a partir da perspectiva hist\u00f3rica, nos idiomas portugu\u00eas, espanhol e ingl\u00eas. E-mail:&nbsp;antiteses@uel.br Boitat\u00e1 [&hellip;]<\/p>\n","protected":false},"author":7,"featured_media":0,"parent":0,"menu_order":0,"comment_status":"closed","ping_status":"closed","template":"","meta":{"footnotes":""},"class_list":["post-261","page","type-page","status-publish","hentry"],"_links":{"self":[{"href":"https:\/\/sites.uel.br\/clch\/wp-json\/wp\/v2\/pages\/261","targetHints":{"allow":["GET"]}}],"collection":[{"href":"https:\/\/sites.uel.br\/clch\/wp-json\/wp\/v2\/pages"}],"about":[{"href":"https:\/\/sites.uel.br\/clch\/wp-json\/wp\/v2\/types\/page"}],"author":[{"embeddable":true,"href":"https:\/\/sites.uel.br\/clch\/wp-json\/wp\/v2\/users\/7"}],"replies":[{"embeddable":true,"href":"https:\/\/sites.uel.br\/clch\/wp-json\/wp\/v2\/comments?post=261"}],"version-history":[{"count":14,"href":"https:\/\/sites.uel.br\/clch\/wp-json\/wp\/v2\/pages\/261\/revisions"}],"predecessor-version":[{"id":728,"href":"https:\/\/sites.uel.br\/clch\/wp-json\/wp\/v2\/pages\/261\/revisions\/728"}],"wp:attachment":[{"href":"https:\/\/sites.uel.br\/clch\/wp-json\/wp\/v2\/media?parent=261"}],"curies":[{"name":"wp","href":"https:\/\/api.w.org\/{rel}","templated":true}]}}