{"id":25,"date":"2021-03-29T12:45:21","date_gmt":"2021-03-29T15:45:21","guid":{"rendered":"https:\/\/sites.uel.br\/clch\/?page_id=25"},"modified":"2025-07-08T17:09:51","modified_gmt":"2025-07-08T20:09:51","slug":"direcao","status":"publish","type":"page","link":"https:\/\/sites.uel.br\/clch\/direcao\/","title":{"rendered":"Dire\u00e7\u00e3o"},"content":{"rendered":"\n<div class=\"wp-block-columns is-layout-flex wp-container-core-columns-is-layout-9d6595d7 wp-block-columns-is-layout-flex\">\n<div class=\"wp-block-column is-layout-flow wp-block-column-is-layout-flow\" style=\"flex-basis:33.33%\"><\/div>\n\n\n\n<div class=\"wp-block-column is-layout-flow wp-block-column-is-layout-flow\" style=\"flex-basis:66.66%\">\n<p class=\"has-medium-font-size\"><strong>Prof\u00aa Dr\u00aa Laura Taddei Brandini<\/strong> &#8211; Diretora do CLCH<\/p>\n\n\n\n<p><\/p>\n<\/div>\n<\/div>\n\n\n\n<div class=\"wp-block-columns is-layout-flex wp-container-core-columns-is-layout-9d6595d7 wp-block-columns-is-layout-flex\">\n<div class=\"wp-block-column is-layout-flow wp-block-column-is-layout-flow\" style=\"flex-basis:33.33%\"><\/div>\n\n\n\n<div class=\"wp-block-column is-layout-flow wp-block-column-is-layout-flow\" style=\"flex-basis:66.66%\">\n<p class=\"has-medium-font-size\"><strong>Prof\u00aa Dr\u00aa Renata Schlumberger Schevisbiski<\/strong> &#8211; Vice-Diretora do CLCH<\/p>\n\n\n\n<p>.<\/p>\n<\/div>\n<\/div>\n\n\n\n<hr class=\"wp-block-separator has-css-opacity is-style-wide\" \/>\n\n\n\n<p class=\"has-text-align-center\"><strong>Fale com a Dire\u00e7\u00e3o (Gest\u00e3o 2022-2026) <\/strong><\/p>\n\n\n\n<p class=\"has-text-align-center\"><a href=\"mailto:direcao.clch@uel.br\">direcao.clch@uel.br<\/a><\/p>\n","protected":false},"excerpt":{"rendered":"<p>Prof\u00aa Dr\u00aa Laura Taddei Brandini &#8211; Diretora do CLCH Prof\u00aa Dr\u00aa Renata Schlumberger Schevisbiski &#8211; Vice-Diretora do CLCH . Fale com a Dire\u00e7\u00e3o (Gest\u00e3o 2022-2026) direcao.clch@uel.br<\/p>\n","protected":false},"author":7,"featured_media":0,"parent":0,"menu_order":0,"comment_status":"closed","ping_status":"closed","template":"","meta":{"footnotes":""},"class_list":["post-25","page","type-page","status-publish","hentry"],"_links":{"self":[{"href":"https:\/\/sites.uel.br\/clch\/wp-json\/wp\/v2\/pages\/25","targetHints":{"allow":["GET"]}}],"collection":[{"href":"https:\/\/sites.uel.br\/clch\/wp-json\/wp\/v2\/pages"}],"about":[{"href":"https:\/\/sites.uel.br\/clch\/wp-json\/wp\/v2\/types\/page"}],"author":[{"embeddable":true,"href":"https:\/\/sites.uel.br\/clch\/wp-json\/wp\/v2\/users\/7"}],"replies":[{"embeddable":true,"href":"https:\/\/sites.uel.br\/clch\/wp-json\/wp\/v2\/comments?post=25"}],"version-history":[{"count":17,"href":"https:\/\/sites.uel.br\/clch\/wp-json\/wp\/v2\/pages\/25\/revisions"}],"predecessor-version":[{"id":2081,"href":"https:\/\/sites.uel.br\/clch\/wp-json\/wp\/v2\/pages\/25\/revisions\/2081"}],"wp:attachment":[{"href":"https:\/\/sites.uel.br\/clch\/wp-json\/wp\/v2\/media?parent=25"}],"curies":[{"name":"wp","href":"https:\/\/api.w.org\/{rel}","templated":true}]}}