{"id":24,"date":"2021-03-29T12:45:21","date_gmt":"2021-03-29T15:45:21","guid":{"rendered":"https:\/\/sites.uel.br\/clch\/?page_id=24"},"modified":"2023-08-08T15:41:28","modified_gmt":"2023-08-08T18:41:28","slug":"apresentacao","status":"publish","type":"page","link":"https:\/\/sites.uel.br\/clch\/apresentacao\/","title":{"rendered":"Apresenta\u00e7\u00e3o"},"content":{"rendered":"<div class=\"wp-block-image\">\n<figure class=\"alignleft size-large is-resized\"><img loading=\"lazy\" decoding=\"async\" src=\"https:\/\/sites.uel.br\/clch\/wp-content\/uploads\/2021\/04\/Foto-CLCH-1-1-1.jpg\" alt=\"\" class=\"wp-image-98\" width=\"349\" height=\"595\" \/><figcaption class=\"wp-element-caption\">Autoria: Desconhecida<br>Ano: 2018<br>Acervo: NDPH<\/figcaption><\/figure>\n<\/div>\n\n\n<p>O Centro de Letras e Ci\u00eancias Humanas&nbsp;iniciou suas atividades em 1973 com os cursos de Hist\u00f3ria e Letras.<\/p>\n\n\n\n<p>De l\u00e1 para c\u00e1, as atividades acad\u00eamicas se expandiram e, atualmente, o CLCH \u00e9 respons\u00e1vel por 07 cursos de Gradua\u00e7\u00e3o da UEL, 05 cursos de Especializa\u00e7\u00e3o, 05 programas de Mestrado Acad\u00eamico, 03 programas de Mestrado Profissional e 04 programas de Doutorado.&nbsp;<\/p>\n\n\n\n<p>Os departamentos do CLCH tamb\u00e9m s\u00e3o respons\u00e1veis por disciplinas ministradas em 31 cursos de gradua\u00e7\u00e3o de outros Centros de Estudo, a saber: Administra\u00e7\u00e3o, Agronomia, Arquivologia, Artes C\u00eanicas, Artes Visuais, Biblioteconomia,&nbsp; Biotecnologia, Ci\u00eancia da Computa\u00e7\u00e3o, Ci\u00eancias Cont\u00e1beis, Ci\u00eancias Econ\u00f4micas, Comunica\u00e7\u00e3o Social (Jornalismo), Comunica\u00e7\u00e3o Social (Rela\u00e7\u00f5es P\u00fablicas), Design Gr\u00e1fico, Design de Moda, Direito, Educa\u00e7\u00e3o F\u00edsica, Engenharia Civil, Farm\u00e1cia, F\u00edsica, Fisioterapia, Geografia, Matem\u00e1tica, Medicina, Medicina Veterin\u00e1ria, Nutri\u00e7\u00e3o, Pedagogia, Qu\u00edmica, Psicologia, Secretariado Executivo, Servi\u00e7o Social e Zootecnia.&nbsp;<\/p>\n\n\n\n<p>O CLCH conta com um quadro de aproximadamente 191 docentes, sendo 150 docentes efetivos e 41 docentes tempor\u00e1rios.&nbsp;D\u00e3o suporte \u00e0s atividades do Centro um total de 26 servidores distribu\u00eddos nos n\u00edveis superior, m\u00e9dio e operacional: 06 de n\u00edvel superior, 13 de n\u00edvel m\u00e9dio e 07 auxiliares de n\u00edvel operacional.<\/p>\n\n\n\n<p><strong>Hist\u00f3rico<\/strong><\/p>\n\n\n<div class=\"wp-block-image\">\n<figure class=\"alignright size-large is-resized\"><img loading=\"lazy\" decoding=\"async\" src=\"https:\/\/sites.uel.br\/clch\/wp-content\/uploads\/2021\/04\/MHL-1.3.1465-1024x721.jpg\" alt=\"\" class=\"wp-image-330\" width=\"512\" height=\"361\" srcset=\"https:\/\/sites.uel.br\/clch\/wp-content\/uploads\/2021\/04\/MHL-1.3.1465-1024x721.jpg 1024w, https:\/\/sites.uel.br\/clch\/wp-content\/uploads\/2021\/04\/MHL-1.3.1465-300x211.jpg 300w, https:\/\/sites.uel.br\/clch\/wp-content\/uploads\/2021\/04\/MHL-1.3.1465-768x540.jpg 768w, https:\/\/sites.uel.br\/clch\/wp-content\/uploads\/2021\/04\/MHL-1.3.1465-1536x1081.jpg 1536w, https:\/\/sites.uel.br\/clch\/wp-content\/uploads\/2021\/04\/MHL-1.3.1465-2048x1441.jpg 2048w\" sizes=\"auto, (max-width: 512px) 100vw, 512px\" \/><figcaption class=\"wp-element-caption\">Autoria: Daniel Martinon ( fot\u00f3grafo)<br>Ano: D\u00e9cada de 1970<br>Acervo: MHL<\/figcaption><\/figure>\n<\/div>\n\n\n<p>O Centro de Letras e Ci\u00eancias Humanas \u2013&nbsp;<strong>CLCH&nbsp;<\/strong>\u2013 no in\u00edcio, era apenas o Centro de Ci\u00eancias Humanas e funcionava junto ao Grupo Escolar Hugo Simas.<br>&nbsp;<br>Transferiu-se para o Campus, em&nbsp;<strong>1973<\/strong>, onde ocupou o pr\u00e9dio atual, na \u00e9poca inacabado. Foi o primeiro Centro a mudar-se para o Campus com casa nova.<br><br>\u00c9 o Centro que mant\u00e9m mais afinidade com a sua origem, a ex-Faculdade Estadual de Filosofia, Ci\u00eancias e Letras de Londrina \u2013&nbsp;<strong>FAFILO<\/strong>&nbsp;\u2013 mantendo at\u00e9 hoje&nbsp;<strong>03<\/strong> (tr\u00eas) dos&nbsp;<strong>4&nbsp;<\/strong>(quatro) cursos pioneiros do Ensino Superior na regi\u00e3o: Hist\u00f3ria e os cursos de Letras. O quarto Curso pioneiro foi Geografia, transferido para o Centro de Ci\u00eancias Exatas, em&nbsp;<strong>1974<\/strong>.<br><br>No Centro de Ci\u00eancias Humanas tiveram origem os Cursos de Educa\u00e7\u00e3o Art\u00edstica, de Biblioteconomia e de Jornalismo, que, antes mesmo de come\u00e7arem a funcionar, compuseram o Centro de Comunica\u00e7\u00e3o e Artes \u2013&nbsp;<strong>CECA<\/strong>. O Curso de Psicologia criado, em&nbsp;<strong>1972<\/strong>, integrou-se ao Centro de Ci\u00eancias Biol\u00f3gicas, indo, posteriormente, para o Centro de Ci\u00eancias Humanas at\u00e9&nbsp;<strong>1975<\/strong>, quando voltou a compor-se com o Centro de sua origem.<br><br>Em&nbsp;<strong>1992<\/strong>, o Curso de Filosofia foi reativado. \u00c9 de se notar que desde<strong>1982<\/strong>, a \u00e1rea de Filosofia vinha trabalhando intensamente para a cria\u00e7\u00e3o de seu Departamento e pela reativa\u00e7\u00e3o do Curso de gradua\u00e7\u00e3o. At\u00e9 ent\u00e3o a \u00e1rea funcionava anexa ao departamento de Hist\u00f3ria. Desde&nbsp;<strong>1982<\/strong>, a \u00e1rea mantinha o Curso de Especializa\u00e7\u00e3o em Filosofia-Hist\u00f3ria do Pensamento Brasileiro. Em&nbsp;<strong>1990<\/strong>, conseguiu a cria\u00e7\u00e3o de seu Departamento.<\/p>\n\n\n\n<p>Ainda em&nbsp;<strong>1990<\/strong>, o Departamento de Letras foi desmembrado em dois: Departamento de Letras Vern\u00e1culas e Cl\u00e1ssicas, e Departamento de Letras Estrangeiras Modernas. E, em&nbsp;<strong>1993<\/strong>, passou a funcionar o Mestrado em Letras \u2013 L\u00edngua e Literaturas Portuguesa e Brasileira.<\/p>\n\n\n\n<p>O <strong>Museu Hist\u00f3rico Padre Carlos Weiss <\/strong>foi inaugurado em 18 de setembro de 1970, na antiga Faculdade de Filosofia, Ci\u00eancias e Letras de Londrina e a partir de 1974 tornou-se \u00f3rg\u00e3o suplementar da Universidade Estadual de Londrina, vinculado academicamente ao Centro de Letras e Ci\u00eancias Humanas e tem como miss\u00e3o o desenvolvimento de a\u00e7\u00f5es de resgate, preserva\u00e7\u00e3o e divulga\u00e7\u00e3o do patrim\u00f4nio cultural de Londrina e regi\u00e3o, procurando tornar vis\u00edvel a trajet\u00f3ria hist\u00f3rica de sua sociedade; dar suporte ao ensino, pesquisa e extens\u00e3o e promover a reflex\u00e3o cr\u00edtica da realidade hist\u00f3rica, contribuindo para a renova\u00e7\u00e3o e melhoria da qualidade de vida e da dimens\u00e3o cultural da popula\u00e7\u00e3o.<\/p>\n\n\n\n<p>No CLCH, funcionam ainda como \u00f3rg\u00e3os de apoio aos departamentos de Hist\u00f3ria e Letras Estrangeiras Modernas, respectivamente, o N\u00facleo de Documenta\u00e7\u00e3o e Pesquisa Hist\u00f3rica <strong>(NDPH)<\/strong> e o Laborat\u00f3rio de L\u00ednguas <strong>(LabL\u00ednguas)<\/strong>.<\/p>\n\n\n<div class=\"wp-block-image\">\n<figure class=\"alignleft size-large is-resized\"><img loading=\"lazy\" decoding=\"async\" src=\"https:\/\/sites.uel.br\/clch\/wp-content\/uploads\/2021\/04\/Foto-pa\u0301gina-CLCH-2-831x1024-1.jpg\" alt=\"\" class=\"wp-image-100\" width=\"416\" height=\"512\" srcset=\"https:\/\/sites.uel.br\/clch\/wp-content\/uploads\/2021\/04\/Foto-pa\u0301gina-CLCH-2-831x1024-1.jpg 831w, https:\/\/sites.uel.br\/clch\/wp-content\/uploads\/2021\/04\/Foto-pa\u0301gina-CLCH-2-831x1024-1-243x300.jpg 243w, https:\/\/sites.uel.br\/clch\/wp-content\/uploads\/2021\/04\/Foto-pa\u0301gina-CLCH-2-831x1024-1-768x946.jpg 768w\" sizes=\"auto, (max-width: 416px) 100vw, 416px\" \/><figcaption class=\"wp-element-caption\">Interven\u00e7\u00e3o artistica.&nbsp;Black, No sugar, No cream. Autoria: Andr\u00e9 Felipe Eulampio da Silva. Tamanho: 4x8m. 2017<\/figcaption><\/figure>\n<\/div>\n\n\n<p>O Centro de Letras e Ci\u00eancias Humanas \u2013&nbsp;<strong>CLCH<\/strong>&nbsp;\u00e9 o \u00fanico Centro de Estudos da Universidade que mant\u00e9m um peri\u00f3dico funcionando regularmente, o&nbsp;<strong>BOLETIM do Centro de Letras e Ci\u00eancias Humanas<\/strong>. Na realidade, o&nbsp;<strong>BOLETIM do CCH<\/strong>&nbsp;\u00e9 uma revista que n\u00e3o mudou de nome por implica\u00e7\u00f5es t\u00e9cnicas e burocr\u00e1ticas. Tem j\u00e1&nbsp;<strong>29<\/strong>&nbsp;(vinte e nove) n\u00fameros publicados nos&nbsp;<strong>16<\/strong>&nbsp;(dezesseis) anos de sua exist\u00eancia, somando cerca de&nbsp;<strong>225<\/strong>&nbsp;(duzentos e vinte e cinco) trabalhos e com&nbsp;<strong>3.000<\/strong>&nbsp;(tr\u00eas mil) p\u00e1ginas. Sai regularmente no final de cada semestre letivo.<br>&nbsp;<br>No primeiro semestre de&nbsp;<strong>1995<\/strong>, come\u00e7ou a funcionar no Centro de Letras e Ci\u00eancias Humanas \u2013&nbsp;<strong>CLCH<\/strong>&nbsp;um servi\u00e7o de extens\u00e3o \u00e0 comunidade denominado&nbsp;<strong>Escrit\u00f3rio de Textos<\/strong>&nbsp;e que faz corre\u00e7\u00e3o de&nbsp;<em>teses<\/em>,&nbsp;<em>monografias<\/em>,&nbsp;<em>disserta\u00e7\u00f5es<\/em>&nbsp;e, orienta as pessoas sobre como proceder na elabora\u00e7\u00e3o destes trabalhos. Junto ao&nbsp;<strong>Escrit\u00f3rio de Textos<\/strong>&nbsp;funciona o servi\u00e7o de&nbsp;<em>pronto-socorro gramatical<\/em>&nbsp;com o nome de&nbsp;<strong>Disque-Gram\u00e1tica<\/strong>&nbsp;aberto \u00e0 comunidade em geral.<\/p>\n\n\n\n<p><br>Desde suas origens foram Diretores do Centro de Letras e Ci\u00eancias Humanas \u2013&nbsp;<strong>CLCH<\/strong>&nbsp;os seguintes Professores:<\/p>\n\n\n\n<figure class=\"wp-block-table is-style-stripes\"><table class=\"has-background\" style=\"background-color:#f3f4f5\"><tbody><tr><td>Jo\u00e3o M\u00f3rmul<br>N\u00e3o havia vice &#8211;  Faculdade de Filosofia, Ci\u00eancias e Letras de Londrina<\/td><td>1970<\/td><\/tr><tr><td>Donato Parisotto<br>Vice: Marcolina Nazira Tomazino de Carvalho<\/td><td>1971-1976<\/td><\/tr><tr><td>Jorge Cernev<br>Vice: Tereza Nagata Rezende<\/td><td>1976-1980<\/td><\/tr><tr><td>Joaquim Carvalho da Silva<br>Vice: Jos\u00e9 Garcia Gonz\u00e1les Neto<\/td><td>1980-1983<\/td><\/tr><tr><td>Donato Parisotto<br>Vice: Marcolina Nazira Tomazino de Carvalho<\/td><td>1983-1984<\/td><\/tr><tr><td>Olympio Luiz Westphalen<br>Vice: Durvali Em\u00edlio Fregonezi<\/td><td>1984-1986<\/td><\/tr><tr><td>Leda Lovato<br>Vice: Sebasti\u00e3o Cherubim<\/td><td>1986-1990<\/td><\/tr><tr><td>Joaquim Carvalho da Silva<br>Vice: Ana Cleide Chiarotti Ces\u00e1rio<\/td><td>1990-1994<\/td><\/tr><tr><td>Ana Cleide Chiarotti de Ces\u00e1rio<br>Vice: Sonia Maria Sperandio Lopes Adum<\/td><td>1994-1998<\/td><\/tr><tr><td>Esther Gomes de Oliveira<br>Vice: Ronaldo Baltar<\/td><td>1999-2002<\/td><\/tr><tr><td>Cristiano Gustavo Biazzo Simon<br>Vice: Ludoviko Carnasciali dos Santos<\/td><td>2002-2006<\/td><\/tr><tr><td>Ludoviko Carnasciali dos Santos<br>Vice: Mirian Donat<\/td><td>2006-2010<\/td><\/tr><tr><td>Mirian Donat<br>Vice: Ariovaldo de Oliveira Santos<\/td><td>2010-2014<\/td><\/tr><tr><td>Ronaldo Baltar<br>Vice: Elaine Mateus<\/td><td>2014-2018<\/td><\/tr><tr><td>Viviane Aparecida Bagio Furtoso<br>Vice: Ana Heloisa Molina<\/td><td>2018-2022<\/td><\/tr><\/tbody><\/table><\/figure>\n\n\n\n<p><br><strong>Desempenham(ram) as fun\u00e7\u00f5es de Secret\u00e1rios:<\/strong><\/p>\n\n\n\n<p>M\u00e1rio Tacahashi<\/p>\n\n\n\n<p>Neusa Maria O. Massarutti<\/p>\n\n\n\n<p>Maria In\u00eas Parizotto da Costa<\/p>\n\n\n\n<p>Ivani Joana D\u00b4Arc F. Moreira<\/p>\n\n\n\n<p>Leila Terezinha F. B. Rosa<\/p>\n\n\n\n<p>Reginaldo Ferreira da Silva&nbsp;<em>\u2026em atividade\u2026<\/em><\/p>\n\n\n\n<hr class=\"wp-block-separator has-css-opacity\" \/>\n\n\n\n<p><br>Bibliografia Consultada:<br>&nbsp;<br>SILVA, Joaquim Carvalho da. <strong>Peroba-rosa<\/strong>: UEL \u2013 25 anos. Londrina: EDUEL, 1996. pg. 71-74.<\/p>\n\n\n\n<p>FURTOSO, Viviane Bagio; MOLINA, Ana Helo\u00edsa. <strong>Relat\u00f3rio CLCH<\/strong> <strong>2020<\/strong>. Circula\u00e7\u00e3o interna. <\/p>\n","protected":false},"excerpt":{"rendered":"<p>O Centro de Letras e Ci\u00eancias Humanas&nbsp;iniciou suas atividades em 1973 com os cursos de Hist\u00f3ria e Letras. De l\u00e1 para c\u00e1, as atividades acad\u00eamicas se expandiram e, atualmente, o CLCH \u00e9 respons\u00e1vel por 07 cursos de Gradua\u00e7\u00e3o da UEL, 05 cursos de Especializa\u00e7\u00e3o, 05 programas de Mestrado Acad\u00eamico, 03 programas de Mestrado Profissional e [&hellip;]<\/p>\n","protected":false},"author":1,"featured_media":0,"parent":0,"menu_order":0,"comment_status":"closed","ping_status":"closed","template":"","meta":{"footnotes":""},"class_list":["post-24","page","type-page","status-publish","hentry"],"_links":{"self":[{"href":"https:\/\/sites.uel.br\/clch\/wp-json\/wp\/v2\/pages\/24","targetHints":{"allow":["GET"]}}],"collection":[{"href":"https:\/\/sites.uel.br\/clch\/wp-json\/wp\/v2\/pages"}],"about":[{"href":"https:\/\/sites.uel.br\/clch\/wp-json\/wp\/v2\/types\/page"}],"author":[{"embeddable":true,"href":"https:\/\/sites.uel.br\/clch\/wp-json\/wp\/v2\/users\/1"}],"replies":[{"embeddable":true,"href":"https:\/\/sites.uel.br\/clch\/wp-json\/wp\/v2\/comments?post=24"}],"version-history":[{"count":23,"href":"https:\/\/sites.uel.br\/clch\/wp-json\/wp\/v2\/pages\/24\/revisions"}],"predecessor-version":[{"id":1223,"href":"https:\/\/sites.uel.br\/clch\/wp-json\/wp\/v2\/pages\/24\/revisions\/1223"}],"wp:attachment":[{"href":"https:\/\/sites.uel.br\/clch\/wp-json\/wp\/v2\/media?parent=24"}],"curies":[{"name":"wp","href":"https:\/\/api.w.org\/{rel}","templated":true}]}}