{"id":2314,"date":"2026-03-02T20:18:52","date_gmt":"2026-03-02T23:18:52","guid":{"rendered":"https:\/\/sites.uel.br\/clch\/?page_id=2314"},"modified":"2026-03-02T20:18:52","modified_gmt":"2026-03-02T23:18:52","slug":"edital-2024-esp-religioes-e-religiosidades","status":"publish","type":"page","link":"https:\/\/sites.uel.br\/clch\/edital-2024-esp-religioes-e-religiosidades\/","title":{"rendered":"Edital 2024 \u2013 Esp. Religi\u00f5es e Religiosidades"},"content":{"rendered":"\n<ul class=\"wp-block-list\">\n<li><a href=\"https:\/\/sites.uel.br\/clch\/wp-content\/uploads\/2024\/03\/Edital-007-2024.pdf\">Edital 007\/2024 &#8211; Resultado Inicial da Sele\u00e7\u00e3o para Bolsas Carrefour<\/a><\/li>\n\n\n\n<li><a href=\"https:\/\/sites.uel.br\/clch\/wp-content\/uploads\/2024\/03\/Edital-006-2024.pdf\">Edital 006\/2024 &#8211; Homologa\u00e7\u00e3o das Inscri\u00e7\u00f5es para Bolsas Carrefour<\/a><\/li>\n\n\n\n<li><a href=\"https:\/\/sites.uel.br\/clch\/wp-content\/uploads\/2024\/03\/Edital-005-2024-inscricao-bolsas-Carrefour.pdf\">Edital 005\/2024 &#8211; Inscri\u00e7\u00e3o para Bolsas Carrefour<\/a><\/li>\n\n\n\n<li><a href=\"https:\/\/sites.uel.br\/clch\/wp-content\/uploads\/2024\/02\/Edital-004-2024-Resultado-final-e-convocacao-para-matricula.pdf\">Edital 004\/2024 &#8211; Resultado final e convoca\u00e7\u00e3o para matr\u00edcula<\/a><\/li>\n\n\n\n<li><a href=\"https:\/\/sites.uel.br\/clch\/wp-content\/uploads\/2024\/02\/Edital-003-2024-Resultado-Parcial.pdf\">Edital 003\/2024 &#8211; Resultado Parcial<\/a><\/li>\n\n\n\n<li><a href=\"https:\/\/sites.uel.br\/clch\/wp-content\/uploads\/2024\/01\/Edital-002-2024-Projetos-de-pesquisa-aprovados.pdf\">Edital 002\/2024 &#8211; An\u00e1lise do pr\u00e9-projeto de pesquisa<\/a><\/li>\n\n\n\n<li><a href=\"https:\/\/sites.uel.br\/clch\/edital-001-2024\/\">Edital 001\/2024<\/a><\/li>\n<\/ul>\n\n\n\n<p><\/p>\n","protected":false},"excerpt":{"rendered":"","protected":false},"author":27,"featured_media":0,"parent":0,"menu_order":0,"comment_status":"closed","ping_status":"closed","template":"","meta":{"footnotes":""},"class_list":["post-2314","page","type-page","status-publish","hentry"],"_links":{"self":[{"href":"https:\/\/sites.uel.br\/clch\/wp-json\/wp\/v2\/pages\/2314","targetHints":{"allow":["GET"]}}],"collection":[{"href":"https:\/\/sites.uel.br\/clch\/wp-json\/wp\/v2\/pages"}],"about":[{"href":"https:\/\/sites.uel.br\/clch\/wp-json\/wp\/v2\/types\/page"}],"author":[{"embeddable":true,"href":"https:\/\/sites.uel.br\/clch\/wp-json\/wp\/v2\/users\/27"}],"replies":[{"embeddable":true,"href":"https:\/\/sites.uel.br\/clch\/wp-json\/wp\/v2\/comments?post=2314"}],"version-history":[{"count":1,"href":"https:\/\/sites.uel.br\/clch\/wp-json\/wp\/v2\/pages\/2314\/revisions"}],"predecessor-version":[{"id":2315,"href":"https:\/\/sites.uel.br\/clch\/wp-json\/wp\/v2\/pages\/2314\/revisions\/2315"}],"wp:attachment":[{"href":"https:\/\/sites.uel.br\/clch\/wp-json\/wp\/v2\/media?parent=2314"}],"curies":[{"name":"wp","href":"https:\/\/api.w.org\/{rel}","templated":true}]}}