{"id":1940,"date":"2025-04-28T19:37:09","date_gmt":"2025-04-28T22:37:09","guid":{"rendered":"https:\/\/sites.uel.br\/clch\/?page_id=1940"},"modified":"2025-07-11T17:36:43","modified_gmt":"2025-07-11T20:36:43","slug":"localize-se-no-clch","status":"publish","type":"page","link":"https:\/\/sites.uel.br\/clch\/localize-se-no-clch\/","title":{"rendered":"Localize-se no CLCH"},"content":{"rendered":"\n<p>Encontre o Centro de Letras e Ci\u00eancias Humanas na UEL: <a href=\"https:\/\/www.google.com\/maps\/place\/CLCH+-+Centro+de+Letras+e+Ci%C3%AAncias+Humanas\/@-23.3250498,-51.2066161,17z\/data=!3m1!4b1!4m5!3m4!1s0x94eb5c9e18376295:0x4f4dc7c57a1024df!8m2!3d-23.3250498!4d-51.2044274\" data-type=\"link\" data-id=\"https:\/\/www.google.com\/maps\/place\/CLCH+-+Centro+de+Letras+e+Ci%C3%AAncias+Humanas\/@-23.3250498,-51.2066161,17z\/data=!3m1!4b1!4m5!3m4!1s0x94eb5c9e18376295:0x4f4dc7c57a1024df!8m2!3d-23.3250498!4d-51.2044274\">veja no Google Maps<\/a><\/p>\n\n\n\n<!-- HTML personalizado do iframe do Google Maps aqui, por favor -->\n<iframe \n\tsrc=\"https:\/\/www.google.com\/maps\/embed?pb=!1m18!1m12!1m3!1d3663.7443019478224!2d-51.20706512398974!3d-23.325034378962958!2m3!1f0!2f0!3f0!3m2!1i1024!2i768!4f13.1!3m3!1m2!1s0x94eb5c9e18376295%3A0x4f4dc7c57a1024df!2sCLCH%20-%20Centro%20de%20Letras%20e%20Ci%C3%AAncias%20Humanas!5e0!3m2!1spt-BR!2sbr!4v1752001019911!5m2!1spt-BR!2sbr\" \n\twidth=\"600\" height=\"450\" \n\tallowfullscreen=\"\" \n\tloading=\"lazy\" \n\treferrerpolicy=\"no-referrer-when-downgrade\">\n<\/iframe>\n\n\n\n<p><\/p>\n\n\n\n<p>Encontre-se no Centro:<\/p>\n\n\n\n<div data-wp-interactive=\"core\/file\" class=\"wp-block-file\"><object data-wp-bind--hidden=\"!state.hasPdfPreview\" hidden class=\"wp-block-file__embed\" data=\"https:\/\/sites.uel.br\/clch\/wp-content\/uploads\/2021\/12\/Mapa-CLCH.pdf\" type=\"application\/pdf\" style=\"width:100%;height:791px\" aria-label=\"Incorporado de Mapa do CLCH.\"><\/object><a id=\"wp-block-file--media-b291ad28-5408-4627-9dce-a644b4624331\" href=\"https:\/\/sites.uel.br\/clch\/wp-content\/uploads\/2021\/12\/Mapa-CLCH.pdf\">Mapa do CLCH<\/a><a href=\"https:\/\/sites.uel.br\/clch\/wp-content\/uploads\/2021\/12\/Mapa-CLCH.pdf\" class=\"wp-block-file__button wp-element-button\" download aria-describedby=\"wp-block-file--media-b291ad28-5408-4627-9dce-a644b4624331\">Baixar<\/a><\/div>\n\n\n\n<figure class=\"wp-block-image size-full\"><img loading=\"lazy\" decoding=\"async\" width=\"2560\" height=\"1794\" src=\"https:\/\/sites.uel.br\/clch\/wp-content\/uploads\/2021\/12\/Mapa-CLCH-scaled.jpg\" alt=\"Mapa do CLCH em formato de imagem, mostrando a localiza\u00e7\u00e3o das salas nos pr\u00e9dios e dire\u00e7\u00f5es para outros locais de interesse na universidade.\" class=\"wp-image-607\" srcset=\"https:\/\/sites.uel.br\/clch\/wp-content\/uploads\/2021\/12\/Mapa-CLCH-scaled.jpg 2560w, https:\/\/sites.uel.br\/clch\/wp-content\/uploads\/2021\/12\/Mapa-CLCH-300x210.jpg 300w, https:\/\/sites.uel.br\/clch\/wp-content\/uploads\/2021\/12\/Mapa-CLCH-1024x717.jpg 1024w, https:\/\/sites.uel.br\/clch\/wp-content\/uploads\/2021\/12\/Mapa-CLCH-768x538.jpg 768w, https:\/\/sites.uel.br\/clch\/wp-content\/uploads\/2021\/12\/Mapa-CLCH-1536x1076.jpg 1536w, https:\/\/sites.uel.br\/clch\/wp-content\/uploads\/2021\/12\/Mapa-CLCH-2048x1435.jpg 2048w\" sizes=\"auto, (max-width: 2560px) 100vw, 2560px\" \/><\/figure>\n\n\n\n<figure class=\"wp-block-image size-full\"><img loading=\"lazy\" decoding=\"async\" width=\"2560\" height=\"1710\" src=\"https:\/\/sites.uel.br\/clch\/wp-content\/uploads\/2025\/07\/Mapa-UEL-CLCH-scaled.png\" alt=\"Mapa do campus da UEL com todos os centros de estudo (pr\u00e9dios brancos com contorno preto) e com demais \u00f3rg\u00e3os (pr\u00e9dios pretos).\nO CLCH est\u00e1 destacado em verde.\n\nOs pontos de \u00f4nibus, estacionamentos e bibliotecas est\u00e3o identificadas com \u00edcones, bem como a r\u00e9plica (capela ecum\u00eanica), o restaurante universit\u00e1rio, o HC e o HV.\nPr\u00e9dios com contornos cinza s\u00e3o utilizados para outras finalidades, n\u00e3o identificados no mapa.\" class=\"wp-image-2225\" srcset=\"https:\/\/sites.uel.br\/clch\/wp-content\/uploads\/2025\/07\/Mapa-UEL-CLCH-scaled.png 2560w, https:\/\/sites.uel.br\/clch\/wp-content\/uploads\/2025\/07\/Mapa-UEL-CLCH-300x200.png 300w, https:\/\/sites.uel.br\/clch\/wp-content\/uploads\/2025\/07\/Mapa-UEL-CLCH-1024x684.png 1024w, https:\/\/sites.uel.br\/clch\/wp-content\/uploads\/2025\/07\/Mapa-UEL-CLCH-768x513.png 768w, https:\/\/sites.uel.br\/clch\/wp-content\/uploads\/2025\/07\/Mapa-UEL-CLCH-1536x1026.png 1536w, https:\/\/sites.uel.br\/clch\/wp-content\/uploads\/2025\/07\/Mapa-UEL-CLCH-2048x1368.png 2048w\" sizes=\"auto, (max-width: 2560px) 100vw, 2560px\" \/><\/figure>\n","protected":false},"excerpt":{"rendered":"<p>Encontre o Centro de Letras e Ci\u00eancias Humanas na UEL: veja no Google Maps Encontre-se no Centro:<\/p>\n","protected":false},"author":14,"featured_media":607,"parent":0,"menu_order":0,"comment_status":"closed","ping_status":"closed","template":"","meta":{"footnotes":""},"class_list":["post-1940","page","type-page","status-publish","has-post-thumbnail","hentry"],"_links":{"self":[{"href":"https:\/\/sites.uel.br\/clch\/wp-json\/wp\/v2\/pages\/1940","targetHints":{"allow":["GET"]}}],"collection":[{"href":"https:\/\/sites.uel.br\/clch\/wp-json\/wp\/v2\/pages"}],"about":[{"href":"https:\/\/sites.uel.br\/clch\/wp-json\/wp\/v2\/types\/page"}],"author":[{"embeddable":true,"href":"https:\/\/sites.uel.br\/clch\/wp-json\/wp\/v2\/users\/14"}],"replies":[{"embeddable":true,"href":"https:\/\/sites.uel.br\/clch\/wp-json\/wp\/v2\/comments?post=1940"}],"version-history":[{"count":22,"href":"https:\/\/sites.uel.br\/clch\/wp-json\/wp\/v2\/pages\/1940\/revisions"}],"predecessor-version":[{"id":2239,"href":"https:\/\/sites.uel.br\/clch\/wp-json\/wp\/v2\/pages\/1940\/revisions\/2239"}],"wp:featuredmedia":[{"embeddable":true,"href":"https:\/\/sites.uel.br\/clch\/wp-json\/wp\/v2\/media\/607"}],"wp:attachment":[{"href":"https:\/\/sites.uel.br\/clch\/wp-json\/wp\/v2\/media?parent=1940"}],"curies":[{"name":"wp","href":"https:\/\/api.w.org\/{rel}","templated":true}]}}