{"id":180,"date":"2021-04-01T18:39:36","date_gmt":"2021-04-01T21:39:36","guid":{"rendered":"https:\/\/sites.uel.br\/clch\/?page_id=180"},"modified":"2021-04-01T18:43:23","modified_gmt":"2021-04-01T21:43:23","slug":"boletim","status":"publish","type":"page","link":"https:\/\/sites.uel.br\/clch\/boletim\/","title":{"rendered":"Boletim"},"content":{"rendered":"\n<p class=\"has-background has-normal-font-size\" style=\"background-color:#eff9f0\"><strong>REVISTA DA \u00c1REA DE HUMANAS \u2013 BOLETIM \/ CCH<\/strong><\/p>\n\n\n\n<p style=\"font-size:15px\">A Revista da \u00c1rea de Humanas do Centro de Letras e Ci\u00eancias Humanas \u00e9 conhecida como\u00a0<strong><em>BOLETIM do CCH<\/em><\/strong>, pois foi assim seu come\u00e7o.<br>Carrega\u00a0<strong>3<\/strong>\u00a0(tr\u00eas) indexa\u00e7\u00f5es, sendo\u00a0<strong>2<\/strong>\u00a0(duas) do Exterior, com pontua\u00e7\u00e3o\u00a0<strong>15<\/strong>\u00a0(quinze) junto \u00e0\u00a0<strong>CAPES<\/strong>.<br>\u00c9 publicada desde o come\u00e7o, ininterruptamente, nos meses de\u00a0<strong>julho<\/strong>\u00a0e\u00a0<strong>dezembro<\/strong>.<br>\u00c9 voltada para as \u00e1reas de\u00a0<strong>CI\u00caNCIAS HUMANAS<\/strong>\u00a0e publica trabalhos em\u00a0<em>Portugu\u00eas<\/em>,\u00a0<em>Franc\u00eas<\/em>,\u00a0<em>Espanhol<\/em>\u00a0e\u00a0<em>Italiano<\/em>.\u00a0<strong>N\u00c3O<\/strong>\u00a0vende assinaturas.<br>\u00c9 distribu\u00edda a entidades do Ensino Superior atrav\u00e9s de\u00a0<em>permutas<\/em>, com abrang\u00eancia na Am\u00e9rica, na Europa (alguns pa\u00edses) e em um pa\u00eds da \u00c1sia.<br>Est\u00e1 inclu\u00edda no Sistema Nacional de P\u00f3s-Gradua\u00e7\u00e3o \u2013\u00a0<strong>SNPG<\/strong>\u00a0e no\u00a0<strong>QUALIS<\/strong>.<\/p>\n\n\n\n<p class=\"has-background has-normal-font-size\" style=\"background-color:#eff9f0\"><strong>NORMAS PARA PUBLICA\u00c7\u00c3O<\/strong><\/p>\n\n\n\n<p style=\"font-size:15px\"><strong>1<\/strong>. Os trabalhos dever\u00e3o ser digitados em espa\u00e7o simples, em fonte&nbsp;<strong>11<\/strong>;<br><strong>2<\/strong>. O autor dever\u00e1 enviar o&nbsp;<strong>CD<\/strong>&nbsp;juntamente com uma c\u00f3pia do trabalho com, no m\u00e1ximo,&nbsp;<strong>15<\/strong>&nbsp;(quinze) p\u00e1ginas;<br><strong>3<\/strong>. A primeira p\u00e1gina textual dever\u00e1 conter o t\u00edtulo em destaque do trabalho (caixa alta e negrito). Dar um espa\u00e7o e colocar o nome do autor. Em nota de rodap\u00e9 identificar a profiss\u00e3o do autor e a institui\u00e7\u00e3o a que pertence. Fazer um resumo de, no m\u00e1ximo,&nbsp;<strong>8&nbsp;<\/strong>(oito) linhas, em portugu\u00eas e em ingl\u00eas, mais palavras-chave e key-words;<br><strong>4<\/strong>. As grandezas, unidades e s\u00edmbolos dever\u00e3o obedecer \u00e0s normas da Associa\u00e7\u00e3o Brasileira de Normas T\u00e9cnicas (<strong>ABNT<\/strong>);<br><strong>5<\/strong>.As refer\u00eancias dever\u00e3o estar imediatamente ap\u00f3s o texto, obedecendo \u00e0s normas da&nbsp;<strong>ABNT<\/strong>;<br><strong>6<\/strong>. Os trabalhos dever\u00e3o obedecer \u00e0s regras ortogr\u00e1ficas vigentes no Brasil.<\/p>\n\n\n\n<p style=\"font-size:15px\">Os trabalhos dever\u00e3o ser enviados para:<\/p>\n\n\n\n<p style=\"font-size:15px\">Universidade Estadual de Londrina<br>Centro de Letras e Ci\u00eancias Humanas<br>Revista Boletim do CCH<br>Campus Universit\u00e1rio \u2013 Caixa Postal, 10.011<br>Fone: (43)&nbsp;<strong>3371-4428<\/strong><br>E-mail:&nbsp;<a>boletimhumanas@uel.br<\/a>&nbsp;;&nbsp;<a>isabel-cordeiro@uol.com.br<\/a><\/p>\n\n\n\n<p style=\"font-size:15px\"><strong>Observa\u00e7\u00e3o<\/strong>: Solicita-se o e-mail do remetente para facilitar a comunica\u00e7\u00e3o<\/p>\n","protected":false},"excerpt":{"rendered":"<p>REVISTA DA \u00c1REA DE HUMANAS \u2013 BOLETIM \/ CCH A Revista da \u00c1rea de Humanas do Centro de Letras e Ci\u00eancias Humanas \u00e9 conhecida como\u00a0BOLETIM do CCH, pois foi assim seu come\u00e7o.Carrega\u00a03\u00a0(tr\u00eas) indexa\u00e7\u00f5es, sendo\u00a02\u00a0(duas) do Exterior, com pontua\u00e7\u00e3o\u00a015\u00a0(quinze) junto \u00e0\u00a0CAPES.\u00c9 publicada desde o come\u00e7o, ininterruptamente, nos meses de\u00a0julho\u00a0e\u00a0dezembro.\u00c9 voltada para as \u00e1reas de\u00a0CI\u00caNCIAS HUMANAS\u00a0e publica [&hellip;]<\/p>\n","protected":false},"author":8,"featured_media":0,"parent":0,"menu_order":0,"comment_status":"closed","ping_status":"closed","template":"","meta":{"footnotes":""},"class_list":["post-180","page","type-page","status-publish","hentry"],"_links":{"self":[{"href":"https:\/\/sites.uel.br\/clch\/wp-json\/wp\/v2\/pages\/180","targetHints":{"allow":["GET"]}}],"collection":[{"href":"https:\/\/sites.uel.br\/clch\/wp-json\/wp\/v2\/pages"}],"about":[{"href":"https:\/\/sites.uel.br\/clch\/wp-json\/wp\/v2\/types\/page"}],"author":[{"embeddable":true,"href":"https:\/\/sites.uel.br\/clch\/wp-json\/wp\/v2\/users\/8"}],"replies":[{"embeddable":true,"href":"https:\/\/sites.uel.br\/clch\/wp-json\/wp\/v2\/comments?post=180"}],"version-history":[{"count":3,"href":"https:\/\/sites.uel.br\/clch\/wp-json\/wp\/v2\/pages\/180\/revisions"}],"predecessor-version":[{"id":915,"href":"https:\/\/sites.uel.br\/clch\/wp-json\/wp\/v2\/pages\/180\/revisions\/915"}],"wp:attachment":[{"href":"https:\/\/sites.uel.br\/clch\/wp-json\/wp\/v2\/media?parent=180"}],"curies":[{"name":"wp","href":"https:\/\/api.w.org\/{rel}","templated":true}]}}