{"id":171,"date":"2021-04-01T18:31:58","date_gmt":"2021-04-01T21:31:58","guid":{"rendered":"https:\/\/sites.uel.br\/clch\/?page_id=171"},"modified":"2025-07-11T15:53:41","modified_gmt":"2025-07-11T18:53:41","slug":"eventos","status":"publish","type":"page","link":"https:\/\/sites.uel.br\/clch\/eventos\/","title":{"rendered":"Eventos"},"content":{"rendered":"\n<p>Para reservar salas e anfiteatros, preencha o formul\u00e1rio adequado em <a href=\"https:\/\/sites.uel.br\/clch\/reserva-de-espacos\/\" data-type=\"page\" data-id=\"190\">Reserva de Espa\u00e7o F\u00edsico<\/a> e envie para o e-mail indicado.<\/p>\n\n\n<div class=\"wp-block-image\">\n<figure class=\"aligncenter size-large\"><a href=\"https:\/\/calendar.google.com\/calendar\/embed?height=600&amp;wkst=1&amp;ctz=America%2FSao_Paulo&amp;title=Reservas%20do%20CLCH&amp;src=Y19jMGY2NDg4ZTkzMzNmNGM3YTIyN2NlNzQwZTZiY2UxYzVlZDVhMzViYTI3Njk3MzJlZTg5OWZlMWU1MGI3ZjE1QGdyb3VwLmNhbGVuZGFyLmdvb2dsZS5jb20&amp;src=Y19hMTZmMmY0MTA5YjQxZGM5ODUyODBlMWM0OTU1ZGEzNzkwOTBmYjUzMTgyNjNjNTRjZWUwNThlYzI2YTVmNzNmQGdyb3VwLmNhbGVuZGFyLmdvb2dsZS5jb20&amp;src=Y184MWNiMzUxODc3Njc3ZTBlM2JkM2JlZDYxYTIyMjc0YjIyMDBlMDA4ZDFkMTcxNDcyZjg1NDA3MzRjZmE3ZWZiQGdyb3VwLmNhbGVuZGFyLmdvb2dsZS5jb20&amp;src=Y185Y2FmYzdjMGIxNDJlYzZkMGZkNTdiN2NhY2ViMzgyNGYwNmMyYzZkNmNkNmI5MDA1NDg4OGExYzFhOTFlNmI2QGdyb3VwLmNhbGVuZGFyLmdvb2dsZS5jb20&amp;src=dWVsLmJyX3Q4a3I4dDlsdGQwcWUybnVra3Rka29nOWM4QGdyb3VwLmNhbGVuZGFyLmdvb2dsZS5jb20&amp;src=cHQuYnJhemlsaWFuI2hvbGlkYXlAZ3JvdXAudi5jYWxlbmRhci5nb29nbGUuY29t&amp;color=%23f6bf26&amp;color=%230b8043&amp;color=%23f4511e&amp;color=%234285f4&amp;color=%23d50000&amp;color=%238e24aa\"><img loading=\"lazy\" decoding=\"async\" width=\"316\" height=\"381\" src=\"https:\/\/sites.uel.br\/clch\/wp-content\/uploads\/2021\/04\/WhatsApp-Image-2021-04-01-at-18.24.10.jpeg\" alt=\"Calend\u00e1rio de Eventos\" class=\"wp-image-173\" srcset=\"https:\/\/sites.uel.br\/clch\/wp-content\/uploads\/2021\/04\/WhatsApp-Image-2021-04-01-at-18.24.10.jpeg 316w, https:\/\/sites.uel.br\/clch\/wp-content\/uploads\/2021\/04\/WhatsApp-Image-2021-04-01-at-18.24.10-249x300.jpeg 249w\" sizes=\"auto, (max-width: 316px) 100vw, 316px\" \/><\/a><figcaption class=\"wp-element-caption\">Clique na imagem para acessar o calend\u00e1rio de eventos do CLCH<\/figcaption><\/figure>\n<\/div>\n\n\n<p class=\"has-light-green-cyan-background-color has-background\" style=\"font-size:5px\"><\/p>\n\n\n\n<p class=\"has-black-color has-text-color\" style=\"font-size:15px\"><\/p>\n\n\n\n<figure class=\"wp-block-embed is-type-wp-embed is-provider-universidade-estadual-de-londrina wp-block-embed-universidade-estadual-de-londrina\"><div class=\"wp-block-embed__wrapper\">\n<blockquote class=\"wp-embedded-content\" data-secret=\"ApfJF1yApy\"><a href=\"https:\/\/portal.uel.br\/evento\/simposio-internacional-jurgen-habermas-habermas-como-leitor-e-interprete\/\">SIMP\u00d3SIO INTERNACIONAL JURGEN HABERMAS. HABERMAS COMO LEITOR E INT\u00c9RPRETE<\/a><\/blockquote><iframe loading=\"lazy\" class=\"wp-embedded-content\" sandbox=\"allow-scripts\" security=\"restricted\" style=\"position: absolute; visibility: hidden;\" title=\"&#8220;SIMP\u00d3SIO INTERNACIONAL JURGEN HABERMAS. HABERMAS COMO LEITOR E INT\u00c9RPRETE&#8221; &#8212; Universidade Estadual de Londrina\" src=\"https:\/\/portal.uel.br\/evento\/simposio-internacional-jurgen-habermas-habermas-como-leitor-e-interprete\/embed\/#?secret=UrpMYCGM01#?secret=ApfJF1yApy\" data-secret=\"ApfJF1yApy\" width=\"500\" height=\"282\" frameborder=\"0\" marginwidth=\"0\" marginheight=\"0\" scrolling=\"no\"><\/iframe>\n<\/div><\/figure>\n\n\n\n<figure class=\"wp-block-embed is-type-wp-embed is-provider-universidade-estadual-de-londrina wp-block-embed-universidade-estadual-de-londrina\"><div class=\"wp-block-embed__wrapper\">\n<blockquote class=\"wp-embedded-content\" data-secret=\"OLQiYye4Y4\"><a href=\"https:\/\/portal.uel.br\/evento\/xxx-congresso-internacional-da-associacao-brasileira-de-professores-de-literatura-portuguesa-abraplipconfluencias-afluencias-multiplicidades-interlocucoes-da-literatura-portuguesa-consigo-mesma\/\">XXX CONGRESSO INTERNACIONAL DA ASSOCIA\u00c7\u00c3O BRASILEIRA DE PROFESSORES DE LITERATURA PORTUGUESA (ABRAPLIP)CONFLU\u00caNCIAS, AFLU\u00caNCIAS, MULTIPLICIDADES: INTERLOCU\u00c7\u00d5ES DA LITERATURA PORTUGUESA CONSIGO MESMA, COM OUTRAS LITERATURAS E OUTROS CAMPOS DO SABER<\/a><\/blockquote><iframe loading=\"lazy\" class=\"wp-embedded-content\" sandbox=\"allow-scripts\" security=\"restricted\" style=\"position: absolute; visibility: hidden;\" title=\"&#8220;XXX CONGRESSO INTERNACIONAL DA ASSOCIA\u00c7\u00c3O BRASILEIRA DE PROFESSORES DE LITERATURA PORTUGUESA (ABRAPLIP)CONFLU\u00caNCIAS, AFLU\u00caNCIAS, MULTIPLICIDADES: INTERLOCU\u00c7\u00d5ES DA LITERATURA PORTUGUESA CONSIGO MESMA, COM OUTRAS LITERATURAS E OUTROS CAMPOS DO SABER&#8221; &#8212; Universidade Estadual de Londrina\" src=\"https:\/\/portal.uel.br\/evento\/xxx-congresso-internacional-da-associacao-brasileira-de-professores-de-literatura-portuguesa-abraplipconfluencias-afluencias-multiplicidades-interlocucoes-da-literatura-portuguesa-consigo-mesma\/embed\/#?secret=vRDHO0AFUG#?secret=OLQiYye4Y4\" data-secret=\"OLQiYye4Y4\" width=\"500\" height=\"282\" frameborder=\"0\" marginwidth=\"0\" marginheight=\"0\" scrolling=\"no\"><\/iframe>\n<\/div><\/figure>\n\n\n\n<p class=\"has-text-align-left\"><\/p>\n\n\n\n<figure class=\"wp-block-embed is-type-wp-embed is-provider-universidade-estadual-de-londrina wp-block-embed-universidade-estadual-de-londrina\"><div class=\"wp-block-embed__wrapper\">\n<blockquote class=\"wp-embedded-content\" data-secret=\"N3iFf4hE5k\"><a href=\"https:\/\/portal.uel.br\/evento\/iii-seminario-de-letramentos-academico-cientificos-selac\/\">III SEMIN\u00c1RIO DE LETRAMENTOS ACAD\u00caMICO-CIENT\u00cdFICOS &#8211; SELAC<\/a><\/blockquote><iframe loading=\"lazy\" class=\"wp-embedded-content\" sandbox=\"allow-scripts\" security=\"restricted\" style=\"position: absolute; visibility: hidden;\" title=\"&#8220;III SEMIN\u00c1RIO DE LETRAMENTOS ACAD\u00caMICO-CIENT\u00cdFICOS &#8211; SELAC&#8221; &#8212; Universidade Estadual de Londrina\" src=\"https:\/\/portal.uel.br\/evento\/iii-seminario-de-letramentos-academico-cientificos-selac\/embed\/#?secret=QiSMs9Rz99#?secret=N3iFf4hE5k\" data-secret=\"N3iFf4hE5k\" width=\"500\" height=\"282\" frameborder=\"0\" marginwidth=\"0\" marginheight=\"0\" scrolling=\"no\"><\/iframe>\n<\/div><\/figure>\n\n\n\n<figure class=\"wp-block-embed is-type-wp-embed is-provider-universidade-estadual-de-londrina wp-block-embed-universidade-estadual-de-londrina\"><div class=\"wp-block-embed__wrapper\">\n<blockquote class=\"wp-embedded-content\" data-secret=\"Ekov3LZ7FU\"><a href=\"https:\/\/portal.uel.br\/evento\/xv-sepech-seminario-de-ensino-pesquisa-e-extensao-em-ciencias-humanas-humanidades-em-tempos-de-cultura-digital\/\">XV SEPECH &#8211; SEMIN\u00c1RIO DE ENSINO, PESQUISA E EXTENS\u00c3O EM CI\u00caNCIAS HUMANAS.HUMANIDADES EM TEMPOS DE CULTURA DIGITAL<\/a><\/blockquote><iframe loading=\"lazy\" class=\"wp-embedded-content\" sandbox=\"allow-scripts\" security=\"restricted\" style=\"position: absolute; visibility: hidden;\" title=\"&#8220;XV SEPECH &#8211; SEMIN\u00c1RIO DE ENSINO, PESQUISA E EXTENS\u00c3O EM CI\u00caNCIAS HUMANAS.HUMANIDADES EM TEMPOS DE CULTURA DIGITAL&#8221; &#8212; Universidade Estadual de Londrina\" src=\"https:\/\/portal.uel.br\/evento\/xv-sepech-seminario-de-ensino-pesquisa-e-extensao-em-ciencias-humanas-humanidades-em-tempos-de-cultura-digital\/embed\/#?secret=alklexsNFR#?secret=Ekov3LZ7FU\" data-secret=\"Ekov3LZ7FU\" width=\"500\" height=\"282\" frameborder=\"0\" marginwidth=\"0\" marginheight=\"0\" scrolling=\"no\"><\/iframe>\n<\/div><\/figure>\n\n\n\n<p><\/p>\n","protected":false},"excerpt":{"rendered":"<p>Para reservar salas e anfiteatros, preencha o formul\u00e1rio adequado em Reserva de Espa\u00e7o F\u00edsico e envie para o e-mail indicado.<\/p>\n","protected":false},"author":8,"featured_media":0,"parent":0,"menu_order":0,"comment_status":"closed","ping_status":"closed","template":"","meta":{"footnotes":""},"class_list":["post-171","page","type-page","status-publish","hentry"],"_links":{"self":[{"href":"https:\/\/sites.uel.br\/clch\/wp-json\/wp\/v2\/pages\/171","targetHints":{"allow":["GET"]}}],"collection":[{"href":"https:\/\/sites.uel.br\/clch\/wp-json\/wp\/v2\/pages"}],"about":[{"href":"https:\/\/sites.uel.br\/clch\/wp-json\/wp\/v2\/types\/page"}],"author":[{"embeddable":true,"href":"https:\/\/sites.uel.br\/clch\/wp-json\/wp\/v2\/users\/8"}],"replies":[{"embeddable":true,"href":"https:\/\/sites.uel.br\/clch\/wp-json\/wp\/v2\/comments?post=171"}],"version-history":[{"count":16,"href":"https:\/\/sites.uel.br\/clch\/wp-json\/wp\/v2\/pages\/171\/revisions"}],"predecessor-version":[{"id":2219,"href":"https:\/\/sites.uel.br\/clch\/wp-json\/wp\/v2\/pages\/171\/revisions\/2219"}],"wp:attachment":[{"href":"https:\/\/sites.uel.br\/clch\/wp-json\/wp\/v2\/media?parent=171"}],"curies":[{"name":"wp","href":"https:\/\/api.w.org\/{rel}","templated":true}]}}