{"id":1693,"date":"2024-06-04T15:14:41","date_gmt":"2024-06-04T18:14:41","guid":{"rendered":"https:\/\/sites.uel.br\/clch\/?page_id=1693"},"modified":"2024-06-04T16:41:12","modified_gmt":"2024-06-04T19:41:12","slug":"o-clch-e-internacional","status":"publish","type":"page","link":"https:\/\/sites.uel.br\/clch\/o-clch-e-internacional\/","title":{"rendered":"O CLCH \u00e9 internacional!"},"content":{"rendered":"\n<div class=\"wp-block-columns is-layout-flex wp-container-core-columns-is-layout-9d6595d7 wp-block-columns-is-layout-flex\">\n<div class=\"wp-block-column is-vertically-aligned-stretch is-layout-flow wp-block-column-is-layout-flow\">\n<div class=\"wp-block-group\"><div class=\"wp-block-group__inner-container is-layout-constrained wp-block-group-is-layout-constrained\">\n<p>A internacionaliza\u00e7\u00e3o do CLCH \u00e9 uma realidade! No panorama geral, temos atualmente 08 Acordos de Coopera\u00e7\u00e3o firmados e 12 em andamento, totalizando 11 institui\u00e7\u00f5es e 09 pa\u00edses envolvidos.<\/p>\n<\/div><\/div>\n\n\n\n<p><a href=\"https:\/\/sites.uel.br\/clch\/wp-content\/uploads\/2024\/06\/ARI_CLCH_07-maio-2024.pdf\">Aqui<\/a>&nbsp;voc\u00ea confere mais detalhes sobre os acordos&nbsp;e informa\u00e7\u00f5es sobre oportunidades de mobilidade acad\u00eamica. Para ter acesso a outros conte\u00fados sobre internacionaliza\u00e7\u00e3o, acesse tamb\u00e9m a Assessoria de Rela\u00e7\u00f5es Internacionais &#8211;&nbsp;<a href=\"https:\/\/www.uel.br\/ari\/\">ARI<\/a><\/p>\n<\/div>\n\n\n\n<div class=\"wp-block-column is-layout-flow wp-block-column-is-layout-flow\">\n<div class=\"wp-block-group\"><div class=\"wp-block-group__inner-container is-layout-constrained wp-block-group-is-layout-constrained\">\n<div class=\"wp-block-group\"><div class=\"wp-block-group__inner-container is-layout-constrained wp-block-group-is-layout-constrained\">\n<figure class=\"wp-block-image size-full is-resized is-style-rounded\"><img loading=\"lazy\" decoding=\"async\" width=\"311\" height=\"410\" src=\"https:\/\/sites.uel.br\/clch\/wp-content\/uploads\/2024\/06\/Design-sem-nome-e1717529027249.png\" alt=\"\" class=\"wp-image-1699\" style=\"aspect-ratio:1;object-fit:cover;width:321px;height:auto\" srcset=\"https:\/\/sites.uel.br\/clch\/wp-content\/uploads\/2024\/06\/Design-sem-nome-e1717529027249.png 311w, https:\/\/sites.uel.br\/clch\/wp-content\/uploads\/2024\/06\/Design-sem-nome-e1717529027249-228x300.png 228w\" sizes=\"auto, (max-width: 311px) 100vw, 311px\" \/><\/figure>\n<\/div><\/div>\n<\/div><\/div>\n<\/div>\n<\/div>\n\n\n\n<p><\/p>\n","protected":false},"excerpt":{"rendered":"<p>A internacionaliza\u00e7\u00e3o do CLCH \u00e9 uma realidade! No panorama geral, temos atualmente 08 Acordos de Coopera\u00e7\u00e3o firmados e 12 em andamento, totalizando 11 institui\u00e7\u00f5es e 09 pa\u00edses envolvidos. Aqui&nbsp;voc\u00ea confere mais detalhes sobre os acordos&nbsp;e informa\u00e7\u00f5es sobre oportunidades de mobilidade acad\u00eamica. Para ter acesso a outros conte\u00fados sobre internacionaliza\u00e7\u00e3o, acesse tamb\u00e9m a Assessoria de Rela\u00e7\u00f5es [&hellip;]<\/p>\n","protected":false},"author":14,"featured_media":0,"parent":0,"menu_order":0,"comment_status":"closed","ping_status":"closed","template":"","meta":{"footnotes":""},"class_list":["post-1693","page","type-page","status-publish","hentry"],"_links":{"self":[{"href":"https:\/\/sites.uel.br\/clch\/wp-json\/wp\/v2\/pages\/1693","targetHints":{"allow":["GET"]}}],"collection":[{"href":"https:\/\/sites.uel.br\/clch\/wp-json\/wp\/v2\/pages"}],"about":[{"href":"https:\/\/sites.uel.br\/clch\/wp-json\/wp\/v2\/types\/page"}],"author":[{"embeddable":true,"href":"https:\/\/sites.uel.br\/clch\/wp-json\/wp\/v2\/users\/14"}],"replies":[{"embeddable":true,"href":"https:\/\/sites.uel.br\/clch\/wp-json\/wp\/v2\/comments?post=1693"}],"version-history":[{"count":12,"href":"https:\/\/sites.uel.br\/clch\/wp-json\/wp\/v2\/pages\/1693\/revisions"}],"predecessor-version":[{"id":1709,"href":"https:\/\/sites.uel.br\/clch\/wp-json\/wp\/v2\/pages\/1693\/revisions\/1709"}],"wp:attachment":[{"href":"https:\/\/sites.uel.br\/clch\/wp-json\/wp\/v2\/media?parent=1693"}],"curies":[{"name":"wp","href":"https:\/\/api.w.org\/{rel}","templated":true}]}}