{"id":1557,"date":"2024-04-12T15:02:04","date_gmt":"2024-04-12T18:02:04","guid":{"rendered":"https:\/\/sites.uel.br\/clch\/?page_id=1557"},"modified":"2025-07-09T17:14:56","modified_gmt":"2025-07-09T20:14:56","slug":"lantech","status":"publish","type":"page","link":"https:\/\/sites.uel.br\/clch\/lantech\/","title":{"rendered":"LANTECH"},"content":{"rendered":"<div class=\"wp-block-image\">\n<figure class=\"alignleft size-full is-resized\"><img loading=\"lazy\" decoding=\"async\" width=\"500\" height=\"500\" src=\"https:\/\/sites.uel.br\/clch\/wp-content\/uploads\/2024\/04\/PHOTO-2024-04-01-19-31-33.jpg\" alt=\"\" class=\"wp-image-1562\" style=\"width:344px;height:auto\" srcset=\"https:\/\/sites.uel.br\/clch\/wp-content\/uploads\/2024\/04\/PHOTO-2024-04-01-19-31-33.jpg 500w, https:\/\/sites.uel.br\/clch\/wp-content\/uploads\/2024\/04\/PHOTO-2024-04-01-19-31-33-300x300.jpg 300w, https:\/\/sites.uel.br\/clch\/wp-content\/uploads\/2024\/04\/PHOTO-2024-04-01-19-31-33-150x150.jpg 150w\" sizes=\"auto, (max-width: 500px) 100vw, 500px\" \/><\/figure>\n<\/div>\n\n\n<p>O Laborat\u00f3rio de Novas Tecnologias do Centro de Letras e Ci\u00eancias Humanas (LANTECH &#8211; CLCH) integra a Rede de Laborat\u00f3rios de Inform\u00e1tica para Atividades Acad\u00eamicas (LINFAA) da UEL. Sua estrutura conta com vinte (20) computadores, data show, ar-condicionado (30.000 btus) e lousa branca, com capacidade para atender quarenta (40) pessoas em atividades de ensino, pesquisa e extens\u00e3o.<\/p>\n\n\n\n<p class=\"has-medium-font-size\">O LANTECH possui uma Comiss\u00e3o de Acompanhamento, composta por quatro docentes e um t\u00e9cnico administrativo, respons\u00e1vel por fomentar e avaliar o uso do Laborat\u00f3rio, sugerir melhorias e amplia\u00e7\u00e3o do uso, aquisi\u00e7\u00e3o de softwares e\/ou equipamentos complementares espec\u00edficos para atividades de ensino, pesquisa e extens\u00e3o.<\/p>\n\n\n\n<p>Para reservar o espa\u00e7o, basta acessar o<a href=\"https:\/\/sites.uel.br\/clch\/reserva-de-espacos\/\"> link<\/a> e seguir as orienta\u00e7\u00f5es contidas no formul\u00e1rio de solicita\u00e7\u00e3o de reserva.<\/p>\n\n\n\n<p>Verifique os hor\u00e1rios dispon\u00edveis na <a href=\"https:\/\/calendar.google.com\/calendar\/embed?src=c_a16f2f4109b41dc985280e1c4955da379090fb5318263c54cee058ec26a5f73f%40group.calendar.google.com&amp;ctz=America%2FSao_Paulo\">agenda<\/a>.<\/p>\n\n\n\n<p>Para saber mais sobre o <a href=\"https:\/\/operobal.uel.br\/ultimas\/2024\/04\/09\/clch-implementa-laboratorio-de-novas-tecnologias-em-atividade-com-estudantes-do-mexico\/\">LANTECH<\/a>, confira a not\u00edcia do Perobal.<\/p>\n","protected":false},"excerpt":{"rendered":"<p>O Laborat\u00f3rio de Novas Tecnologias do Centro de Letras e Ci\u00eancias Humanas (LANTECH &#8211; CLCH) integra a Rede de Laborat\u00f3rios de Inform\u00e1tica para Atividades Acad\u00eamicas (LINFAA) da UEL. Sua estrutura conta com vinte (20) computadores, data show, ar-condicionado (30.000 btus) e lousa branca, com capacidade para atender quarenta (40) pessoas em atividades de ensino, pesquisa [&hellip;]<\/p>\n","protected":false},"author":14,"featured_media":0,"parent":0,"menu_order":0,"comment_status":"closed","ping_status":"closed","template":"","meta":{"footnotes":""},"class_list":["post-1557","page","type-page","status-publish","hentry"],"_links":{"self":[{"href":"https:\/\/sites.uel.br\/clch\/wp-json\/wp\/v2\/pages\/1557","targetHints":{"allow":["GET"]}}],"collection":[{"href":"https:\/\/sites.uel.br\/clch\/wp-json\/wp\/v2\/pages"}],"about":[{"href":"https:\/\/sites.uel.br\/clch\/wp-json\/wp\/v2\/types\/page"}],"author":[{"embeddable":true,"href":"https:\/\/sites.uel.br\/clch\/wp-json\/wp\/v2\/users\/14"}],"replies":[{"embeddable":true,"href":"https:\/\/sites.uel.br\/clch\/wp-json\/wp\/v2\/comments?post=1557"}],"version-history":[{"count":40,"href":"https:\/\/sites.uel.br\/clch\/wp-json\/wp\/v2\/pages\/1557\/revisions"}],"predecessor-version":[{"id":2208,"href":"https:\/\/sites.uel.br\/clch\/wp-json\/wp\/v2\/pages\/1557\/revisions\/2208"}],"wp:attachment":[{"href":"https:\/\/sites.uel.br\/clch\/wp-json\/wp\/v2\/media?parent=1557"}],"curies":[{"name":"wp","href":"https:\/\/api.w.org\/{rel}","templated":true}]}}