{"id":1474,"date":"2024-01-23T15:12:51","date_gmt":"2024-01-23T18:12:51","guid":{"rendered":"https:\/\/sites.uel.br\/clch\/?page_id=1474"},"modified":"2024-01-23T15:17:27","modified_gmt":"2024-01-23T18:17:27","slug":"edital-001-2024","status":"publish","type":"page","link":"https:\/\/sites.uel.br\/clch\/edital-001-2024\/","title":{"rendered":"Edital 001\/2024"},"content":{"rendered":"\n<ul class=\"wp-block-list\">\n<li><a href=\"https:\/\/sites.uel.br\/clch\/wp-content\/uploads\/2024\/01\/Edital-de-homologacao-das-inscricoes-especializacao-2024.pdf\">Homologa\u00e7\u00e3o de inscri\u00e7\u00f5es<\/a><\/li>\n<\/ul>\n","protected":false},"excerpt":{"rendered":"","protected":false},"author":14,"featured_media":0,"parent":0,"menu_order":0,"comment_status":"closed","ping_status":"closed","template":"","meta":{"footnotes":""},"class_list":["post-1474","page","type-page","status-publish","hentry"],"_links":{"self":[{"href":"https:\/\/sites.uel.br\/clch\/wp-json\/wp\/v2\/pages\/1474","targetHints":{"allow":["GET"]}}],"collection":[{"href":"https:\/\/sites.uel.br\/clch\/wp-json\/wp\/v2\/pages"}],"about":[{"href":"https:\/\/sites.uel.br\/clch\/wp-json\/wp\/v2\/types\/page"}],"author":[{"embeddable":true,"href":"https:\/\/sites.uel.br\/clch\/wp-json\/wp\/v2\/users\/14"}],"replies":[{"embeddable":true,"href":"https:\/\/sites.uel.br\/clch\/wp-json\/wp\/v2\/comments?post=1474"}],"version-history":[{"count":2,"href":"https:\/\/sites.uel.br\/clch\/wp-json\/wp\/v2\/pages\/1474\/revisions"}],"predecessor-version":[{"id":1478,"href":"https:\/\/sites.uel.br\/clch\/wp-json\/wp\/v2\/pages\/1474\/revisions\/1478"}],"wp:attachment":[{"href":"https:\/\/sites.uel.br\/clch\/wp-json\/wp\/v2\/media?parent=1474"}],"curies":[{"name":"wp","href":"https:\/\/api.w.org\/{rel}","templated":true}]}}