{"id":1294,"date":"2023-10-17T20:06:38","date_gmt":"2023-10-17T23:06:38","guid":{"rendered":"https:\/\/sites.uel.br\/clch\/?page_id=1294"},"modified":"2023-10-17T20:09:42","modified_gmt":"2023-10-17T23:09:42","slug":"edital-2022-esp-antropologia-diferenca-desigualdade-e-poder","status":"publish","type":"page","link":"https:\/\/sites.uel.br\/clch\/edital-2022-esp-antropologia-diferenca-desigualdade-e-poder\/","title":{"rendered":"Edital 2022 &#8211; Esp. Antropologia: Diferen\u00e7a, Desigualdade e Poder"},"content":{"rendered":"\n<ul class=\"wp-block-list\">\n<li><a href=\"https:\/\/sites.uel.br\/clch\/wp-content\/uploads\/2023\/10\/Edital-Espec.-Antropologia-04.2022.pdf\">004\/2022 &#8211; Resultado e Convoca\u00e7\u00e3o para matr\u00edcula<\/a><\/li>\n\n\n\n<li><a href=\"https:\/\/sites.uel.br\/clch\/wp-content\/uploads\/2023\/10\/Edital-Espec.-Antropologia-03.2022.pdf\">003\/2022 &#8211; Resultado Parcial<\/a><\/li>\n\n\n\n<li><a href=\"https:\/\/sites.uel.br\/clch\/wp-content\/uploads\/2023\/10\/Edital-Espec.-Antropologia-02.2022.pdf\">002\/2022 &#8211; Resultado Etapa I<\/a><\/li>\n\n\n\n<li><a href=\"https:\/\/sites.uel.br\/clch\/wp-content\/uploads\/2023\/10\/Edital-Espec.-Antropologia-01.2022.pdf\">001\/2022 &#8211; Homologa\u00e7\u00e3o das Inscri\u00e7\u00f5es<\/a><\/li>\n<\/ul>\n","protected":false},"excerpt":{"rendered":"","protected":false},"author":14,"featured_media":0,"parent":0,"menu_order":0,"comment_status":"closed","ping_status":"closed","template":"","meta":{"footnotes":""},"class_list":["post-1294","page","type-page","status-publish","hentry"],"_links":{"self":[{"href":"https:\/\/sites.uel.br\/clch\/wp-json\/wp\/v2\/pages\/1294","targetHints":{"allow":["GET"]}}],"collection":[{"href":"https:\/\/sites.uel.br\/clch\/wp-json\/wp\/v2\/pages"}],"about":[{"href":"https:\/\/sites.uel.br\/clch\/wp-json\/wp\/v2\/types\/page"}],"author":[{"embeddable":true,"href":"https:\/\/sites.uel.br\/clch\/wp-json\/wp\/v2\/users\/14"}],"replies":[{"embeddable":true,"href":"https:\/\/sites.uel.br\/clch\/wp-json\/wp\/v2\/comments?post=1294"}],"version-history":[{"count":5,"href":"https:\/\/sites.uel.br\/clch\/wp-json\/wp\/v2\/pages\/1294\/revisions"}],"predecessor-version":[{"id":1300,"href":"https:\/\/sites.uel.br\/clch\/wp-json\/wp\/v2\/pages\/1294\/revisions\/1300"}],"wp:attachment":[{"href":"https:\/\/sites.uel.br\/clch\/wp-json\/wp\/v2\/media?parent=1294"}],"curies":[{"name":"wp","href":"https:\/\/api.w.org\/{rel}","templated":true}]}}