{"id":1187,"date":"2023-10-02T16:50:56","date_gmt":"2023-10-02T19:50:56","guid":{"rendered":"https:\/\/sites.uel.br\/clch\/?page_id=1187"},"modified":"2023-10-17T19:27:41","modified_gmt":"2023-10-17T22:27:41","slug":"edital-2022","status":"publish","type":"page","link":"https:\/\/sites.uel.br\/clch\/edital-2022\/","title":{"rendered":"Edital 2022 &#8211; Esp. Religi\u00f5es e Religiosidades"},"content":{"rendered":"\n<ul class=\"wp-block-list\">\n<li><a href=\"https:\/\/sites.uel.br\/clch\/wp-content\/uploads\/2023\/10\/Edital-no-04.2022-Resultado-e-Convocacao-para-matricula.pdf\">004\/2022 &#8211; Resultado e Convoca\u00e7\u00e3o para matr\u00edcula<\/a><\/li>\n<\/ul>\n\n\n\n<ul class=\"wp-block-list\">\n<li><a href=\"https:\/\/sites.uel.br\/clch\/wp-content\/uploads\/2023\/10\/Edital-no-003.2022-Resultado-Parcial.pdf\">003\/2022 &#8211; Resultado Parcial<\/a><\/li>\n<\/ul>\n\n\n\n<ul class=\"wp-block-list\">\n<li><a href=\"https:\/\/sites.uel.br\/clch\/wp-content\/uploads\/2023\/10\/Edital-no-002.2022-Resultado-Etapa-1.pdf\">002\/2022 &#8211; Resultado Etapa I<\/a><\/li>\n<\/ul>\n\n\n\n<ul class=\"wp-block-list\">\n<li><a href=\"https:\/\/sites.uel.br\/clch\/wp-content\/uploads\/2023\/10\/Edital-no-001.2022-homologacao-das-inscricoes.pdf\">001\/2022 &#8211; Homologa\u00e7\u00e3o das Inscri\u00e7\u00f5es<\/a><\/li>\n<\/ul>\n\n\n\n<ul class=\"wp-block-list\">\n<li><a href=\"https:\/\/sites.uel.br\/clch\/wp-content\/uploads\/2023\/10\/Folder-Selecao-Religioes-e-Religiosidades-2022.pdf\">Folder<\/a><\/li>\n<\/ul>\n","protected":false},"excerpt":{"rendered":"","protected":false},"author":14,"featured_media":0,"parent":0,"menu_order":0,"comment_status":"closed","ping_status":"closed","template":"","meta":{"footnotes":""},"class_list":["post-1187","page","type-page","status-publish","hentry"],"_links":{"self":[{"href":"https:\/\/sites.uel.br\/clch\/wp-json\/wp\/v2\/pages\/1187","targetHints":{"allow":["GET"]}}],"collection":[{"href":"https:\/\/sites.uel.br\/clch\/wp-json\/wp\/v2\/pages"}],"about":[{"href":"https:\/\/sites.uel.br\/clch\/wp-json\/wp\/v2\/types\/page"}],"author":[{"embeddable":true,"href":"https:\/\/sites.uel.br\/clch\/wp-json\/wp\/v2\/users\/14"}],"replies":[{"embeddable":true,"href":"https:\/\/sites.uel.br\/clch\/wp-json\/wp\/v2\/comments?post=1187"}],"version-history":[{"count":8,"href":"https:\/\/sites.uel.br\/clch\/wp-json\/wp\/v2\/pages\/1187\/revisions"}],"predecessor-version":[{"id":1269,"href":"https:\/\/sites.uel.br\/clch\/wp-json\/wp\/v2\/pages\/1187\/revisions\/1269"}],"wp:attachment":[{"href":"https:\/\/sites.uel.br\/clch\/wp-json\/wp\/v2\/media?parent=1187"}],"curies":[{"name":"wp","href":"https:\/\/api.w.org\/{rel}","templated":true}]}}