{"id":1175,"date":"2023-09-29T21:59:47","date_gmt":"2023-09-30T00:59:47","guid":{"rendered":"https:\/\/sites.uel.br\/clch\/?page_id=1175"},"modified":"2023-09-29T21:59:47","modified_gmt":"2023-09-30T00:59:47","slug":"comissao-de-prevencao-a-violencia-sexual-de-genero-e-etnicorracial","status":"publish","type":"page","link":"https:\/\/sites.uel.br\/clch\/comissao-de-prevencao-a-violencia-sexual-de-genero-e-etnicorracial\/","title":{"rendered":"Comiss\u00e3o de Preven\u00e7\u00e3o \u00e0 Viol\u00eancia Sexual, de G\u00eanero e Etnicorracial"},"content":{"rendered":"\n<p>O Centro de Letras e Ci\u00eancias Humanas &#8211; CLCH possui uma comiss\u00e3o de preven\u00e7\u00e3o \u00e0 viol\u00eancia sexual, de g\u00eanero e etnicorracial, realizando a\u00e7\u00f5es de acolhimento e orienta\u00e7\u00e3o.<\/p>\n\n\n<div class=\"wp-block-image\">\n<figure class=\"aligncenter size-full\"><img loading=\"lazy\" decoding=\"async\" width=\"640\" height=\"634\" src=\"https:\/\/sites.uel.br\/clch\/wp-content\/uploads\/2023\/09\/IMG_8161.jpg\" alt=\"\" class=\"wp-image-1174\" srcset=\"https:\/\/sites.uel.br\/clch\/wp-content\/uploads\/2023\/09\/IMG_8161.jpg 640w, https:\/\/sites.uel.br\/clch\/wp-content\/uploads\/2023\/09\/IMG_8161-300x297.jpg 300w, https:\/\/sites.uel.br\/clch\/wp-content\/uploads\/2023\/09\/IMG_8161-150x150.jpg 150w\" sizes=\"auto, (max-width: 640px) 100vw, 640px\" \/><\/figure>\n<\/div>\n\n\n<p>Para mais informa\u00e7\u00f5es, contate-nos por meio dos canais:<\/p>\n\n\n\n<p><strong>Acolhimento e Orienta\u00e7\u00e3o<\/strong><\/p>\n\n\n\n<p>prevencaoaviolenciaclch@uel.br<\/p>\n\n\n\n<p><a href=\"https:\/\/www.instagram.com\/prevencaoaviolenciaclch\/\">@prevencaoaviolenciaclch<\/a><\/p>\n\n\n\n<p><strong>Psicologia e Servi\u00e7o Social do SEBEC<\/strong><\/p>\n\n\n\n<p>ss.sm.sebec@uel.br<\/p>\n\n\n\n<p>Whatsapp: (43) 99146-0786 (Psic.)<\/p>\n\n\n\n<p>(43) 3371-4452 (recep\u00e7\u00e3o)<\/p>\n\n\n\n<p><strong>DEN\u00daNCIA <\/strong><\/p>\n\n\n\n<p>Ouvidoria Geral da UEL<\/p>\n\n\n\n<p><a href=\"https:\/\/sites.uel.br\/ouvidoria\/\">https:\/\/sites.uel.br\/ouvidoria\/<\/a><\/p>\n\n\n\n<div class=\"wp-block-cover is-light\" style=\"min-height:387px;aspect-ratio:unset;\"><span aria-hidden=\"true\" class=\"wp-block-cover__background has-background-dim\"><\/span><img loading=\"lazy\" decoding=\"async\" width=\"640\" height=\"634\" class=\"wp-block-cover__image-background wp-image-1174\" alt=\"\" src=\"https:\/\/sites.uel.br\/clch\/wp-content\/uploads\/2023\/09\/IMG_8161.jpg\" style=\"object-position:11% 2%\" data-object-fit=\"cover\" data-object-position=\"11% 2%\" srcset=\"https:\/\/sites.uel.br\/clch\/wp-content\/uploads\/2023\/09\/IMG_8161.jpg 640w, https:\/\/sites.uel.br\/clch\/wp-content\/uploads\/2023\/09\/IMG_8161-300x297.jpg 300w, https:\/\/sites.uel.br\/clch\/wp-content\/uploads\/2023\/09\/IMG_8161-150x150.jpg 150w\" sizes=\"auto, (max-width: 640px) 100vw, 640px\" \/><div class=\"wp-block-cover__inner-container is-layout-constrained wp-block-cover-is-layout-constrained\">\n<p class=\"has-text-align-center has-large-font-size\"><\/p>\n<\/div><\/div>\n","protected":false},"excerpt":{"rendered":"<p>O Centro de Letras e Ci\u00eancias Humanas &#8211; CLCH possui uma comiss\u00e3o de preven\u00e7\u00e3o \u00e0 viol\u00eancia sexual, de g\u00eanero e etnicorracial, realizando a\u00e7\u00f5es de acolhimento e orienta\u00e7\u00e3o. Para mais informa\u00e7\u00f5es, contate-nos por meio dos canais: Acolhimento e Orienta\u00e7\u00e3o prevencaoaviolenciaclch@uel.br @prevencaoaviolenciaclch Psicologia e Servi\u00e7o Social do SEBEC ss.sm.sebec@uel.br Whatsapp: (43) 99146-0786 (Psic.) (43) 3371-4452 (recep\u00e7\u00e3o) DEN\u00daNCIA [&hellip;]<\/p>\n","protected":false},"author":14,"featured_media":0,"parent":0,"menu_order":0,"comment_status":"closed","ping_status":"closed","template":"","meta":{"footnotes":""},"class_list":["post-1175","page","type-page","status-publish","hentry"],"_links":{"self":[{"href":"https:\/\/sites.uel.br\/clch\/wp-json\/wp\/v2\/pages\/1175","targetHints":{"allow":["GET"]}}],"collection":[{"href":"https:\/\/sites.uel.br\/clch\/wp-json\/wp\/v2\/pages"}],"about":[{"href":"https:\/\/sites.uel.br\/clch\/wp-json\/wp\/v2\/types\/page"}],"author":[{"embeddable":true,"href":"https:\/\/sites.uel.br\/clch\/wp-json\/wp\/v2\/users\/14"}],"replies":[{"embeddable":true,"href":"https:\/\/sites.uel.br\/clch\/wp-json\/wp\/v2\/comments?post=1175"}],"version-history":[{"count":1,"href":"https:\/\/sites.uel.br\/clch\/wp-json\/wp\/v2\/pages\/1175\/revisions"}],"predecessor-version":[{"id":1176,"href":"https:\/\/sites.uel.br\/clch\/wp-json\/wp\/v2\/pages\/1175\/revisions\/1176"}],"wp:attachment":[{"href":"https:\/\/sites.uel.br\/clch\/wp-json\/wp\/v2\/media?parent=1175"}],"curies":[{"name":"wp","href":"https:\/\/api.w.org\/{rel}","templated":true}]}}