{"id":1154,"date":"2023-09-21T20:04:17","date_gmt":"2023-09-21T23:04:17","guid":{"rendered":"https:\/\/sites.uel.br\/clch\/?page_id=1154"},"modified":"2023-09-21T20:45:07","modified_gmt":"2023-09-21T23:45:07","slug":"programa-de-pos-graduacao-em-estudos-da-linguagem","status":"publish","type":"page","link":"https:\/\/sites.uel.br\/clch\/programa-de-pos-graduacao-em-estudos-da-linguagem\/","title":{"rendered":"Programa de P\u00f3s-Gradua\u00e7\u00e3o em Estudos da Linguagem"},"content":{"rendered":"\n<p><\/p>\n\n\n\n<div class=\"wp-block-group\"><div class=\"wp-block-group__inner-container is-layout-constrained wp-block-group-is-layout-constrained\">\n<div class=\"wp-block-columns is-layout-flex wp-container-core-columns-is-layout-9d6595d7 wp-block-columns-is-layout-flex\">\n<div class=\"wp-block-column is-layout-flow wp-block-column-is-layout-flow\" style=\"flex-basis:100%\">\n<div class=\"wp-block-group\"><div class=\"wp-block-group__inner-container is-layout-constrained wp-block-group-is-layout-constrained\">\n<div class=\"wp-block-media-text is-stacked-on-mobile\"><figure class=\"wp-block-media-text__media\"><video controls src=\"https:\/\/sites.uel.br\/clch\/wp-content\/uploads\/2023\/08\/Video-de-Joyce.mp4\"><\/video><\/figure><div class=\"wp-block-media-text__content\">\n<p><\/p>\n<\/div><\/div>\n<\/div><\/div>\n<\/div>\n<\/div>\n<\/div><\/div>\n\n\n\n<div class=\"wp-block-media-text is-stacked-on-mobile\"><figure class=\"wp-block-media-text__media\"><video controls src=\"https:\/\/sites.uel.br\/clch\/wp-content\/uploads\/2023\/08\/Video-de-Joyce-parte-1.mp4\"><\/video><\/figure><div class=\"wp-block-media-text__content\">\n<p><\/p>\n<\/div><\/div>\n\n\n\n<p><\/p>\n\n\n\n<p>Para mais informa\u00e7\u00f5es, visite a p\u00e1gina <a href=\"https:\/\/www.uel.br\/pos\/ppgel\/pages\/pt\/inicial.php\">PPGEL<\/a>.<\/p>\n","protected":false},"excerpt":{"rendered":"<p>Para mais informa\u00e7\u00f5es, visite a p\u00e1gina PPGEL.<\/p>\n","protected":false},"author":14,"featured_media":0,"parent":0,"menu_order":0,"comment_status":"closed","ping_status":"closed","template":"","meta":{"footnotes":""},"class_list":["post-1154","page","type-page","status-publish","hentry"],"_links":{"self":[{"href":"https:\/\/sites.uel.br\/clch\/wp-json\/wp\/v2\/pages\/1154","targetHints":{"allow":["GET"]}}],"collection":[{"href":"https:\/\/sites.uel.br\/clch\/wp-json\/wp\/v2\/pages"}],"about":[{"href":"https:\/\/sites.uel.br\/clch\/wp-json\/wp\/v2\/types\/page"}],"author":[{"embeddable":true,"href":"https:\/\/sites.uel.br\/clch\/wp-json\/wp\/v2\/users\/14"}],"replies":[{"embeddable":true,"href":"https:\/\/sites.uel.br\/clch\/wp-json\/wp\/v2\/comments?post=1154"}],"version-history":[{"count":6,"href":"https:\/\/sites.uel.br\/clch\/wp-json\/wp\/v2\/pages\/1154\/revisions"}],"predecessor-version":[{"id":1164,"href":"https:\/\/sites.uel.br\/clch\/wp-json\/wp\/v2\/pages\/1154\/revisions\/1164"}],"wp:attachment":[{"href":"https:\/\/sites.uel.br\/clch\/wp-json\/wp\/v2\/media?parent=1154"}],"curies":[{"name":"wp","href":"https:\/\/api.w.org\/{rel}","templated":true}]}}