{"id":1150,"date":"2023-09-21T19:44:19","date_gmt":"2023-09-21T22:44:19","guid":{"rendered":"https:\/\/sites.uel.br\/clch\/?page_id=1150"},"modified":"2023-09-21T20:04:48","modified_gmt":"2023-09-21T23:04:48","slug":"confira-os-programas-da-pos-graduacao","status":"publish","type":"page","link":"https:\/\/sites.uel.br\/clch\/confira-os-programas-da-pos-graduacao\/","title":{"rendered":"Confira os Programas da P\u00f3s-gradua\u00e7\u00e3o"},"content":{"rendered":"\n<p><\/p>\n\n\n\n<div class=\"wp-block-columns is-layout-flex wp-container-core-columns-is-layout-9d6595d7 wp-block-columns-is-layout-flex\">\n<div class=\"wp-block-column is-layout-flow wp-block-column-is-layout-flow\">\n<figure class=\"wp-block-image size-full is-resized\"><img loading=\"lazy\" decoding=\"async\" src=\"https:\/\/sites.uel.br\/clch\/wp-content\/uploads\/2023\/08\/Design-sem-nome-e1692904333933.png\" alt=\"\" class=\"wp-image-1075\" style=\"width:554px;height:556px\" width=\"554\" height=\"556\" srcset=\"https:\/\/sites.uel.br\/clch\/wp-content\/uploads\/2023\/08\/Design-sem-nome-e1692904333933.png 332w, https:\/\/sites.uel.br\/clch\/wp-content\/uploads\/2023\/08\/Design-sem-nome-e1692904333933-300x300.png 300w, https:\/\/sites.uel.br\/clch\/wp-content\/uploads\/2023\/08\/Design-sem-nome-e1692904333933-150x150.png 150w\" sizes=\"auto, (max-width: 554px) 100vw, 554px\" \/><\/figure>\n<\/div>\n\n\n\n<div class=\"wp-block-column is-layout-flow wp-block-column-is-layout-flow\">\n<p><strong><a href=\"https:\/\/sites.uel.br\/clch\/programa-de-pos-graduacao-em-estudos-da-linguagem\/\">PPGEL &#8211; Programa de P\u00f3s-Gradua\u00e7\u00e3o em Estudos da Linguagem<\/a><\/strong><\/p>\n<\/div>\n<\/div>\n\n\n\n<p><\/p>\n","protected":false},"excerpt":{"rendered":"<p>PPGEL &#8211; Programa de P\u00f3s-Gradua\u00e7\u00e3o em Estudos da Linguagem<\/p>\n","protected":false},"author":14,"featured_media":0,"parent":0,"menu_order":0,"comment_status":"closed","ping_status":"closed","template":"","meta":{"footnotes":""},"class_list":["post-1150","page","type-page","status-publish","hentry"],"_links":{"self":[{"href":"https:\/\/sites.uel.br\/clch\/wp-json\/wp\/v2\/pages\/1150","targetHints":{"allow":["GET"]}}],"collection":[{"href":"https:\/\/sites.uel.br\/clch\/wp-json\/wp\/v2\/pages"}],"about":[{"href":"https:\/\/sites.uel.br\/clch\/wp-json\/wp\/v2\/types\/page"}],"author":[{"embeddable":true,"href":"https:\/\/sites.uel.br\/clch\/wp-json\/wp\/v2\/users\/14"}],"replies":[{"embeddable":true,"href":"https:\/\/sites.uel.br\/clch\/wp-json\/wp\/v2\/comments?post=1150"}],"version-history":[{"count":3,"href":"https:\/\/sites.uel.br\/clch\/wp-json\/wp\/v2\/pages\/1150\/revisions"}],"predecessor-version":[{"id":1156,"href":"https:\/\/sites.uel.br\/clch\/wp-json\/wp\/v2\/pages\/1150\/revisions\/1156"}],"wp:attachment":[{"href":"https:\/\/sites.uel.br\/clch\/wp-json\/wp\/v2\/media?parent=1150"}],"curies":[{"name":"wp","href":"https:\/\/api.w.org\/{rel}","templated":true}]}}