{"id":65,"date":"2022-09-15T16:36:42","date_gmt":"2022-09-15T19:36:42","guid":{"rendered":"https:\/\/sites.uel.br\/ciapg\/?page_id=65"},"modified":"2023-02-14T17:09:18","modified_gmt":"2023-02-14T20:09:18","slug":"contato","status":"publish","type":"page","link":"https:\/\/sites.uel.br\/ciapg\/contato\/","title":{"rendered":"Contato"},"content":{"rendered":"\n<p class=\"has-verde-escuro-color has-text-color\"><strong>Comiss\u00e3o Institucional de Avalia\u00e7\u00e3o da P\u00f3s-Gradua\u00e7\u00e3o<\/strong><\/p>\n\n\n\n<p>Universidade Estadual de Londrina<\/p>\n\n\n\n<p>Pr\u00f3-Reitoria de Pesquisa e P\u00f3s-Gradua\u00e7\u00e3o<\/p>\n\n\n\n<p>Diretoria de P\u00f3s-Gradua\u00e7\u00e3o<\/p>\n\n\n\n<p>Rodovia Celso Garcia Cid, PR 445 Km 380,  Campus Universit\u00e1rio<br>Cx. Postal 10.011, CEP 86.057-970, Londrina &#8211; PR<\/p>\n\n\n\n<p class=\"has-verde-escuro-color has-text-color\">E-mail: <strong>ciapg@uel.br<\/strong><\/p>\n\n\n\n<div class=\"wp-block-group\"><div class=\"wp-block-group__inner-container is-layout-constrained wp-block-group-is-layout-constrained\">\n<div class=\"wp-block-columns is-layout-flex wp-container-core-columns-is-layout-9d6595d7 wp-block-columns-is-layout-flex\">\n<div class=\"wp-block-column is-layout-flow wp-block-column-is-layout-flow\">\n<div class=\"wp-block-columns is-layout-flex wp-container-core-columns-is-layout-9d6595d7 wp-block-columns-is-layout-flex\">\n<div class=\"wp-block-column is-layout-flow wp-block-column-is-layout-flow\"><div class=\"wp-block-image\">\n<figure class=\"aligncenter size-full is-resized\"><img loading=\"lazy\" decoding=\"async\" src=\"https:\/\/sites.uel.br\/ciapg\/wp-content\/uploads\/2022\/09\/Logo-Color-Vertical.jpg\" alt=\"\" class=\"wp-image-59\" width=\"229\" height=\"158\" \/><\/figure>\n<\/div><\/div>\n\n\n\n<div class=\"wp-block-column is-layout-flow wp-block-column-is-layout-flow\"><div class=\"wp-block-image\">\n<figure class=\"aligncenter size-full is-resized\"><img loading=\"lazy\" decoding=\"async\" src=\"https:\/\/sites.uel.br\/ciapg\/wp-content\/uploads\/2023\/02\/PROPPG.jpg\" alt=\"\" class=\"wp-image-103\" width=\"350\" height=\"155\" srcset=\"https:\/\/sites.uel.br\/ciapg\/wp-content\/uploads\/2023\/02\/PROPPG.jpg 400w, https:\/\/sites.uel.br\/ciapg\/wp-content\/uploads\/2023\/02\/PROPPG-300x134.jpg 300w\" sizes=\"auto, (max-width: 350px) 100vw, 350px\" \/><\/figure>\n<\/div><\/div>\n\n\n\n<div class=\"wp-block-column is-layout-flow wp-block-column-is-layout-flow\"><div class=\"wp-block-image\">\n<figure class=\"aligncenter size-full is-resized\"><img loading=\"lazy\" decoding=\"async\" src=\"https:\/\/sites.uel.br\/ciapg\/wp-content\/uploads\/2022\/09\/cropped-Slide1-1.png\" alt=\"\" class=\"wp-image-95\" width=\"214\" height=\"150\" srcset=\"https:\/\/sites.uel.br\/ciapg\/wp-content\/uploads\/2022\/09\/cropped-Slide1-1.png 1012w, https:\/\/sites.uel.br\/ciapg\/wp-content\/uploads\/2022\/09\/cropped-Slide1-1-300x211.png 300w, https:\/\/sites.uel.br\/ciapg\/wp-content\/uploads\/2022\/09\/cropped-Slide1-1-768x540.png 768w\" sizes=\"auto, (max-width: 214px) 100vw, 214px\" \/><\/figure>\n<\/div><\/div>\n<\/div>\n<\/div>\n<\/div>\n<\/div><\/div>\n","protected":false},"excerpt":{"rendered":"<p>Comiss\u00e3o Institucional de Avalia\u00e7\u00e3o da P\u00f3s-Gradua\u00e7\u00e3o Universidade Estadual de Londrina Pr\u00f3-Reitoria de Pesquisa e P\u00f3s-Gradua\u00e7\u00e3o Diretoria de P\u00f3s-Gradua\u00e7\u00e3o Rodovia Celso Garcia Cid, PR 445 Km 380, Campus Universit\u00e1rioCx. Postal 10.011, CEP 86.057-970, Londrina &#8211; PR E-mail: ciapg@uel.br<\/p>\n","protected":false},"author":6,"featured_media":0,"parent":0,"menu_order":0,"comment_status":"closed","ping_status":"closed","template":"","meta":{"footnotes":""},"class_list":["post-65","page","type-page","status-publish","hentry"],"acf":[],"_links":{"self":[{"href":"https:\/\/sites.uel.br\/ciapg\/wp-json\/wp\/v2\/pages\/65","targetHints":{"allow":["GET"]}}],"collection":[{"href":"https:\/\/sites.uel.br\/ciapg\/wp-json\/wp\/v2\/pages"}],"about":[{"href":"https:\/\/sites.uel.br\/ciapg\/wp-json\/wp\/v2\/types\/page"}],"author":[{"embeddable":true,"href":"https:\/\/sites.uel.br\/ciapg\/wp-json\/wp\/v2\/users\/6"}],"replies":[{"embeddable":true,"href":"https:\/\/sites.uel.br\/ciapg\/wp-json\/wp\/v2\/comments?post=65"}],"version-history":[{"count":4,"href":"https:\/\/sites.uel.br\/ciapg\/wp-json\/wp\/v2\/pages\/65\/revisions"}],"predecessor-version":[{"id":104,"href":"https:\/\/sites.uel.br\/ciapg\/wp-json\/wp\/v2\/pages\/65\/revisions\/104"}],"wp:attachment":[{"href":"https:\/\/sites.uel.br\/ciapg\/wp-json\/wp\/v2\/media?parent=65"}],"curies":[{"name":"wp","href":"https:\/\/api.w.org\/{rel}","templated":true}]}}