{"id":296,"date":"2025-09-29T11:21:58","date_gmt":"2025-09-29T14:21:58","guid":{"rendered":"https:\/\/sites.uel.br\/ciapg\/?page_id=296"},"modified":"2025-09-29T11:25:11","modified_gmt":"2025-09-29T14:25:11","slug":"1o-forum-de-extensao-na-pos-graduacao-e-2o-forum-de-autoavaliacao","status":"publish","type":"page","link":"https:\/\/sites.uel.br\/ciapg\/1o-forum-de-extensao-na-pos-graduacao-e-2o-forum-de-autoavaliacao\/","title":{"rendered":"1\u00ba F\u00f3rum de Extens\u00e3o na P\u00f3s-Gradua\u00e7\u00e3o e 2\u00ba F\u00f3rum de Autoavalia\u00e7\u00e3o!"},"content":{"rendered":"\n<p>Data:\u00a0<strong>06 e 07 de outubro de 2025<\/strong><\/p>\n\n\n\n<p>Local:&nbsp;<strong>Cyro Grossi e LABESC<\/strong><\/p>\n\n\n\n<div style=\"height:29px\" aria-hidden=\"true\" class=\"wp-block-spacer\"><\/div>\n\n\n\n<p><strong>PROGRAMA\u00c7\u00c3O<\/strong><\/p>\n\n\n\n<div class=\"wp-block-file\"><a id=\"wp-block-file--media-22b0802c-b55f-4848-ae1d-9b489bf3f216\" href=\"https:\/\/sites.uel.br\/ciapg\/wp-content\/uploads\/2025\/09\/FOPEx-.pdf\">FOPEx<\/a><a href=\"https:\/\/sites.uel.br\/ciapg\/wp-content\/uploads\/2025\/09\/FOPEx-.pdf\" class=\"wp-block-file__button wp-element-button\" download aria-describedby=\"wp-block-file--media-22b0802c-b55f-4848-ae1d-9b489bf3f216\">Baixar<\/a><\/div>\n\n\n\n<p><\/p>\n","protected":false},"excerpt":{"rendered":"<p>Data:\u00a006 e 07 de outubro de 2025 Local:&nbsp;Cyro Grossi e LABESC PROGRAMA\u00c7\u00c3O<\/p>\n","protected":false},"author":6,"featured_media":0,"parent":0,"menu_order":0,"comment_status":"closed","ping_status":"closed","template":"","meta":{"footnotes":""},"class_list":["post-296","page","type-page","status-publish","hentry"],"acf":[],"_links":{"self":[{"href":"https:\/\/sites.uel.br\/ciapg\/wp-json\/wp\/v2\/pages\/296","targetHints":{"allow":["GET"]}}],"collection":[{"href":"https:\/\/sites.uel.br\/ciapg\/wp-json\/wp\/v2\/pages"}],"about":[{"href":"https:\/\/sites.uel.br\/ciapg\/wp-json\/wp\/v2\/types\/page"}],"author":[{"embeddable":true,"href":"https:\/\/sites.uel.br\/ciapg\/wp-json\/wp\/v2\/users\/6"}],"replies":[{"embeddable":true,"href":"https:\/\/sites.uel.br\/ciapg\/wp-json\/wp\/v2\/comments?post=296"}],"version-history":[{"count":3,"href":"https:\/\/sites.uel.br\/ciapg\/wp-json\/wp\/v2\/pages\/296\/revisions"}],"predecessor-version":[{"id":302,"href":"https:\/\/sites.uel.br\/ciapg\/wp-json\/wp\/v2\/pages\/296\/revisions\/302"}],"wp:attachment":[{"href":"https:\/\/sites.uel.br\/ciapg\/wp-json\/wp\/v2\/media?parent=296"}],"curies":[{"name":"wp","href":"https:\/\/api.w.org\/{rel}","templated":true}]}}