{"id":274,"date":"2024-11-30T13:16:11","date_gmt":"2024-11-30T16:16:11","guid":{"rendered":"https:\/\/sites.uel.br\/ciapg\/?page_id=274"},"modified":"2025-09-29T11:00:58","modified_gmt":"2025-09-29T14:00:58","slug":"palestra-2024","status":"publish","type":"page","link":"https:\/\/sites.uel.br\/ciapg\/palestra-2024\/","title":{"rendered":""},"content":{"rendered":"\n<h1 class=\"wp-block-heading\">Evento<\/h1>\n\n\n\n<p class=\"has-verde-color has-text-color has-link-color has-medium-font-size wp-elements-e0083c403402d6390d734deb02091fc9\"><strong>SEMIN\u00c1RIO: REFLEX\u00d5ES SOBRE O PAPEL DE INDICADORES QUALITATIVOS NA AVALIA\u00c7\u00c3O DA CAPES<\/strong><\/p>\n\n\n\n<p>Data:&nbsp;<strong>28 de novembro de 2024<\/strong><\/p>\n\n\n\n<p>Hor\u00e1rio:&nbsp;<strong>14:00-16:00<\/strong><\/p>\n\n\n\n<p>Local:&nbsp;<strong>CECA \u2013 Sala 683<\/strong><\/p>\n\n\n\n<p><strong>Professor convidado:<\/strong> <\/p>\n\n\n\n<p>Prof. Dr. <a href=\"http:\/\/lattes.cnpq.br\/8612465206032005\">Robert Verhine<\/a><\/p>\n\n\n\n<p>Doutorado em Educa\u00e7\u00e3o. Universit\u00e4t Hamburg, UH, Alemanha.<br>Professor Titular (aposentado) Da Universidade Federal da Bahia<\/p>\n\n\n\n<p><strong>PROGRAMA\u00c7\u00c3O<\/strong><\/p>\n\n\n\n<p><strong>14:00<\/strong> \u2013 Credenciamento<\/p>\n\n\n\n<p><strong>14:00 \u2013 14:10<\/strong> \u2013 Abertura e palestras<\/p>\n\n\n\n<p><strong>14:15 \u2013 16:00<\/strong> \u2013 Palestra<\/p>\n\n\n\n<p>\u201cReflex\u00f5es sobre o papel de indicadores qualitativos na avalia\u00e7\u00e3o da CAPES\u201d<\/p>\n\n\n\n<p><strong>&nbsp;&nbsp;&nbsp;&nbsp;&nbsp;&nbsp;&nbsp;&nbsp;&nbsp;&nbsp;&nbsp;&nbsp;&nbsp;&nbsp;&nbsp; Prof. Dr. Robert Evan Verhine<\/strong><\/p>\n\n\n\n<p><\/p>\n\n\n\n<div class=\"wp-block-columns is-layout-flex wp-container-core-columns-is-layout-9d6595d7 wp-block-columns-is-layout-flex\">\n<div class=\"wp-block-column is-layout-flow wp-block-column-is-layout-flow\">\n<figure class=\"wp-block-image size-large\"><img loading=\"lazy\" decoding=\"async\" width=\"1024\" height=\"768\" src=\"https:\/\/sites.uel.br\/ciapg\/wp-content\/uploads\/2024\/11\/IMG_3712-1-1024x768.jpeg\" alt=\"\" class=\"wp-image-279\" srcset=\"https:\/\/sites.uel.br\/ciapg\/wp-content\/uploads\/2024\/11\/IMG_3712-1-1024x768.jpeg 1024w, https:\/\/sites.uel.br\/ciapg\/wp-content\/uploads\/2024\/11\/IMG_3712-1-300x225.jpeg 300w, https:\/\/sites.uel.br\/ciapg\/wp-content\/uploads\/2024\/11\/IMG_3712-1-768x576.jpeg 768w, https:\/\/sites.uel.br\/ciapg\/wp-content\/uploads\/2024\/11\/IMG_3712-1-1536x1152.jpeg 1536w, https:\/\/sites.uel.br\/ciapg\/wp-content\/uploads\/2024\/11\/IMG_3712-1-2048x1536.jpeg 2048w\" sizes=\"auto, (max-width: 1024px) 100vw, 1024px\" \/><\/figure>\n<\/div>\n\n\n\n<div class=\"wp-block-column is-layout-flow wp-block-column-is-layout-flow\">\n<figure class=\"wp-block-image size-large\"><img loading=\"lazy\" decoding=\"async\" width=\"1024\" height=\"768\" src=\"https:\/\/sites.uel.br\/ciapg\/wp-content\/uploads\/2024\/11\/14b6a446-d7e1-4fb8-adae-7402fc5663e6-1-1024x768.jpeg\" alt=\"\" class=\"wp-image-280\" srcset=\"https:\/\/sites.uel.br\/ciapg\/wp-content\/uploads\/2024\/11\/14b6a446-d7e1-4fb8-adae-7402fc5663e6-1-1024x768.jpeg 1024w, https:\/\/sites.uel.br\/ciapg\/wp-content\/uploads\/2024\/11\/14b6a446-d7e1-4fb8-adae-7402fc5663e6-1-300x225.jpeg 300w, https:\/\/sites.uel.br\/ciapg\/wp-content\/uploads\/2024\/11\/14b6a446-d7e1-4fb8-adae-7402fc5663e6-1-768x576.jpeg 768w, https:\/\/sites.uel.br\/ciapg\/wp-content\/uploads\/2024\/11\/14b6a446-d7e1-4fb8-adae-7402fc5663e6-1-1536x1152.jpeg 1536w, https:\/\/sites.uel.br\/ciapg\/wp-content\/uploads\/2024\/11\/14b6a446-d7e1-4fb8-adae-7402fc5663e6-1.jpeg 1600w\" sizes=\"auto, (max-width: 1024px) 100vw, 1024px\" \/><\/figure>\n<\/div>\n<\/div>\n","protected":false},"excerpt":{"rendered":"<p>Evento SEMIN\u00c1RIO: REFLEX\u00d5ES SOBRE O PAPEL DE INDICADORES QUALITATIVOS NA AVALIA\u00c7\u00c3O DA CAPES Data:&nbsp;28 de novembro de 2024 Hor\u00e1rio:&nbsp;14:00-16:00 Local:&nbsp;CECA \u2013 Sala 683 Professor convidado: Prof. Dr. Robert Verhine Doutorado em Educa\u00e7\u00e3o. Universit\u00e4t Hamburg, UH, Alemanha.Professor Titular (aposentado) Da Universidade Federal da Bahia PROGRAMA\u00c7\u00c3O 14:00 \u2013 Credenciamento 14:00 \u2013 14:10 \u2013 Abertura e palestras 14:15 [&hellip;]<\/p>\n","protected":false},"author":6,"featured_media":0,"parent":0,"menu_order":0,"comment_status":"closed","ping_status":"closed","template":"","meta":{"footnotes":""},"class_list":["post-274","page","type-page","status-publish","hentry"],"acf":[],"_links":{"self":[{"href":"https:\/\/sites.uel.br\/ciapg\/wp-json\/wp\/v2\/pages\/274","targetHints":{"allow":["GET"]}}],"collection":[{"href":"https:\/\/sites.uel.br\/ciapg\/wp-json\/wp\/v2\/pages"}],"about":[{"href":"https:\/\/sites.uel.br\/ciapg\/wp-json\/wp\/v2\/types\/page"}],"author":[{"embeddable":true,"href":"https:\/\/sites.uel.br\/ciapg\/wp-json\/wp\/v2\/users\/6"}],"replies":[{"embeddable":true,"href":"https:\/\/sites.uel.br\/ciapg\/wp-json\/wp\/v2\/comments?post=274"}],"version-history":[{"count":5,"href":"https:\/\/sites.uel.br\/ciapg\/wp-json\/wp\/v2\/pages\/274\/revisions"}],"predecessor-version":[{"id":293,"href":"https:\/\/sites.uel.br\/ciapg\/wp-json\/wp\/v2\/pages\/274\/revisions\/293"}],"wp:attachment":[{"href":"https:\/\/sites.uel.br\/ciapg\/wp-json\/wp\/v2\/media?parent=274"}],"curies":[{"name":"wp","href":"https:\/\/api.w.org\/{rel}","templated":true}]}}