{"id":25,"date":"2022-09-15T10:51:20","date_gmt":"2022-09-15T13:51:20","guid":{"rendered":"https:\/\/sites.uel.br\/ciapg\/?page_id=25"},"modified":"2024-02-22T15:37:25","modified_gmt":"2024-02-22T18:37:25","slug":"evento","status":"publish","type":"page","link":"https:\/\/sites.uel.br\/ciapg\/evento\/","title":{"rendered":"Evento"},"content":{"rendered":"\n<p class=\"has-verde-escuro-color has-text-color has-link-color has-medium-font-size wp-elements-9af5448230645607ec8cb3487411dcb0\"><strong>F\u00d3RUM DE AUTOAVALIA\u00c7\u00c3O DOS PROGRAMAS STRICTO SENSU DA UEL<\/strong><\/p>\n\n\n\n<p>Data: <strong>18 e 19 de maio de 2023<\/strong><\/p>\n\n\n\n<p>Local: <strong>Cyro Grossi e LABESC<\/strong><\/p>\n\n\n\n<div style=\"height:30px\" aria-hidden=\"true\" class=\"wp-block-spacer\"><\/div>\n\n\n\n<p class=\"has-verde-color has-text-color has-link-color has-medium-font-size wp-elements-8c37f3878314eb2a1e84dbd2ed1feed4\"><strong>Professores convidados:<\/strong><\/p>\n\n\n\n<p>Prof. Dr. <strong><a href=\"http:\/\/lattes.cnpq.br\/2592903523310055\" target=\"_blank\" rel=\"noreferrer noopener\">\u00c2ngelo Ricardo de Souza<\/a><\/strong><br>Doutorado em Educa\u00e7\u00e3o: Hist\u00f3ria, Pol\u00edtica, Sociedade. PUC-SP.<br>Professor associado da Universidade Federal do Paran\u00e1<br>Coordenador da \u00c1rea de Educa\u00e7\u00e3o na CAPES.<\/p>\n\n\n\n<p>Prof. Dr. <strong><a href=\"http:\/\/lattes.cnpq.br\/8612465206032005\" target=\"_blank\" rel=\"noreferrer noopener\">Robert Evan Verhine<\/a><\/strong><br>Doutorado em Educa\u00e7\u00e3o, Universit\u00e4t Hamburg.<br>Professor Titular (aposentado) da Universidade Federal da Bahia<\/p>\n\n\n\n<p>Profa. Dra. <strong><a href=\"http:\/\/lattes.cnpq.br\/5518726496249936\" target=\"_blank\" rel=\"noreferrer noopener\">Evanilde Benedito<\/a><\/strong><br>Doutorado em Ecologia e Recursos Naturais, UFSCar.<br>Professora associada da Universidade Estadual de Maring\u00e1<br>Coordenadora da \u00c1rea de Biodiversidade na CAPES<\/p>\n\n\n\n<p>Prof. Dr. <strong><a href=\"http:\/\/lattes.cnpq.br\/4370780178813575\" target=\"_blank\" rel=\"noreferrer noopener\">Edvani Curti Muniz<\/a><\/strong><br>Doutorado em Ci\u00eancias (F\u00edsico-Qu\u00edmica), UNICAMP<br>Professor Titular, \u00e1rea de F\u00edsico-Qu\u00edmica, do Dep. de Qu\u00edmica da Universidade Estadual de Maring\u00e1 (aposentado). Professor Visitante na UTFPR.<br>Coordenador Adjunto da \u00e1rea de Materiais na CAPES<\/p>\n\n\n\n<div style=\"height:27px\" aria-hidden=\"true\" class=\"wp-block-spacer\"><\/div>\n\n\n\n<p><strong>PROGRAMA\u00c7\u00c3O<\/strong><\/p>\n\n\n\n<div class=\"wp-block-file\"><a id=\"wp-block-file--media-7ee08cf3-7297-47b0-986a-b75d468a932e\" href=\"https:\/\/sites.uel.br\/ciapg\/wp-content\/uploads\/2023\/04\/Evento-2023-CIAPG.pdf\" target=\"_blank\" rel=\"noreferrer noopener\">Evento-2023-CIAPG<\/a><a href=\"https:\/\/sites.uel.br\/ciapg\/wp-content\/uploads\/2023\/04\/Evento-2023-CIAPG.pdf\" class=\"wp-block-file__button wp-element-button\" download aria-describedby=\"wp-block-file--media-7ee08cf3-7297-47b0-986a-b75d468a932e\">Baixar<\/a><\/div>\n\n\n\n<div style=\"height:23px\" aria-hidden=\"true\" class=\"wp-block-spacer\"><\/div>\n\n\n\n<p><strong>Modelo de Apresenta\u00e7\u00e3o do F\u00f3rum de Autoavalia\u00e7\u00e3o dos Programas <em>Stricto sensu<\/em> da UEL<\/strong><\/p>\n\n\n\n<div class=\"wp-block-file\"><a id=\"wp-block-file--media-e1450393-6a9d-4bfa-87e0-69d69953c34f\" href=\"https:\/\/sites.uel.br\/ciapg\/wp-content\/uploads\/2023\/05\/Apresentacao-forum-2023.pptx\">Apresentacao-forum-2023<\/a><a href=\"https:\/\/sites.uel.br\/ciapg\/wp-content\/uploads\/2023\/05\/Apresentacao-forum-2023.pptx\" class=\"wp-block-file__button wp-element-button\" download aria-describedby=\"wp-block-file--media-e1450393-6a9d-4bfa-87e0-69d69953c34f\">Baixar<\/a><\/div>\n\n\n\n<div style=\"height:25px\" aria-hidden=\"true\" class=\"wp-block-spacer\"><\/div>\n\n\n<div class=\"wp-block-image\">\n<figure class=\"aligncenter size-large is-resized\"><img loading=\"lazy\" decoding=\"async\" width=\"1024\" height=\"576\" src=\"https:\/\/sites.uel.br\/ciapg\/wp-content\/uploads\/2024\/02\/Slide1-1024x576.jpg\" alt=\"\" class=\"wp-image-169\" style=\"width:302px;height:auto\" srcset=\"https:\/\/sites.uel.br\/ciapg\/wp-content\/uploads\/2024\/02\/Slide1-1024x576.jpg 1024w, https:\/\/sites.uel.br\/ciapg\/wp-content\/uploads\/2024\/02\/Slide1-300x169.jpg 300w, https:\/\/sites.uel.br\/ciapg\/wp-content\/uploads\/2024\/02\/Slide1-768x432.jpg 768w, https:\/\/sites.uel.br\/ciapg\/wp-content\/uploads\/2024\/02\/Slide1.jpg 1280w\" sizes=\"auto, (max-width: 1024px) 100vw, 1024px\" \/><\/figure>\n<\/div>\n\n\n<div class=\"wp-block-columns is-layout-flex wp-container-core-columns-is-layout-9d6595d7 wp-block-columns-is-layout-flex\">\n<div class=\"wp-block-column is-layout-flow wp-block-column-is-layout-flow\">\n<figure class=\"wp-block-image size-large\"><img loading=\"lazy\" decoding=\"async\" width=\"1024\" height=\"768\" src=\"https:\/\/sites.uel.br\/ciapg\/wp-content\/uploads\/2024\/02\/IELM4915-1024x768.jpg\" alt=\"\" class=\"wp-image-172\" srcset=\"https:\/\/sites.uel.br\/ciapg\/wp-content\/uploads\/2024\/02\/IELM4915-1024x768.jpg 1024w, https:\/\/sites.uel.br\/ciapg\/wp-content\/uploads\/2024\/02\/IELM4915-300x225.jpg 300w, https:\/\/sites.uel.br\/ciapg\/wp-content\/uploads\/2024\/02\/IELM4915-768x576.jpg 768w, https:\/\/sites.uel.br\/ciapg\/wp-content\/uploads\/2024\/02\/IELM4915-1536x1152.jpg 1536w, https:\/\/sites.uel.br\/ciapg\/wp-content\/uploads\/2024\/02\/IELM4915.jpg 1600w\" sizes=\"auto, (max-width: 1024px) 100vw, 1024px\" \/><\/figure>\n<\/div>\n\n\n\n<div class=\"wp-block-column is-layout-flow wp-block-column-is-layout-flow\">\n<figure class=\"wp-block-image size-large\"><img loading=\"lazy\" decoding=\"async\" width=\"1024\" height=\"768\" src=\"https:\/\/sites.uel.br\/ciapg\/wp-content\/uploads\/2024\/02\/IMG_8802-1024x768.jpg\" alt=\"\" class=\"wp-image-185\" srcset=\"https:\/\/sites.uel.br\/ciapg\/wp-content\/uploads\/2024\/02\/IMG_8802-1024x768.jpg 1024w, https:\/\/sites.uel.br\/ciapg\/wp-content\/uploads\/2024\/02\/IMG_8802-300x225.jpg 300w, https:\/\/sites.uel.br\/ciapg\/wp-content\/uploads\/2024\/02\/IMG_8802-768x576.jpg 768w, https:\/\/sites.uel.br\/ciapg\/wp-content\/uploads\/2024\/02\/IMG_8802-1536x1152.jpg 1536w, https:\/\/sites.uel.br\/ciapg\/wp-content\/uploads\/2024\/02\/IMG_8802-2048x1536.jpg 2048w\" sizes=\"auto, (max-width: 1024px) 100vw, 1024px\" \/><\/figure>\n<\/div>\n\n\n\n<div class=\"wp-block-column is-vertically-aligned-center is-layout-flow wp-block-column-is-layout-flow\">\n<figure class=\"wp-block-image size-large is-resized\"><img loading=\"lazy\" decoding=\"async\" width=\"1024\" height=\"613\" src=\"https:\/\/sites.uel.br\/ciapg\/wp-content\/uploads\/2024\/02\/PMOA7814-1-1024x613.jpg\" alt=\"\" class=\"wp-image-195\" style=\"width:332px;height:auto\" srcset=\"https:\/\/sites.uel.br\/ciapg\/wp-content\/uploads\/2024\/02\/PMOA7814-1-1024x613.jpg 1024w, https:\/\/sites.uel.br\/ciapg\/wp-content\/uploads\/2024\/02\/PMOA7814-1-300x180.jpg 300w, https:\/\/sites.uel.br\/ciapg\/wp-content\/uploads\/2024\/02\/PMOA7814-1-768x460.jpg 768w, https:\/\/sites.uel.br\/ciapg\/wp-content\/uploads\/2024\/02\/PMOA7814-1-1536x920.jpg 1536w, https:\/\/sites.uel.br\/ciapg\/wp-content\/uploads\/2024\/02\/PMOA7814-1.jpg 1600w\" sizes=\"auto, (max-width: 1024px) 100vw, 1024px\" \/><\/figure>\n<\/div>\n<\/div>\n\n\n\n<div class=\"wp-block-columns is-layout-flex wp-container-core-columns-is-layout-9d6595d7 wp-block-columns-is-layout-flex\">\n<div class=\"wp-block-column is-layout-flow wp-block-column-is-layout-flow\">\n<figure class=\"wp-block-image size-large\"><img loading=\"lazy\" decoding=\"async\" width=\"1024\" height=\"768\" src=\"https:\/\/sites.uel.br\/ciapg\/wp-content\/uploads\/2024\/02\/CUDA5460-1024x768.jpg\" alt=\"\" class=\"wp-image-179\" srcset=\"https:\/\/sites.uel.br\/ciapg\/wp-content\/uploads\/2024\/02\/CUDA5460-1024x768.jpg 1024w, https:\/\/sites.uel.br\/ciapg\/wp-content\/uploads\/2024\/02\/CUDA5460-300x225.jpg 300w, https:\/\/sites.uel.br\/ciapg\/wp-content\/uploads\/2024\/02\/CUDA5460-768x576.jpg 768w, https:\/\/sites.uel.br\/ciapg\/wp-content\/uploads\/2024\/02\/CUDA5460-1536x1152.jpg 1536w, https:\/\/sites.uel.br\/ciapg\/wp-content\/uploads\/2024\/02\/CUDA5460.jpg 1600w\" sizes=\"auto, (max-width: 1024px) 100vw, 1024px\" \/><\/figure>\n<\/div>\n\n\n\n<div class=\"wp-block-column is-layout-flow wp-block-column-is-layout-flow\">\n<figure class=\"wp-block-image size-large\"><img loading=\"lazy\" decoding=\"async\" width=\"1024\" height=\"768\" src=\"https:\/\/sites.uel.br\/ciapg\/wp-content\/uploads\/2024\/02\/CSSA3466-1024x768.jpg\" alt=\"\" class=\"wp-image-180\" srcset=\"https:\/\/sites.uel.br\/ciapg\/wp-content\/uploads\/2024\/02\/CSSA3466-1024x768.jpg 1024w, https:\/\/sites.uel.br\/ciapg\/wp-content\/uploads\/2024\/02\/CSSA3466-300x225.jpg 300w, https:\/\/sites.uel.br\/ciapg\/wp-content\/uploads\/2024\/02\/CSSA3466-768x576.jpg 768w, https:\/\/sites.uel.br\/ciapg\/wp-content\/uploads\/2024\/02\/CSSA3466-1536x1152.jpg 1536w, https:\/\/sites.uel.br\/ciapg\/wp-content\/uploads\/2024\/02\/CSSA3466.jpg 1600w\" sizes=\"auto, (max-width: 1024px) 100vw, 1024px\" \/><\/figure>\n<\/div>\n\n\n\n<div class=\"wp-block-column is-layout-flow wp-block-column-is-layout-flow\">\n<figure class=\"wp-block-image size-large\"><img loading=\"lazy\" decoding=\"async\" width=\"1024\" height=\"768\" src=\"https:\/\/sites.uel.br\/ciapg\/wp-content\/uploads\/2024\/02\/VNHL7066-1024x768.jpg\" alt=\"\" class=\"wp-image-184\" srcset=\"https:\/\/sites.uel.br\/ciapg\/wp-content\/uploads\/2024\/02\/VNHL7066-1024x768.jpg 1024w, https:\/\/sites.uel.br\/ciapg\/wp-content\/uploads\/2024\/02\/VNHL7066-300x225.jpg 300w, https:\/\/sites.uel.br\/ciapg\/wp-content\/uploads\/2024\/02\/VNHL7066-768x576.jpg 768w, https:\/\/sites.uel.br\/ciapg\/wp-content\/uploads\/2024\/02\/VNHL7066-1536x1152.jpg 1536w, https:\/\/sites.uel.br\/ciapg\/wp-content\/uploads\/2024\/02\/VNHL7066.jpg 1600w\" sizes=\"auto, (max-width: 1024px) 100vw, 1024px\" \/><\/figure>\n<\/div>\n<\/div>\n\n\n\n<div class=\"wp-block-columns is-layout-flex wp-container-core-columns-is-layout-9d6595d7 wp-block-columns-is-layout-flex\">\n<div class=\"wp-block-column is-layout-flow wp-block-column-is-layout-flow\">\n<figure class=\"wp-block-image size-large\"><img loading=\"lazy\" decoding=\"async\" width=\"1024\" height=\"768\" src=\"https:\/\/sites.uel.br\/ciapg\/wp-content\/uploads\/2024\/02\/IMG_8812-1024x768.jpg\" alt=\"\" class=\"wp-image-186\" srcset=\"https:\/\/sites.uel.br\/ciapg\/wp-content\/uploads\/2024\/02\/IMG_8812-1024x768.jpg 1024w, https:\/\/sites.uel.br\/ciapg\/wp-content\/uploads\/2024\/02\/IMG_8812-300x225.jpg 300w, https:\/\/sites.uel.br\/ciapg\/wp-content\/uploads\/2024\/02\/IMG_8812-768x576.jpg 768w, https:\/\/sites.uel.br\/ciapg\/wp-content\/uploads\/2024\/02\/IMG_8812-1536x1152.jpg 1536w, https:\/\/sites.uel.br\/ciapg\/wp-content\/uploads\/2024\/02\/IMG_8812-2048x1536.jpg 2048w\" sizes=\"auto, (max-width: 1024px) 100vw, 1024px\" \/><\/figure>\n<\/div>\n\n\n\n<div class=\"wp-block-column is-layout-flow wp-block-column-is-layout-flow\">\n<figure class=\"wp-block-image size-large\"><img loading=\"lazy\" decoding=\"async\" width=\"1024\" height=\"768\" src=\"https:\/\/sites.uel.br\/ciapg\/wp-content\/uploads\/2024\/02\/IMG_8813-1024x768.jpg\" alt=\"\" class=\"wp-image-187\" srcset=\"https:\/\/sites.uel.br\/ciapg\/wp-content\/uploads\/2024\/02\/IMG_8813-1024x768.jpg 1024w, https:\/\/sites.uel.br\/ciapg\/wp-content\/uploads\/2024\/02\/IMG_8813-300x225.jpg 300w, https:\/\/sites.uel.br\/ciapg\/wp-content\/uploads\/2024\/02\/IMG_8813-768x576.jpg 768w, https:\/\/sites.uel.br\/ciapg\/wp-content\/uploads\/2024\/02\/IMG_8813-1536x1152.jpg 1536w, https:\/\/sites.uel.br\/ciapg\/wp-content\/uploads\/2024\/02\/IMG_8813-2048x1536.jpg 2048w\" sizes=\"auto, (max-width: 1024px) 100vw, 1024px\" \/><\/figure>\n<\/div>\n\n\n\n<div class=\"wp-block-column is-layout-flow wp-block-column-is-layout-flow\">\n<figure class=\"wp-block-image size-large\"><img loading=\"lazy\" decoding=\"async\" width=\"1024\" height=\"768\" src=\"https:\/\/sites.uel.br\/ciapg\/wp-content\/uploads\/2024\/02\/TWEX6043-1024x768.jpg\" alt=\"\" class=\"wp-image-188\" srcset=\"https:\/\/sites.uel.br\/ciapg\/wp-content\/uploads\/2024\/02\/TWEX6043-1024x768.jpg 1024w, https:\/\/sites.uel.br\/ciapg\/wp-content\/uploads\/2024\/02\/TWEX6043-300x225.jpg 300w, https:\/\/sites.uel.br\/ciapg\/wp-content\/uploads\/2024\/02\/TWEX6043-768x576.jpg 768w, https:\/\/sites.uel.br\/ciapg\/wp-content\/uploads\/2024\/02\/TWEX6043-1536x1152.jpg 1536w, https:\/\/sites.uel.br\/ciapg\/wp-content\/uploads\/2024\/02\/TWEX6043.jpg 1600w\" sizes=\"auto, (max-width: 1024px) 100vw, 1024px\" \/><\/figure>\n<\/div>\n<\/div>\n\n\n\n<div style=\"height:32px\" aria-hidden=\"true\" class=\"wp-block-spacer\"><\/div>\n\n\n\n<div class=\"wp-block-columns is-layout-flex wp-container-core-columns-is-layout-9d6595d7 wp-block-columns-is-layout-flex\">\n<div class=\"wp-block-column is-layout-flow wp-block-column-is-layout-flow\"><div class=\"wp-block-image\">\n<figure class=\"aligncenter size-full is-resized\"><img decoding=\"async\" src=\"https:\/\/sites.uel.br\/ciapg\/wp-content\/uploads\/2022\/09\/Logo-Color-Vertical.jpg\" alt=\"\" class=\"wp-image-59\" style=\"width:216px;height:149px\" \/><\/figure>\n<\/div><\/div>\n\n\n\n<div class=\"wp-block-column is-layout-flow wp-block-column-is-layout-flow\"><div class=\"wp-block-image\">\n<figure class=\"aligncenter size-full\"><img loading=\"lazy\" decoding=\"async\" width=\"400\" height=\"178\" src=\"https:\/\/sites.uel.br\/ciapg\/wp-content\/uploads\/2023\/02\/PROPPG.jpg\" alt=\"\" class=\"wp-image-103\" srcset=\"https:\/\/sites.uel.br\/ciapg\/wp-content\/uploads\/2023\/02\/PROPPG.jpg 400w, https:\/\/sites.uel.br\/ciapg\/wp-content\/uploads\/2023\/02\/PROPPG-300x134.jpg 300w\" sizes=\"auto, (max-width: 400px) 100vw, 400px\" \/><\/figure>\n<\/div><\/div>\n\n\n\n<div class=\"wp-block-column is-layout-flow wp-block-column-is-layout-flow\"><div class=\"wp-block-image\">\n<figure class=\"aligncenter size-full is-resized\"><img loading=\"lazy\" decoding=\"async\" width=\"1012\" height=\"711\" src=\"https:\/\/sites.uel.br\/ciapg\/wp-content\/uploads\/2022\/09\/cropped-Slide1-1.png\" alt=\"\" class=\"wp-image-95\" style=\"width:211px;height:148px\" srcset=\"https:\/\/sites.uel.br\/ciapg\/wp-content\/uploads\/2022\/09\/cropped-Slide1-1.png 1012w, https:\/\/sites.uel.br\/ciapg\/wp-content\/uploads\/2022\/09\/cropped-Slide1-1-300x211.png 300w, https:\/\/sites.uel.br\/ciapg\/wp-content\/uploads\/2022\/09\/cropped-Slide1-1-768x540.png 768w\" sizes=\"auto, (max-width: 1012px) 100vw, 1012px\" \/><\/figure>\n<\/div><\/div>\n<\/div>\n","protected":false},"excerpt":{"rendered":"<p>F\u00d3RUM DE AUTOAVALIA\u00c7\u00c3O DOS PROGRAMAS STRICTO SENSU DA UEL Data: 18 e 19 de maio de 2023 Local: Cyro Grossi e LABESC Professores convidados: Prof. Dr. \u00c2ngelo Ricardo de SouzaDoutorado em Educa\u00e7\u00e3o: Hist\u00f3ria, Pol\u00edtica, Sociedade. PUC-SP.Professor associado da Universidade Federal do Paran\u00e1Coordenador da \u00c1rea de Educa\u00e7\u00e3o na CAPES. Prof. Dr. Robert Evan VerhineDoutorado em Educa\u00e7\u00e3o, [&hellip;]<\/p>\n","protected":false},"author":6,"featured_media":0,"parent":0,"menu_order":0,"comment_status":"closed","ping_status":"closed","template":"","meta":{"footnotes":""},"class_list":["post-25","page","type-page","status-publish","hentry"],"acf":[],"_links":{"self":[{"href":"https:\/\/sites.uel.br\/ciapg\/wp-json\/wp\/v2\/pages\/25","targetHints":{"allow":["GET"]}}],"collection":[{"href":"https:\/\/sites.uel.br\/ciapg\/wp-json\/wp\/v2\/pages"}],"about":[{"href":"https:\/\/sites.uel.br\/ciapg\/wp-json\/wp\/v2\/types\/page"}],"author":[{"embeddable":true,"href":"https:\/\/sites.uel.br\/ciapg\/wp-json\/wp\/v2\/users\/6"}],"replies":[{"embeddable":true,"href":"https:\/\/sites.uel.br\/ciapg\/wp-json\/wp\/v2\/comments?post=25"}],"version-history":[{"count":19,"href":"https:\/\/sites.uel.br\/ciapg\/wp-json\/wp\/v2\/pages\/25\/revisions"}],"predecessor-version":[{"id":224,"href":"https:\/\/sites.uel.br\/ciapg\/wp-json\/wp\/v2\/pages\/25\/revisions\/224"}],"wp:attachment":[{"href":"https:\/\/sites.uel.br\/ciapg\/wp-json\/wp\/v2\/media?parent=25"}],"curies":[{"name":"wp","href":"https:\/\/api.w.org\/{rel}","templated":true}]}}