{"id":24,"date":"2022-09-15T10:51:20","date_gmt":"2022-09-15T13:51:20","guid":{"rendered":"https:\/\/sites.uel.br\/ciapg\/?page_id=24"},"modified":"2025-09-29T10:14:59","modified_gmt":"2025-09-29T13:14:59","slug":"documentos","status":"publish","type":"page","link":"https:\/\/sites.uel.br\/ciapg\/documentos\/","title":{"rendered":"Documentos"},"content":{"rendered":"<div class=\"wp-block-image\">\n<figure class=\"aligncenter size-full is-resized\"><img loading=\"lazy\" decoding=\"async\" width=\"119\" height=\"119\" src=\"https:\/\/sites.uel.br\/ciapg\/wp-content\/uploads\/2022\/09\/download.png\" alt=\"\" class=\"wp-image-46\" style=\"width:143px;height:143px\" \/><\/figure>\n<\/div>\n\n\n<div class=\"wp-block-file\"><a id=\"wp-block-file--media-385bc896-aaf1-4bc1-9f2a-59820c357c9a\" href=\"https:\/\/sites.uel.br\/ciapg\/wp-content\/uploads\/2022\/09\/1-autoavaliacao-de-programas-de-pos-graduacao-pdf-1.pdf\">1-autoavaliacao-de-programas-de-pos-graduacao-pdf-1<\/a><a href=\"https:\/\/sites.uel.br\/ciapg\/wp-content\/uploads\/2022\/09\/1-autoavaliacao-de-programas-de-pos-graduacao-pdf-1.pdf\" class=\"wp-block-file__button wp-element-button\" download aria-describedby=\"wp-block-file--media-385bc896-aaf1-4bc1-9f2a-59820c357c9a\">Baixar<\/a><\/div>\n\n\n\n<div style=\"height:43px\" aria-hidden=\"true\" class=\"wp-block-spacer\"><\/div>\n\n\n<div class=\"wp-block-image\">\n<figure class=\"aligncenter size-large is-resized\"><img loading=\"lazy\" decoding=\"async\" width=\"1024\" height=\"576\" src=\"https:\/\/sites.uel.br\/ciapg\/wp-content\/uploads\/2022\/09\/Slide1-1024x576.png\" alt=\"\" class=\"wp-image-51\" style=\"width:340px;height:191px\" srcset=\"https:\/\/sites.uel.br\/ciapg\/wp-content\/uploads\/2022\/09\/Slide1-1024x576.png 1024w, https:\/\/sites.uel.br\/ciapg\/wp-content\/uploads\/2022\/09\/Slide1-300x169.png 300w, https:\/\/sites.uel.br\/ciapg\/wp-content\/uploads\/2022\/09\/Slide1-768x432.png 768w, https:\/\/sites.uel.br\/ciapg\/wp-content\/uploads\/2022\/09\/Slide1.png 1280w\" sizes=\"auto, (max-width: 1024px) 100vw, 1024px\" \/><\/figure>\n<\/div>\n\n\n<p><\/p>\n\n\n\n<p><strong>Gest\u00e3o 2023-2025<\/strong><\/p>\n\n\n\n<div class=\"wp-block-file\"><a id=\"wp-block-file--media-55fc06ea-9515-4399-a728-2d5c9dddb150\" href=\"https:\/\/sites.uel.br\/ciapg\/wp-content\/uploads\/2024\/08\/Planejamento-de-Autoavaliacao-dos-PPG_UEL-_Gestao-2022-2026.pdf\">Planejamento de Autoavalia\u00e7\u00e3o dos PPG_UEL _Gest\u00e3o 2022-2026<\/a><a href=\"https:\/\/sites.uel.br\/ciapg\/wp-content\/uploads\/2024\/08\/Planejamento-de-Autoavaliacao-dos-PPG_UEL-_Gestao-2022-2026.pdf\" class=\"wp-block-file__button wp-element-button\" download aria-describedby=\"wp-block-file--media-55fc06ea-9515-4399-a728-2d5c9dddb150\">Baixar<\/a><\/div>\n\n\n\n<div class=\"wp-block-file\"><a id=\"wp-block-file--media-a3ab6cc0-e1a1-4ef9-9716-85af856b573a\" href=\"https:\/\/sites.uel.br\/ciapg\/wp-content\/uploads\/2024\/12\/Relatorio-de-autoavaliacao-PPG_UEL_-2021_24.pdf\">Relat\u00f3rio de autoavalia\u00e7\u00e3o PPG_UEL_ 2021_24<\/a><a href=\"https:\/\/sites.uel.br\/ciapg\/wp-content\/uploads\/2024\/12\/Relatorio-de-autoavaliacao-PPG_UEL_-2021_24.pdf\" class=\"wp-block-file__button wp-element-button\" download aria-describedby=\"wp-block-file--media-a3ab6cc0-e1a1-4ef9-9716-85af856b573a\">Baixar<\/a><\/div>\n\n\n\n<div style=\"height:44px\" aria-hidden=\"true\" class=\"wp-block-spacer\"><\/div>\n\n\n\n<p class=\"has-medium-font-size\"><strong>Gest\u00e3o 2019-2021<\/strong><\/p>\n\n\n\n<div class=\"wp-block-file\"><a id=\"wp-block-file--media-5a7e9f6b-bbd2-4fc1-8d64-6fa71cfbb82c\" href=\"https:\/\/sites.uel.br\/ciapg\/wp-content\/uploads\/2022\/09\/Planejamento-de-Autoavaliacao-dos-PPG_UEL-_Gestao-2019-2021.pdf\">Planejamento-de-Autoavaliacao-dos-PPG_UEL-_Gestao-2019-2021<\/a><a href=\"https:\/\/sites.uel.br\/ciapg\/wp-content\/uploads\/2022\/09\/Planejamento-de-Autoavaliacao-dos-PPG_UEL-_Gestao-2019-2021.pdf\" class=\"wp-block-file__button wp-element-button\" download aria-describedby=\"wp-block-file--media-5a7e9f6b-bbd2-4fc1-8d64-6fa71cfbb82c\">Baixar<\/a><\/div>\n\n\n\n<p class=\"has-cinza-escuro-color has-text-color\"><strong>Formul\u00e1rios<\/strong><\/p>\n\n\n\n<div class=\"wp-block-file\"><a id=\"wp-block-file--media-c1be3b67-8846-4c14-9c51-1bf3eefedf23\" href=\"https:\/\/sites.uel.br\/ciapg\/wp-content\/uploads\/2022\/09\/3-FICHA-DE-AVALIACAO-DISCENTES.docx\">3-FICHA-DE-AVALIACAO-DISCENTES<\/a><a href=\"https:\/\/sites.uel.br\/ciapg\/wp-content\/uploads\/2022\/09\/3-FICHA-DE-AVALIACAO-DISCENTES.docx\" class=\"wp-block-file__button wp-element-button\" download aria-describedby=\"wp-block-file--media-c1be3b67-8846-4c14-9c51-1bf3eefedf23\">Baixar<\/a><\/div>\n\n\n\n<div class=\"wp-block-file\"><a id=\"wp-block-file--media-580dc9e6-cb8b-406a-be1f-e80adfe27664\" href=\"https:\/\/sites.uel.br\/ciapg\/wp-content\/uploads\/2022\/09\/4-FICHA-DE-AVALIACAO-DOCENTES.docx\">4-FICHA-DE-AVALIACAO-DOCENTES<\/a><a href=\"https:\/\/sites.uel.br\/ciapg\/wp-content\/uploads\/2022\/09\/4-FICHA-DE-AVALIACAO-DOCENTES.docx\" class=\"wp-block-file__button wp-element-button\" download aria-describedby=\"wp-block-file--media-580dc9e6-cb8b-406a-be1f-e80adfe27664\">Baixar<\/a><\/div>\n\n\n\n<div class=\"wp-block-file\"><a id=\"wp-block-file--media-220dd6bb-bf6c-4473-95a4-16ae0d122121\" href=\"https:\/\/sites.uel.br\/ciapg\/wp-content\/uploads\/2022\/09\/5-FICHA-DE-ATUACAO-E-AVALIACAO-EGRESSOS.docx\">5-FICHA-DE-ATUACAO-E-AVALIACAO-EGRESSOS<\/a><a href=\"https:\/\/sites.uel.br\/ciapg\/wp-content\/uploads\/2022\/09\/5-FICHA-DE-ATUACAO-E-AVALIACAO-EGRESSOS.docx\" class=\"wp-block-file__button wp-element-button\" download aria-describedby=\"wp-block-file--media-220dd6bb-bf6c-4473-95a4-16ae0d122121\">Baixar<\/a><\/div>\n\n\n\n<div style=\"height:42px\" aria-hidden=\"true\" class=\"wp-block-spacer\"><\/div>\n\n\n\n<p><strong>Modelo de relat\u00f3rio <\/strong><\/p>\n\n\n\n<div class=\"wp-block-file\"><a id=\"wp-block-file--media-623832de-0c51-4d8d-9432-f711887a15d7\" href=\"https:\/\/sites.uel.br\/ciapg\/wp-content\/uploads\/2022\/09\/6-Relatorio-de-Autoavaliacao-do-PPG.docx\">6-Relatorio-de-Autoavaliacao-do-PPG<\/a><a href=\"https:\/\/sites.uel.br\/ciapg\/wp-content\/uploads\/2022\/09\/6-Relatorio-de-Autoavaliacao-do-PPG.docx\" class=\"wp-block-file__button wp-element-button\" download aria-describedby=\"wp-block-file--media-623832de-0c51-4d8d-9432-f711887a15d7\">Baixar<\/a><\/div>\n","protected":false},"excerpt":{"rendered":"<p>Gest\u00e3o 2023-2025 Gest\u00e3o 2019-2021 Formul\u00e1rios Modelo de relat\u00f3rio<\/p>\n","protected":false},"author":6,"featured_media":0,"parent":0,"menu_order":0,"comment_status":"closed","ping_status":"closed","template":"","meta":{"footnotes":""},"class_list":["post-24","page","type-page","status-publish","hentry"],"acf":[],"_links":{"self":[{"href":"https:\/\/sites.uel.br\/ciapg\/wp-json\/wp\/v2\/pages\/24","targetHints":{"allow":["GET"]}}],"collection":[{"href":"https:\/\/sites.uel.br\/ciapg\/wp-json\/wp\/v2\/pages"}],"about":[{"href":"https:\/\/sites.uel.br\/ciapg\/wp-json\/wp\/v2\/types\/page"}],"author":[{"embeddable":true,"href":"https:\/\/sites.uel.br\/ciapg\/wp-json\/wp\/v2\/users\/6"}],"replies":[{"embeddable":true,"href":"https:\/\/sites.uel.br\/ciapg\/wp-json\/wp\/v2\/comments?post=24"}],"version-history":[{"count":12,"href":"https:\/\/sites.uel.br\/ciapg\/wp-json\/wp\/v2\/pages\/24\/revisions"}],"predecessor-version":[{"id":286,"href":"https:\/\/sites.uel.br\/ciapg\/wp-json\/wp\/v2\/pages\/24\/revisions\/286"}],"wp:attachment":[{"href":"https:\/\/sites.uel.br\/ciapg\/wp-json\/wp\/v2\/media?parent=24"}],"curies":[{"name":"wp","href":"https:\/\/api.w.org\/{rel}","templated":true}]}}