{"id":200,"date":"2024-02-22T08:18:01","date_gmt":"2024-02-22T11:18:01","guid":{"rendered":"https:\/\/sites.uel.br\/ciapg\/?page_id=200"},"modified":"2024-02-27T13:41:59","modified_gmt":"2024-02-27T16:41:59","slug":"caa","status":"publish","type":"page","link":"https:\/\/sites.uel.br\/ciapg\/caa\/","title":{"rendered":"PPG autoavalia\u00e7\u00e3o\/planejamento"},"content":{"rendered":"\n<p class=\"has-verde-color has-text-color has-link-color has-medium-font-size wp-elements-435536259f096bfc743023e490fb4162\"><strong>Comiss\u00e3o de autoavalia\u00e7\u00e3o dos Programas de P\u00f3s-Gradua\u00e7\u00e3o<em> Stricto sensu<\/em><\/strong><\/p>\n\n\n\n<div class=\"wp-block-columns is-layout-flex wp-container-core-columns-is-layout-9d6595d7 wp-block-columns-is-layout-flex\">\n<div class=\"wp-block-column is-layout-flow wp-block-column-is-layout-flow\" style=\"flex-basis:33.33%\">\n<figure class=\"wp-block-image size-large\"><a href=\"https:\/\/sites.uel.br\/cca\/pos-graduacao-2\/\" target=\"_blank\" rel=\"noreferrer noopener\"><img loading=\"lazy\" decoding=\"async\" width=\"1024\" height=\"576\" src=\"https:\/\/sites.uel.br\/ciapg\/wp-content\/uploads\/2024\/02\/Slide1-1024x576.png\" alt=\"\" class=\"wp-image-226\" srcset=\"https:\/\/sites.uel.br\/ciapg\/wp-content\/uploads\/2024\/02\/Slide1-1024x576.png 1024w, https:\/\/sites.uel.br\/ciapg\/wp-content\/uploads\/2024\/02\/Slide1-300x169.png 300w, https:\/\/sites.uel.br\/ciapg\/wp-content\/uploads\/2024\/02\/Slide1-768x432.png 768w, https:\/\/sites.uel.br\/ciapg\/wp-content\/uploads\/2024\/02\/Slide1.png 1280w\" sizes=\"auto, (max-width: 1024px) 100vw, 1024px\" \/><\/a><\/figure>\n<\/div>\n\n\n\n<div class=\"wp-block-column is-layout-flow wp-block-column-is-layout-flow\" style=\"flex-basis:66.66%\">\n<p><strong>Mestrado e Doutorado<\/strong><\/p>\n\n\n\n<p><a href=\"https:\/\/pos.uel.br\/pgagro\/autoaaliacao\/\" target=\"_blank\" rel=\"noreferrer noopener\">Programa de P\u00f3s-Gradua\u00e7\u00e3o em Agronomia<\/a><\/p>\n\n\n\n<p><a href=\"https:\/\/pos.uel.br\/cienciaanimal\/auto-avaliacao\/\" target=\"_blank\" rel=\"noreferrer noopener\">Programa de P\u00f3s-Gradua\u00e7\u00e3o em Ci\u00eancia Animal<\/a><\/p>\n\n\n\n<p><a href=\"https:\/\/www.uel.br\/cca\/dcta\/pages\/sobre-o-programa-de-pos-graduacao.php?lang=PT\" target=\"_blank\" rel=\"noreferrer noopener\">Programa de P\u00f3s-Gradua\u00e7\u00e3o em Ci\u00eancia de Alimentos<\/a><\/p>\n\n\n\n<p><strong>Mestrado Profissional<\/strong><\/p>\n\n\n\n<p><a href=\"https:\/\/www.uel.br\/pos\/mestradoclinicasveterinarias\/pages\/auto-avaliacao-e-planejamento-estrategico.php\" target=\"_blank\" rel=\"noreferrer noopener\">Cl\u00ednicas Veterin\u00e1rias<\/a><\/p>\n<\/div>\n<\/div>\n\n\n\n<div style=\"height:33px\" aria-hidden=\"true\" class=\"wp-block-spacer\"><\/div>\n\n\n\n<div class=\"wp-block-columns is-layout-flex wp-container-core-columns-is-layout-9d6595d7 wp-block-columns-is-layout-flex\">\n<div class=\"wp-block-column is-layout-flow wp-block-column-is-layout-flow\" style=\"flex-basis:66.66%\">\n<p><strong>Mestrado e Doutorado<\/strong><\/p>\n\n\n\n<p><a href=\"https:\/\/www.uel.br\/pos\/pgac\/?s=autoavalia%C3%A7%C3%A3o\" target=\"_blank\" rel=\"noreferrer noopener\">Programa de P\u00f3s-Gradua\u00e7\u00e3o em An\u00e1lise do Comportamento<\/a><\/p>\n\n\n\n<p><a href=\"https:\/\/pos.uel.br\/biologicas\/autoavaliacao\/\" target=\"_blank\" rel=\"noreferrer noopener\">Programa de P\u00f3s-Gradua\u00e7\u00e3o em Ci\u00eancias Biol\u00f3gicas<\/a><\/p>\n\n\n\n<p><a href=\"https:\/\/pos.uel.br\/pgcif\/\" target=\"_blank\" rel=\"noreferrer noopener\">Programa de P\u00f3s-Gradua\u00e7\u00e3o em Ci\u00eancias Fisiol\u00f3gicas<\/a><\/p>\n\n\n\n<p><a href=\"https:\/\/pos.uel.br\/gbm\/autoavaliacao-3\/\" target=\"_blank\" rel=\"noreferrer noopener\">Programa de P\u00f3s-Gradua\u00e7\u00e3o em Gen\u00e9tica e Biologia Molecular<\/a><\/p>\n\n\n\n<p><a href=\"https:\/\/pos.uel.br\/microbiologia\/planejamento\/\" target=\"_blank\" rel=\"noreferrer noopener\">Programa de P\u00f3s-Gradua\u00e7\u00e3o em Microbiologia<\/a><\/p>\n\n\n\n<p><a href=\"https:\/\/pos.uel.br\/patologiaexperimental\/\" target=\"_blank\" rel=\"noreferrer noopener\">Programa de P\u00f3s-Gradua\u00e7\u00e3o em Patologia Experimental<\/a><\/p>\n\n\n\n<p><a href=\"https:\/\/pos.uel.br\/psicologia\/\" target=\"_blank\" rel=\"noreferrer noopener\">Programa de P\u00f3s-Gradua\u00e7\u00e3o em Psicologia<\/a><\/p>\n<\/div>\n\n\n\n<div class=\"wp-block-column is-layout-flow wp-block-column-is-layout-flow\" style=\"flex-basis:33.33%\">\n<figure class=\"wp-block-image size-large\"><a href=\"https:\/\/sites.uel.br\/ccb\/stricto-sensu\/\" target=\"_blank\" rel=\"noreferrer noopener\"><img loading=\"lazy\" decoding=\"async\" width=\"1024\" height=\"576\" src=\"https:\/\/sites.uel.br\/ciapg\/wp-content\/uploads\/2024\/02\/Slide2-1024x576.png\" alt=\"\" class=\"wp-image-227\" srcset=\"https:\/\/sites.uel.br\/ciapg\/wp-content\/uploads\/2024\/02\/Slide2-1024x576.png 1024w, https:\/\/sites.uel.br\/ciapg\/wp-content\/uploads\/2024\/02\/Slide2-300x169.png 300w, https:\/\/sites.uel.br\/ciapg\/wp-content\/uploads\/2024\/02\/Slide2-768x432.png 768w, https:\/\/sites.uel.br\/ciapg\/wp-content\/uploads\/2024\/02\/Slide2.png 1280w\" sizes=\"auto, (max-width: 1024px) 100vw, 1024px\" \/><\/a><\/figure>\n<\/div>\n<\/div>\n\n\n\n<div style=\"height:30px\" aria-hidden=\"true\" class=\"wp-block-spacer\"><\/div>\n\n\n\n<div class=\"wp-block-columns is-layout-flex wp-container-core-columns-is-layout-9d6595d7 wp-block-columns-is-layout-flex\">\n<div class=\"wp-block-column is-layout-flow wp-block-column-is-layout-flow\" style=\"flex-basis:33.33%\">\n<figure class=\"wp-block-image size-large\"><a href=\"https:\/\/sites.uel.br\/cce\/stricto-sensu\/\" target=\"_blank\" rel=\"noreferrer noopener\"><img loading=\"lazy\" decoding=\"async\" width=\"1024\" height=\"576\" src=\"https:\/\/sites.uel.br\/ciapg\/wp-content\/uploads\/2024\/02\/Slide3-1024x576.png\" alt=\"\" class=\"wp-image-230\" srcset=\"https:\/\/sites.uel.br\/ciapg\/wp-content\/uploads\/2024\/02\/Slide3-1024x576.png 1024w, https:\/\/sites.uel.br\/ciapg\/wp-content\/uploads\/2024\/02\/Slide3-300x169.png 300w, https:\/\/sites.uel.br\/ciapg\/wp-content\/uploads\/2024\/02\/Slide3-768x432.png 768w, https:\/\/sites.uel.br\/ciapg\/wp-content\/uploads\/2024\/02\/Slide3.png 1280w\" sizes=\"auto, (max-width: 1024px) 100vw, 1024px\" \/><\/a><\/figure>\n<\/div>\n\n\n\n<div class=\"wp-block-column is-layout-flow wp-block-column-is-layout-flow\" style=\"flex-basis:66.66%\">\n<p><strong>Mestrado e\/ou Doutorado<\/strong><\/p>\n\n\n\n<p><a href=\"https:\/\/www.uel.br\/pos\/bioenergia\/portal\/\" target=\"_blank\" rel=\"noreferrer noopener\">Programa de P\u00f3s-Gradua\u00e7\u00e3o em Bioenergia<\/a><\/p>\n\n\n\n<p><a href=\"https:\/\/pos.uel.br\/biotecnologia\/autoavaliacao-2020\/\" target=\"_blank\" rel=\"noreferrer noopener\">Programa de P\u00f3s-Gradua\u00e7\u00e3o em Biotecnologia<\/a><\/p>\n\n\n\n<p><a href=\"https:\/\/www.uel.br\/pos\/redes\/index.php\/mcc\" target=\"_blank\" rel=\"noreferrer noopener\">Programa de P\u00f3s-Gradua\u00e7\u00e3o em Ci\u00eancia da Computa\u00e7\u00e3o<\/a><\/p>\n\n\n\n<p><a href=\"https:\/\/pos.uel.br\/pecem\/\" target=\"_blank\" rel=\"noreferrer noopener\">Programa de P\u00f3s-Gradua\u00e7\u00e3o em Ensino de Ci\u00eancias e Educa\u00e7\u00e3o Matem\u00e1tica<\/a><\/p>\n\n\n\n<p><a href=\"https:\/\/pos.uel.br\/fisica\/sobre-o-programa\/autoavaliacao\/\" target=\"_blank\" rel=\"noreferrer noopener\">Programa de P\u00f3s-Gradua\u00e7\u00e3o em F\u00edsica<\/a><\/p>\n\n\n\n<p><a href=\"https:\/\/pos.uel.br\/geografia\/autoavaliacao\/\" target=\"_blank\" rel=\"noreferrer noopener\">Programa de P\u00f3s-Gradua\u00e7\u00e3o em Geografia<\/a><\/p>\n\n\n\n<p><a href=\"https:\/\/www.uel.br\/pos\/pgmac\/?content=autoavaliacao.html\" target=\"_blank\" rel=\"noreferrer noopener\">Programa de P\u00f3s-Gradua\u00e7\u00e3o em Matem\u00e1tica Aplicada e Computacional<\/a><\/p>\n\n\n\n<p><a href=\"https:\/\/www.uel.br\/pos\/quimica\/portal\/\" target=\"_blank\" rel=\"noreferrer noopener\">Programa de P\u00f3s-Gradua\u00e7\u00e3o em Qu\u00edmica<\/a><\/p>\n\n\n\n<p><a href=\"https:\/\/www.uel.br\/pos\/doutoradoquimica\/portal\/\" target=\"_blank\" rel=\"noreferrer noopener\">Programa de P\u00f3s-Gradua\u00e7\u00e3o Associado em Qu\u00edmica<\/a><\/p>\n\n\n\n<p><strong>Mestrado Profissional<\/strong><\/p>\n\n\n\n<p><a href=\"https:\/\/pos.uel.br\/mnpfisica\/\" target=\"_blank\" rel=\"noreferrer noopener\">Mestrado Nacional Profissional em Ensino de F\u00edsica<\/a><\/p>\n\n\n\n<p><a href=\"https:\/\/www.uel.br\/pos\/profmat\/pages\/auto-avaliacao.php\" target=\"_blank\" rel=\"noreferrer noopener\">Mestrado Profissional em Matem\u00e1tica em Rede Nacional<\/a><\/p>\n\n\n\n<p><a href=\"https:\/\/www.uel.br\/pos\/profqui\/portal\/\" target=\"_blank\" rel=\"noreferrer noopener\">Mestrado Profissional em Qu\u00edmica em Rede Nacional<\/a><\/p>\n<\/div>\n<\/div>\n\n\n\n<div style=\"height:34px\" aria-hidden=\"true\" class=\"wp-block-spacer\"><\/div>\n\n\n\n<div class=\"wp-block-columns is-layout-flex wp-container-core-columns-is-layout-9d6595d7 wp-block-columns-is-layout-flex\">\n<div class=\"wp-block-column is-layout-flow wp-block-column-is-layout-flow\" style=\"flex-basis:66.66%\">\n<p><strong>Mestrado e\/ou Doutorado<\/strong><\/p>\n\n\n\n<p><a href=\"https:\/\/pgsscogna.com.br\/ciencias-da-reabilitacao\/\" target=\"_blank\" rel=\"noreferrer noopener\">Programa de P\u00f3s-Gradua\u00e7\u00e3o em Ci\u00eancias da Reabilita\u00e7\u00e3o<\/a>&nbsp;<\/p>\n\n\n\n<p><a href=\"https:\/\/pos.uel.br\/cienciasdasaude\/autoavaliacao\/\" target=\"_blank\" rel=\"noreferrer noopener\">Programa de P\u00f3s-Gradua\u00e7\u00e3o em Ci\u00eancias da Sa\u00fade&nbsp;<\/a>&nbsp;<\/p>\n\n\n\n<p><a href=\"https:\/\/pos.uel.br\/ppgcfuel\/autoavaliacao\/\" target=\"_blank\" rel=\"noreferrer noopener\">Programa de P\u00f3s-Gradua\u00e7\u00e3o em Ci\u00eancias Farmac\u00eauticas<\/a><\/p>\n\n\n\n<p><a href=\"https:\/\/pos.uel.br\/ppenf\/comissao-avaliadora\/\" target=\"_blank\" rel=\"noreferrer noopener\">Programa de P\u00f3s-Gradua\u00e7\u00e3o em Enfermagem<\/a><\/p>\n\n\n\n<p><a href=\"https:\/\/www.uel.br\/pos\/fisiopatologiaclinica\/pages\/comissoes\/comissao-de-autoavaliacao.php\" target=\"_blank\" rel=\"noreferrer noopener\">Programa de P\u00f3s-Gradua\u00e7\u00e3o em Fisiopatologia Cl\u00ednica e Laboratorial<\/a><\/p>\n\n\n\n<p><a href=\"https:\/\/pos.uel.br\/saudecoletiva\/auto-avaliacao-do-programa\/\" target=\"_blank\" rel=\"noreferrer noopener\">Programa de P\u00f3s-Gradua\u00e7\u00e3o em Sa\u00fade Coletiva<\/a><\/p>\n<\/div>\n\n\n\n<div class=\"wp-block-column is-layout-flow wp-block-column-is-layout-flow\" style=\"flex-basis:33.33%\">\n<figure class=\"wp-block-image size-large\"><a href=\"https:\/\/sites.uel.br\/ccs\/stricto-sensu\/\" target=\"_blank\" rel=\"noreferrer noopener\"><img loading=\"lazy\" decoding=\"async\" width=\"1024\" height=\"576\" src=\"https:\/\/sites.uel.br\/ciapg\/wp-content\/uploads\/2024\/02\/Slide4-1024x576.png\" alt=\"\" class=\"wp-image-232\" srcset=\"https:\/\/sites.uel.br\/ciapg\/wp-content\/uploads\/2024\/02\/Slide4-1024x576.png 1024w, https:\/\/sites.uel.br\/ciapg\/wp-content\/uploads\/2024\/02\/Slide4-300x169.png 300w, https:\/\/sites.uel.br\/ciapg\/wp-content\/uploads\/2024\/02\/Slide4-768x432.png 768w, https:\/\/sites.uel.br\/ciapg\/wp-content\/uploads\/2024\/02\/Slide4.png 1280w\" sizes=\"auto, (max-width: 1024px) 100vw, 1024px\" \/><\/a><\/figure>\n<\/div>\n<\/div>\n\n\n\n<div style=\"height:32px\" aria-hidden=\"true\" class=\"wp-block-spacer\"><\/div>\n\n\n\n<div class=\"wp-block-columns is-layout-flex wp-container-core-columns-is-layout-9d6595d7 wp-block-columns-is-layout-flex\">\n<div class=\"wp-block-column is-layout-flow wp-block-column-is-layout-flow\" style=\"flex-basis:33.33%\">\n<figure class=\"wp-block-image size-large\"><a href=\"https:\/\/sites.uel.br\/ceca\/stricto-sensu\/\" target=\"_blank\" rel=\"noreferrer noopener\"><img loading=\"lazy\" decoding=\"async\" width=\"1024\" height=\"576\" src=\"https:\/\/sites.uel.br\/ciapg\/wp-content\/uploads\/2024\/02\/Slide5-1024x576.png\" alt=\"\" class=\"wp-image-233\" srcset=\"https:\/\/sites.uel.br\/ciapg\/wp-content\/uploads\/2024\/02\/Slide5-1024x576.png 1024w, https:\/\/sites.uel.br\/ciapg\/wp-content\/uploads\/2024\/02\/Slide5-300x169.png 300w, https:\/\/sites.uel.br\/ciapg\/wp-content\/uploads\/2024\/02\/Slide5-768x432.png 768w, https:\/\/sites.uel.br\/ciapg\/wp-content\/uploads\/2024\/02\/Slide5.png 1280w\" sizes=\"auto, (max-width: 1024px) 100vw, 1024px\" \/><\/a><\/figure>\n<\/div>\n\n\n\n<div class=\"wp-block-column is-layout-flow wp-block-column-is-layout-flow\" style=\"flex-basis:66.66%\">\n<p><strong>Mestrado e\/ou Doutorado<\/strong><\/p>\n\n\n\n<p><a href=\"https:\/\/www.uel.br\/pos\/ppgci\/portal\/pages\/autoavaliacao-e-planejamento-estrategico.php\" target=\"_blank\" rel=\"noreferrer noopener\">Programa de P\u00f3s-Gradua\u00e7\u00e3o em Ci\u00eancia da Informa\u00e7\u00e3o<\/a><\/p>\n\n\n\n<p><a href=\"http:\/\/www.uel.br\/pos\/mestradocomunicacao\/\" target=\"_blank\" rel=\"noreferrer noopener\">Programa de P\u00f3s-Gradua\u00e7\u00e3o em Comunica\u00e7\u00e3o<\/a><\/p>\n\n\n\n<p><a href=\"https:\/\/www.ppedu.uel.br\/pt\/programa\/planejamento-estrategico\" target=\"_blank\" rel=\"noreferrer noopener\">Programa de P\u00f3s-Gradua\u00e7\u00e3o em Educa\u00e7\u00e3o<\/a><\/p>\n<\/div>\n<\/div>\n\n\n\n<div style=\"height:38px\" aria-hidden=\"true\" class=\"wp-block-spacer\"><\/div>\n\n\n\n<div class=\"wp-block-columns is-layout-flex wp-container-core-columns-is-layout-9d6595d7 wp-block-columns-is-layout-flex\">\n<div class=\"wp-block-column is-layout-flow wp-block-column-is-layout-flow\" style=\"flex-basis:66.66%\">\n<p><strong>Mestrado e Doutorado<\/strong><\/p>\n\n\n\n<p><a href=\"http:\/\/www.uel.br\/pos\/ppgef\/portal\/\">Programa de P\u00f3s-Gradua\u00e7\u00e3o Associado em Educa\u00e7\u00e3o F\u00edsica<\/a><\/p>\n<\/div>\n\n\n\n<div class=\"wp-block-column is-layout-flow wp-block-column-is-layout-flow\" style=\"flex-basis:33.33%\">\n<figure class=\"wp-block-image size-large\"><a href=\"https:\/\/sites.uel.br\/cefe\/stricto-sensu\/\" target=\"_blank\" rel=\"noreferrer noopener\"><img loading=\"lazy\" decoding=\"async\" width=\"1024\" height=\"576\" src=\"https:\/\/sites.uel.br\/ciapg\/wp-content\/uploads\/2024\/02\/Slide6-1024x576.png\" alt=\"\" class=\"wp-image-234\" srcset=\"https:\/\/sites.uel.br\/ciapg\/wp-content\/uploads\/2024\/02\/Slide6-1024x576.png 1024w, https:\/\/sites.uel.br\/ciapg\/wp-content\/uploads\/2024\/02\/Slide6-300x169.png 300w, https:\/\/sites.uel.br\/ciapg\/wp-content\/uploads\/2024\/02\/Slide6-768x432.png 768w, https:\/\/sites.uel.br\/ciapg\/wp-content\/uploads\/2024\/02\/Slide6.png 1280w\" sizes=\"auto, (max-width: 1024px) 100vw, 1024px\" \/><\/a><\/figure>\n<\/div>\n<\/div>\n\n\n\n<div style=\"height:32px\" aria-hidden=\"true\" class=\"wp-block-spacer\"><\/div>\n\n\n\n<div class=\"wp-block-columns is-layout-flex wp-container-core-columns-is-layout-9d6595d7 wp-block-columns-is-layout-flex\">\n<div class=\"wp-block-column is-layout-flow wp-block-column-is-layout-flow\" style=\"flex-basis:33.33%\">\n<figure class=\"wp-block-image size-large\"><a href=\"https:\/\/sites.uel.br\/cesa\/stricto-sensu\/\" target=\"_blank\" rel=\"noreferrer noopener\"><img loading=\"lazy\" decoding=\"async\" width=\"1024\" height=\"576\" src=\"https:\/\/sites.uel.br\/ciapg\/wp-content\/uploads\/2024\/02\/Slide7-1024x576.png\" alt=\"\" class=\"wp-image-235\" srcset=\"https:\/\/sites.uel.br\/ciapg\/wp-content\/uploads\/2024\/02\/Slide7-1024x576.png 1024w, https:\/\/sites.uel.br\/ciapg\/wp-content\/uploads\/2024\/02\/Slide7-300x169.png 300w, https:\/\/sites.uel.br\/ciapg\/wp-content\/uploads\/2024\/02\/Slide7-768x432.png 768w, https:\/\/sites.uel.br\/ciapg\/wp-content\/uploads\/2024\/02\/Slide7.png 1280w\" sizes=\"auto, (max-width: 1024px) 100vw, 1024px\" \/><\/a><\/figure>\n<\/div>\n\n\n\n<div class=\"wp-block-column is-layout-flow wp-block-column-is-layout-flow\" style=\"flex-basis:66.66%\">\n<p class=\"has-cinza-escuro-color has-text-color has-link-color wp-elements-6c5e7e4416cef9fd8442e24b8adf9855\"><strong>Mestrado e\/ou Doutorado<\/strong><\/p>\n\n\n\n<p><a href=\"https:\/\/pos.uel.br\/ppga\/autoavaliacao\/\" target=\"_blank\" rel=\"noreferrer noopener\">Programa de P\u00f3s-Gradua\u00e7\u00e3o em Administra\u00e7\u00e3o<\/a><\/p>\n\n\n\n<p><a href=\"https:\/\/www.uel.br\/pos\/mestradoemdireito\/pages\/autoavaliacao.php\" target=\"_blank\" rel=\"noreferrer noopener\">Programa de P\u00f3s-Gradua\u00e7\u00e3o em Direito Negocial<\/a><\/p>\n\n\n\n<p><a href=\"https:\/\/pos.uel.br\/economia\/autoavaliacao\/\" target=\"_blank\" rel=\"noreferrer noopener\">Programa de P\u00f3s-Gradua\u00e7\u00e3o em Economia Regional<\/a><\/p>\n\n\n\n<p><a href=\"https:\/\/www.uel.br\/pos\/sersocial\/pages\/o-programa\/comissao-autoavaliacao.php\" target=\"_blank\" rel=\"noreferrer noopener\">Programa de P\u00f3s-Gradua\u00e7\u00e3o em Servi\u00e7o Social e Pol\u00edtica Social<\/a><\/p>\n<\/div>\n<\/div>\n\n\n\n<div style=\"height:36px\" aria-hidden=\"true\" class=\"wp-block-spacer\"><\/div>\n\n\n\n<div class=\"wp-block-columns is-layout-flex wp-container-core-columns-is-layout-9d6595d7 wp-block-columns-is-layout-flex\">\n<div class=\"wp-block-column is-layout-flow wp-block-column-is-layout-flow\" style=\"flex-basis:66.66%\">\n<p><strong>Mestrado e\/ou Doutorado<\/strong><\/p>\n\n\n\n<p><a href=\"https:\/\/www.uel.br\/pos\/ppgel\/pages\/pt\/inicial.php\" target=\"_blank\" rel=\"noreferrer noopener\">Programa de P\u00f3s-Gradua\u00e7\u00e3o em Estudos da Linguagem<\/a><\/p>\n\n\n\n<p><a href=\"https:\/\/pos.uel.br\/filosofia\/autoavaliacao\/\" target=\"_blank\" rel=\"noreferrer noopener\">Programa de P\u00f3s-Gradua\u00e7\u00e3o em Filosofia<\/a><\/p>\n\n\n\n<p><a href=\"https:\/\/pos.uel.br\/historiasocial\/\" target=\"_blank\" rel=\"noreferrer noopener\">Programa de P\u00f3s-Gradua\u00e7\u00e3o em Hist\u00f3ria Social<\/a><\/p>\n\n\n\n<p><a href=\"https:\/\/pos.uel.br\/letras\/autoavaliacao\/\" target=\"_blank\" rel=\"noreferrer noopener\">Programa de P\u00f3s-Gradua\u00e7\u00e3o em Letras<\/a><\/p>\n\n\n\n<p><a href=\"https:\/\/pos.uel.br\/ppgsoc\/planejamento-e-avaliacao\/\" target=\"_blank\" rel=\"noreferrer noopener\">Programa de P\u00f3s-Gradua\u00e7\u00e3o em Sociologia<\/a><\/p>\n\n\n\n<p><strong>Mestrado Profissional<\/strong><\/p>\n\n\n\n<p><a href=\"https:\/\/www.uel.br\/cch\/soc\/portal\/pages\/pos-graduacao\/programa-de-mestrado-profissional-de-sociologia-em-rede-profsocio.php\" target=\"_blank\" rel=\"noreferrer noopener\">Mestrado Profissional em Sociologia em Rede<\/a><\/p>\n\n\n\n<p><a href=\"https:\/\/pos.uel.br\/profletras\/\" target=\"_blank\" rel=\"noreferrer noopener\">Mestrado Profissional em Letras<\/a><\/p>\n\n\n\n<p><a href=\"https:\/\/meplem.com.br\/\" target=\"_blank\" rel=\"noreferrer noopener\">Mestrado Profissional em Letras Estrangeiras Modernas<\/a><\/p>\n<\/div>\n\n\n\n<div class=\"wp-block-column is-layout-flow wp-block-column-is-layout-flow\" style=\"flex-basis:33.33%\">\n<figure class=\"wp-block-image size-large\"><a href=\"https:\/\/sites.uel.br\/clch\/stricto-sensu\/\" target=\"_blank\" rel=\"noreferrer noopener\"><img loading=\"lazy\" decoding=\"async\" width=\"1024\" height=\"576\" src=\"https:\/\/sites.uel.br\/ciapg\/wp-content\/uploads\/2024\/02\/Slide8-1024x576.png\" alt=\"\" class=\"wp-image-236\" srcset=\"https:\/\/sites.uel.br\/ciapg\/wp-content\/uploads\/2024\/02\/Slide8-1024x576.png 1024w, https:\/\/sites.uel.br\/ciapg\/wp-content\/uploads\/2024\/02\/Slide8-300x169.png 300w, https:\/\/sites.uel.br\/ciapg\/wp-content\/uploads\/2024\/02\/Slide8-768x432.png 768w, https:\/\/sites.uel.br\/ciapg\/wp-content\/uploads\/2024\/02\/Slide8.png 1280w\" sizes=\"auto, (max-width: 1024px) 100vw, 1024px\" \/><\/a><\/figure>\n<\/div>\n<\/div>\n\n\n\n<div style=\"height:28px\" aria-hidden=\"true\" class=\"wp-block-spacer\"><\/div>\n\n\n\n<div class=\"wp-block-columns is-layout-flex wp-container-core-columns-is-layout-9d6595d7 wp-block-columns-is-layout-flex\">\n<div class=\"wp-block-column is-layout-flow wp-block-column-is-layout-flow\" style=\"flex-basis:33.33%\">\n<figure class=\"wp-block-image size-large\"><a href=\"https:\/\/sites.uel.br\/ctu\/pos-graduacao\/\" target=\"_blank\" rel=\"noreferrer noopener\"><img loading=\"lazy\" decoding=\"async\" width=\"1024\" height=\"576\" src=\"https:\/\/sites.uel.br\/ciapg\/wp-content\/uploads\/2024\/02\/Slide9-1024x576.png\" alt=\"\" class=\"wp-image-237\" srcset=\"https:\/\/sites.uel.br\/ciapg\/wp-content\/uploads\/2024\/02\/Slide9-1024x576.png 1024w, https:\/\/sites.uel.br\/ciapg\/wp-content\/uploads\/2024\/02\/Slide9-300x169.png 300w, https:\/\/sites.uel.br\/ciapg\/wp-content\/uploads\/2024\/02\/Slide9-768x432.png 768w, https:\/\/sites.uel.br\/ciapg\/wp-content\/uploads\/2024\/02\/Slide9.png 1280w\" sizes=\"auto, (max-width: 1024px) 100vw, 1024px\" \/><\/a><\/figure>\n<\/div>\n\n\n\n<div class=\"wp-block-column is-layout-flow wp-block-column-is-layout-flow\" style=\"flex-basis:66.66%\">\n<p><strong>Mestrado e\/ou Doutorado<\/strong><\/p>\n\n\n\n<p><a href=\"https:\/\/www.uel.br\/pos\/ppuarqurb_uem_uel\/?page_id=59\" target=\"_blank\" rel=\"noreferrer noopener\">Programa Associado UEM\/UEL de P\u00f3s-Gradua\u00e7\u00e3o em Arquitetura e Urbanismo <\/a><\/p>\n\n\n\n<p><a href=\"https:\/\/www.uel.br\/pos\/enges\/\" target=\"_blank\" rel=\"noreferrer noopener\">Programa de P\u00f3s-Gradua\u00e7\u00e3o em Engenharia Civil<\/a><\/p>\n\n\n\n<p><a href=\"https:\/\/www.uel.br\/pos\/meel\/\" target=\"_blank\" rel=\"noreferrer noopener\">Programa de P\u00f3s-Gradua\u00e7\u00e3o em Engenharia El\u00e9trica<\/a><\/p>\n\n\n\n<p><a href=\"https:\/\/www.uel.br\/pos\/deel\/\" target=\"_blank\" rel=\"noreferrer noopener\">Programa de P\u00f3s-Gradua\u00e7\u00e3o em Associa\u00e7\u00e3o  UEL\/UTFPR-CP<\/a><\/p>\n<\/div>\n<\/div>\n\n\n\n<div style=\"height:45px\" aria-hidden=\"true\" class=\"wp-block-spacer\"><\/div>\n\n\n\n<div class=\"wp-block-columns is-layout-flex wp-container-core-columns-is-layout-9d6595d7 wp-block-columns-is-layout-flex\">\n<div class=\"wp-block-column is-layout-flow wp-block-column-is-layout-flow\"><div class=\"wp-block-image\">\n<figure class=\"aligncenter size-full is-resized\"><img decoding=\"async\" src=\"https:\/\/sites.uel.br\/ciapg\/wp-content\/uploads\/2022\/09\/Logo-Color-Vertical.jpg\" alt=\"\" class=\"wp-image-59\" style=\"width:235px;height:auto\" \/><\/figure>\n<\/div><\/div>\n\n\n\n<div class=\"wp-block-column is-layout-flow wp-block-column-is-layout-flow\"><div class=\"wp-block-image\">\n<figure class=\"aligncenter size-full is-resized\"><img loading=\"lazy\" decoding=\"async\" width=\"400\" height=\"178\" src=\"https:\/\/sites.uel.br\/ciapg\/wp-content\/uploads\/2023\/02\/PROPPG.jpg\" alt=\"\" class=\"wp-image-103\" style=\"width:360px;height:auto\" srcset=\"https:\/\/sites.uel.br\/ciapg\/wp-content\/uploads\/2023\/02\/PROPPG.jpg 400w, https:\/\/sites.uel.br\/ciapg\/wp-content\/uploads\/2023\/02\/PROPPG-300x134.jpg 300w\" sizes=\"auto, (max-width: 400px) 100vw, 400px\" \/><\/figure>\n<\/div><\/div>\n\n\n\n<div class=\"wp-block-column is-layout-flow wp-block-column-is-layout-flow\"><div class=\"wp-block-image\">\n<figure class=\"aligncenter size-full is-resized\"><img loading=\"lazy\" decoding=\"async\" width=\"1012\" height=\"711\" src=\"https:\/\/sites.uel.br\/ciapg\/wp-content\/uploads\/2022\/09\/cropped-Slide1-1.png\" alt=\"\" class=\"wp-image-95\" style=\"width:246px;height:auto\" srcset=\"https:\/\/sites.uel.br\/ciapg\/wp-content\/uploads\/2022\/09\/cropped-Slide1-1.png 1012w, https:\/\/sites.uel.br\/ciapg\/wp-content\/uploads\/2022\/09\/cropped-Slide1-1-300x211.png 300w, https:\/\/sites.uel.br\/ciapg\/wp-content\/uploads\/2022\/09\/cropped-Slide1-1-768x540.png 768w\" sizes=\"auto, (max-width: 1012px) 100vw, 1012px\" \/><\/figure>\n<\/div><\/div>\n<\/div>\n","protected":false},"excerpt":{"rendered":"<p>Comiss\u00e3o de autoavalia\u00e7\u00e3o dos Programas de P\u00f3s-Gradua\u00e7\u00e3o Stricto sensu Mestrado e Doutorado Programa de P\u00f3s-Gradua\u00e7\u00e3o em Agronomia Programa de P\u00f3s-Gradua\u00e7\u00e3o em Ci\u00eancia Animal Programa de P\u00f3s-Gradua\u00e7\u00e3o em Ci\u00eancia de Alimentos Mestrado Profissional Cl\u00ednicas Veterin\u00e1rias Mestrado e Doutorado Programa de P\u00f3s-Gradua\u00e7\u00e3o em An\u00e1lise do Comportamento Programa de P\u00f3s-Gradua\u00e7\u00e3o em Ci\u00eancias Biol\u00f3gicas Programa de P\u00f3s-Gradua\u00e7\u00e3o em Ci\u00eancias [&hellip;]<\/p>\n","protected":false},"author":6,"featured_media":0,"parent":0,"menu_order":0,"comment_status":"closed","ping_status":"closed","template":"","meta":{"footnotes":""},"class_list":["post-200","page","type-page","status-publish","hentry"],"acf":[],"_links":{"self":[{"href":"https:\/\/sites.uel.br\/ciapg\/wp-json\/wp\/v2\/pages\/200","targetHints":{"allow":["GET"]}}],"collection":[{"href":"https:\/\/sites.uel.br\/ciapg\/wp-json\/wp\/v2\/pages"}],"about":[{"href":"https:\/\/sites.uel.br\/ciapg\/wp-json\/wp\/v2\/types\/page"}],"author":[{"embeddable":true,"href":"https:\/\/sites.uel.br\/ciapg\/wp-json\/wp\/v2\/users\/6"}],"replies":[{"embeddable":true,"href":"https:\/\/sites.uel.br\/ciapg\/wp-json\/wp\/v2\/comments?post=200"}],"version-history":[{"count":22,"href":"https:\/\/sites.uel.br\/ciapg\/wp-json\/wp\/v2\/pages\/200\/revisions"}],"predecessor-version":[{"id":240,"href":"https:\/\/sites.uel.br\/ciapg\/wp-json\/wp\/v2\/pages\/200\/revisions\/240"}],"wp:attachment":[{"href":"https:\/\/sites.uel.br\/ciapg\/wp-json\/wp\/v2\/media?parent=200"}],"curies":[{"name":"wp","href":"https:\/\/api.w.org\/{rel}","templated":true}]}}