{"id":157,"date":"2024-02-21T15:51:51","date_gmt":"2024-02-21T18:51:51","guid":{"rendered":"https:\/\/sites.uel.br\/ciapg\/?page_id=157"},"modified":"2024-11-30T13:12:01","modified_gmt":"2024-11-30T16:12:01","slug":"eventos","status":"publish","type":"page","link":"https:\/\/sites.uel.br\/ciapg\/eventos\/","title":{"rendered":"Evento"},"content":{"rendered":"\n<p class=\"has-verde-escuro-color has-text-color has-link-color has-medium-font-size wp-elements-9c5f3b76a5878283356079f5a99761e8\"><strong><strong>Semin\u00e1rios: Planejamento estrat\u00e9gico e autoavalia\u00e7\u00e3o dos Programas de P\u00f3s-Gradua\u00e7\u00e3o <em>Stricto sensu<\/em> da UEL<\/strong><\/strong><\/p>\n\n\n\n<p>Data: <strong>17 de julho de 2024<\/strong><\/p>\n\n\n\n<p>Hor\u00e1rio: <strong>08:00-12:00<\/strong><\/p>\n\n\n\n<p>Local: <strong>CCB &#8211; Sala 241<\/strong><\/p>\n\n\n\n<div style=\"height:30px\" aria-hidden=\"true\" class=\"wp-block-spacer\"><\/div>\n\n\n\n<p class=\"has-verde-color has-text-color has-link-color has-medium-font-size wp-elements-009ed4d02f154d6d1469b210eb390c42\"><strong>Professor convidado:<\/strong><\/p>\n\n\n\n<p> <a href=\"http:\/\/lattes.cnpq.br\/8612465206032005\" target=\"_blank\" rel=\"noreferrer noopener\">Profa. Dra. <\/a><a href=\"http:\/\/lattes.cnpq.br\/9304053885604944\">Sandra Regina Ferreira de Oliveira<\/a><br>Doutorado em Educa\u00e7\u00e3o, Universidade de Campinas<br>Professor Associado da Universidade Estadual de Londrina<\/p>\n\n\n\n<p>Prof. Dr. <a href=\"http:\/\/lattes.cnpq.br\/0475165015650302\">Andr\u00e9 Luis Laforga Vanzela<\/a><br>Doutorado em Ci\u00eancias Biol\u00f3gicas, Universidade de S\u00e3o Paulo<br>Professor Associado da Universidade Estadual de Londrina<\/p>\n\n\n\n<div class=\"wp-block-group\"><div class=\"wp-block-group__inner-container is-layout-constrained wp-block-group-is-layout-constrained\">\n<p><\/p>\n<\/div><\/div>\n\n\n\n<p><strong>PROGRAMA\u00c7\u00c3O<\/strong><\/p>\n\n\n\n<p class=\"has-verde-escuro-color has-text-color has-link-color wp-elements-8bbfba461362ec4f6af041917118d555\"><strong>08:30 \u2013 09:00 <\/strong>Credenciamento<\/p>\n\n\n\n<p><strong>09:00 \u2013 10:30<\/strong> Abertura e palestras<\/p>\n\n\n\n<p><strong>O projeto de Autoavalia\u00e7\u00e3o do PPEdu: desafios, limites e perspectivas<\/strong><\/p>\n\n\n\n<p>Profa. Dra. Sandra Regina Ferreira de Oliveira<\/p>\n\n\n\n<p><strong>Import\u00e2ncia da auto-avalia\u00e7\u00e3o para a consolida\u00e7\u00e3o do PPG-GBM<\/strong><\/p>\n\n\n\n<p>Prof. Dr. Andr\u00e9 Luis Laforga Vanzela<\/p>\n\n\n\n<p class=\"has-verde-escuro-color has-text-color has-link-color wp-elements-c407f30f85b7d8989fa119119b58d740\"><strong>10:30 \u2013 11:30<\/strong> Discuss\u00e3o e encerramento<\/p>\n\n\n\n<div style=\"height:23px\" aria-hidden=\"true\" class=\"wp-block-spacer\"><\/div>\n\n\n\n<div style=\"height:25px\" aria-hidden=\"true\" class=\"wp-block-spacer\"><\/div>\n\n\n\n<div class=\"wp-block-columns is-layout-flex wp-container-core-columns-is-layout-9d6595d7 wp-block-columns-is-layout-flex\">\n<div class=\"wp-block-column is-layout-flow wp-block-column-is-layout-flow\"><div class=\"wp-block-image\">\n<figure class=\"aligncenter size-large is-resized\"><img loading=\"lazy\" decoding=\"async\" width=\"768\" height=\"1024\" src=\"https:\/\/sites.uel.br\/ciapg\/wp-content\/uploads\/2024\/11\/IMG_2435-768x1024.jpeg\" alt=\"\" class=\"wp-image-267\" style=\"width:326px;height:auto\" srcset=\"https:\/\/sites.uel.br\/ciapg\/wp-content\/uploads\/2024\/11\/IMG_2435-768x1024.jpeg 768w, https:\/\/sites.uel.br\/ciapg\/wp-content\/uploads\/2024\/11\/IMG_2435-225x300.jpeg 225w, https:\/\/sites.uel.br\/ciapg\/wp-content\/uploads\/2024\/11\/IMG_2435-1152x1536.jpeg 1152w, https:\/\/sites.uel.br\/ciapg\/wp-content\/uploads\/2024\/11\/IMG_2435-1536x2048.jpeg 1536w, https:\/\/sites.uel.br\/ciapg\/wp-content\/uploads\/2024\/11\/IMG_2435-scaled.jpeg 1920w\" sizes=\"auto, (max-width: 768px) 100vw, 768px\" \/><\/figure>\n<\/div><\/div>\n\n\n\n<div class=\"wp-block-column is-layout-flow wp-block-column-is-layout-flow\"><div class=\"wp-block-image\">\n<figure class=\"aligncenter size-large is-resized\"><img loading=\"lazy\" decoding=\"async\" width=\"768\" height=\"1024\" src=\"https:\/\/sites.uel.br\/ciapg\/wp-content\/uploads\/2024\/11\/IMG_2438-768x1024.jpeg\" alt=\"\" class=\"wp-image-268\" style=\"width:324px;height:auto\" srcset=\"https:\/\/sites.uel.br\/ciapg\/wp-content\/uploads\/2024\/11\/IMG_2438-768x1024.jpeg 768w, https:\/\/sites.uel.br\/ciapg\/wp-content\/uploads\/2024\/11\/IMG_2438-225x300.jpeg 225w, https:\/\/sites.uel.br\/ciapg\/wp-content\/uploads\/2024\/11\/IMG_2438-1152x1536.jpeg 1152w, https:\/\/sites.uel.br\/ciapg\/wp-content\/uploads\/2024\/11\/IMG_2438-1536x2048.jpeg 1536w, https:\/\/sites.uel.br\/ciapg\/wp-content\/uploads\/2024\/11\/IMG_2438-scaled.jpeg 1920w\" sizes=\"auto, (max-width: 768px) 100vw, 768px\" \/><\/figure>\n<\/div><\/div>\n<\/div>\n\n\n<div class=\"wp-block-image\">\n<figure class=\"aligncenter size-large\"><img loading=\"lazy\" decoding=\"async\" width=\"1024\" height=\"286\" src=\"https:\/\/sites.uel.br\/ciapg\/wp-content\/uploads\/2024\/11\/IMG_2449-1024x286.jpeg\" alt=\"\" class=\"wp-image-269\" srcset=\"https:\/\/sites.uel.br\/ciapg\/wp-content\/uploads\/2024\/11\/IMG_2449-1024x286.jpeg 1024w, https:\/\/sites.uel.br\/ciapg\/wp-content\/uploads\/2024\/11\/IMG_2449-300x84.jpeg 300w, https:\/\/sites.uel.br\/ciapg\/wp-content\/uploads\/2024\/11\/IMG_2449-768x214.jpeg 768w, https:\/\/sites.uel.br\/ciapg\/wp-content\/uploads\/2024\/11\/IMG_2449-1536x429.jpeg 1536w, https:\/\/sites.uel.br\/ciapg\/wp-content\/uploads\/2024\/11\/IMG_2449-2048x572.jpeg 2048w\" sizes=\"auto, (max-width: 1024px) 100vw, 1024px\" \/><\/figure>\n<\/div>\n\n\n<div class=\"wp-block-columns is-layout-flex wp-container-core-columns-is-layout-9d6595d7 wp-block-columns-is-layout-flex\">\n<div class=\"wp-block-column is-layout-flow wp-block-column-is-layout-flow\">\n<figure class=\"wp-block-image size-large\"><img loading=\"lazy\" decoding=\"async\" width=\"1024\" height=\"768\" src=\"https:\/\/sites.uel.br\/ciapg\/wp-content\/uploads\/2024\/11\/IMG_2446-1024x768.jpeg\" alt=\"\" class=\"wp-image-271\" srcset=\"https:\/\/sites.uel.br\/ciapg\/wp-content\/uploads\/2024\/11\/IMG_2446-1024x768.jpeg 1024w, https:\/\/sites.uel.br\/ciapg\/wp-content\/uploads\/2024\/11\/IMG_2446-300x225.jpeg 300w, https:\/\/sites.uel.br\/ciapg\/wp-content\/uploads\/2024\/11\/IMG_2446-768x576.jpeg 768w, https:\/\/sites.uel.br\/ciapg\/wp-content\/uploads\/2024\/11\/IMG_2446-1536x1152.jpeg 1536w, https:\/\/sites.uel.br\/ciapg\/wp-content\/uploads\/2024\/11\/IMG_2446-2048x1536.jpeg 2048w\" sizes=\"auto, (max-width: 1024px) 100vw, 1024px\" \/><\/figure>\n<\/div>\n\n\n\n<div class=\"wp-block-column is-layout-flow wp-block-column-is-layout-flow\">\n<figure class=\"wp-block-image size-large\"><img loading=\"lazy\" decoding=\"async\" width=\"1024\" height=\"768\" src=\"https:\/\/sites.uel.br\/ciapg\/wp-content\/uploads\/2024\/11\/IMG_2447-1024x768.jpeg\" alt=\"\" class=\"wp-image-272\" srcset=\"https:\/\/sites.uel.br\/ciapg\/wp-content\/uploads\/2024\/11\/IMG_2447-1024x768.jpeg 1024w, https:\/\/sites.uel.br\/ciapg\/wp-content\/uploads\/2024\/11\/IMG_2447-300x225.jpeg 300w, https:\/\/sites.uel.br\/ciapg\/wp-content\/uploads\/2024\/11\/IMG_2447-768x576.jpeg 768w, https:\/\/sites.uel.br\/ciapg\/wp-content\/uploads\/2024\/11\/IMG_2447-1536x1152.jpeg 1536w, https:\/\/sites.uel.br\/ciapg\/wp-content\/uploads\/2024\/11\/IMG_2447-2048x1536.jpeg 2048w\" sizes=\"auto, (max-width: 1024px) 100vw, 1024px\" \/><\/figure>\n<\/div>\n<\/div>\n\n\n\n<p><\/p>\n","protected":false},"excerpt":{"rendered":"<p>Semin\u00e1rios: Planejamento estrat\u00e9gico e autoavalia\u00e7\u00e3o dos Programas de P\u00f3s-Gradua\u00e7\u00e3o Stricto sensu da UEL Data: 17 de julho de 2024 Hor\u00e1rio: 08:00-12:00 Local: CCB &#8211; Sala 241 Professor convidado: Profa. Dra. Sandra Regina Ferreira de OliveiraDoutorado em Educa\u00e7\u00e3o, Universidade de CampinasProfessor Associado da Universidade Estadual de Londrina Prof. Dr. Andr\u00e9 Luis Laforga VanzelaDoutorado em Ci\u00eancias Biol\u00f3gicas, [&hellip;]<\/p>\n","protected":false},"author":6,"featured_media":0,"parent":0,"menu_order":0,"comment_status":"closed","ping_status":"closed","template":"","meta":{"footnotes":""},"class_list":["post-157","page","type-page","status-publish","hentry"],"acf":[],"_links":{"self":[{"href":"https:\/\/sites.uel.br\/ciapg\/wp-json\/wp\/v2\/pages\/157","targetHints":{"allow":["GET"]}}],"collection":[{"href":"https:\/\/sites.uel.br\/ciapg\/wp-json\/wp\/v2\/pages"}],"about":[{"href":"https:\/\/sites.uel.br\/ciapg\/wp-json\/wp\/v2\/types\/page"}],"author":[{"embeddable":true,"href":"https:\/\/sites.uel.br\/ciapg\/wp-json\/wp\/v2\/users\/6"}],"replies":[{"embeddable":true,"href":"https:\/\/sites.uel.br\/ciapg\/wp-json\/wp\/v2\/comments?post=157"}],"version-history":[{"count":14,"href":"https:\/\/sites.uel.br\/ciapg\/wp-json\/wp\/v2\/pages\/157\/revisions"}],"predecessor-version":[{"id":273,"href":"https:\/\/sites.uel.br\/ciapg\/wp-json\/wp\/v2\/pages\/157\/revisions\/273"}],"wp:attachment":[{"href":"https:\/\/sites.uel.br\/ciapg\/wp-json\/wp\/v2\/media?parent=157"}],"curies":[{"name":"wp","href":"https:\/\/api.w.org\/{rel}","templated":true}]}}