{"id":14,"date":"2022-09-15T10:40:57","date_gmt":"2022-09-15T13:40:57","guid":{"rendered":"https:\/\/sites.uel.br\/ciapg\/?page_id=14"},"modified":"2025-09-29T10:52:06","modified_gmt":"2025-09-29T13:52:06","slug":"comissao","status":"publish","type":"page","link":"https:\/\/sites.uel.br\/ciapg\/comissao\/","title":{"rendered":"Comiss\u00e3o"},"content":{"rendered":"\n<figure class=\"wp-block-image size-large is-resized\"><img loading=\"lazy\" decoding=\"async\" width=\"1024\" height=\"576\" src=\"https:\/\/sites.uel.br\/ciapg\/wp-content\/uploads\/2022\/09\/Slide1-1024x576.png\" alt=\"\" class=\"wp-image-51\" style=\"width:272px;height:153px\" srcset=\"https:\/\/sites.uel.br\/ciapg\/wp-content\/uploads\/2022\/09\/Slide1-1024x576.png 1024w, https:\/\/sites.uel.br\/ciapg\/wp-content\/uploads\/2022\/09\/Slide1-300x169.png 300w, https:\/\/sites.uel.br\/ciapg\/wp-content\/uploads\/2022\/09\/Slide1-768x432.png 768w, https:\/\/sites.uel.br\/ciapg\/wp-content\/uploads\/2022\/09\/Slide1.png 1280w\" sizes=\"auto, (max-width: 1024px) 100vw, 1024px\" \/><\/figure>\n\n\n\n<p class=\"has-verde-color has-text-color\"><strong>Gest\u00e3o 2025-2027<\/strong><\/p>\n\n\n\n<p>Prof. Dr. Suzana Mali de Oliveira &#8211; Diretora de P\u00f3s-Gradua\u00e7\u00e3o\/PROPPG <\/p>\n\n\n\n<p>Profa. Dra. Karla Bigetti Guergoletto &#8211; CCA<\/p>\n\n\n\n<p>Profa. Dra. Gisele Lopes Bertolinir &#8211; CCB<\/p>\n\n\n\n<p>Profa. Dra. Lucy Megumi Yamauchi Lioni &#8211; CCB &#8211; <strong>Coordenadora<\/strong><\/p>\n\n\n\n<p>Prof. Dr. Doumit Camilios Neto &#8211; CCE<\/p>\n\n\n\n<p>Prof. Dr. Edson Laureto &#8211; CCE<\/p>\n\n\n\n<p>Profa. Dra. Danielele Venturini &#8211; CCS<\/p>\n\n\n\n<p>Profa. Dra. Leticia Gorri Molina &#8211; CECA<\/p>\n\n\n\n<p>Profa. Dra. Catiana Leila Possamai Romazini &#8211; CEFE<\/p>\n\n\n\n<p>Profa. Dra. Carina Diane Nakatani Macedo &#8211; CESA<\/p>\n\n\n\n<p>Profa. Dra. Andreia da Cunha Malheiros Santana &#8211; CLCH<\/p>\n\n\n\n<p>Prof. Dr. Francisco Granziera Junior &#8211; CTU<\/p>\n\n\n\n<div style=\"height:36px\" aria-hidden=\"true\" class=\"wp-block-spacer\"><\/div>\n\n\n\n<p class=\"has-cinza-color has-text-color\"><strong>Gest\u00e3o 2019-2021<\/strong><\/p>\n\n\n\n<div class=\"wp-block-file\"><a id=\"wp-block-file--media-b121e522-2b36-48fe-b946-dcce4e840a9f\" href=\"https:\/\/sites.uel.br\/ciapg\/wp-content\/uploads\/2022\/09\/Constituicao-da-equipe-da-Comissao-Institucional-de-Avaliacao-da-Pos-2019.pdf\" target=\"_blank\" rel=\"noreferrer noopener\">Constituicao-da-equipe-da-Comissao-Institucional-de-Avaliacao-da-Pos-2019<\/a><a href=\"https:\/\/sites.uel.br\/ciapg\/wp-content\/uploads\/2022\/09\/Constituicao-da-equipe-da-Comissao-Institucional-de-Avaliacao-da-Pos-2019.pdf\" class=\"wp-block-file__button wp-element-button\" download aria-describedby=\"wp-block-file--media-b121e522-2b36-48fe-b946-dcce4e840a9f\">Baixar<\/a><\/div>\n\n\n\n<div style=\"height:35px\" aria-hidden=\"true\" class=\"wp-block-spacer\"><\/div>\n\n\n\n<p><strong>Gest\u00e3o 2021 &#8211; 2023<\/strong><\/p>\n\n\n\n<div class=\"wp-block-file\"><a id=\"wp-block-file--media-ba7a1fa1-abb5-4239-81a0-4be087814765\" href=\"https:\/\/sites.uel.br\/ciapg\/wp-content\/uploads\/2024\/02\/Constituicao-da-equipe-da-CIAPG-2021_2023.pdf\" target=\"_blank\" rel=\"noreferrer noopener\">Constituicao-da-equipe-da-CIAPG-2021_2023<\/a><a href=\"https:\/\/sites.uel.br\/ciapg\/wp-content\/uploads\/2024\/02\/Constituicao-da-equipe-da-CIAPG-2021_2023.pdf\" class=\"wp-block-file__button wp-element-button\" download aria-describedby=\"wp-block-file--media-ba7a1fa1-abb5-4239-81a0-4be087814765\">Baixar<\/a><\/div>\n\n\n\n<div style=\"height:35px\" aria-hidden=\"true\" class=\"wp-block-spacer\"><\/div>\n\n\n\n<p><strong>Gest\u00e3o 2023-2025<\/strong><\/p>\n\n\n\n<div class=\"wp-block-file\"><a id=\"wp-block-file--media-ff3700ba-a1e0-46b9-8aa1-7c558972ce89\" href=\"https:\/\/sites.uel.br\/ciapg\/wp-content\/uploads\/2025\/09\/Constituicao-da-equipe-da-CIAPG-2023_2025.pdf\">Constitui\u00e7\u00e3o da equipe da CIAPG 2023_2025<\/a><a href=\"https:\/\/sites.uel.br\/ciapg\/wp-content\/uploads\/2025\/09\/Constituicao-da-equipe-da-CIAPG-2023_2025.pdf\" class=\"wp-block-file__button wp-element-button\" download aria-describedby=\"wp-block-file--media-ff3700ba-a1e0-46b9-8aa1-7c558972ce89\">Baixar<\/a><\/div>\n\n\n\n<p><\/p>\n","protected":false},"excerpt":{"rendered":"<p>Gest\u00e3o 2025-2027 Prof. Dr. Suzana Mali de Oliveira &#8211; Diretora de P\u00f3s-Gradua\u00e7\u00e3o\/PROPPG Profa. Dra. Karla Bigetti Guergoletto &#8211; CCA Profa. Dra. Gisele Lopes Bertolinir &#8211; CCB Profa. Dra. Lucy Megumi Yamauchi Lioni &#8211; CCB &#8211; Coordenadora Prof. Dr. Doumit Camilios Neto &#8211; CCE Prof. Dr. Edson Laureto &#8211; CCE Profa. Dra. Danielele Venturini &#8211; CCS [&hellip;]<\/p>\n","protected":false},"author":6,"featured_media":0,"parent":0,"menu_order":0,"comment_status":"closed","ping_status":"closed","template":"","meta":{"footnotes":""},"class_list":["post-14","page","type-page","status-publish","hentry"],"acf":[],"_links":{"self":[{"href":"https:\/\/sites.uel.br\/ciapg\/wp-json\/wp\/v2\/pages\/14","targetHints":{"allow":["GET"]}}],"collection":[{"href":"https:\/\/sites.uel.br\/ciapg\/wp-json\/wp\/v2\/pages"}],"about":[{"href":"https:\/\/sites.uel.br\/ciapg\/wp-json\/wp\/v2\/types\/page"}],"author":[{"embeddable":true,"href":"https:\/\/sites.uel.br\/ciapg\/wp-json\/wp\/v2\/users\/6"}],"replies":[{"embeddable":true,"href":"https:\/\/sites.uel.br\/ciapg\/wp-json\/wp\/v2\/comments?post=14"}],"version-history":[{"count":12,"href":"https:\/\/sites.uel.br\/ciapg\/wp-json\/wp\/v2\/pages\/14\/revisions"}],"predecessor-version":[{"id":290,"href":"https:\/\/sites.uel.br\/ciapg\/wp-json\/wp\/v2\/pages\/14\/revisions\/290"}],"wp:attachment":[{"href":"https:\/\/sites.uel.br\/ciapg\/wp-json\/wp\/v2\/media?parent=14"}],"curies":[{"name":"wp","href":"https:\/\/api.w.org\/{rel}","templated":true}]}}